{"id":1131,"date":"2024-06-18T13:27:27","date_gmt":"2024-06-18T13:27:27","guid":{"rendered":"https:\/\/capital-b.ca\/?page_id=1131"},"modified":"2024-12-14T18:18:45","modified_gmt":"2024-12-14T18:18:45","slug":"investir","status":"publish","type":"page","link":"http:\/\/capital-b.ca\/fr\/investing\/","title":{"rendered":"Maximiser les rendements avec l'investissement immobilier | Capital-B"},"content":{"rendered":"\t\t<div data-elementor-type=\"wp-page\" data-elementor-id=\"1131\" class=\"elementor elementor-1131\" data-elementor-post-type=\"page\">\n\t\t\t\t<div data-dce-background-image-url=\"https:\/\/capital-b.ca\/wp-content\/uploads\/2024\/06\/iStock-534194878-scaled.jpg\" class=\"has_ae_slider elementor-element elementor-element-7154dd0 e-con-full e-flex ae-bg-gallery-type-default e-con e-parent\" data-id=\"7154dd0\" data-element_type=\"container\" data-e-type=\"container\" data-settings=\"{&quot;background_background&quot;:&quot;classic&quot;}\">\n\t\t\t\t<\/div>\n\t\t<div class=\"has_ae_slider elementor-element elementor-element-9d1ad03 e-con-full e-flex ae-bg-gallery-type-default e-con e-parent\" data-id=\"9d1ad03\" data-element_type=\"container\" data-e-type=\"container\">\n\t\t<div class=\"has_ae_slider elementor-element elementor-element-604ce5f e-con-full e-flex ae-bg-gallery-type-default e-con e-child\" data-id=\"604ce5f\" data-element_type=\"container\" data-e-type=\"container\" data-settings=\"{&quot;background_background&quot;:&quot;classic&quot;}\">\n\t\t\t\t<div class=\"elementor-element elementor-element-aedee16 elementor-widget__width-initial elementor-widget-tablet__width-initial elementor-widget elementor-widget-heading\" data-id=\"aedee16\" data-element_type=\"widget\" data-e-type=\"widget\" data-widget_type=\"heading.default\">\n\t\t\t\t\t<h2 class=\"elementor-heading-title elementor-size-default\">Real Estate Investing<\/h2>\t\t\t\t<\/div>\n\t\t\t\t<div class=\"elementor-element elementor-element-66ebdb5 elementor-widget__width-initial elementor-widget elementor-widget-text-editor\" data-id=\"66ebdb5\" data-element_type=\"widget\" data-e-type=\"widget\" data-widget_type=\"text-editor.default\">\n\t\t\t\t\t\t\t\t\t<p>Real estate is one of the few sound investments that generates consistent high returns while minimizing your capital\u2019s risk. <strong>Capital-B<\/strong> helps you achieve your financial goals by pairing them with exclusive opportunities in the market.<\/p><p>We find the intrinsic value of a property and we create a roadmap to unleash it by combining demographic trends and space optimization techniques that increase the financial performance of a property.<\/p><p>Our core strength comes from our team of professionals from diverse backgrounds in architecture, engineering, construction, finance, strategy, development and management makes sure you maximize your investment\u2019s returns. Through our partners, you will also have access to fiscal structuring and professional advisory that meets your profile whether your vision is a long, medium or short-term one.<\/p><p><strong>Capital-B<\/strong> \u2013 Own your investment.<\/p>\t\t\t\t\t\t\t\t<\/div>\n\t\t<div class=\"has_ae_slider elementor-element elementor-element-63455b5 e-con-full e-flex ae-bg-gallery-type-default e-con e-child\" data-id=\"63455b5\" data-element_type=\"container\" data-e-type=\"container\">\n\t\t\t\t<div class=\"elementor-element elementor-element-07bc260 elementor-widget__width-initial elementor-widget elementor-widget-heading\" data-id=\"07bc260\" data-element_type=\"widget\" data-e-type=\"widget\" data-widget_type=\"heading.default\">\n\t\t\t\t\t<h2 class=\"elementor-heading-title elementor-size-default\">About Us<\/h2>\t\t\t\t<\/div>\n\t\t\t\t<div class=\"elementor-element elementor-element-b73fa1a elementor-widget__width-initial elementor-widget elementor-widget-text-editor\" data-id=\"b73fa1a\" data-element_type=\"widget\" data-e-type=\"widget\" data-widget_type=\"text-editor.default\">\n\t\t\t\t\t\t\t\t\t<p>A group of entrepreneurs shared the vision of investing in tangible assets that they fully own and control, soon realized that real estate consulting services were underserved in Montreal.<\/p><p>The core value of <strong>Capital-B<\/strong> arises from the need to improve financial performance of real estate as the means to outperform traditional investment products to achieve and preserve wealth.<\/p><p><strong>Capital-B<\/strong> is exactly that, a growing and highly passionate team of consultants who work together to provide strategic real estate analysis, tailor-made investing solutions and property management services to the investor who is not satisfied with traditional returns, who wants to diversify his portfolio and regain control of his investments.<\/p>\t\t\t\t\t\t\t\t<\/div>\n\t\t\t\t<div class=\"elementor-element elementor-element-9eff125 elementor-widget-divider--view-line elementor-widget elementor-widget-divider\" data-id=\"9eff125\" data-element_type=\"widget\" data-e-type=\"widget\" data-widget_type=\"divider.default\">\n\t\t\t\t\t\t\t<div class=\"elementor-divider\">\n\t\t\t<span class=\"elementor-divider-separator\">\n\t\t\t\t\t\t<\/span>\n\t\t<\/div>\n\t\t\t\t\t\t<\/div>\n\t\t\t\t<\/div>\n\t\t\t\t<\/div>\n\t\t<div class=\"has_ae_slider elementor-element elementor-element-33db701 e-flex e-con-boxed ae-bg-gallery-type-default e-con e-child\" data-id=\"33db701\" data-element_type=\"container\" data-e-type=\"container\">\n\t\t\t\t\t<div class=\"e-con-inner\">\n\t\t<div class=\"has_ae_slider elementor-element elementor-element-92d38a6 e-con-full e-flex ae-bg-gallery-type-default e-con e-child\" data-id=\"92d38a6\" data-element_type=\"container\" data-e-type=\"container\">\n\t\t\t\t<div class=\"elementor-element elementor-element-a801501 elementor-widget-mobile__width-initial elementor-widget elementor-widget-image\" data-id=\"a801501\" data-element_type=\"widget\" data-e-type=\"widget\" data-widget_type=\"image.default\">\n\t\t\t\t\t\t\t\t\t\t\t\t\t\t\t<img fetchpriority=\"high\" decoding=\"async\" width=\"776\" height=\"1024\" src=\"https:\/\/capital-b.ca\/wp-content\/uploads\/2024\/06\/iStock-589958720-776x1024.jpg\" class=\"attachment-large size-large wp-image-1133\" alt=\"Passive investor\" srcset=\"https:\/\/capital-b.ca\/wp-content\/uploads\/2024\/06\/iStock-589958720-776x1024.jpg 776w, https:\/\/capital-b.ca\/wp-content\/uploads\/2024\/06\/iStock-589958720-227x300.jpg 227w, https:\/\/capital-b.ca\/wp-content\/uploads\/2024\/06\/iStock-589958720-768x1014.jpg 768w, https:\/\/capital-b.ca\/wp-content\/uploads\/2024\/06\/iStock-589958720.jpg 856w\" sizes=\"(max-width: 776px) 100vw, 776px\" \/>\t\t\t\t\t\t\t\t\t\t\t\t\t\t\t<\/div>\n\t\t\t\t<\/div>\n\t\t<div class=\"has_ae_slider elementor-element elementor-element-d1d51bd e-con-full e-flex ae-bg-gallery-type-default e-con e-child\" data-id=\"d1d51bd\" data-element_type=\"container\" data-e-type=\"container\">\n\t\t\t\t<div class=\"elementor-element elementor-element-14a974d elementor-widget__width-initial elementor-widget elementor-widget-heading\" data-id=\"14a974d\" data-element_type=\"widget\" data-e-type=\"widget\" data-widget_type=\"heading.default\">\n\t\t\t\t\t<h2 class=\"elementor-heading-title elementor-size-default\">Passive Investors<\/h2>\t\t\t\t<\/div>\n\t\t\t\t<div class=\"elementor-element elementor-element-3e0bd1f elementor-widget__width-initial elementor-widget elementor-widget-text-editor\" data-id=\"3e0bd1f\" data-element_type=\"widget\" data-e-type=\"widget\" data-widget_type=\"text-editor.default\">\n\t\t\t\t\t\t\t\t\t<p>George is a doctor who likes travelling, cooking and enjoying life. Although his practice pays very well, it is very demanding and doesn\u2019t leave him much time to manage his wealth on his own.<\/p><p>As many of us, George is concerned about his future and realized that contributing to his retire funds every month will not be enough to maintain his current lifestyle and do what he loves the most.<\/p><p>George has always been intrigued by real estate and although he owns a home, he recognizes that he doesn\u2019t have the knowledge and experience to invest in real estate and that it is risky.<\/p><p>As George, there are hundreds of professionals who are missing on the opportunity to invest in tangible assets that generate the constant flow of passive income that will make them financially independent and that will let them enjoy the life they are working for.<\/p>\t\t\t\t\t\t\t\t<\/div>\n\t\t\t\t<\/div>\n\t\t\t\t\t<\/div>\n\t\t\t\t<\/div>\n\t\t<div class=\"has_ae_slider elementor-element elementor-element-7bf89eb e-flex e-con-boxed ae-bg-gallery-type-default e-con e-child\" data-id=\"7bf89eb\" data-element_type=\"container\" data-e-type=\"container\">\n\t\t\t\t\t<div class=\"e-con-inner\">\n\t\t<div class=\"has_ae_slider elementor-element elementor-element-2932f0d e-con-full e-flex ae-bg-gallery-type-default e-con e-child\" data-id=\"2932f0d\" data-element_type=\"container\" data-e-type=\"container\">\n\t\t\t\t<div class=\"elementor-element elementor-element-ef962f7 elementor-widget__width-initial elementor-widget elementor-widget-image\" data-id=\"ef962f7\" data-element_type=\"widget\" data-e-type=\"widget\" data-widget_type=\"image.default\">\n\t\t\t\t\t\t\t\t\t\t\t\t\t\t\t<img decoding=\"async\" width=\"774\" height=\"1017\" src=\"https:\/\/capital-b.ca\/wp-content\/uploads\/2024\/06\/iStock-539438468.jpg\" class=\"attachment-large size-large wp-image-1132\" alt=\"Homeowner\" srcset=\"https:\/\/capital-b.ca\/wp-content\/uploads\/2024\/06\/iStock-539438468.jpg 774w, https:\/\/capital-b.ca\/wp-content\/uploads\/2024\/06\/iStock-539438468-228x300.jpg 228w, https:\/\/capital-b.ca\/wp-content\/uploads\/2024\/06\/iStock-539438468-768x1009.jpg 768w\" sizes=\"(max-width: 774px) 100vw, 774px\" \/>\t\t\t\t\t\t\t\t\t\t\t\t\t\t\t<\/div>\n\t\t\t\t<\/div>\n\t\t<div class=\"has_ae_slider elementor-element elementor-element-d9c6a23 e-con-full e-flex ae-bg-gallery-type-default e-con e-child\" data-id=\"d9c6a23\" data-element_type=\"container\" data-e-type=\"container\">\n\t\t\t\t<div class=\"elementor-element elementor-element-33ac220 elementor-widget__width-initial elementor-widget elementor-widget-heading\" data-id=\"33ac220\" data-element_type=\"widget\" data-e-type=\"widget\" data-widget_type=\"heading.default\">\n\t\t\t\t\t<h2 class=\"elementor-heading-title elementor-size-default\">Homeowners<\/h2>\t\t\t\t<\/div>\n\t\t\t\t<div class=\"elementor-element elementor-element-8c4b18c elementor-widget__width-initial elementor-widget elementor-widget-text-editor\" data-id=\"8c4b18c\" data-element_type=\"widget\" data-e-type=\"widget\" data-widget_type=\"text-editor.default\">\n\t\t\t\t\t\t\t\t\t<p>Andrea and Matthew almost paid in full their house where they saw their first children grow. Now that the second child is on the way, their house has become a little too small and they are considering selling and moving into a new property carefully selected by their realtor.<\/p><p>After looking at the ad of their home in the market, they wondered whether selling this asset is the right move for them; and for good reason!<\/p><p>Andrea and Matthew realized that they need professional advice to decide what the optimal decision is that will maximize their equity.<\/p><p>Most people understand there is value in their homes but don\u2019t know how to exploit it; hiring contractors is a hassle with multiple risks and moving carries expensive transaction costs.<\/p>\t\t\t\t\t\t\t\t<\/div>\n\t\t\t\t<\/div>\n\t\t\t\t\t<\/div>\n\t\t\t\t<\/div>\n\t\t<div class=\"has_ae_slider elementor-element elementor-element-d3b9d9a e-flex e-con-boxed ae-bg-gallery-type-default e-con e-child\" data-id=\"d3b9d9a\" data-element_type=\"container\" data-e-type=\"container\">\n\t\t\t\t\t<div class=\"e-con-inner\">\n\t\t<div class=\"has_ae_slider elementor-element elementor-element-491ea02 e-con-full e-flex ae-bg-gallery-type-default e-con e-child\" data-id=\"491ea02\" data-element_type=\"container\" data-e-type=\"container\">\n\t\t\t\t<div class=\"elementor-element elementor-element-1e6a750 elementor-widget__width-initial elementor-widget elementor-widget-image\" data-id=\"1e6a750\" data-element_type=\"widget\" data-e-type=\"widget\" data-widget_type=\"image.default\">\n\t\t\t\t\t\t\t\t\t\t\t\t\t\t\t<img decoding=\"async\" width=\"600\" height=\"924\" src=\"https:\/\/capital-b.ca\/wp-content\/uploads\/2024\/06\/iStock-177725319.jpg\" class=\"attachment-large size-large wp-image-1134\" alt=\"Active investor\" srcset=\"https:\/\/capital-b.ca\/wp-content\/uploads\/2024\/06\/iStock-177725319.jpg 600w, https:\/\/capital-b.ca\/wp-content\/uploads\/2024\/06\/iStock-177725319-195x300.jpg 195w\" sizes=\"(max-width: 600px) 100vw, 600px\" \/>\t\t\t\t\t\t\t\t\t\t\t\t\t\t\t<\/div>\n\t\t\t\t<\/div>\n\t\t<div class=\"has_ae_slider elementor-element elementor-element-c396c60 e-con-full e-flex ae-bg-gallery-type-default e-con e-child\" data-id=\"c396c60\" data-element_type=\"container\" data-e-type=\"container\">\n\t\t\t\t<div class=\"elementor-element elementor-element-09a2434 elementor-widget__width-initial elementor-widget elementor-widget-heading\" data-id=\"09a2434\" data-element_type=\"widget\" data-e-type=\"widget\" data-widget_type=\"heading.default\">\n\t\t\t\t\t<h2 class=\"elementor-heading-title elementor-size-default\">Active Investors<\/h2>\t\t\t\t<\/div>\n\t\t\t\t<div class=\"elementor-element elementor-element-4735ed1 elementor-widget__width-initial elementor-widget elementor-widget-text-editor\" data-id=\"4735ed1\" data-element_type=\"widget\" data-e-type=\"widget\" data-widget_type=\"text-editor.default\">\n\t\t\t\t\t\t\t\t\t<p>Daniel started buying income properties early in his life with the idea of becoming financially independent and building generational wealth.<\/p><p>He has been very successful in the past building up his investment portfolio; but now, some of his properties are dated, underperforming and need intensive maintenance.<\/p><p>Before divesting, he decided to get professional advice as he has seen that some landlords have managed to increase their returns above market.<\/p><p>What he is missing is the right formula of value optimization to maximize his property\u2019s potential based on the demographic trends of the city and a flawless renovation execution that will allow him to get the highest returns.<\/p><p>Daniel has just made the right decision because not only he will maximize his revenue per door but his properties will also appreciate and he will be able to refinance, increasing his capital gains and injecting money back into his pocket to continue adding properties or other assets into his portfolio.<\/p>\t\t\t\t\t\t\t\t<\/div>\n\t\t\t\t<\/div>\n\t\t\t\t\t<\/div>\n\t\t\t\t<\/div>\n\t\t<div class=\"has_ae_slider elementor-element elementor-element-ec27599 e-con-full e-flex ae-bg-gallery-type-default e-con e-child\" data-id=\"ec27599\" data-element_type=\"container\" data-e-type=\"container\">\n\t\t\t\t<div class=\"elementor-element elementor-element-81c3044 elementor-widget__width-initial elementor-widget elementor-widget-heading\" data-id=\"81c3044\" data-element_type=\"widget\" data-e-type=\"widget\" data-widget_type=\"heading.default\">\n\t\t\t\t\t<h3 class=\"elementor-heading-title elementor-size-default\">I would like more information on <br>Real Estate Investing<\/h3>\t\t\t\t<\/div>\n\t\t\t\t<div class=\"elementor-element elementor-element-045f86d elementor-button-align-center elementor-widget__width-initial elementor-widget elementor-widget-form\" data-id=\"045f86d\" data-element_type=\"widget\" data-e-type=\"widget\" data-settings=\"{&quot;step_next_label&quot;:&quot;Next&quot;,&quot;step_previous_label&quot;:&quot;Previous&quot;,&quot;button_width&quot;:&quot;100&quot;,&quot;step_type&quot;:&quot;number_text&quot;,&quot;step_icon_shape&quot;:&quot;circle&quot;}\" data-widget_type=\"form.default\">\n\t\t\t\t\t\t\t<form class=\"elementor-form\" method=\"post\" name=\"New Form\" aria-label=\"New Form\">\n\t\t\t<input type=\"hidden\" name=\"post_id\" value=\"1131\"\/>\n\t\t\t<input type=\"hidden\" name=\"form_id\" value=\"045f86d\"\/>\n\t\t\t<input type=\"hidden\" name=\"referer_title\" value=\"\" \/>\n\n\t\t\t\n\t\t\t<div class=\"elementor-form-fields-wrapper elementor-labels-above\">\n\t\t\t\t\t\t\t\t<div class=\"elementor-field-type-text elementor-field-group elementor-column elementor-field-group-name elementor-col-100 elementor-field-required elementor-mark-required\">\n\t\t\t\t\t\t\t\t\t\t\t\t<label for=\"form-field-name\" class=\"elementor-field-label\">\n\t\t\t\t\t\t\t\tName\t\t\t\t\t\t\t<\/label>\n\t\t\t\t\t\t\t\t\t\t\t\t\t\t<input size=\"1\" type=\"text\" name=\"form_fields[name]\" id=\"form-field-name\" class=\"elementor-field elementor-size-sm  elementor-field-textual\" placeholder=\"Name\" required=\"required\">\n\t\t\t\t\t\t\t\t\t\t\t<\/div>\n\t\t\t\t\t\t\t\t<div class=\"elementor-field-type-email elementor-field-group elementor-column elementor-field-group-email elementor-col-100 elementor-field-required elementor-mark-required\">\n\t\t\t\t\t\t\t\t\t\t\t\t<label for=\"form-field-email\" class=\"elementor-field-label\">\n\t\t\t\t\t\t\t\tEmail\t\t\t\t\t\t\t<\/label>\n\t\t\t\t\t\t\t\t\t\t\t\t\t\t<input size=\"1\" type=\"email\" name=\"form_fields[email]\" id=\"form-field-email\" class=\"elementor-field elementor-size-sm  elementor-field-textual\" placeholder=\"Email\" required=\"required\">\n\t\t\t\t\t\t\t\t\t\t\t<\/div>\n\t\t\t\t\t\t\t\t<div class=\"elementor-field-type-tel elementor-field-group elementor-column elementor-field-group-field_9db1e15 elementor-col-100 elementor-field-required elementor-mark-required\">\n\t\t\t\t\t\t\t\t\t\t\t\t<label for=\"form-field-field_9db1e15\" class=\"elementor-field-label\">\n\t\t\t\t\t\t\t\tPhone\t\t\t\t\t\t\t<\/label>\n\t\t\t\t\t\t\t\t<input size=\"1\" type=\"tel\" name=\"form_fields[field_9db1e15]\" id=\"form-field-field_9db1e15\" class=\"elementor-field elementor-size-sm  elementor-field-textual\" placeholder=\"(514) ...\" required=\"required\" pattern=\"[0-9()#&amp;+*-=.]+\" title=\"Seuls les caract\u00e8res de num\u00e9ros de t\u00e9l\u00e9phone (#, -, *, etc.) sont accept\u00e9s.\">\n\n\t\t\t\t\t\t<\/div>\n\t\t\t\t\t\t\t\t<div class=\"elementor-field-type-textarea elementor-field-group elementor-column elementor-field-group-message elementor-col-100 elementor-field-required elementor-mark-required\">\n\t\t\t\t\t\t\t\t\t\t\t\t<label for=\"form-field-message\" class=\"elementor-field-label\">\n\t\t\t\t\t\t\t\tMessage\t\t\t\t\t\t\t<\/label>\n\t\t\t\t\t\t<textarea class=\"elementor-field-textual elementor-field  elementor-size-sm\" name=\"form_fields[message]\" id=\"form-field-message\" rows=\"4\" placeholder=\"Message\" required=\"required\"><\/textarea>\t\t\t\t<\/div>\n\t\t\t\t\t\t\t\t<div class=\"elementor-field-type-recaptcha_v3 elementor-field-group elementor-column elementor-field-group-field_27ff543 elementor-col-100 recaptcha_v3-bottomright\">\n\t\t\t\t\t<div class=\"elementor-field\" id=\"form-field-field_27ff543\"><div class=\"elementor-g-recaptcha\" data-sitekey=\"6LeIvZsqAAAAANDwsNQR_FyOiXZPoy5rmY4-Pe9a\" data-type=\"v3\" data-action=\"Form\" data-badge=\"bottomright\" data-size=\"invisible\"><\/div><\/div>\t\t\t\t<\/div>\n\t\t\t\t\t\t\t\t<div class=\"elementor-field-group elementor-column elementor-field-type-submit elementor-col-100 e-form__buttons\">\n\t\t\t\t\t<button class=\"elementor-button elementor-size-sm\" type=\"submit\">\n\t\t\t\t\t\t<span class=\"elementor-button-content-wrapper\">\n\t\t\t\t\t\t\t\t\t\t\t\t\t\t\t\t\t\t\t\t\t\t<span class=\"elementor-button-text\">Send<\/span>\n\t\t\t\t\t\t\t\t\t\t\t\t\t<\/span>\n\t\t\t\t\t<\/button>\n\t\t\t\t<\/div>\n\t\t\t<\/div>\n\t\t<\/form>\n\t\t\t\t\t\t<\/div>\n\t\t\t\t<\/div>\n\t\t\t\t<\/div>\n\t\t\t\t<\/div>\n\t\t","protected":false},"excerpt":{"rendered":"<p>Real Estate Investing Real estate is one of the few sound investments that generates consistent high returns while minimizing your capital\u2019s risk. Capital-B helps you achieve your financial goals by pairing them with exclusive opportunities in the market. We find the intrinsic value of a property and we create a roadmap to unleash it by [&hellip;]<\/p>\n","protected":false},"author":1,"featured_media":0,"parent":0,"menu_order":16,"comment_status":"closed","ping_status":"closed","template":"elementor_header_footer","meta":{"_acf_changed":false,"footnotes":""},"class_list":["post-1131","page","type-page","status-publish","hentry"],"acf":[],"aioseo_notices":[],"_links":{"self":[{"href":"http:\/\/capital-b.ca\/fr\/wp-json\/wp\/v2\/pages\/1131","targetHints":{"allow":["GET"]}}],"collection":[{"href":"http:\/\/capital-b.ca\/fr\/wp-json\/wp\/v2\/pages"}],"about":[{"href":"http:\/\/capital-b.ca\/fr\/wp-json\/wp\/v2\/types\/page"}],"author":[{"embeddable":true,"href":"http:\/\/capital-b.ca\/fr\/wp-json\/wp\/v2\/users\/1"}],"replies":[{"embeddable":true,"href":"http:\/\/capital-b.ca\/fr\/wp-json\/wp\/v2\/comments?post=1131"}],"version-history":[{"count":59,"href":"http:\/\/capital-b.ca\/fr\/wp-json\/wp\/v2\/pages\/1131\/revisions"}],"predecessor-version":[{"id":3190,"href":"http:\/\/capital-b.ca\/fr\/wp-json\/wp\/v2\/pages\/1131\/revisions\/3190"}],"wp:attachment":[{"href":"http:\/\/capital-b.ca\/fr\/wp-json\/wp\/v2\/media?parent=1131"}],"curies":[{"name":"wp","href":"https:\/\/api.w.org\/{rel}","templated":true}]}}