{"id":2360,"date":"2024-11-27T18:20:24","date_gmt":"2024-11-27T18:20:24","guid":{"rendered":"https:\/\/capital-b.ca\/?page_id=2360"},"modified":"2024-12-17T01:22:40","modified_gmt":"2024-12-17T01:22:40","slug":"condominio","status":"publish","type":"page","link":"https:\/\/capital-b.ca\/es\/condo\/","title":{"rendered":"Encuentre el apartamento de sus sue\u00f1os en Montreal | Capital-B"},"content":{"rendered":"<div data-elementor-type=\"wp-page\" data-elementor-id=\"2360\" class=\"elementor elementor-2360\" data-elementor-post-type=\"page\">\n\t\t\t\t<div data-dce-background-overlay-image-url=\"https:\/\/capital-b.ca\/wp-content\/uploads\/2024\/11\/Condo-living-room.webp\" class=\"has_ae_slider elementor-element elementor-element-f66f268 e-con-full e-flex ae-bg-gallery-type-default e-con e-parent\" data-id=\"f66f268\" data-element_type=\"container\" data-e-type=\"container\">\n\t\t\t\t<div class=\"elementor-element elementor-element-31142d0 elementor-widget__width-initial elementor-widget elementor-widget-heading\" data-id=\"31142d0\" data-element_type=\"widget\" data-e-type=\"widget\" data-widget_type=\"heading.default\">\n\t\t\t\t\t<h1 class=\"elementor-heading-title elementor-size-default\">Condominio<\/h1>\t\t\t\t<\/div>\n\t\t\t\t<\/div>\n\t\t<div class=\"has_ae_slider elementor-element elementor-element-c85423a e-con-full e-flex ae-bg-gallery-type-default e-con e-parent\" data-id=\"c85423a\" data-element_type=\"container\" data-e-type=\"container\" data-settings=\"{&quot;background_background&quot;:&quot;classic&quot;}\">\n\t\t<div class=\"has_ae_slider elementor-element elementor-element-e971bd4 e-con-full e-flex ae-bg-gallery-type-default e-con e-child\" data-id=\"e971bd4\" data-element_type=\"container\" data-e-type=\"container\" data-settings=\"{&quot;background_background&quot;:&quot;classic&quot;}\">\n\t\t\t\t<div data-dce-title-color=\"#54595F\" class=\"elementor-element elementor-element-fc53a18 elementor-widget elementor-widget-heading\" data-id=\"fc53a18\" data-element_type=\"widget\" data-e-type=\"widget\" data-widget_type=\"heading.default\">\n\t\t\t\t\t<h2 class=\"elementor-heading-title elementor-size-default\">Descubra el piso de sus sue\u00f1os con Capital-B<\/h2>\t\t\t\t<\/div>\n\t\t\t\t<div class=\"elementor-element elementor-element-b447aa6 elementor-widget elementor-widget-text-editor\" data-id=\"b447aa6\" data-element_type=\"widget\" data-e-type=\"widget\" data-widget_type=\"text-editor.default\">\n\t\t\t\t\t\t\t\t\t<p>Si est\u00e1 pensando en comprar un piso, no es el \u00fanico. Los condominios se han convertido en una opci\u00f3n muy popular entre los profesionales con ingresos medios-altos y las familias que buscan una combinaci\u00f3n de comodidad, servicios y sentido de comunidad. Sin embargo, la compra de un piso es una inversi\u00f3n importante, y es crucial sopesar los pros y los contras para tomar una decisi\u00f3n informada.<\/p><p>En <strong>Capital-B<\/strong>Comprendemos la complejidad de las inversiones inmobiliarias. Nuestro equipo de profesionales experimentados est\u00e1 aqu\u00ed para guiarle en cada paso del camino, asegur\u00e1ndose de que encuentre un condominio que se adapte perfectamente a su estilo de vida y objetivos financieros.<\/p>\t\t\t\t\t\t\t\t<\/div>\n\t\t\t\t<div data-dce-title-color=\"#54595F\" class=\"elementor-element elementor-element-6ff5817 elementor-widget elementor-widget-heading\" data-id=\"6ff5817\" data-element_type=\"widget\" data-e-type=\"widget\" data-widget_type=\"heading.default\">\n\t\t\t\t\t<h3 class=\"elementor-heading-title elementor-size-default\">\u00bfQu\u00e9 es un condominio?<\/h3>\t\t\t\t<\/div>\n\t\t\t\t<div class=\"elementor-element elementor-element-6547f4b elementor-widget elementor-widget-text-editor\" data-id=\"6547f4b\" data-element_type=\"widget\" data-e-type=\"widget\" data-widget_type=\"text-editor.default\">\n\t\t\t\t\t\t\t\t\t<p>Un condominio, o condominio para abreviar, es un tipo de propiedad inmobiliaria en la que las personas son propietarias de su espacio vital (la unidad) y comparten la propiedad de zonas comunes como pasillos, gimnasios, piscinas y vest\u00edbulos. Los condominios suelen estar situados en entornos urbanos o suburbanos, lo que los convierte en una excelente opci\u00f3n para quienes buscan una vida moderna cerca de los servicios.<\/p>\t\t\t\t\t\t\t\t<\/div>\n\t\t\t\t<div data-dce-title-color=\"#54595F\" class=\"elementor-element elementor-element-fe87893 elementor-widget elementor-widget-heading\" data-id=\"fe87893\" data-element_type=\"widget\" data-e-type=\"widget\" data-widget_type=\"heading.default\">\n\t\t\t\t\t<h3 class=\"elementor-heading-title elementor-size-default\">Ventajas de comprar un piso<\/h3>\t\t\t\t<\/div>\n\t\t\t\t<div class=\"elementor-element elementor-element-09eeb4b elementor-widget elementor-widget-text-editor\" data-id=\"09eeb4b\" data-element_type=\"widget\" data-e-type=\"widget\" data-widget_type=\"text-editor.default\">\n\t\t\t\t\t\t\t\t\t<ol><li><strong>Asequibilidad<br \/><\/strong>En comparaci\u00f3n con las viviendas unifamiliares, los condominios suelen ser m\u00e1s asequibles. Esto los convierte en una opci\u00f3n atractiva para quienes compran una vivienda por primera vez o para quienes quieren reducir su tama\u00f1o sin renunciar a la calidad.<\/li><li><strong>Bajo mantenimiento<br \/><\/strong>Una de las mayores ventajas de vivir en un condominio es su bajo mantenimiento. El mantenimiento exterior, la jardiner\u00eda y los servicios son gestionados por la comunidad de propietarios, lo que te libera de tiempo y energ\u00eda.<\/li><li><strong>Servicios<br \/><\/strong>Los condominios suelen tener acceso a instalaciones de lujo, como gimnasios, piscinas y espacios comunes, cuyo mantenimiento podr\u00eda resultar costoso en un inmueble independiente.<\/li><li><strong>Seguridad<br \/><\/strong>Muchos condominios ofrecen elementos de seguridad a\u00f1adidos, como entradas cerradas, c\u00e1maras de seguridad y personal in situ, para tranquilidad de los residentes.<\/li><li><strong>Vida en comunidad<br \/><\/strong>Los condominios suelen fomentar el sentido de comunidad, con oportunidades para relacionarse con los vecinos a trav\u00e9s de espacios compartidos y actos organizados.<\/li><\/ol>\t\t\t\t\t\t\t\t<\/div>\n\t\t\t\t<div data-dce-title-color=\"#54595F\" class=\"elementor-element elementor-element-550eda2 elementor-widget elementor-widget-heading\" data-id=\"550eda2\" data-element_type=\"widget\" data-e-type=\"widget\" data-widget_type=\"heading.default\">\n\t\t\t\t\t<h3 class=\"elementor-heading-title elementor-size-default\">Los contras de comprar un piso<\/h3>\t\t\t\t<\/div>\n\t\t\t\t<div class=\"elementor-element elementor-element-d442555 elementor-widget elementor-widget-text-editor\" data-id=\"d442555\" data-element_type=\"widget\" data-e-type=\"widget\" data-widget_type=\"text-editor.default\">\n\t\t\t\t\t\t\t\t\t<ol><li><strong>Cuotas de condominio<br \/><\/strong><span style=\"font-weight: var( --e-global-typography-text-font-weight );\">Las cuotas de los condominios son pagos mensuales que cubren el mantenimiento y los servicios. Pueden variar mucho y acumularse con el tiempo, lo que repercute en el presupuesto total.<\/span><\/li><li><strong>Contribuciones especiales<br \/><\/strong><span style=\"font-weight: var( --e-global-typography-text-font-weight );\">Las contribuciones especiales son una cuota adicional que los propietarios de condominios deben pagar por gastos imprevistos, como reparaciones o mejoras importantes, cuando el fondo de reserva es insuficiente. Se divide entre los propietarios en funci\u00f3n del tama\u00f1o de la unidad o la cuota de propiedad y puede afectar a las finanzas y el valor de reventa.<\/span><\/li><li><strong>Normas y restricciones<br \/><\/strong><span style=\"font-weight: var( --e-global-typography-text-font-weight );\">Las comunidades de propietarios tienen normas que los residentes deben cumplir. Estas normas pueden incluir desde restricciones para mascotas hasta limitaciones para remodelar la vivienda.<\/span><\/li><li><strong>Privacidad limitada<br \/><\/strong><span style=\"font-weight: var( --e-global-typography-text-font-weight );\">Vivir cerca de los vecinos implica menos intimidad que en una vivienda unifamiliar.<\/span><\/li><li><strong>Retos de la reventa<br \/><\/strong><span style=\"font-weight: var( --e-global-typography-text-font-weight );\">El valor de un condominio puede verse influido por la gesti\u00f3n de la asociaci\u00f3n de propietarios y la demanda del mercado, lo que puede hacer que la reventa sea menos sencilla.<\/span><\/li><li><strong>Responsabilidades compartidas<br \/><\/strong><span style=\"font-weight: var( --e-global-typography-text-font-weight );\">Las comunidades de propietarios mal gestionadas pueden dar lugar a conflictos o a un mantenimiento inadecuado, lo que afecta a su calidad de vida.<\/span><\/li><\/ol>\t\t\t\t\t\t\t\t<\/div>\n\t\t\t\t<div data-dce-title-color=\"#54595F\" class=\"elementor-element elementor-element-534b144 elementor-widget elementor-widget-heading\" data-id=\"534b144\" data-element_type=\"widget\" data-e-type=\"widget\" data-widget_type=\"heading.default\">\n\t\t\t\t\t<h3 class=\"elementor-heading-title elementor-size-default\">C\u00f3mo puede ayudar Capital-B<\/h3>\t\t\t\t<\/div>\n\t\t<div class=\"has_ae_slider elementor-element elementor-element-96f2b6b e-con-full e-flex ae-bg-gallery-type-default e-con e-child\" data-id=\"96f2b6b\" data-element_type=\"container\" data-e-type=\"container\">\n\t\t\t\t<div class=\"elementor-element elementor-element-382a142 elementor-widget__width-initial elementor-widget elementor-widget-text-editor\" data-id=\"382a142\" data-element_type=\"widget\" data-e-type=\"widget\" data-widget_type=\"text-editor.default\">\n\t\t\t\t\t\t\t\t\t<p>Navegar por el mercado de los condominios puede resultar abrumador, pero con <strong>Capital-B<\/strong>est\u00e1 en manos de expertos. As\u00ed es como hacemos que su viaje de compra de condominios sea perfecto:<\/p><ol><li><strong>Orientaci\u00f3n personalizada<br \/><\/strong><span style=\"font-weight: var( --e-global-typography-text-font-weight );\">Nuestro equipo se toma el tiempo necesario para entender sus necesidades y su estilo de vida. Tanto si busca un piso moderno en el centro de la ciudad como una opci\u00f3n familiar en las afueras, le ayudaremos a reducir las opciones.<\/span><\/li><li><strong>Perspectivas del mercado<br \/><\/strong><span style=\"font-weight: var( --e-global-typography-text-font-weight );\">Proporcionamos datos de mercado actualizados para asegurarnos de que realiza una inversi\u00f3n inteligente. Desde tendencias de precios hasta an\u00e1lisis de vecindarios, dispondr\u00e1 de toda la informaci\u00f3n necesaria para tomar una decisi\u00f3n segura.<\/span><\/li><li><strong>Evaluaciones financieras<br \/><\/strong><span style=\"font-weight: var( --e-global-typography-text-font-weight );\">Comprender las implicaciones financieras de ser propietario de un condominio es fundamental. Le ayudaremos a evaluar las cuotas del condominio, los impuestos y el posible retorno de la inversi\u00f3n para asegurarnos de que la propiedad se ajusta a sus objetivos.<\/span><\/li><li><strong>Negociaci\u00f3n experta<br \/><\/strong><span style=\"font-weight: var( --e-global-typography-text-font-weight );\">Nuestros experimentados negociadores trabajan sin descanso para garantizarle el mejor acuerdo. Tanto si se trata del precio de compra como de las condiciones, defendemos sus intereses en todo momento.<\/span><\/li><li><strong>Asistencia posventa<br \/><\/strong><span style=\"font-weight: var( --e-global-typography-text-font-weight );\">Nuestra relaci\u00f3n no termina con el cierre. Estamos aqu\u00ed para proporcionarle apoyo continuo, desde la comprensi\u00f3n de las reglas de su asociaci\u00f3n de condominios hasta la conexi\u00f3n con los servicios locales.<\/span><\/li><\/ol>\t\t\t\t\t\t\t\t<\/div>\n\t\t\t\t<div class=\"elementor-element elementor-element-748142e elementor-widget__width-inherit elementor-widget elementor-widget-image\" data-id=\"748142e\" data-element_type=\"widget\" data-e-type=\"widget\" data-widget_type=\"image.default\">\n\t\t\t\t\t\t\t\t\t\t\t\t\t\t\t<img fetchpriority=\"high\" decoding=\"async\" width=\"678\" height=\"1024\" src=\"Fa\u00e7ade d&#039;un condominium Montr\u00e9al | Capital-B\" class=\"attachment-large size-large wp-image-2741\" alt=\"\" srcset=\"\" sizes=\"(max-width: 678px) 100vw, 678px\" data-srcset=\"\" \/>\t\t\t\t\t\t\t\t\t\t\t\t\t\t\t<\/div>\n\t\t\t\t<\/div>\n\t\t\t\t<div data-dce-title-color=\"#54595F\" class=\"elementor-element elementor-element-0464e39 elementor-widget elementor-widget-heading\" data-id=\"0464e39\" data-element_type=\"widget\" data-e-type=\"widget\" data-widget_type=\"heading.default\">\n\t\t\t\t\t<h3 class=\"elementor-heading-title elementor-size-default\">Consejos para comprar una vivienda<\/h3>\t\t\t\t<\/div>\n\t\t\t\t<div class=\"elementor-element elementor-element-b1ad1d8 elementor-widget elementor-widget-text-editor\" data-id=\"b1ad1d8\" data-element_type=\"widget\" data-e-type=\"widget\" data-widget_type=\"text-editor.default\">\n\t\t\t\t\t\t\t\t\t<ol><li><strong>Evaluar la asociaci\u00f3n de propietarios<br \/><\/strong><span style=\"font-weight: var( --e-global-typography-text-font-weight );\">Revise la situaci\u00f3n financiera, las normas y el historial de mantenimiento de la comunidad de propietarios. Una asociaci\u00f3n bien gestionada es clave para vivir sin estr\u00e9s.<\/span><\/li><li><strong>Compruebe la ubicaci\u00f3n<br \/><\/strong><span style=\"font-weight: var( --e-global-typography-text-font-weight );\">La ubicaci\u00f3n de tu piso influye en su valor y en tu estilo de vida. Ten en cuenta la proximidad al trabajo, los colegios, el transporte p\u00fablico y las instalaciones recreativas.<\/span><\/li><li><strong>Entender las tasas<br \/><\/strong><span style=\"font-weight: var( --e-global-typography-text-font-weight );\">Pida un desglose de las cuotas del condominio y de lo que cubren. Unas cuotas elevadas pueden merecer la pena si incluyen servicios de primera calidad, pero los aumentos inesperados pueden forzar tu presupuesto.<\/span><\/li><li><strong>Inspeccionar la unidad<br \/><\/strong><span style=\"font-weight: var( --e-global-typography-text-font-weight );\">Aunque los condominios requieren poco mantenimiento, es esencial inspeccionar la unidad para detectar cualquier problema antes de finalizar la compra.<\/span><\/li><li><strong>Trabajar con un agente inmobiliario<br \/><\/strong><span style=\"font-weight: var( --e-global-typography-text-font-weight );\">Un profesional inmobiliario con experiencia, como los de <strong>Capital-B<\/strong>puede ahorrarle tiempo y dinero gui\u00e1ndole a lo largo de todo el proceso.<\/span><\/li><\/ol>\t\t\t\t\t\t\t\t<\/div>\n\t\t\t\t<div data-dce-title-color=\"#54595F\" class=\"elementor-element elementor-element-3a6cb78 elementor-widget elementor-widget-heading\" data-id=\"3a6cb78\" data-element_type=\"widget\" data-e-type=\"widget\" data-widget_type=\"heading.default\">\n\t\t\t\t\t<h3 class=\"elementor-heading-title elementor-size-default\">Preguntas frecuentes sobre la compra de una vivienda<\/h3>\t\t\t\t<\/div>\n\t\t\t\t<div class=\"elementor-element elementor-element-38a5ab5 elementor-widget elementor-widget-text-editor\" data-id=\"38a5ab5\" data-element_type=\"widget\" data-e-type=\"widget\" data-widget_type=\"text-editor.default\">\n\t\t\t\t\t\t\t\t\t<p><strong>P: \u00bfEs un piso una buena inversi\u00f3n?<\/strong><br \/>R: Los condominios pueden ser una gran inversi\u00f3n, especialmente en zonas de gran demanda. Sin embargo, deben evaluarse cuidadosamente factores como la ubicaci\u00f3n, las tasas y las tendencias del mercado.<\/p><p><strong>P: \u00bfA cu\u00e1nto ascienden las cuotas t\u00edpicas de los condominios?<\/strong><br \/>R: Las tarifas var\u00edan mucho en funci\u00f3n de la ubicaci\u00f3n, los servicios y el tama\u00f1o del edificio. El precio mensual oscila entre $0,40 y $1+ por metro cuadrado.<\/p><p><strong>P: \u00bfPuedo alquilar mi piso?<\/strong><br \/>R: Muchos condominios permiten el alquiler, pero puede haber restricciones. Consulta siempre con la comunidad de propietarios antes de alquilar.<\/p><p><strong>P: \u00bfC\u00f3mo son los impuestos de los pisos?<\/strong><br \/>R: Los impuestos sobre la propiedad de los condominios suelen ser m\u00e1s bajos que los de las viviendas unifamiliares, pero dependen de los tipos impositivos locales y del valor catastral del condominio.<\/p>\t\t\t\t\t\t\t\t<\/div>\n\t\t\t\t<div data-dce-title-color=\"#54595F\" class=\"elementor-element elementor-element-5ca4179 elementor-widget elementor-widget-heading\" data-id=\"5ca4179\" data-element_type=\"widget\" data-e-type=\"widget\" data-widget_type=\"heading.default\">\n\t\t\t\t\t<h3 class=\"elementor-heading-title elementor-size-default\">Por qu\u00e9 elegir Capital-B<\/h3>\t\t\t\t<\/div>\n\t\t\t\t<div class=\"elementor-element elementor-element-9461097 elementor-widget elementor-widget-text-editor\" data-id=\"9461097\" data-element_type=\"widget\" data-e-type=\"widget\" data-widget_type=\"text-editor.default\">\n\t\t\t\t\t\t\t\t\t<p>En <strong>Capital-B<\/strong>nos enorgullecemos de ofrecer <strong>servicio personalizado<\/strong>, <strong>asesoramiento de expertos<\/strong>y un <strong>una experiencia inmobiliaria sin estr\u00e9s<\/strong>. Nuestra dedicaci\u00f3n a la excelencia tiene como objetivo que cada cliente se sienta capacitado para tomar la decisi\u00f3n correcta.<\/p><p>\u00bfListo para encontrar el piso de sus sue\u00f1os? <strong><a href=\"https:\/\/capital-b.ca\/es\/contactenos\/\">Contactanos<\/a><\/strong> o ll\u00e1menos hoy mismo al <strong><a href=\"tel:4388025000\">438.802.5000<\/a><\/strong> para programar una consulta con uno de nuestros experimentados profesionales inmobiliarios. Hagamos que su viaje de inversi\u00f3n sea sencillo, rentable y gratificante.<\/p>\t\t\t\t\t\t\t\t<\/div>\n\t\t\t\t<div data-dce-title-color=\"#54595F\" class=\"elementor-element elementor-element-a919f90 elementor-widget elementor-widget-heading\" data-id=\"a919f90\" data-element_type=\"widget\" data-e-type=\"widget\" data-widget_type=\"heading.default\">\n\t\t\t\t\t<h3 class=\"elementor-heading-title elementor-size-default\">Recursos externos<\/h3>\t\t\t\t<\/div>\n\t\t\t\t<div class=\"elementor-element elementor-element-ff607e6 elementor-widget elementor-widget-text-editor\" data-id=\"ff607e6\" data-element_type=\"widget\" data-e-type=\"widget\" data-widget_type=\"text-editor.default\">\n\t\t\t\t\t\t\t\t\t<ul><li><a href=\"https:\/\/www.cmhc-schl.gc.ca\/\" target=\"_blank\" rel=\"noopener noreferrer nofollow\">Corporaci\u00f3n Hipotecaria y de la Vivienda de Canad\u00e1 (CMHC)<\/a><\/li><li><a href=\"https:\/\/www.apciq.ca\" target=\"_blank\" rel=\"noopener noreferrer nofollow\">Asociaci\u00f3n Inmobiliaria de Quebec (QREA)<\/a><\/li><li><a href=\"https:\/\/www.cmhc-schl.gc.ca\/consumers\/home-buying\/buying-guides\/condominium\/chapter-1-condominium-basics\" target=\"_blank\" rel=\"noopener noreferrer nofollow\">La vida en condominio en Canad\u00e1<\/a><\/li><\/ul>\t\t\t\t\t\t\t\t<\/div>\n\t\t\t\t<\/div>\n\t\t\t\t<\/div>\n\t\t<div class=\"has_ae_slider elementor-element elementor-element-a446788 e-flex e-con-boxed ae-bg-gallery-type-default e-con e-parent\" data-id=\"a446788\" data-element_type=\"container\" data-e-type=\"container\">\n\t\t\t\t\t<div class=\"e-con-inner\">\n\t\t\t\t\t<\/div>\n\t\t\t\t<\/div>\n\t\t\t\t<\/div>","protected":false},"excerpt":{"rendered":"<p>Condo Discover Your Dream Condo with Capital-B If you&#8217;re considering buying a condo, you&#8217;re not alone. Condos have become a popular choice for mid-to-high-income professionals and families looking for a combination of convenience, amenities, and a sense of community. However, buying a condo is a significant investment, and it&#8217;s crucial to weigh the pros and [&hellip;]<\/p>\n","protected":false},"author":1,"featured_media":0,"parent":0,"menu_order":12,"comment_status":"closed","ping_status":"closed","template":"elementor_header_footer","meta":{"_acf_changed":false,"footnotes":""},"class_list":["post-2360","page","type-page","status-publish","hentry"],"acf":[],"aioseo_notices":[],"_links":{"self":[{"href":"https:\/\/capital-b.ca\/es\/wp-json\/wp\/v2\/pages\/2360","targetHints":{"allow":["GET"]}}],"collection":[{"href":"https:\/\/capital-b.ca\/es\/wp-json\/wp\/v2\/pages"}],"about":[{"href":"https:\/\/capital-b.ca\/es\/wp-json\/wp\/v2\/types\/page"}],"author":[{"embeddable":true,"href":"https:\/\/capital-b.ca\/es\/wp-json\/wp\/v2\/users\/1"}],"replies":[{"embeddable":true,"href":"https:\/\/capital-b.ca\/es\/wp-json\/wp\/v2\/comments?post=2360"}],"version-history":[{"count":45,"href":"https:\/\/capital-b.ca\/es\/wp-json\/wp\/v2\/pages\/2360\/revisions"}],"predecessor-version":[{"id":3391,"href":"https:\/\/capital-b.ca\/es\/wp-json\/wp\/v2\/pages\/2360\/revisions\/3391"}],"wp:attachment":[{"href":"https:\/\/capital-b.ca\/es\/wp-json\/wp\/v2\/media?parent=2360"}],"curies":[{"name":"wp","href":"https:\/\/api.w.org\/{rel}","templated":true}]}}