{"id":2811,"date":"2024-12-06T23:47:58","date_gmt":"2024-12-06T23:47:58","guid":{"rendered":"https:\/\/capital-b.ca\/?page_id=2811"},"modified":"2024-12-17T20:14:52","modified_gmt":"2024-12-17T20:14:52","slug":"residencial","status":"publish","type":"page","link":"https:\/\/capital-b.ca\/es\/residential\/","title":{"rendered":"Servicios inmobiliarios residenciales en el Gran Montreal"},"content":{"rendered":"<div data-elementor-type=\"wp-page\" data-elementor-id=\"2811\" class=\"elementor elementor-2811\" data-elementor-post-type=\"page\">\n\t\t\t\t<div data-dce-background-overlay-image-url=\"https:\/\/capital-b.ca\/wp-content\/uploads\/2024\/12\/Leonardo_Kino_XL_create_the_image_of_a_luxurious_residence_hou_2.webp\" class=\"has_ae_slider elementor-element elementor-element-6b5b875 e-con-full e-ecs-flex e-flex ae-bg-gallery-type-default e-con e-parent\" data-id=\"6b5b875\" data-element_type=\"container\" data-e-type=\"container\" data-settings=\"{&quot;ecs_container_type&quot;:&quot;flex&quot;}\">\n\t\t\t\t<div class=\"elementor-element elementor-element-fa4c762 elementor-widget__width-initial elementor-widget elementor-widget-heading\" data-id=\"fa4c762\" data-element_type=\"widget\" data-e-type=\"widget\" data-widget_type=\"heading.default\">\n\t\t\t\t\t<h1 class=\"elementor-heading-title elementor-size-default\">Residencial<\/h1>\t\t\t\t<\/div>\n\t\t\t\t<\/div>\n\t\t<div class=\"has_ae_slider elementor-element elementor-element-6776a46 e-con-full e-ecs-flex e-flex ae-bg-gallery-type-default e-con e-parent\" data-id=\"6776a46\" data-element_type=\"container\" data-e-type=\"container\" data-settings=\"{&quot;background_background&quot;:&quot;classic&quot;,&quot;ecs_container_type&quot;:&quot;flex&quot;}\">\n\t\t<div class=\"has_ae_slider elementor-element elementor-element-f65f26b e-con-full e-ecs-flex e-flex ae-bg-gallery-type-default e-con e-child\" data-id=\"f65f26b\" data-element_type=\"container\" data-e-type=\"container\" data-settings=\"{&quot;background_background&quot;:&quot;classic&quot;,&quot;ecs_container_type&quot;:&quot;flex&quot;}\">\n\t\t\t\t<div data-dce-title-color=\"#54595F\" class=\"elementor-element elementor-element-0b4b3b3 elementor-widget elementor-widget-heading\" data-id=\"0b4b3b3\" data-element_type=\"widget\" data-e-type=\"widget\" data-widget_type=\"heading.default\">\n\t\t\t\t\t<h2 class=\"elementor-heading-title elementor-size-default\">Servicios inmobiliarios residenciales en el Gran Montreal<\/h2>\t\t\t\t<\/div>\n\t\t\t\t<div class=\"elementor-element elementor-element-96e234d elementor-widget elementor-widget-text-editor\" data-id=\"96e234d\" data-element_type=\"widget\" data-e-type=\"widget\" data-widget_type=\"text-editor.default\">\n\t\t\t\t\t\t\t\t\t<p>Bienvenido a <strong>Capital-B<\/strong>su agente inmobiliario de confianza en el Gran Montreal. Ya sea para comprar, vender o invertir, estamos aqu\u00ed para ayudarle a tomar decisiones inteligentes y rentables con confianza. Nuestro equipo de expertos se especializa en condominios, casas unifamiliares y propiedades residenciales de renta, asegurando que usted obtenga un servicio personalizado en cada paso del camino.<\/p>\t\t\t\t\t\t\t\t<\/div>\n\t\t\t\t<div data-dce-title-color=\"#54595F\" class=\"elementor-element elementor-element-3dc2693 elementor-widget elementor-widget-heading\" data-id=\"3dc2693\" data-element_type=\"widget\" data-e-type=\"widget\" data-widget_type=\"heading.default\">\n\t\t\t\t\t<h2 class=\"elementor-heading-title elementor-size-default\">Comprar una casa<\/h2>\t\t\t\t<\/div>\n\t\t\t\t<div class=\"elementor-element elementor-element-97dab2c elementor-widget elementor-widget-text-editor\" data-id=\"97dab2c\" data-element_type=\"widget\" data-e-type=\"widget\" data-widget_type=\"text-editor.default\">\n\t\t\t\t\t\t\t\t\t<p>\u00a1La casa de sus sue\u00f1os est\u00e1 a su alcance! Nuestro equipo lo guiar\u00e1 durante todo el proceso de compra de una casa, desde encontrar la propiedad perfecta hasta negociar la mejor oferta. Ya sea que est\u00e9 buscando un condominio en la ciudad, una casa familiar en los suburbios o una propiedad que genere ingresos, lo emparejaremos con opciones que se adapten a su estilo de vida y presupuesto.<\/p>\t\t\t\t\t\t\t\t<\/div>\n\t\t\t\t<div data-dce-title-color=\"#54595F\" class=\"elementor-element elementor-element-52b3259 elementor-widget__width-initial elementor-widget-tablet__width-initial elementor-widget-mobile__width-initial elementor-widget elementor-widget-heading\" data-id=\"52b3259\" data-element_type=\"widget\" data-e-type=\"widget\" data-widget_type=\"heading.default\">\n\t\t\t\t\t<h3 class=\"elementor-heading-title elementor-size-default\">Lo que ofrecemos a los compradores:<\/h3>\t\t\t\t<\/div>\n\t\t\t\t<div class=\"elementor-element elementor-element-320239e elementor-widget elementor-widget-text-editor\" data-id=\"320239e\" data-element_type=\"widget\" data-e-type=\"widget\" data-widget_type=\"text-editor.default\">\n\t\t\t\t\t\t\t\t\t<ul><li>Lo que ofrecemos a los compradores:<\/li><li>Conocimiento del mercado y experiencia del barrio.<\/li><li>Asesoramiento experto en ofertas y negociaciones.<\/li><li>Evaluaciones financieras y asesor\u00eda hipotecaria.<\/li><\/ul><p>Comience hoy su b\u00fasqueda de vivienda con nosotros y haga una inversi\u00f3n inteligente para su futuro.<\/p>\t\t\t\t\t\t\t\t<\/div>\n\t\t\t\t<div data-dce-title-color=\"#54595F\" class=\"elementor-element elementor-element-37160ca elementor-widget elementor-widget-heading\" data-id=\"37160ca\" data-element_type=\"widget\" data-e-type=\"widget\" data-widget_type=\"heading.default\">\n\t\t\t\t\t<h3 class=\"elementor-heading-title elementor-size-default\">Vendiendo su casa<\/h3>\t\t\t\t<\/div>\n\t\t\t\t<div class=\"elementor-element elementor-element-20eb50e elementor-widget elementor-widget-text-editor\" data-id=\"20eb50e\" data-element_type=\"widget\" data-e-type=\"widget\" data-widget_type=\"text-editor.default\">\n\t\t\t\t\t\t\t\t\t<p class=\"MsoNormal\" style=\"margin: 0cm 0cm 8pt; line-height: 18.4px; font-size: 12pt; font-family: Aptos, sans-serif; color: #000000;\">\u00bfEst\u00e1 listo para vender? Lo ayudaremos a maximizar el valor de su casa y a hacer que el proceso sea libre de estr\u00e9s. Desde la determinaci\u00f3n del precio de su propiedad hasta su comercializaci\u00f3n eficaz, nuestro equipo utiliza herramientas innovadoras y estrategias comprobadas para atraer a los compradores adecuados.<\/p>\t\t\t\t\t\t\t\t<\/div>\n\t\t\t\t<div data-dce-title-color=\"#54595F\" class=\"elementor-element elementor-element-809ca04 elementor-widget elementor-widget-heading\" data-id=\"809ca04\" data-element_type=\"widget\" data-e-type=\"widget\" data-widget_type=\"heading.default\">\n\t\t\t\t\t<h3 class=\"elementor-heading-title elementor-size-default\">Nuestros servicios de venta incluyen:<\/h3>\t\t\t\t<\/div>\n\t\t\t\t<div class=\"elementor-element elementor-element-a37dad4 elementor-widget elementor-widget-text-editor\" data-id=\"a37dad4\" data-element_type=\"widget\" data-e-type=\"widget\" data-widget_type=\"text-editor.default\">\n\t\t\t\t\t\t\t\t\t<ul><li>An\u00e1lisis del mercado competitivo para fijar precios precisos.<\/li><li>Puesta en escena y fotograf\u00eda profesional.<\/li><li>Campa\u00f1as de marketing online y offline.<\/li><li>Apoyo experto en negociaci\u00f3n y transacciones.<\/li><\/ul><p>Venda su propiedad r\u00e1pidamente y al mejor precio con nuestro equipo de expertos a su lado.<\/p>\t\t\t\t\t\t\t\t<\/div>\n\t\t\t\t<div data-dce-title-color=\"#54595F\" class=\"elementor-element elementor-element-69969bf elementor-widget elementor-widget-heading\" data-id=\"69969bf\" data-element_type=\"widget\" data-e-type=\"widget\" data-widget_type=\"heading.default\">\n\t\t\t\t\t<h3 class=\"elementor-heading-title elementor-size-default\">Invertir en propiedades residenciales de renta<\/h3>\t\t\t\t<\/div>\n\t\t\t\t<div class=\"elementor-element elementor-element-11f1c4f elementor-widget elementor-widget-text-editor\" data-id=\"11f1c4f\" data-element_type=\"widget\" data-e-type=\"widget\" data-widget_type=\"text-editor.default\">\n\t\t\t\t\t\t\t\t\t<p>\u00bfQuiere aumentar su patrimonio a trav\u00e9s del sector inmobiliario? Las propiedades residenciales de renta son una opci\u00f3n inteligente para obtener un flujo de caja constante y un crecimiento financiero a largo plazo. <strong>Capital-B<\/strong>le ayudar\u00e1n a identificar oportunidades de inversi\u00f3n lucrativas y a sortear las complejidades de la compra de varias unidades.<\/p>\t\t\t\t\t\t\t\t<\/div>\n\t\t\t\t<div data-dce-title-color=\"#54595F\" class=\"elementor-element elementor-element-834e9ac elementor-widget elementor-widget-heading\" data-id=\"834e9ac\" data-element_type=\"widget\" data-e-type=\"widget\" data-widget_type=\"heading.default\">\n\t\t\t\t\t<h3 class=\"elementor-heading-title elementor-size-default\">\u00bfPor qu\u00e9 trabajar con nosotros?<\/h3>\t\t\t\t<\/div>\n\t\t\t\t<div class=\"elementor-element elementor-element-c3419c1 elementor-widget elementor-widget-text-editor\" data-id=\"c3419c1\" data-element_type=\"widget\" data-e-type=\"widget\" data-widget_type=\"text-editor.default\">\n\t\t\t\t\t\t\t\t\t<ul><li>An\u00e1lisis integral de la propiedad.<\/li><li>Perspectivas sobre barrios emergentes.<\/li><li>Asesoramiento experto en gesti\u00f3n de propiedades de renta.<\/li><li>Apoyo con financiamiento y documentaci\u00f3n legal.<\/li><\/ul><p>Perm\u00edtanos ayudarle a construir una cartera inmobiliaria rentable con confianza.<\/p>\t\t\t\t\t\t\t\t<\/div>\n\t\t\t\t<div data-dce-title-color=\"#54595F\" class=\"elementor-element elementor-element-afbfb20 elementor-widget elementor-widget-heading\" data-id=\"afbfb20\" data-element_type=\"widget\" data-e-type=\"widget\" data-widget_type=\"heading.default\">\n\t\t\t\t\t<h3 class=\"elementor-heading-title elementor-size-default\">\u00bfPor qu\u00e9 elegir Capital-B?<\/h3>\t\t\t\t<\/div>\n\t\t\t\t<div class=\"elementor-element elementor-element-62e2b16 elementor-widget elementor-widget-text-editor\" data-id=\"62e2b16\" data-element_type=\"widget\" data-e-type=\"widget\" data-widget_type=\"text-editor.default\">\n\t\t\t\t\t\t\t\t\t<p>En <strong>Capital-B<\/strong>Nos enorgullecemos de ofrecer un servicio y unos resultados excepcionales. Nuestro profundo conocimiento del mercado del Gran Montreal, combinado con un compromiso con su \u00e9xito, nos convierte en la opci\u00f3n ideal para todas sus necesidades inmobiliarias residenciales. Creemos en la integridad, la dedicaci\u00f3n y la excelencia, asegur\u00e1ndonos de que su experiencia sea lo m\u00e1s fluida posible.<\/p>\t\t\t\t\t\t\t\t<\/div>\n\t\t\t\t<div data-dce-title-color=\"#54595F\" class=\"elementor-element elementor-element-bb1588f elementor-widget elementor-widget-heading\" data-id=\"bb1588f\" data-element_type=\"widget\" data-e-type=\"widget\" data-widget_type=\"heading.default\">\n\t\t\t\t\t<h3 class=\"elementor-heading-title elementor-size-default\">Contacta con nosotros hoy<\/h3>\t\t\t\t<\/div>\n\t\t\t\t<div class=\"elementor-element elementor-element-fac7284 elementor-widget elementor-widget-text-editor\" data-id=\"fac7284\" data-element_type=\"widget\" data-e-type=\"widget\" data-widget_type=\"text-editor.default\">\n\t\t\t\t\t\t\t\t\t<p>Tanto si compra como si vende o invierte, <strong>Capital-B<\/strong> est\u00e1 aqu\u00ed para guiarle en cada paso del camino. Hagamos realidad sus objetivos inmobiliarios.<\/p><p><strong>Ll\u00e1manos al <a href=\"tel:4388025000\">438.802.5000<\/a><\/strong> o <a href=\"https:\/\/capital-b.ca\/es\/contactenos\/\"><strong>Contacto en l\u00ednea<\/strong><\/a> Para empezar.<\/p>\t\t\t\t\t\t\t\t<\/div>\n\t\t\t\t<\/div>\n\t\t\t\t<\/div>\n\t\t<div class=\"has_ae_slider elementor-element elementor-element-41e9233 e-ecs-flex e-flex e-con-boxed ae-bg-gallery-type-default e-con e-parent\" data-id=\"41e9233\" data-element_type=\"container\" data-e-type=\"container\" data-settings=\"{&quot;ecs_container_type&quot;:&quot;flex&quot;}\">\n\t\t\t\t\t<div class=\"e-con-inner\">\n\t\t\t\t\t<\/div>\n\t\t\t\t<\/div>\n\t\t\t\t<\/div>","protected":false},"excerpt":{"rendered":"<p>Residential Residential Real Estate Services in Greater Montreal Welcome to Capital-B, your trusted broker in residential real estate in Greater Montreal. Whether you\u2019re buying, selling, or investing, we\u2019re here to help you make smart, profitable decisions with confidence. Our team of experts specializes in condos, single-family homes, and residential income properties, ensuring you get personalized [&hellip;]<\/p>\n","protected":false},"author":1,"featured_media":0,"parent":0,"menu_order":20,"comment_status":"closed","ping_status":"closed","template":"","meta":{"_acf_changed":false,"footnotes":""},"class_list":["post-2811","page","type-page","status-publish","hentry"],"acf":[],"_links":{"self":[{"href":"https:\/\/capital-b.ca\/es\/wp-json\/wp\/v2\/pages\/2811","targetHints":{"allow":["GET"]}}],"collection":[{"href":"https:\/\/capital-b.ca\/es\/wp-json\/wp\/v2\/pages"}],"about":[{"href":"https:\/\/capital-b.ca\/es\/wp-json\/wp\/v2\/types\/page"}],"author":[{"embeddable":true,"href":"https:\/\/capital-b.ca\/es\/wp-json\/wp\/v2\/users\/1"}],"replies":[{"embeddable":true,"href":"https:\/\/capital-b.ca\/es\/wp-json\/wp\/v2\/comments?post=2811"}],"version-history":[{"count":32,"href":"https:\/\/capital-b.ca\/es\/wp-json\/wp\/v2\/pages\/2811\/revisions"}],"predecessor-version":[{"id":3480,"href":"https:\/\/capital-b.ca\/es\/wp-json\/wp\/v2\/pages\/2811\/revisions\/3480"}],"wp:attachment":[{"href":"https:\/\/capital-b.ca\/es\/wp-json\/wp\/v2\/media?parent=2811"}],"curies":[{"name":"wp","href":"https:\/\/api.w.org\/{rel}","templated":true}]}}