{"id":2891,"date":"2024-12-12T15:27:39","date_gmt":"2024-12-12T15:27:39","guid":{"rendered":"https:\/\/capital-b.ca\/?page_id=2891"},"modified":"2024-12-17T20:07:37","modified_gmt":"2024-12-17T20:07:37","slug":"descubra-la-casa-perfecta-para-su-creciente-familia-con-capital-b","status":"publish","type":"page","link":"https:\/\/capital-b.ca\/es\/discover-the-perfect-home-for-your-growing-family-with-capital-b\/","title":{"rendered":"Descubra la casa perfecta para su creciente familia con Capital-B"},"content":{"rendered":"<div data-elementor-type=\"wp-page\" data-elementor-id=\"2891\" class=\"elementor elementor-2891\" data-elementor-post-type=\"page\">\n\t\t\t\t<div data-dce-background-overlay-image-url=\"https:\/\/capital-b.ca\/wp-content\/uploads\/2024\/12\/Leonardo_Kino_XL_create_the_image_of_a_luxurious_residence_hou_2.webp\" class=\"has_ae_slider elementor-element elementor-element-60e8b56 e-con-full e-ecs-flex e-flex ae-bg-gallery-type-default e-con e-parent\" data-id=\"60e8b56\" data-element_type=\"container\" data-e-type=\"container\" data-settings=\"{&quot;ecs_container_type&quot;:&quot;flex&quot;}\">\n\t\t\t\t<div class=\"elementor-element elementor-element-3d39503 elementor-widget__width-initial elementor-widget elementor-widget-heading\" data-id=\"3d39503\" data-element_type=\"widget\" data-e-type=\"widget\" data-widget_type=\"heading.default\">\n\t\t\t\t\t<h1 class=\"elementor-heading-title elementor-size-default\">Hogar familiar<\/h1>\t\t\t\t<\/div>\n\t\t\t\t<\/div>\n\t\t<div class=\"has_ae_slider elementor-element elementor-element-c6effb6 e-con-full e-ecs-flex e-flex ae-bg-gallery-type-default e-con e-parent\" data-id=\"c6effb6\" data-element_type=\"container\" data-e-type=\"container\" data-settings=\"{&quot;background_background&quot;:&quot;classic&quot;,&quot;ecs_container_type&quot;:&quot;flex&quot;}\">\n\t\t<div class=\"has_ae_slider elementor-element elementor-element-b967223 e-con-full e-ecs-flex e-flex ae-bg-gallery-type-default e-con e-child\" data-id=\"b967223\" data-element_type=\"container\" data-e-type=\"container\" data-settings=\"{&quot;background_background&quot;:&quot;classic&quot;,&quot;ecs_container_type&quot;:&quot;flex&quot;}\">\n\t\t\t\t<div data-dce-title-color=\"#54595F\" class=\"elementor-element elementor-element-e779773 elementor-widget elementor-widget-heading\" data-id=\"e779773\" data-element_type=\"widget\" data-e-type=\"widget\" data-widget_type=\"heading.default\">\n\t\t\t\t\t<h2 class=\"elementor-heading-title elementor-size-default\">Descubra la casa perfecta para su creciente familia con Capital-B<\/h2>\t\t\t\t<\/div>\n\t\t\t\t<div class=\"elementor-element elementor-element-b4c70fd elementor-widget elementor-widget-text-editor\" data-id=\"b4c70fd\" data-element_type=\"widget\" data-e-type=\"widget\" data-widget_type=\"text-editor.default\">\n\t\t\t\t\t\t\t\t\t<p>La transici\u00f3n a una nueva etapa de la vida suele conllevar cambios emocionantes, y encontrar la vivienda unifamiliar adecuada es una parte crucial del viaje. Tanto si tu familia se ampl\u00eda y necesitas m\u00e1s espacio como si tus hijos abandonan el nido y est\u00e1s listo para reducir el tama\u00f1o, <strong>Capital-B<\/strong> est\u00e1 aqu\u00ed para ayudarle. Nos especializamos en guiar a las familias del Gran Montreal a trav\u00e9s del proceso de compra o venta de viviendas unifamiliares, garantizando que cada decisi\u00f3n sea informada, fluida y adaptada a sus necesidades.<\/p>\t\t\t\t\t\t\t\t<\/div>\n\t\t\t\t<div data-dce-title-color=\"#54595F\" class=\"elementor-element elementor-element-dc1a911 elementor-widget elementor-widget-heading\" data-id=\"dc1a911\" data-element_type=\"widget\" data-e-type=\"widget\" data-widget_type=\"heading.default\">\n\t\t\t\t\t<h3 class=\"elementor-heading-title elementor-size-default\">\u00bfQu\u00e9 es una vivienda unifamiliar?<\/h3>\t\t\t\t<\/div>\n\t\t\t\t<div class=\"elementor-element elementor-element-a16ea99 elementor-widget elementor-widget-text-editor\" data-id=\"a16ea99\" data-element_type=\"widget\" data-e-type=\"widget\" data-widget_type=\"text-editor.default\">\n\t\t\t\t\t\t\t\t\t<p>Una vivienda unifamiliar es una propiedad residencial dise\u00f1ada para alojar a una sola familia. Estas casas suelen tener patios privados, amplios espacios habitables y distribuciones personalizables, lo que las hace ideales para familias que buscan comodidad y flexibilidad. Tanto si se siente atra\u00eddo por un tranquilo barrio suburbano como por un vibrante entorno urbano, las casas unifamiliares ofrecen infinitas oportunidades para crear un espacio que se sienta verdaderamente suyo.<\/p>\t\t\t\t\t\t\t\t<\/div>\n\t\t\t\t<div data-dce-title-color=\"#54595F\" class=\"elementor-element elementor-element-a13a57b elementor-widget elementor-widget-heading\" data-id=\"a13a57b\" data-element_type=\"widget\" data-e-type=\"widget\" data-widget_type=\"heading.default\">\n\t\t\t\t\t<h3 class=\"elementor-heading-title elementor-size-default\">Ventajas de comprar una vivienda unifamiliar<\/h3>\t\t\t\t<\/div>\n\t\t\t\t<div class=\"elementor-element elementor-element-8b9255f elementor-widget elementor-widget-text-editor\" data-id=\"8b9255f\" data-element_type=\"widget\" data-e-type=\"widget\" data-widget_type=\"text-editor.default\">\n\t\t\t\t\t\t\t\t\t<ol><li><strong>Privacidad<\/strong><br \/>Las casas unifamiliares ofrecen una privacidad inigualable en comparaci\u00f3n con los condominios o las casas adosadas, sin paredes compartidas ni espacios comunes.<\/li><li><strong>Espacio para crecer<\/strong><br \/>Con varios dormitorios, zonas de estar m\u00e1s amplias y patios, las viviendas unifamiliares ofrecen el espacio que necesita una familia en crecimiento.<\/li><li><strong>Personalizaci\u00f3n<\/strong><br \/>Estas viviendas permiten una mayor personalizaci\u00f3n, por lo que puede dise\u00f1ar su espacio vital para que se adapte al estilo de vida y las preferencias de su familia.<\/li><li><strong>Vida al aire libre<\/strong><br \/>Los patios privados ofrecen un espacio seguro para que los ni\u00f1os jueguen, las mascotas deambulen y las familias se re\u00fanan para realizar actividades al aire libre.<\/li><li><strong>Valor a largo plazo<\/strong><br \/>Las viviendas unifamiliares tienden a revalorizarse, lo que las convierte en una inversi\u00f3n inteligente para las familias que planean el futuro.<\/li><\/ol>\t\t\t\t\t\t\t\t<\/div>\n\t\t\t\t<div data-dce-title-color=\"#54595F\" class=\"elementor-element elementor-element-16af2d1 elementor-widget elementor-widget-heading\" data-id=\"16af2d1\" data-element_type=\"widget\" data-e-type=\"widget\" data-widget_type=\"heading.default\">\n\t\t\t\t\t<h3 class=\"elementor-heading-title elementor-size-default\">Los retos de la compra de una vivienda unifamiliar<\/h3>\t\t\t\t<\/div>\n\t\t\t\t<div class=\"elementor-element elementor-element-c9c82aa elementor-widget elementor-widget-text-editor\" data-id=\"c9c82aa\" data-element_type=\"widget\" data-e-type=\"widget\" data-widget_type=\"text-editor.default\">\n\t\t\t\t\t\t\t\t\t<ol><li><strong>Coste<\/strong><br \/>Las viviendas unifamiliares suelen tener precios de compra y costes de mantenimiento m\u00e1s elevados que los de los condominios o las casas adosadas.<\/li><li><strong>Responsabilidad de mantenimiento<\/strong><br \/>Los propietarios son responsables de todo el mantenimiento, desde el paisajismo hasta las reparaciones del tejado, lo que requiere tiempo y esfuerzo.<\/li><li><strong>Compromisos de ubicaci\u00f3n<\/strong><br \/>Encontrar la casa perfecta en un barrio deseado puede requerir equilibrar prioridades como los tiempos de desplazamiento, los distritos escolares y los servicios.<\/li><li><strong>Mercado competitivo<\/strong><br \/>Las viviendas unifamiliares tienen una gran demanda, lo que puede dar lugar a guerras de ofertas y mercados que se mueven con rapidez.<\/li><li><strong>Zonificaci\u00f3n y normativa<\/strong><br \/>Es esencial conocer las leyes y restricciones locales en materia de zonificaci\u00f3n, sobre todo si tiene previsto renovar o ampliar su empresa.<\/li><\/ol>\t\t\t\t\t\t\t\t<\/div>\n\t\t\t\t<div data-dce-title-color=\"#54595F\" class=\"elementor-element elementor-element-82a374b elementor-widget elementor-widget-heading\" data-id=\"82a374b\" data-element_type=\"widget\" data-e-type=\"widget\" data-widget_type=\"heading.default\">\n\t\t\t\t\t<h3 class=\"elementor-heading-title elementor-size-default\">C\u00f3mo puede Capital-B ayudar a su familia en la transici\u00f3n<\/h3>\t\t\t\t<\/div>\n\t\t\t\t<div class=\"elementor-element elementor-element-921a37b elementor-widget elementor-widget-text-editor\" data-id=\"921a37b\" data-element_type=\"widget\" data-e-type=\"widget\" data-widget_type=\"text-editor.default\">\n\t\t\t\t\t\t\t\t\t<p>Tanto si compra como si vende una vivienda unifamiliar, <strong>Capital-B<\/strong> ofrece orientaci\u00f3n experta y un servicio personalizado para garantizar que su experiencia sea fluida y satisfactoria.<\/p>\t\t\t\t\t\t\t\t<\/div>\n\t\t<div class=\"has_ae_slider elementor-element elementor-element-02faf49 e-con-full e-ecs-flex e-flex ae-bg-gallery-type-default e-con e-child\" data-id=\"02faf49\" data-element_type=\"container\" data-e-type=\"container\" data-settings=\"{&quot;ecs_container_type&quot;:&quot;flex&quot;}\">\n\t\t\t\t<div class=\"elementor-element elementor-element-9d458c3 elementor-widget__width-initial elementor-widget elementor-widget-text-editor\" data-id=\"9d458c3\" data-element_type=\"widget\" data-e-type=\"widget\" data-widget_type=\"text-editor.default\">\n\t\t\t\t\t\t\t\t\t<p><strong>Para compradores:<\/strong><\/p><ol><li><strong>Orientaci\u00f3n personalizada<\/strong><br \/>Nos tomamos el tiempo necesario para comprender las necesidades espec\u00edficas de su familia, desde las preferencias de ubicaci\u00f3n hasta las caracter\u00edsticas deseadas, como dormitorios adicionales o espacios al aire libre.<\/li><li><strong>Listados exclusivos<\/strong><br \/>Acceda a exclusivos listados de viviendas unifamiliares en el Gran Montreal que se ajustan a su estilo de vida y presupuesto.<\/li><li><strong>Perspectivas del mercado<\/strong><br \/>Nuestro equipo ofrece un an\u00e1lisis detallado del barrio, informaci\u00f3n sobre el distrito escolar y tendencias de precios para ayudarle a tomar una decisi\u00f3n informada.<\/li><li><strong>Orientaci\u00f3n financiera<\/strong><br \/>Desde preaprobaciones de hipotecas hasta evaluaciones financieras, le ayudamos a prepararse para los aspectos financieros de la compra de una vivienda.<\/li><li><strong>Negociaci\u00f3n experta<\/strong><br \/>Abogamos por usted en cada paso, asegurando el mejor precio y las mejores condiciones para su nuevo hogar.<\/li><\/ol>\t\t\t\t\t\t\t\t<\/div>\n\t\t\t\t<div class=\"elementor-element elementor-element-5b91118 elementor-widget__width-inherit elementor-widget elementor-widget-image\" data-id=\"5b91118\" data-element_type=\"widget\" data-e-type=\"widget\" data-widget_type=\"image.default\">\n\t\t\t\t\t\t\t\t\t\t\t\t\t\t\t<img fetchpriority=\"high\" decoding=\"async\" width=\"530\" height=\"800\" src=\"https:\/\/capital-b.ca\/wp-content\/uploads\/2024\/12\/Single-family-home-in-Montreal.webp\" class=\"attachment-large size-large wp-image-2893\" alt=\"\" srcset=\"https:\/\/capital-b.ca\/wp-content\/uploads\/2024\/12\/Single-family-home-in-Montreal.webp 530w, https:\/\/capital-b.ca\/wp-content\/uploads\/2024\/12\/Single-family-home-in-Montreal-199x300.webp 199w, https:\/\/capital-b.ca\/wp-content\/uploads\/2024\/12\/Single-family-home-in-Montreal-8x12.webp 8w\" sizes=\"(max-width: 530px) 100vw, 530px\" \/>\t\t\t\t\t\t\t\t\t\t\t\t\t\t\t<\/div>\n\t\t\t\t<\/div>\n\t\t<div class=\"has_ae_slider elementor-element elementor-element-b9154d7 e-con-full e-ecs-flex e-flex ae-bg-gallery-type-default e-con e-child\" data-id=\"b9154d7\" data-element_type=\"container\" data-e-type=\"container\" data-settings=\"{&quot;ecs_container_type&quot;:&quot;flex&quot;}\">\n\t\t\t\t<div class=\"elementor-element elementor-element-885ac72 elementor-widget__width-initial elementor-widget elementor-widget-text-editor\" data-id=\"885ac72\" data-element_type=\"widget\" data-e-type=\"widget\" data-widget_type=\"text-editor.default\">\n\t\t\t\t\t\t\t\t\t<p><strong>Para vendedores:<\/strong><\/p><ol><li><strong>Precios exactos<\/strong><br \/>Nuestro an\u00e1lisis del mercado competitivo se centra en fijar el precio adecuado de su vivienda para atraer a compradores serios y, al mismo tiempo, maximizar el rendimiento de su inversi\u00f3n.<\/li><li><strong>Puesta en escena y marketing profesional<\/strong><br \/>Destaque las mejores caracter\u00edsticas de su casa con fotograf\u00eda profesional, puesta en escena y campa\u00f1as de marketing espec\u00edficas.<\/li><li><strong>Compradores cualificados<\/strong><br \/>Le ponemos en contacto con compradores preseleccionados que est\u00e1n listos para avanzar, lo que reduce el riesgo de retrasos.<\/li><li><strong>Experiencia en negociaci\u00f3n<\/strong><br \/>Nuestros experimentados negociadores gestionan las ofertas y contraofertas para garantizarle el mejor resultado.<\/li><li><strong>Proceso simplificado<\/strong><br \/>Desde la preparaci\u00f3n de su casa para la venta hasta los detalles legales y financieros, nos ocupamos de las complejidades para que usted no tenga que hacerlo.<\/li><\/ol>\t\t\t\t\t\t\t\t<\/div>\n\t\t\t\t<div class=\"elementor-element elementor-element-4c8350f elementor-widget__width-inherit elementor-widget elementor-widget-image\" data-id=\"4c8350f\" data-element_type=\"widget\" data-e-type=\"widget\" data-widget_type=\"image.default\">\n\t\t\t\t\t\t\t\t\t\t\t\t\t\t\t<img decoding=\"async\" width=\"530\" height=\"800\" src=\"https:\/\/capital-b.ca\/wp-content\/uploads\/2024\/12\/Attached-single-family-home-in-Montreal.webp\" class=\"attachment-large size-large wp-image-2894\" alt=\"\" srcset=\"https:\/\/capital-b.ca\/wp-content\/uploads\/2024\/12\/Attached-single-family-home-in-Montreal.webp 530w, https:\/\/capital-b.ca\/wp-content\/uploads\/2024\/12\/Attached-single-family-home-in-Montreal-199x300.webp 199w, https:\/\/capital-b.ca\/wp-content\/uploads\/2024\/12\/Attached-single-family-home-in-Montreal-8x12.webp 8w\" sizes=\"(max-width: 530px) 100vw, 530px\" \/>\t\t\t\t\t\t\t\t\t\t\t\t\t\t\t<\/div>\n\t\t\t\t<\/div>\n\t\t\t\t<div data-dce-title-color=\"#54595F\" class=\"elementor-element elementor-element-157005a elementor-widget elementor-widget-heading\" data-id=\"157005a\" data-element_type=\"widget\" data-e-type=\"widget\" data-widget_type=\"heading.default\">\n\t\t\t\t\t<h3 class=\"elementor-heading-title elementor-size-default\">Consejos para familias en transici\u00f3n a un nuevo hogar<\/h3>\t\t\t\t<\/div>\n\t\t\t\t<div class=\"elementor-element elementor-element-3be2f8e elementor-widget elementor-widget-text-editor\" data-id=\"3be2f8e\" data-element_type=\"widget\" data-e-type=\"widget\" data-widget_type=\"text-editor.default\">\n\t\t\t\t\t\t\t\t\t<ol>\n<li><strong>Defina sus prioridades<\/strong><br>Tenga en cuenta las necesidades de espacio, ubicaci\u00f3n y servicios de su familia. Haz una lista de lo que debes tener y lo que te gustar\u00eda tener para orientar tu b\u00fasqueda.<\/li>\n<li><strong>Evaluar los barrios<\/strong><br>Investigue los distritos escolares, los tiempos de desplazamiento y la proximidad a parques, tiendas y centros sanitarios para encontrar una comunidad que se adapte a su estilo de vida.<\/li>\n<li><strong>Planificar el futuro<\/strong><br>Piense en las necesidades de su familia a largo plazo. \u00bfSu nueva casa se adaptar\u00e1 al crecimiento futuro o a los cambios de estilo de vida?<\/li>\n<li><strong>Prepararse financieramente<\/strong><br>Comprenda su presupuesto, incluidos los posibles costes de renovaci\u00f3n, los gastos de mudanza y los impuestos sobre la propiedad.<\/li>\n<li><strong>Elija corredores con experiencia<\/strong><br>Trabaje con un equipo inmobiliario de confianza como <strong>Capital-B<\/strong> para ayudarle a que cada paso del proceso sea fluido y sin estr\u00e9s.<\/li>\n<\/ol>\t\t\t\t\t\t\t\t<\/div>\n\t\t\t\t<div data-dce-title-color=\"#54595F\" class=\"elementor-element elementor-element-9198c77 elementor-widget elementor-widget-heading\" data-id=\"9198c77\" data-element_type=\"widget\" data-e-type=\"widget\" data-widget_type=\"heading.default\">\n\t\t\t\t\t<h3 class=\"elementor-heading-title elementor-size-default\">Preguntas frecuentes sobre la compraventa de viviendas unifamiliares<\/h3>\t\t\t\t<\/div>\n\t\t\t\t<div class=\"elementor-element elementor-element-512c37f elementor-widget elementor-widget-text-editor\" data-id=\"512c37f\" data-element_type=\"widget\" data-e-type=\"widget\" data-widget_type=\"text-editor.default\">\n\t\t\t\t\t\t\t\t\t<p><strong>P: \u00bfC\u00f3mo s\u00e9 si es el momento adecuado para comprar o vender?<\/strong><br \/>R: El momento adecuado depende de las condiciones del mercado y de sus necesidades personales. Nuestro equipo puede ofrecerte informaci\u00f3n sobre el mercado para ayudarte a tomar la mejor decisi\u00f3n.<\/p><p><strong>P: \u00bfQu\u00e9 debo priorizar al comprar una vivienda familiar?<\/strong><br \/>R: Conc\u00e9ntrese en el espacio, la ubicaci\u00f3n y las caracter\u00edsticas que se ajusten a las necesidades actuales y futuras de su familia.<\/p><p><strong>P: \u00bfC\u00f3mo puedo aumentar el valor de mi casa antes de venderla?<\/strong><br \/>R: Unas sencillas mejoras, como pintura, jardiner\u00eda y puesta en escena, pueden aumentar considerablemente el atractivo de su casa.<\/p><p><strong>P: \u00bfQu\u00e9 gastos debo prever al comprar una vivienda unifamiliar?<\/strong><br \/>R: Los costes incluyen el precio de compra, los impuestos sobre la propiedad, el seguro, el mantenimiento y las posibles reformas.<\/p><p><strong>P: \u00bfPuedo comprar una vivienda antes de vender la que tengo?<\/strong><br \/>R: S\u00ed, pero requiere una cuidadosa planificaci\u00f3n financiera. Nuestro equipo puede ayudarte en este proceso.<\/p>\t\t\t\t\t\t\t\t<\/div>\n\t\t\t\t<div data-dce-title-color=\"#54595F\" class=\"elementor-element elementor-element-0c6f979 elementor-widget elementor-widget-heading\" data-id=\"0c6f979\" data-element_type=\"widget\" data-e-type=\"widget\" data-widget_type=\"heading.default\">\n\t\t\t\t\t<h3 class=\"elementor-heading-title elementor-size-default\">P\u00f3ngase en contacto con Capital-B<\/h3>\t\t\t\t<\/div>\n\t\t\t\t<div class=\"elementor-element elementor-element-e88dd56 elementor-widget elementor-widget-text-editor\" data-id=\"e88dd56\" data-element_type=\"widget\" data-e-type=\"widget\" data-widget_type=\"text-editor.default\">\n\t\t\t\t\t\t\t\t\t<p>\u00bfEst\u00e1 listo para comprar o vender una vivienda unifamiliar en el Gran Montreal? En <strong>Capital-B<\/strong>nos dedicamos a ayudar a familias como la suya en la transici\u00f3n a su pr\u00f3ximo cap\u00edtulo con facilidad. Perm\u00edtanos guiarle a trav\u00e9s del proceso y hacer que su viaje inmobiliario sea lo m\u00e1s gratificante posible.<\/p><p><strong>Ll\u00e1manos al <a href=\"tel:4388025000\">438.802.5000<\/a><\/strong>\u00a0o <a href=\"https:\/\/capital-b.ca\/es\/contactenos\/\"><strong>Contactanos<\/strong><\/a> para empezar hoy mismo.<\/p>\t\t\t\t\t\t\t\t<\/div>\n\t\t\t\t<\/div>\n\t\t\t\t<\/div>\n\t\t<div class=\"has_ae_slider elementor-element elementor-element-fc4a0af e-ecs-flex e-flex e-con-boxed ae-bg-gallery-type-default e-con e-parent\" data-id=\"fc4a0af\" data-element_type=\"container\" data-e-type=\"container\" data-settings=\"{&quot;ecs_container_type&quot;:&quot;flex&quot;}\">\n\t\t\t\t\t<div class=\"e-con-inner\">\n\t\t\t\t\t<\/div>\n\t\t\t\t<\/div>\n\t\t\t\t<\/div>","protected":false},"excerpt":{"rendered":"<p>Family Home Discover the Perfect Home for Your Growing Family with Capital-B Transitioning to a new phase of life often comes with exciting changes, and finding the right single-family home is a crucial part of the journey. Whether your family is expanding, and you need more space, or your children are leaving the nest and [&hellip;]<\/p>\n","protected":false},"author":1,"featured_media":0,"parent":0,"menu_order":8,"comment_status":"closed","ping_status":"closed","template":"","meta":{"_acf_changed":false,"footnotes":""},"class_list":["post-2891","page","type-page","status-publish","hentry"],"acf":[],"_links":{"self":[{"href":"https:\/\/capital-b.ca\/es\/wp-json\/wp\/v2\/pages\/2891","targetHints":{"allow":["GET"]}}],"collection":[{"href":"https:\/\/capital-b.ca\/es\/wp-json\/wp\/v2\/pages"}],"about":[{"href":"https:\/\/capital-b.ca\/es\/wp-json\/wp\/v2\/types\/page"}],"author":[{"embeddable":true,"href":"https:\/\/capital-b.ca\/es\/wp-json\/wp\/v2\/users\/1"}],"replies":[{"embeddable":true,"href":"https:\/\/capital-b.ca\/es\/wp-json\/wp\/v2\/comments?post=2891"}],"version-history":[{"count":22,"href":"https:\/\/capital-b.ca\/es\/wp-json\/wp\/v2\/pages\/2891\/revisions"}],"predecessor-version":[{"id":3471,"href":"https:\/\/capital-b.ca\/es\/wp-json\/wp\/v2\/pages\/2891\/revisions\/3471"}],"wp:attachment":[{"href":"https:\/\/capital-b.ca\/es\/wp-json\/wp\/v2\/media?parent=2891"}],"curies":[{"name":"wp","href":"https:\/\/api.w.org\/{rel}","templated":true}]}}