{"id":2910,"date":"2024-12-12T15:39:51","date_gmt":"2024-12-12T15:39:51","guid":{"rendered":"https:\/\/capital-b.ca\/?page_id=2910"},"modified":"2024-12-17T20:10:48","modified_gmt":"2024-12-17T20:10:48","slug":"propiedades-de-renta","status":"publish","type":"page","link":"https:\/\/capital-b.ca\/es\/income-properties\/","title":{"rendered":"Invierta en inmuebles residenciales con confianza | Capital-B"},"content":{"rendered":"<div data-elementor-type=\"wp-page\" data-elementor-id=\"2910\" class=\"elementor elementor-2910\" data-elementor-post-type=\"page\">\n\t\t\t\t<div data-dce-background-overlay-image-url=\"https:\/\/capital-b.ca\/wp-content\/uploads\/2024\/12\/Income-property-in-Montreal.webp\" class=\"has_ae_slider elementor-element elementor-element-b1ababc e-con-full e-ecs-flex e-flex ae-bg-gallery-type-default e-con e-parent\" data-id=\"b1ababc\" data-element_type=\"container\" data-e-type=\"container\" data-settings=\"{&quot;ecs_container_type&quot;:&quot;flex&quot;}\">\n\t\t\t\t<div class=\"elementor-element elementor-element-29a5e5f elementor-widget__width-initial elementor-widget elementor-widget-heading\" data-id=\"29a5e5f\" data-element_type=\"widget\" data-e-type=\"widget\" data-widget_type=\"heading.default\">\n\t\t\t\t\t<h1 class=\"elementor-heading-title elementor-size-default\">Propiedades de renta<\/h1>\t\t\t\t<\/div>\n\t\t\t\t<\/div>\n\t\t<div class=\"has_ae_slider elementor-element elementor-element-22c1df2 e-con-full e-ecs-flex e-flex ae-bg-gallery-type-default e-con e-parent\" data-id=\"22c1df2\" data-element_type=\"container\" data-e-type=\"container\" data-settings=\"{&quot;background_background&quot;:&quot;classic&quot;,&quot;ecs_container_type&quot;:&quot;flex&quot;}\">\n\t\t<div class=\"has_ae_slider elementor-element elementor-element-8ff8fec e-con-full e-ecs-flex e-flex ae-bg-gallery-type-default e-con e-child\" data-id=\"8ff8fec\" data-element_type=\"container\" data-e-type=\"container\" data-settings=\"{&quot;background_background&quot;:&quot;classic&quot;,&quot;ecs_container_type&quot;:&quot;flex&quot;}\">\n\t\t\t\t<div data-dce-title-color=\"#54595F\" class=\"elementor-element elementor-element-f267acb elementor-widget elementor-widget-heading\" data-id=\"f267acb\" data-element_type=\"widget\" data-e-type=\"widget\" data-widget_type=\"heading.default\">\n\t\t\t\t\t<h2 class=\"elementor-heading-title elementor-size-default\">Invierta en inmuebles residenciales con confianza | Capital-B<\/h2>\t\t\t\t<\/div>\n\t\t\t\t<div class=\"elementor-element elementor-element-a4bce1b elementor-widget elementor-widget-text-editor\" data-id=\"a4bce1b\" data-element_type=\"widget\" data-e-type=\"widget\" data-widget_type=\"text-editor.default\">\n\t\t\t\t\t\t\t\t\t<p>Invertir en propiedades residenciales puede cambiar su futuro financiero, ya que le ofrece un flujo de caja constante y oportunidades de creaci\u00f3n de riqueza a largo plazo. Tanto si quiere comprar su primer inmueble de varias unidades como si quiere vender un activo que ya genera ingresos, <strong>Capital-B<\/strong> est\u00e1 aqu\u00ed para guiarle. Con nuestra experiencia en el mercado inmobiliario del Gran Montreal, nos aseguramos de que usted tome decisiones informadas y maximizar su potencial de inversi\u00f3n.<\/p>\t\t\t\t\t\t\t\t<\/div>\n\t\t\t\t<div data-dce-title-color=\"#54595F\" class=\"elementor-element elementor-element-0c68beb elementor-widget elementor-widget-heading\" data-id=\"0c68beb\" data-element_type=\"widget\" data-e-type=\"widget\" data-widget_type=\"heading.default\">\n\t\t\t\t\t<h3 class=\"elementor-heading-title elementor-size-default\">\u00bfQu\u00e9 es un inmueble residencial de renta?<\/h3>\t\t\t\t<\/div>\n\t\t\t\t<div class=\"elementor-element elementor-element-d3cf92f elementor-widget elementor-widget-text-editor\" data-id=\"d3cf92f\" data-element_type=\"widget\" data-e-type=\"widget\" data-widget_type=\"text-editor.default\">\n\t\t\t\t\t\t\t\t\t<p>Una propiedad residencial de renta es un activo inmobiliario que genera ingresos por alquiler y que suele constar de dos o m\u00e1s unidades residenciales. Estas propiedades van desde d\u00faplex y tr\u00edplex hasta edificios multifamiliares m\u00e1s grandes con varias unidades. Son ideales para los inversores que buscan diversificar su cartera y beneficiarse de unos ingresos mensuales estables por alquiler, al tiempo que acumulan capital con el paso del tiempo.<\/p>\t\t\t\t\t\t\t\t<\/div>\n\t\t\t\t<div data-dce-title-color=\"#54595F\" class=\"elementor-element elementor-element-1017599 elementor-widget elementor-widget-heading\" data-id=\"1017599\" data-element_type=\"widget\" data-e-type=\"widget\" data-widget_type=\"heading.default\">\n\t\t\t\t\t<h3 class=\"elementor-heading-title elementor-size-default\">Ventajas de invertir en propiedades residenciales de renta<\/h3>\t\t\t\t<\/div>\n\t\t\t\t<div class=\"elementor-element elementor-element-ebea225 elementor-widget elementor-widget-text-editor\" data-id=\"ebea225\" data-element_type=\"widget\" data-e-type=\"widget\" data-widget_type=\"text-editor.default\">\n\t\t\t\t\t\t\t\t\t<ol><li><strong>Flujo de caja estable<\/strong><br \/>Los ingresos mensuales por alquiler proporcionan un flujo de caja constante que ayuda a compensar los pagos de la hipoteca y otros gastos.<\/li><li><strong>Creaci\u00f3n de riqueza<\/strong><br \/>Las propiedades con ingresos le permiten acumular capital con el tiempo, creando una base s\u00f3lida para el crecimiento financiero a largo plazo.<\/li><li><strong>Beneficios fiscales<\/strong><br \/>Los propietarios pueden beneficiarse de varias deducciones fiscales, como los intereses hipotecarios, los gastos de mantenimiento y la depreciaci\u00f3n de la propiedad.<\/li><li><strong>Diversificaci\u00f3n de la cartera<\/strong><br \/>Las inversiones inmobiliarias ofrecen una alternativa estable a las acciones y los bonos, reduciendo el riesgo global de la inversi\u00f3n.<\/li><li><strong>Potencial de revalorizaci\u00f3n<\/strong><br \/>Adem\u00e1s de generar ingresos, los inmuebles residenciales de renta suelen revalorizarse, ofreciendo importantes beneficios en la reventa.<\/li><\/ol>\t\t\t\t\t\t\t\t<\/div>\n\t\t\t\t<div data-dce-title-color=\"#54595F\" class=\"elementor-element elementor-element-c1d0127 elementor-widget elementor-widget-heading\" data-id=\"c1d0127\" data-element_type=\"widget\" data-e-type=\"widget\" data-widget_type=\"heading.default\">\n\t\t\t\t\t<h3 class=\"elementor-heading-title elementor-size-default\">Los retos de invertir en propiedades residenciales de renta<\/h3>\t\t\t\t<\/div>\n\t\t\t\t<div class=\"elementor-element elementor-element-f5c679b elementor-widget elementor-widget-text-editor\" data-id=\"f5c679b\" data-element_type=\"widget\" data-e-type=\"widget\" data-widget_type=\"text-editor.default\">\n\t\t\t\t\t\t\t\t\t<ol><li><strong>Gesti\u00f3n de la propriedad<\/strong><br \/>Gestionar varios inquilinos y mantener la propiedad puede llevar mucho tiempo y requiere dotes organizativas.<\/li><li><strong>Vacantes<\/strong><br \/>Los periodos de desocupaci\u00f3n pueden afectar a la tesorer\u00eda, por lo que es esencial retener a los inquilinos y promover su comercializaci\u00f3n.<\/li><li><strong>Costes iniciales<\/strong><br \/>Los inmuebles de renta suelen requerir pagos iniciales e inversiones por adelantado m\u00e1s elevados que las viviendas unifamiliares.<\/li><li><strong>Riesgos de mercado<\/strong><br \/>Los ingresos por alquiler y el valor de los inmuebles pueden fluctuar en funci\u00f3n de las condiciones del mercado local.<\/li><li><strong>Normativa<\/strong><br \/>Navegar por las leyes de arrendamiento, los requisitos de zonificaci\u00f3n y los c\u00f3digos de construcci\u00f3n puede resultar complejo si no se cuenta con orientaci\u00f3n profesional.<\/li><\/ol>\t\t\t\t\t\t\t\t<\/div>\n\t\t\t\t<div data-dce-title-color=\"#54595F\" class=\"elementor-element elementor-element-88a1c97 elementor-widget elementor-widget-heading\" data-id=\"88a1c97\" data-element_type=\"widget\" data-e-type=\"widget\" data-widget_type=\"heading.default\">\n\t\t\t\t\t<h3 class=\"elementor-heading-title elementor-size-default\">C\u00f3mo Capital-B puede ayudarle a comprar o vender propiedades residenciales de renta<\/h3>\t\t\t\t<\/div>\n\t\t\t\t<div class=\"elementor-element elementor-element-032d42e elementor-widget elementor-widget-text-editor\" data-id=\"032d42e\" data-element_type=\"widget\" data-e-type=\"widget\" data-widget_type=\"text-editor.default\">\n\t\t\t\t\t\t\t\t\t<p>En <strong>Capital-B<\/strong>Estamos especializados en ayudar a inversores y propietarios a navegar por las complejidades de la compra y venta de propiedades residenciales. Si usted est\u00e1 buscando su pr\u00f3xima inversi\u00f3n o listo para sacar provecho de una propiedad existente, estamos aqu\u00ed para proporcionar apoyo de expertos en cada paso del camino.<\/p>\t\t\t\t\t\t\t\t<\/div>\n\t\t<div class=\"has_ae_slider elementor-element elementor-element-374dc69 e-con-full e-ecs-flex e-flex ae-bg-gallery-type-default e-con e-child\" data-id=\"374dc69\" data-element_type=\"container\" data-e-type=\"container\" data-settings=\"{&quot;ecs_container_type&quot;:&quot;flex&quot;}\">\n\t\t\t\t<div class=\"elementor-element elementor-element-260e5d3 elementor-widget__width-initial elementor-widget elementor-widget-text-editor\" data-id=\"260e5d3\" data-element_type=\"widget\" data-e-type=\"widget\" data-widget_type=\"text-editor.default\">\n\t\t\t\t\t\t\t\t\t<p><strong>Para compradores:<\/strong><\/p><ol><li><strong>Acceso a listas exclusivas<\/strong><br \/>Explore una cuidada selecci\u00f3n de propiedades de renta en el Gran Montreal, desde d\u00faplex hasta unidades multifamiliares.<\/li><li><strong>An\u00e1lisis del mercado<\/strong><br \/>Obtenga informaci\u00f3n sobre las tendencias del mercado, la demanda de alquileres y los barrios emergentes para identificar oportunidades lucrativas.<\/li><li><strong>Evaluaciones financieras<\/strong><br \/>Evaluar la rentabilidad de las inversiones potenciales, incluidos los ingresos previstos por alquileres, los gastos y el rendimiento de la inversi\u00f3n.<\/li><li><strong>Diligencia debida<\/strong><br \/>Le ayudamos a realizar una inversi\u00f3n inteligente analizando el estado del inmueble, los contratos de arrendamiento y el historial financiero.<\/li><li><strong>Experiencia en negociaci\u00f3n<\/strong><br \/>Conf\u00ede en nuestros experimentados negociadores para conseguir el mejor precio de compra y las mejores condiciones para su nueva inversi\u00f3n.<\/li><\/ol>\t\t\t\t\t\t\t\t<\/div>\n\t\t\t\t<div class=\"elementor-element elementor-element-4dd59eb elementor-widget__width-inherit elementor-widget elementor-widget-image\" data-id=\"4dd59eb\" data-element_type=\"widget\" data-e-type=\"widget\" data-widget_type=\"image.default\">\n\t\t\t\t\t\t\t\t\t\t\t\t\t\t\t<img fetchpriority=\"high\" decoding=\"async\" width=\"678\" height=\"1024\" src=\"https:\/\/capital-b.ca\/wp-content\/uploads\/2024\/12\/Triplex-in-Montreal-678x1024.webp\" class=\"attachment-large size-large wp-image-2923\" alt=\"Triplex en Montreal\" srcset=\"https:\/\/capital-b.ca\/wp-content\/uploads\/2024\/12\/Triplex-in-Montreal-678x1024.webp 678w, https:\/\/capital-b.ca\/wp-content\/uploads\/2024\/12\/Triplex-in-Montreal-199x300.webp 199w, https:\/\/capital-b.ca\/wp-content\/uploads\/2024\/12\/Triplex-in-Montreal-768x1159.webp 768w, https:\/\/capital-b.ca\/wp-content\/uploads\/2024\/12\/Triplex-in-Montreal-8x12.webp 8w, https:\/\/capital-b.ca\/wp-content\/uploads\/2024\/12\/Triplex-in-Montreal.webp 795w\" sizes=\"(max-width: 678px) 100vw, 678px\" \/>\t\t\t\t\t\t\t\t\t\t\t\t\t\t\t<\/div>\n\t\t\t\t<\/div>\n\t\t<div class=\"has_ae_slider elementor-element elementor-element-60b00ce e-con-full e-ecs-flex e-flex ae-bg-gallery-type-default e-con e-child\" data-id=\"60b00ce\" data-element_type=\"container\" data-e-type=\"container\" data-settings=\"{&quot;ecs_container_type&quot;:&quot;flex&quot;}\">\n\t\t\t\t<div class=\"elementor-element elementor-element-9c62563 elementor-widget__width-initial elementor-widget elementor-widget-text-editor\" data-id=\"9c62563\" data-element_type=\"widget\" data-e-type=\"widget\" data-widget_type=\"text-editor.default\">\n\t\t\t\t\t\t\t\t\t<p><strong>Para vendedores:<\/strong><\/p><ol><li><strong>Opini\u00f3n precisa sobre el valor<\/strong><br \/>Obtenga una valoraci\u00f3n precisa de su propiedad basada en las tendencias del mercado, el potencial de alquiler y las ventas comparables.<\/li><li><strong>Marketing espec\u00edfico<\/strong><br \/>Atraiga a compradores serios con fotograf\u00edas profesionales, descripciones detalladas de las propiedades y campa\u00f1as de marketing estrat\u00e9gicas.<\/li><li><strong>Preparaci\u00f3n previa a la venta<\/strong><br \/>Le orientamos sobre c\u00f3mo mejorar el atractivo de su propiedad, desde la documentaci\u00f3n de los inquilinos hasta las mejoras est\u00e9ticas, para maximizar su valor.<\/li><li><strong>Compradores cualificados<\/strong><br \/>Le ponemos en contacto con inversores preseleccionados, garantizando un proceso de transacci\u00f3n fluido y puntual.<\/li><li><strong>Soporte de cierre sin fisuras<\/strong><br \/>Navegue por las complejidades del cierre con confianza, ya que nos encargamos de las negociaciones, la documentaci\u00f3n y los acuerdos financieros.<\/li><\/ol>\t\t\t\t\t\t\t\t<\/div>\n\t\t\t\t<div class=\"elementor-element elementor-element-490cf76 elementor-widget__width-inherit elementor-widget elementor-widget-image\" data-id=\"490cf76\" data-element_type=\"widget\" data-e-type=\"widget\" data-widget_type=\"image.default\">\n\t\t\t\t\t\t\t\t\t\t\t\t\t\t\t<img decoding=\"async\" width=\"678\" height=\"1024\" src=\"https:\/\/capital-b.ca\/wp-content\/uploads\/2024\/12\/Triplex-in-Greater-Montreal-678x1024.webp\" class=\"attachment-large size-large wp-image-2925\" alt=\"Tr\u00edplex en el Gran Montreal\" srcset=\"https:\/\/capital-b.ca\/wp-content\/uploads\/2024\/12\/Triplex-in-Greater-Montreal-678x1024.webp 678w, https:\/\/capital-b.ca\/wp-content\/uploads\/2024\/12\/Triplex-in-Greater-Montreal-199x300.webp 199w, https:\/\/capital-b.ca\/wp-content\/uploads\/2024\/12\/Triplex-in-Greater-Montreal-768x1159.webp 768w, https:\/\/capital-b.ca\/wp-content\/uploads\/2024\/12\/Triplex-in-Greater-Montreal-8x12.webp 8w, https:\/\/capital-b.ca\/wp-content\/uploads\/2024\/12\/Triplex-in-Greater-Montreal.webp 795w\" sizes=\"(max-width: 678px) 100vw, 678px\" \/>\t\t\t\t\t\t\t\t\t\t\t\t\t\t\t<\/div>\n\t\t\t\t<\/div>\n\t\t\t\t<div data-dce-title-color=\"#54595F\" class=\"elementor-element elementor-element-7f48982 elementor-widget elementor-widget-heading\" data-id=\"7f48982\" data-element_type=\"widget\" data-e-type=\"widget\" data-widget_type=\"heading.default\">\n\t\t\t\t\t<h3 class=\"elementor-heading-title elementor-size-default\">Consejos para comprar y vender inmuebles residenciales de renta<\/h3>\t\t\t\t<\/div>\n\t\t\t\t<div class=\"elementor-element elementor-element-8f9fdf7 elementor-widget elementor-widget-text-editor\" data-id=\"8f9fdf7\" data-element_type=\"widget\" data-e-type=\"widget\" data-widget_type=\"text-editor.default\">\n\t\t\t\t\t\t\t\t\t<ol>\n<li><strong>Entender las cifras<\/strong><br>Analice los ingresos por alquiler, los gastos y el rendimiento potencial de la inversi\u00f3n para asegurarse de que la propiedad se ajusta a sus objetivos financieros.<\/li>\n<li><strong>Evaluar la ubicaci\u00f3n<\/strong><br>Elija zonas con una fuerte demanda de alquileres, proximidad a servicios y potencial de crecimiento futuro.<\/li>\n<li><strong>Inspeccione a fondo<\/strong><br>Eval\u00fae el estado del inmueble, su historial de mantenimiento y la estabilidad del inquilino para evitar sorpresas inesperadas.<\/li>\n<li><strong>Plan de vacantes<\/strong><br>Haga un presupuesto para posibles vacantes y aseg\u00farese de que dispone de un fondo de contingencia para los meses de vacas flacas.<\/li>\n<li><strong>Trabaje con corredores de confianza<\/strong><br>Elija un equipo inmobiliario experto como <strong>Capital-B<\/strong> te dota de las herramientas y conocimientos necesarios para alcanzar el \u00e9xito.<\/li>\n<\/ol>\t\t\t\t\t\t\t\t<\/div>\n\t\t\t\t<div data-dce-title-color=\"#54595F\" class=\"elementor-element elementor-element-92b72cc elementor-widget elementor-widget-heading\" data-id=\"92b72cc\" data-element_type=\"widget\" data-e-type=\"widget\" data-widget_type=\"heading.default\">\n\t\t\t\t\t<h3 class=\"elementor-heading-title elementor-size-default\">Preguntas frecuentes sobre inmuebles residenciales de renta<\/h3>\t\t\t\t<\/div>\n\t\t\t\t<div class=\"elementor-element elementor-element-26d6087 elementor-widget elementor-widget-text-editor\" data-id=\"26d6087\" data-element_type=\"widget\" data-e-type=\"widget\" data-widget_type=\"text-editor.default\">\n\t\t\t\t\t\t\t\t\t<p><strong>P: \u00bfQu\u00e9 hace que un inmueble residencial sea una buena inversi\u00f3n?<\/strong><br \/>R: El flujo de caja constante, las ventajas fiscales y la revalorizaci\u00f3n a largo plazo hacen que las propiedades de renta sean una opci\u00f3n popular para crear riqueza.<\/p><p><strong>P: \u00bfC\u00f3mo eval\u00fao la rentabilidad de un inmueble?<\/strong><br \/>R: Analice los ingresos por alquiler, los gastos de explotaci\u00f3n, las tasas de desocupaci\u00f3n y el rendimiento de la inversi\u00f3n para determinar si la propiedad es viable desde el punto de vista financiero.<\/p><p><strong>P: \u00bfQu\u00e9 opciones de financiaci\u00f3n existen para los inmuebles de renta?<\/strong><br \/>R: Entre las opciones de financiaci\u00f3n se incluyen las hipotecas tradicionales, los pr\u00e9stamos para inmuebles de varias unidades y el apalancamiento del capital existente.<\/p><p><strong>P: \u00bfC\u00f3mo puedo atraer a inquilinos fiables?<\/strong><br \/>R: Mantenga bien el inmueble, fije un precio competitivo para los alquileres y seleccione bien a los inquilinos para reducir la rotaci\u00f3n y las vacantes.<\/p><p><strong>P: \u00bfDebo contratar a un administrador de fincas?<\/strong><br \/>R: Los administradores de fincas pueden ocuparse de las relaciones con los inquilinos, el mantenimiento y el cobro del alquiler, ahorr\u00e1ndole tiempo y esfuerzo.<\/p>\t\t\t\t\t\t\t\t<\/div>\n\t\t\t\t<div data-dce-title-color=\"#54595F\" class=\"elementor-element elementor-element-63dc7ba elementor-widget elementor-widget-heading\" data-id=\"63dc7ba\" data-element_type=\"widget\" data-e-type=\"widget\" data-widget_type=\"heading.default\">\n\t\t\t\t\t<h3 class=\"elementor-heading-title elementor-size-default\">P\u00f3ngase en contacto con Capital-B<\/h3>\t\t\t\t<\/div>\n\t\t\t\t<div class=\"elementor-element elementor-element-d8097f3 elementor-widget elementor-widget-text-editor\" data-id=\"d8097f3\" data-element_type=\"widget\" data-e-type=\"widget\" data-widget_type=\"text-editor.default\">\n\t\t\t\t\t\t\t\t\t<p>Tanto si va a comprar su primer inmueble residencial de renta como si est\u00e1 listo para vender un activo existente, <strong>Capital-B<\/strong> est\u00e1 aqu\u00ed para hacer que el proceso sea fluido y gratificante. Nuestro equipo de expertos corredores combina el conocimiento del mercado con un servicio personalizado para ayudarle a alcanzar sus objetivos de inversi\u00f3n.<\/p><p><strong>Ll\u00e1manos al <a href=\"tel:4388025000\">438.802.500<\/a><\/strong> o <a href=\"https:\/\/capital-b.ca\/es\/contactenos\/\"><strong>Contactanos<\/strong><\/a>\u00a0\u00a1para comenzar su viaje hacia el \u00e9xito financiero con propiedades residenciales de renta en el Gran Montreal!<\/p>\t\t\t\t\t\t\t\t<\/div>\n\t\t\t\t<\/div>\n\t\t\t\t<\/div>\n\t\t<div class=\"has_ae_slider elementor-element elementor-element-6d4dfa4 e-ecs-flex e-flex e-con-boxed ae-bg-gallery-type-default e-con e-parent\" data-id=\"6d4dfa4\" data-element_type=\"container\" data-e-type=\"container\" data-settings=\"{&quot;ecs_container_type&quot;:&quot;flex&quot;}\">\n\t\t\t\t\t<div class=\"e-con-inner\">\n\t\t\t\t\t<\/div>\n\t\t\t\t<\/div>\n\t\t\t\t<\/div>","protected":false},"excerpt":{"rendered":"<p>Income Properties Invest in Residential Income Properties with Confidence | Capital-B Investing in residential income properties can be a game-changer for your financial future, offering steady cash flow and long-term wealth-building opportunities. Whether you\u2019re looking to buy your first multi-unit property or sell an existing income-generating asset, Capital-B is here to guide you. With our [&hellip;]<\/p>\n","protected":false},"author":1,"featured_media":0,"parent":0,"menu_order":14,"comment_status":"closed","ping_status":"closed","template":"","meta":{"_acf_changed":false,"footnotes":""},"class_list":["post-2910","page","type-page","status-publish","hentry"],"acf":[],"_links":{"self":[{"href":"https:\/\/capital-b.ca\/es\/wp-json\/wp\/v2\/pages\/2910","targetHints":{"allow":["GET"]}}],"collection":[{"href":"https:\/\/capital-b.ca\/es\/wp-json\/wp\/v2\/pages"}],"about":[{"href":"https:\/\/capital-b.ca\/es\/wp-json\/wp\/v2\/types\/page"}],"author":[{"embeddable":true,"href":"https:\/\/capital-b.ca\/es\/wp-json\/wp\/v2\/users\/1"}],"replies":[{"embeddable":true,"href":"https:\/\/capital-b.ca\/es\/wp-json\/wp\/v2\/comments?post=2910"}],"version-history":[{"count":35,"href":"https:\/\/capital-b.ca\/es\/wp-json\/wp\/v2\/pages\/2910\/revisions"}],"predecessor-version":[{"id":3477,"href":"https:\/\/capital-b.ca\/es\/wp-json\/wp\/v2\/pages\/2910\/revisions\/3477"}],"wp:attachment":[{"href":"https:\/\/capital-b.ca\/es\/wp-json\/wp\/v2\/media?parent=2910"}],"curies":[{"name":"wp","href":"https:\/\/api.w.org\/{rel}","templated":true}]}}