{"id":2930,"date":"2024-12-12T16:43:33","date_gmt":"2024-12-12T16:43:33","guid":{"rendered":"https:\/\/capital-b.ca\/?page_id=2930"},"modified":"2024-12-17T20:28:44","modified_gmt":"2024-12-17T20:28:44","slug":"inmobiliario-industrial","status":"publish","type":"page","link":"https:\/\/capital-b.ca\/es\/industrial-real-estate\/","title":{"rendered":"Optimice las operaciones de su empresa con la propiedad industrial adecuada | Capital-B"},"content":{"rendered":"<div data-elementor-type=\"wp-page\" data-elementor-id=\"2930\" class=\"elementor elementor-2930\" data-elementor-post-type=\"page\">\n\t\t\t\t<div data-dce-background-overlay-image-url=\"https:\/\/capital-b.ca\/wp-content\/uploads\/2024\/12\/Industrial-real-estate-Montreal.webp\" class=\"has_ae_slider elementor-element elementor-element-7fcd970 e-con-full e-flex ae-bg-gallery-type-default e-con e-parent\" data-id=\"7fcd970\" data-element_type=\"container\" data-e-type=\"container\">\n\t\t\t\t<div class=\"elementor-element elementor-element-ac2faa8 elementor-widget__width-initial elementor-widget elementor-widget-heading\" data-id=\"ac2faa8\" data-element_type=\"widget\" data-e-type=\"widget\" data-widget_type=\"heading.default\">\n\t\t\t\t\t<h1 class=\"elementor-heading-title elementor-size-default\">Inmuebles industriales<\/h1>\t\t\t\t<\/div>\n\t\t\t\t<\/div>\n\t\t<div class=\"has_ae_slider elementor-element elementor-element-1fb24c9 e-con-full e-flex ae-bg-gallery-type-default e-con e-parent\" data-id=\"1fb24c9\" data-element_type=\"container\" data-e-type=\"container\" data-settings=\"{&quot;background_background&quot;:&quot;classic&quot;}\">\n\t\t<div class=\"has_ae_slider elementor-element elementor-element-ff1c927 e-con-full e-flex ae-bg-gallery-type-default e-con e-child\" data-id=\"ff1c927\" data-element_type=\"container\" data-e-type=\"container\" data-settings=\"{&quot;background_background&quot;:&quot;classic&quot;}\">\n\t\t\t\t<div data-dce-title-color=\"#54595F\" class=\"elementor-element elementor-element-c7b7884 elementor-widget elementor-widget-heading\" data-id=\"c7b7884\" data-element_type=\"widget\" data-e-type=\"widget\" data-widget_type=\"heading.default\">\n\t\t\t\t\t<h2 class=\"elementor-heading-title elementor-size-default\">Optimice las operaciones de su empresa con la propiedad industrial adecuada | Capital-B<\/h2>\t\t\t\t<\/div>\n\t\t\t\t<div class=\"elementor-element elementor-element-f194d79 elementor-widget elementor-widget-text-editor\" data-id=\"f194d79\" data-element_type=\"widget\" data-e-type=\"widget\" data-widget_type=\"text-editor.default\">\n\t\t\t\t\t\t\t\t\t<p>Encontrar o vender la propiedad industrial perfecta puede repercutir significativamente en la eficacia, productividad y rentabilidad de su empresa. Tanto si desea ampliar sus operaciones, establecer una nueva instalaci\u00f3n o vender una propiedad industrial existente, <strong>Capital-B<\/strong> est\u00e1 aqu\u00ed para guiarle. Con un profundo conocimiento del mercado inmobiliario industrial del Gran Montreal, promovemos sus objetivos con experiencia y precisi\u00f3n.<\/p>\t\t\t\t\t\t\t\t<\/div>\n\t\t\t\t<div data-dce-title-color=\"#54595F\" class=\"elementor-element elementor-element-875e956 elementor-widget elementor-widget-heading\" data-id=\"875e956\" data-element_type=\"widget\" data-e-type=\"widget\" data-widget_type=\"heading.default\">\n\t\t\t\t\t<h3 class=\"elementor-heading-title elementor-size-default\">\u00bfQu\u00e9 es una propiedad industrial?<\/h3>\t\t\t\t<\/div>\n\t\t\t\t<div class=\"elementor-element elementor-element-5b63c65 elementor-widget elementor-widget-text-editor\" data-id=\"5b63c65\" data-element_type=\"widget\" data-e-type=\"widget\" data-widget_type=\"text-editor.default\">\n\t\t\t\t\t\t\t\t\t<p>Las propiedades industriales son espacios comerciales dise\u00f1ados para la fabricaci\u00f3n, el almacenamiento, la distribuci\u00f3n u otras operaciones industriales. Estas propiedades incluyen almacenes, f\u00e1bricas, centros de distribuci\u00f3n y espacios flexibles. Con caracter\u00edsticas tales como muelles de carga, techos altos y zonificaci\u00f3n especializada, las propiedades industriales atienden a las empresas que necesitan espacios funcionales y estrat\u00e9gicos para la producci\u00f3n y la log\u00edstica.<\/p>\t\t\t\t\t\t\t\t<\/div>\n\t\t\t\t<div data-dce-title-color=\"#54595F\" class=\"elementor-element elementor-element-228f67f elementor-widget elementor-widget-heading\" data-id=\"228f67f\" data-element_type=\"widget\" data-e-type=\"widget\" data-widget_type=\"heading.default\">\n\t\t\t\t\t<h3 class=\"elementor-heading-title elementor-size-default\">Ventajas de poseer o alquilar una propiedad industrial<\/h3>\t\t\t\t<\/div>\n\t\t\t\t<div class=\"elementor-element elementor-element-20db42b elementor-widget elementor-widget-text-editor\" data-id=\"20db42b\" data-element_type=\"widget\" data-e-type=\"widget\" data-widget_type=\"text-editor.default\">\n\t\t\t\t\t\t\t\t\t<ol><li><strong>Eficiencia operativa<\/strong><br \/>Las propiedades industriales est\u00e1n dise\u00f1adas para apoyar flujos de trabajo eficientes, desde la fabricaci\u00f3n hasta la log\u00edstica.<\/li><li><strong>Espacios personalizables<\/strong><br \/>Muchos espacios industriales pueden adaptarse a las necesidades de su empresa, ya necesite almacenamiento adicional, l\u00edneas de producci\u00f3n o zonas de oficinas.<\/li><li><strong>Ubicaciones estrat\u00e9gicas<\/strong><br \/>Las propiedades industriales suelen estar situadas cerca de centros de transporte, autopistas o puertos, lo que optimiza la log\u00edstica y las operaciones de la cadena de suministro.<\/li><li><strong>Escalabilidad<\/strong><br \/>Los espacios industriales de mayor tama\u00f1o o las instalaciones con varias unidades permiten el crecimiento empresarial y la ampliaci\u00f3n de las operaciones.<\/li><li><strong>Potencial de ingresos<\/strong><br \/>Poseer una propiedad industrial ofrece la posibilidad de obtener ingresos por alquiler si parte del espacio se alquila a otras empresas.<\/li><\/ol>\t\t\t\t\t\t\t\t<\/div>\n\t\t\t\t<div data-dce-title-color=\"#54595F\" class=\"elementor-element elementor-element-2907125 elementor-widget elementor-widget-heading\" data-id=\"2907125\" data-element_type=\"widget\" data-e-type=\"widget\" data-widget_type=\"heading.default\">\n\t\t\t\t\t<h3 class=\"elementor-heading-title elementor-size-default\">Los retos de poseer o arrendar una propiedad industrial<\/h3>\t\t\t\t<\/div>\n\t\t\t\t<div class=\"elementor-element elementor-element-d03b9fb elementor-widget elementor-widget-text-editor\" data-id=\"d03b9fb\" data-element_type=\"widget\" data-e-type=\"widget\" data-widget_type=\"text-editor.default\">\n\t\t\t\t\t\t\t\t\t<ol><li><strong>Zonificaci\u00f3n especializada<\/strong><br \/>Las propiedades industriales requieren permisos de zonificaci\u00f3n espec\u00edficos, lo que puede limitar las opciones de propiedad o la flexibilidad de uso.<\/li><li><strong>Mayores costes<\/strong><br \/>Los espacios industriales suelen tener precios de compra o alquiler m\u00e1s elevados debido a su tama\u00f1o e infraestructura especializada.<\/li><li><strong>Mantenimiento<\/strong><br \/>El mantenimiento de las propiedades industriales conlleva costes para sistemas a gran escala como la climatizaci\u00f3n, la fontaner\u00eda y el equipamiento de los muelles.<\/li><li><strong>Flexibilidad limitada<\/strong><br \/>Los espacios industriales pueden ser menos adaptables a las necesidades cambiantes de las empresas que los espacios tradicionales de oficinas o comercios.<\/li><li><strong>Tendencias del mercado<\/strong><br \/>La demanda de propiedades industriales puede fluctuar en funci\u00f3n de las condiciones econ\u00f3micas y de los cambios en sectores como el comercio electr\u00f3nico.<\/li><\/ol>\t\t\t\t\t\t\t\t<\/div>\n\t\t\t\t<div data-dce-title-color=\"#54595F\" class=\"elementor-element elementor-element-cd67d4a elementor-widget elementor-widget-heading\" data-id=\"cd67d4a\" data-element_type=\"widget\" data-e-type=\"widget\" data-widget_type=\"heading.default\">\n\t\t\t\t\t<h3 class=\"elementor-heading-title elementor-size-default\">C\u00f3mo Capital-B le ayuda a comprar o vender propiedades industriales<\/h3>\t\t\t\t<\/div>\n\t\t\t\t<div class=\"elementor-element elementor-element-96a9738 elementor-widget elementor-widget-text-editor\" data-id=\"96a9738\" data-element_type=\"widget\" data-e-type=\"widget\" data-widget_type=\"text-editor.default\">\n\t\t\t\t\t\t\t\t\t<p>En <strong>Capital-B<\/strong>Ofrecemos asesoramiento experto para ayudar a propietarios de empresas e inversores a navegar por las complejidades de la compra o venta de inmuebles industriales en el Gran Montreal. Nuestro enfoque personalizado le ayuda a alcanzar sus objetivos de manera eficiente y rentable.<\/p>\t\t\t\t\t\t\t\t<\/div>\n\t\t<div class=\"has_ae_slider elementor-element elementor-element-b664a66 e-con-full e-flex ae-bg-gallery-type-default e-con e-child\" data-id=\"b664a66\" data-element_type=\"container\" data-e-type=\"container\">\n\t\t\t\t<div class=\"elementor-element elementor-element-5764cc5 elementor-widget__width-initial elementor-widget elementor-widget-text-editor\" data-id=\"5764cc5\" data-element_type=\"widget\" data-e-type=\"widget\" data-widget_type=\"text-editor.default\">\n\t\t\t\t\t\t\t\t\t<p><strong>Para compradores:<\/strong><\/p><ol><li><strong>Coincidencia de propiedades a medida<\/strong><br \/>Le ayudamos a identificar espacios industriales que satisfagan sus necesidades operativas espec\u00edficas, desde almacenes hasta instalaciones multiuso.<\/li><li><strong>Acceso a listas exclusivas<\/strong><br \/>Acceda a propiedades industriales que no figuran en plataformas p\u00fablicas, incluidas oportunidades fuera de mercado.<\/li><li><strong>Perspectivas del mercado<\/strong><br \/>Aproveche nuestra experiencia en tendencias industriales locales, normativas de zonificaci\u00f3n y caracter\u00edsticas de la propiedad para tomar decisiones informadas.<\/li><li><strong>Orientaci\u00f3n financiera<\/strong><br \/>Desde la comprensi\u00f3n de las opciones de financiaci\u00f3n hasta la evaluaci\u00f3n del retorno de la inversi\u00f3n a largo plazo, nos esforzamos por alinear su inversi\u00f3n con sus objetivos empresariales...<\/li><li><span style=\"color: var( --e-global-color-secondary ); font-family: var( --e-global-typography-text-font-family ), Sans-serif; text-align: var(--text-align); background-color: var( --e-global-color-fa259cc ); font-size: 1rem;\"><b>Negociaci\u00f3n experta<br \/><\/b><\/span>Nuestro equipo asegura condiciones favorables para su compra o arrendamiento, maximizando el valor para su empresa.<\/li><\/ol>\t\t\t\t\t\t\t\t<\/div>\n\t\t\t\t<div class=\"elementor-element elementor-element-e913ac1 elementor-widget__width-inherit elementor-widget elementor-widget-image\" data-id=\"e913ac1\" data-element_type=\"widget\" data-e-type=\"widget\" data-widget_type=\"image.default\">\n\t\t\t\t\t\t\t\t\t\t\t\t\t\t\t<img fetchpriority=\"high\" decoding=\"async\" width=\"678\" height=\"1024\" src=\"https:\/\/capital-b.ca\/wp-content\/uploads\/2024\/12\/Industrial-building-678x1024.webp\" class=\"attachment-large size-large wp-image-2933\" alt=\"\" srcset=\"https:\/\/capital-b.ca\/wp-content\/uploads\/2024\/12\/Industrial-building-678x1024.webp 678w, https:\/\/capital-b.ca\/wp-content\/uploads\/2024\/12\/Industrial-building-199x300.webp 199w, https:\/\/capital-b.ca\/wp-content\/uploads\/2024\/12\/Industrial-building-768x1159.webp 768w, https:\/\/capital-b.ca\/wp-content\/uploads\/2024\/12\/Industrial-building-8x12.webp 8w, https:\/\/capital-b.ca\/wp-content\/uploads\/2024\/12\/Industrial-building.webp 795w\" sizes=\"(max-width: 678px) 100vw, 678px\" \/>\t\t\t\t\t\t\t\t\t\t\t\t\t\t\t<\/div>\n\t\t\t\t<\/div>\n\t\t<div class=\"has_ae_slider elementor-element elementor-element-6a0ca60 e-con-full e-flex ae-bg-gallery-type-default e-con e-child\" data-id=\"6a0ca60\" data-element_type=\"container\" data-e-type=\"container\">\n\t\t\t\t<div class=\"elementor-element elementor-element-b462661 elementor-widget__width-initial elementor-widget elementor-widget-text-editor\" data-id=\"b462661\" data-element_type=\"widget\" data-e-type=\"widget\" data-widget_type=\"text-editor.default\">\n\t\t\t\t\t\t\t\t\t<p><strong>Para vendedores:<\/strong><\/p><ol><li><strong>Valoraci\u00f3n global<\/strong><br \/>Realizamos un an\u00e1lisis detallado del mercado para determinar el valor real de su propiedad industrial.<\/li><li><strong>Marketing espec\u00edfico<\/strong><br \/>Muestre su propiedad con im\u00e1genes de alta calidad, listados detallados y campa\u00f1as de marketing estrat\u00e9gicas para atraer a compradores serios.<\/li><li><strong>Preparaci\u00f3n previa a la venta<\/strong><br \/>Le ayudamos a preparar su propiedad, incluyendo la resoluci\u00f3n de problemas de zonificaci\u00f3n y la recomendaci\u00f3n de mejoras para aumentar su atractivo.<\/li><li><strong>Compradores cualificados<\/strong><br \/>Nuestra red le pone en contacto con compradores preseleccionados, lo que garantiza un proceso de transacci\u00f3n m\u00e1s r\u00e1pido y fluido.<\/li><li><strong>Soporte de cierre sin fisuras<\/strong><br \/>Desde la gesti\u00f3n de los documentos legales hasta las negociaciones finales, agilizamos el proceso de cierre para usted.<\/li><\/ol>\t\t\t\t\t\t\t\t<\/div>\n\t\t\t\t<div class=\"elementor-element elementor-element-9fe1c88 elementor-widget__width-inherit elementor-widget elementor-widget-image\" data-id=\"9fe1c88\" data-element_type=\"widget\" data-e-type=\"widget\" data-widget_type=\"image.default\">\n\t\t\t\t\t\t\t\t\t\t\t\t\t\t\t<img decoding=\"async\" width=\"678\" height=\"1024\" src=\"https:\/\/capital-b.ca\/wp-content\/uploads\/2024\/12\/Interior-of-an-industrial-building-678x1024.webp\" class=\"attachment-large size-large wp-image-2934\" alt=\"Interior de edificios industriales\" srcset=\"https:\/\/capital-b.ca\/wp-content\/uploads\/2024\/12\/Interior-of-an-industrial-building-678x1024.webp 678w, https:\/\/capital-b.ca\/wp-content\/uploads\/2024\/12\/Interior-of-an-industrial-building-199x300.webp 199w, https:\/\/capital-b.ca\/wp-content\/uploads\/2024\/12\/Interior-of-an-industrial-building-768x1159.webp 768w, https:\/\/capital-b.ca\/wp-content\/uploads\/2024\/12\/Interior-of-an-industrial-building-8x12.webp 8w, https:\/\/capital-b.ca\/wp-content\/uploads\/2024\/12\/Interior-of-an-industrial-building.webp 795w\" sizes=\"(max-width: 678px) 100vw, 678px\" \/>\t\t\t\t\t\t\t\t\t\t\t\t\t\t\t<\/div>\n\t\t\t\t<\/div>\n\t\t\t\t<div data-dce-title-color=\"#54595F\" class=\"elementor-element elementor-element-38986d0 elementor-widget elementor-widget-heading\" data-id=\"38986d0\" data-element_type=\"widget\" data-e-type=\"widget\" data-widget_type=\"heading.default\">\n\t\t\t\t\t<h3 class=\"elementor-heading-title elementor-size-default\">Consejos para empresarios a la hora de comprar o vender propiedades industriales<\/h3>\t\t\t\t<\/div>\n\t\t\t\t<div class=\"elementor-element elementor-element-5461f50 elementor-widget elementor-widget-text-editor\" data-id=\"5461f50\" data-element_type=\"widget\" data-e-type=\"widget\" data-widget_type=\"text-editor.default\">\n\t\t\t\t\t\t\t\t\t<ol><li><strong>Evaluar la ubicaci\u00f3n<\/strong><br \/>La proximidad a los centros de transporte, proveedores y clientes es fundamental para las propiedades industriales.<\/li><li><strong>Entender las leyes de zonificaci\u00f3n<\/strong><br \/>Aseg\u00farese de que la zonificaci\u00f3n de la propiedad coincide con el uso previsto, ya sea almacenamiento, fabricaci\u00f3n o distribuci\u00f3n.<\/li><li><strong>Inspeccionar la infraestructura<\/strong><br \/>Compruebe los sistemas del inmueble, incluidos los muelles de carga, la climatizaci\u00f3n y la capacidad el\u00e9ctrica, para asegurarse de que satisfacen sus necesidades.<\/li><li><strong>Plan de crecimiento<\/strong><br \/>Elija una propiedad que pueda adaptarse a futuras ampliaciones o cambios en sus operaciones.<\/li><li><strong>Trabaje con corredores de confianza<\/strong><br \/>Elija un equipo inmobiliario experto como <strong>Capital-B<\/strong> para navegar por el mercado con confianza y eficacia.<\/li><\/ol>\t\t\t\t\t\t\t\t<\/div>\n\t\t\t\t<div data-dce-title-color=\"#54595F\" class=\"elementor-element elementor-element-bf9585a elementor-widget elementor-widget-heading\" data-id=\"bf9585a\" data-element_type=\"widget\" data-e-type=\"widget\" data-widget_type=\"heading.default\">\n\t\t\t\t\t<h3 class=\"elementor-heading-title elementor-size-default\">Preguntas frecuentes sobre inmuebles industriales<\/h3>\t\t\t\t<\/div>\n\t\t\t\t<div class=\"elementor-element elementor-element-9aeb1ce elementor-widget elementor-widget-text-editor\" data-id=\"9aeb1ce\" data-element_type=\"widget\" data-e-type=\"widget\" data-widget_type=\"text-editor.default\">\n\t\t\t\t\t\t\t\t\t<p><strong>P: \u00bfQu\u00e9 tipo de empresas son adecuadas para los inmuebles industriales?<\/strong><br \/>R: Los inmuebles industriales son ideales para empresas de fabricaci\u00f3n, almacenamiento, log\u00edstica y distribuci\u00f3n, as\u00ed como para empresas que necesitan espacios flexibles de usos m\u00faltiples.<\/p><p><strong>P: \u00bfDebo alquilar o comprar un inmueble industrial?<\/strong><br \/>R: El arrendamiento ofrece flexibilidad, mientras que la compra proporciona estabilidad a largo plazo e ingresos potenciales por alquiler. Podemos ayudarte a decidir en funci\u00f3n de tus objetivos empresariales.<\/p><p><strong>P: \u00bfQu\u00e9 debo tener en cuenta a la hora de elegir un inmueble industrial?<\/strong><br \/>R: Conc\u00e9ntrese en el tama\u00f1o, la ubicaci\u00f3n, la zonificaci\u00f3n y la infraestructura, como muelles de carga, altura del techo y servicios p\u00fablicos.<\/p><p><strong>P: \u00bfC\u00f3mo puedo determinar el valor de mi propiedad industrial?<\/strong><br \/>R: En el valor influyen factores como la ubicaci\u00f3n, los metros cuadrados, el estado y la demanda actual del mercado. Nuestros servicios de tasaci\u00f3n proporcionan una estimaci\u00f3n precisa.<\/p><p><strong>P: \u00bfTiene ventajas fiscales poseer una propiedad industrial?<\/strong><br \/>R: S\u00ed, los propietarios de inmuebles industriales pueden beneficiarse de deducciones por intereses hipotecarios, amortizaci\u00f3n y gastos de mantenimiento.<\/p>\t\t\t\t\t\t\t\t<\/div>\n\t\t\t\t<div data-dce-title-color=\"#54595F\" class=\"elementor-element elementor-element-8f1c6d5 elementor-widget elementor-widget-heading\" data-id=\"8f1c6d5\" data-element_type=\"widget\" data-e-type=\"widget\" data-widget_type=\"heading.default\">\n\t\t\t\t\t<h3 class=\"elementor-heading-title elementor-size-default\">P\u00f3ngase en contacto con Capital-B<\/h3>\t\t\t\t<\/div>\n\t\t\t\t<div class=\"elementor-element elementor-element-2e55127 elementor-widget elementor-widget-text-editor\" data-id=\"2e55127\" data-element_type=\"widget\" data-e-type=\"widget\" data-widget_type=\"text-editor.default\">\n\t\t\t\t\t\t\t\t\t<p>\u00bfEst\u00e1 listo para comprar o vender una propiedad industrial en el Gran Montreal? En <strong>Capital-B<\/strong>nos dedicamos a ayudar a empresarios e inversores a alcanzar sus objetivos inmobiliarios con apoyo profesional y conocimiento del mercado local. Perm\u00edtanos guiarle en cada paso del camino.<\/p><p><strong>Ll\u00e1manos al <a href=\"tel:4388025000\">438.802.5000<\/a><\/strong> o <a href=\"https:\/\/capital-b.ca\/es\/contactenos\/\"><strong>Contactanos <\/strong><\/a>para dar el siguiente paso en la optimizaci\u00f3n de las operaciones de su empresa.<\/p>\t\t\t\t\t\t\t\t<\/div>\n\t\t\t\t<\/div>\n\t\t\t\t<\/div>\n\t\t<div class=\"has_ae_slider elementor-element elementor-element-a2bb355 e-flex e-con-boxed ae-bg-gallery-type-default e-con e-parent\" data-id=\"a2bb355\" data-element_type=\"container\" data-e-type=\"container\">\n\t\t\t\t\t<div class=\"e-con-inner\">\n\t\t\t\t\t<\/div>\n\t\t\t\t<\/div>\n\t\t\t\t<\/div>","protected":false},"excerpt":{"rendered":"<p>Industrial Real Estate Optimize Your Business Operations with the Right Industrial Property | Capital-B Finding or selling the perfect industrial property can significantly impact your business&#8217;s efficiency, productivity, and profitability. Whether you\u2019re looking to expand your operations, establish a new facility, or sell an existing industrial property, Capital-B is here to guide you. With a [&hellip;]<\/p>\n","protected":false},"author":1,"featured_media":0,"parent":0,"menu_order":18,"comment_status":"closed","ping_status":"closed","template":"","meta":{"_acf_changed":false,"footnotes":""},"class_list":["post-2930","page","type-page","status-publish","hentry"],"acf":[],"aioseo_notices":[],"_links":{"self":[{"href":"https:\/\/capital-b.ca\/es\/wp-json\/wp\/v2\/pages\/2930","targetHints":{"allow":["GET"]}}],"collection":[{"href":"https:\/\/capital-b.ca\/es\/wp-json\/wp\/v2\/pages"}],"about":[{"href":"https:\/\/capital-b.ca\/es\/wp-json\/wp\/v2\/types\/page"}],"author":[{"embeddable":true,"href":"https:\/\/capital-b.ca\/es\/wp-json\/wp\/v2\/users\/1"}],"replies":[{"embeddable":true,"href":"https:\/\/capital-b.ca\/es\/wp-json\/wp\/v2\/comments?post=2930"}],"version-history":[{"count":26,"href":"https:\/\/capital-b.ca\/es\/wp-json\/wp\/v2\/pages\/2930\/revisions"}],"predecessor-version":[{"id":3501,"href":"https:\/\/capital-b.ca\/es\/wp-json\/wp\/v2\/pages\/2930\/revisions\/3501"}],"wp:attachment":[{"href":"https:\/\/capital-b.ca\/es\/wp-json\/wp\/v2\/media?parent=2930"}],"curies":[{"name":"wp","href":"https:\/\/api.w.org\/{rel}","templated":true}]}}