{"id":2968,"date":"2024-12-12T18:21:59","date_gmt":"2024-12-12T18:21:59","guid":{"rendered":"https:\/\/capital-b.ca\/?page_id=2968"},"modified":"2024-12-17T20:38:41","modified_gmt":"2024-12-17T20:38:41","slug":"venta-en-bloque","status":"publish","type":"page","link":"https:\/\/capital-b.ca\/es\/block-sale\/","title":{"rendered":"Simplifique sus transacciones de venta en bloque con Capital-B"},"content":{"rendered":"<div data-elementor-type=\"wp-page\" data-elementor-id=\"2968\" class=\"elementor elementor-2968\" data-elementor-post-type=\"page\">\n\t\t\t\t<div data-dce-background-overlay-image-url=\"https:\/\/capital-b.ca\/wp-content\/uploads\/2024\/12\/Industrial-kitchen.webp\" class=\"has_ae_slider elementor-element elementor-element-7c50582 e-con-full e-ecs-flex e-flex ae-bg-gallery-type-default e-con e-parent\" data-id=\"7c50582\" data-element_type=\"container\" data-e-type=\"container\" data-settings=\"{&quot;ecs_container_type&quot;:&quot;flex&quot;}\">\n\t\t\t\t<div class=\"elementor-element elementor-element-b39254a elementor-widget__width-initial elementor-widget elementor-widget-heading\" data-id=\"b39254a\" data-element_type=\"widget\" data-e-type=\"widget\" data-widget_type=\"heading.default\">\n\t\t\t\t\t<h1 class=\"elementor-heading-title elementor-size-default\">Venta en bloque<\/h1>\t\t\t\t<\/div>\n\t\t\t\t<\/div>\n\t\t<div class=\"has_ae_slider elementor-element elementor-element-f6e9cdf e-con-full e-ecs-flex e-flex ae-bg-gallery-type-default e-con e-parent\" data-id=\"f6e9cdf\" data-element_type=\"container\" data-e-type=\"container\" data-settings=\"{&quot;background_background&quot;:&quot;classic&quot;,&quot;ecs_container_type&quot;:&quot;flex&quot;}\">\n\t\t<div class=\"has_ae_slider elementor-element elementor-element-e13aa9e e-con-full e-ecs-flex e-flex ae-bg-gallery-type-default e-con e-child\" data-id=\"e13aa9e\" data-element_type=\"container\" data-e-type=\"container\" data-settings=\"{&quot;background_background&quot;:&quot;classic&quot;,&quot;ecs_container_type&quot;:&quot;flex&quot;}\">\n\t\t\t\t<div data-dce-title-color=\"#54595F\" class=\"elementor-element elementor-element-c02195a elementor-widget elementor-widget-heading\" data-id=\"c02195a\" data-element_type=\"widget\" data-e-type=\"widget\" data-widget_type=\"heading.default\">\n\t\t\t\t\t<h2 class=\"elementor-heading-title elementor-size-default\">Simplifique sus transacciones de venta en bloque con Capital-B<\/h2>\t\t\t\t<\/div>\n\t\t\t\t<div class=\"elementor-element elementor-element-a368970 elementor-widget elementor-widget-text-editor\" data-id=\"a368970\" data-element_type=\"widget\" data-e-type=\"widget\" data-widget_type=\"text-editor.default\">\n\t\t\t\t\t\t\t\t\t<p>Vender o comprar un negocio en bloque -en el que se transfieren los activos del negocio como el inventario, el equipo, los contratos y la marca- puede ser un proceso complejo. Si usted est\u00e1 buscando vender su d\u00e9panneur, restaurante, o cualquier otro negocio, o usted es un empresario listo para invertir, <strong>Capital-B<\/strong> es su agente de confianza en el Gran Montreal. Con nuestra experiencia, le guiamos a trav\u00e9s de cada paso, asegurando una transacci\u00f3n sin problemas y rentable.<\/p>\t\t\t\t\t\t\t\t<\/div>\n\t\t\t\t<div data-dce-title-color=\"#54595F\" class=\"elementor-element elementor-element-a626698 elementor-widget elementor-widget-heading\" data-id=\"a626698\" data-element_type=\"widget\" data-e-type=\"widget\" data-widget_type=\"heading.default\">\n\t\t\t\t\t<h3 class=\"elementor-heading-title elementor-size-default\">\u00bfQu\u00e9 es una venta en bloque?<\/h3>\t\t\t\t<\/div>\n\t\t\t\t<div class=\"elementor-element elementor-element-2da7905 elementor-widget elementor-widget-text-editor\" data-id=\"2da7905\" data-element_type=\"widget\" data-e-type=\"widget\" data-widget_type=\"text-editor.default\">\n\t\t\t\t\t\t\t\t\t<p>Una venta en bloque consiste en vender una empresa transfiriendo sus activos operativos en lugar de la propiedad o la ubicaci\u00f3n f\u00edsica en s\u00ed. Estos activos pueden incluir existencias, equipos, marca, contratos y fondo de comercio. Las ventas en bloque son habituales en negocios como d\u00e9panneurs (tiendas de conveniencia), restaurantes y peque\u00f1os establecimientos minoristas o de servicios, ya que ofrecen una soluci\u00f3n llave en mano para compradores y vendedores.<\/p>\t\t\t\t\t\t\t\t<\/div>\n\t\t\t\t<div data-dce-title-color=\"#54595F\" class=\"elementor-element elementor-element-eff0fcc elementor-widget elementor-widget-heading\" data-id=\"eff0fcc\" data-element_type=\"widget\" data-e-type=\"widget\" data-widget_type=\"heading.default\">\n\t\t\t\t\t<h3 class=\"elementor-heading-title elementor-size-default\">Ventajas de la venta en bloque<\/h3>\t\t\t\t<\/div>\n\t\t\t\t<div class=\"elementor-element elementor-element-a78adcc elementor-widget elementor-widget-text-editor\" data-id=\"a78adcc\" data-element_type=\"widget\" data-e-type=\"widget\" data-widget_type=\"text-editor.default\">\n\t\t\t\t\t\t\t\t\t<ol><li><strong>Transacciones simplificadas<\/strong><br \/>Vender o comprar activos empresariales en lugar de toda la propiedad simplifica el proceso y reduce los gastos generales.<\/li><li><strong>Oportunidad llave en mano<\/strong><br \/>Para los compradores, las ventas en bloque proporcionan un negocio operativo con clientes, marca y equipos existentes, lo que reduce los costes de puesta en marcha.<\/li><li><strong>Proceso de venta m\u00e1s r\u00e1pido<\/strong><br \/>Las ventas en bloque suelen cerrarse m\u00e1s r\u00e1pido que las transacciones inmobiliarias tradicionales, ya que se centran en los activos operativos de la empresa.<\/li><li><strong>Flexibilidad<\/strong><br \/>Los vendedores pueden conservar la propiedad f\u00edsica y arrendarla al comprador, creando fuentes de ingresos adicionales.<\/li><li><strong>Menor barrera financiera<\/strong><br \/>Los compradores pueden entrar en el mercado sin necesidad de adquirir una propiedad, lo que hace m\u00e1s asequible la venta en bloque.<\/li><\/ol>\t\t\t\t\t\t\t\t<\/div>\n\t\t\t\t<div data-dce-title-color=\"#54595F\" class=\"elementor-element elementor-element-b57a8bf elementor-widget elementor-widget-heading\" data-id=\"b57a8bf\" data-element_type=\"widget\" data-e-type=\"widget\" data-widget_type=\"heading.default\">\n\t\t\t\t\t<h3 class=\"elementor-heading-title elementor-size-default\">Los retos de una venta en bloque<\/h3>\t\t\t\t<\/div>\n\t\t\t\t<div class=\"elementor-element elementor-element-51f4888 elementor-widget elementor-widget-text-editor\" data-id=\"51f4888\" data-element_type=\"widget\" data-e-type=\"widget\" data-widget_type=\"text-editor.default\">\n\t\t\t\t\t\t\t\t\t<ol><li><strong>Complejidad de la valoraci\u00f3n<\/strong><br \/>Determinar el valor de activos como las existencias, el equipamiento y el fondo de comercio requiere experiencia.<\/li><li><strong>Consideraciones jur\u00eddicas<\/strong><br \/>La transferencia de contratos, licencias y permisos puede ser complicada y requiere una gesti\u00f3n jur\u00eddica cuidadosa.<\/li><li><strong>Diligencia debida<\/strong><br \/>Los compradores deben evaluar a fondo la salud financiera de la empresa, los contratos existentes y el estado de los activos.<\/li><li><strong>Retenci\u00f3n de empleados<\/strong><br \/>La transici\u00f3n de una empresa a trav\u00e9s de una venta en bloque puede implicar la renegociaci\u00f3n de las condiciones laborales con el personal.<\/li><li><strong>Demanda del mercado<\/strong><br \/>Encontrar al comprador o la oportunidad de negocio adecuados puede llevar tiempo y requiere un marketing estrat\u00e9gico.<\/li><\/ol>\t\t\t\t\t\t\t\t<\/div>\n\t\t\t\t<div data-dce-title-color=\"#54595F\" class=\"elementor-element elementor-element-9555b2e elementor-widget elementor-widget-heading\" data-id=\"9555b2e\" data-element_type=\"widget\" data-e-type=\"widget\" data-widget_type=\"heading.default\">\n\t\t\t\t\t<h3 class=\"elementor-heading-title elementor-size-default\">C\u00f3mo ayuda Capital-B a la venta en bloque<\/h3>\t\t\t\t<\/div>\n\t\t\t\t<div class=\"elementor-element elementor-element-7d4c7f7 elementor-widget elementor-widget-text-editor\" data-id=\"7d4c7f7\" data-element_type=\"widget\" data-e-type=\"widget\" data-widget_type=\"text-editor.default\">\n\t\t\t\t\t\t\t\t\t<p>En <strong>Capital-B<\/strong>Estamos especializados en ayudar a propietarios de negocios e inversores a navegar por las complejidades de las ventas en bloque. Tanto si vende como si compra, nuestro equipo le ofrece asesoramiento experto para que su transacci\u00f3n se desarrolle con \u00e9xito y sin contratiempos.<\/p>\t\t\t\t\t\t\t\t<\/div>\n\t\t<div class=\"has_ae_slider elementor-element elementor-element-f524323 e-con-full e-ecs-flex e-flex ae-bg-gallery-type-default e-con e-child\" data-id=\"f524323\" data-element_type=\"container\" data-e-type=\"container\" data-settings=\"{&quot;ecs_container_type&quot;:&quot;flex&quot;}\">\n\t\t\t\t<div class=\"elementor-element elementor-element-7b2573e elementor-widget__width-initial elementor-widget elementor-widget-text-editor\" data-id=\"7b2573e\" data-element_type=\"widget\" data-e-type=\"widget\" data-widget_type=\"text-editor.default\">\n\t\t\t\t\t\t\t\t\t<p><strong>Para vendedores:<\/strong><\/p><ol><li><strong>Opini\u00f3n de valor<\/strong><br \/>Determinamos el valor justo de mercado de los activos de su empresa, incluido el inventario, el equipo, la marca y el fondo de comercio.<\/li><li><strong>Marketing integral<\/strong><br \/>Llegue a compradores cualificados con anuncios profesionales, im\u00e1genes de alta calidad y campa\u00f1as espec\u00edficas dise\u00f1adas para dar a conocer su negocio.<\/li><li><strong>Preparaci\u00f3n previa a la venta<\/strong><br \/>Le ayudamos a organizar y documentar sus activos, revisar contratos y optimizar su negocio para la venta con el fin de atraer a compradores serios.<\/li><li><strong>Compradores cualificados<\/strong><br \/>Nuestra red le conecta con compradores que buscan activamente negocios como el suyo, reduciendo el tiempo en el mercado.<\/li><li><strong>Soporte de cierre sin fisuras<\/strong><br \/>Desde las negociaciones hasta la documentaci\u00f3n legal, nos ocupamos de los detalles para que usted pueda centrarse en lo que viene despu\u00e9s.<\/li><\/ol>\t\t\t\t\t\t\t\t<\/div>\n\t\t\t\t<div class=\"elementor-element elementor-element-0bb1290 elementor-widget__width-inherit elementor-widget elementor-widget-image\" data-id=\"0bb1290\" data-element_type=\"widget\" data-e-type=\"widget\" data-widget_type=\"image.default\">\n\t\t\t\t\t\t\t\t\t\t\t\t\t\t\t<img fetchpriority=\"high\" decoding=\"async\" width=\"675\" height=\"1024\" src=\"https:\/\/capital-b.ca\/wp-content\/uploads\/2024\/12\/Convenience-store-depanneur-675x1024.webp\" class=\"attachment-large size-large wp-image-2971\" alt=\"D\u00e9panneur, tienda de conveniencia, venta en bloque\" srcset=\"https:\/\/capital-b.ca\/wp-content\/uploads\/2024\/12\/Convenience-store-depanneur-675x1024.webp 675w, https:\/\/capital-b.ca\/wp-content\/uploads\/2024\/12\/Convenience-store-depanneur-198x300.webp 198w, https:\/\/capital-b.ca\/wp-content\/uploads\/2024\/12\/Convenience-store-depanneur-768x1165.webp 768w, https:\/\/capital-b.ca\/wp-content\/uploads\/2024\/12\/Convenience-store-depanneur-8x12.webp 8w, https:\/\/capital-b.ca\/wp-content\/uploads\/2024\/12\/Convenience-store-depanneur.webp 791w\" sizes=\"(max-width: 675px) 100vw, 675px\" \/>\t\t\t\t\t\t\t\t\t\t\t\t\t\t\t<\/div>\n\t\t\t\t<\/div>\n\t\t<div class=\"has_ae_slider elementor-element elementor-element-a1993ba e-con-full e-ecs-flex e-flex ae-bg-gallery-type-default e-con e-child\" data-id=\"a1993ba\" data-element_type=\"container\" data-e-type=\"container\" data-settings=\"{&quot;ecs_container_type&quot;:&quot;flex&quot;}\">\n\t\t\t\t<div class=\"elementor-element elementor-element-1a00336 elementor-widget__width-initial elementor-widget elementor-widget-text-editor\" data-id=\"1a00336\" data-element_type=\"widget\" data-e-type=\"widget\" data-widget_type=\"text-editor.default\">\n\t\t\t\t\t\t\t\t\t<p><strong>Para compradores:<\/strong><\/p><ol><li><strong>Oportunidades a medida<\/strong><br \/>Le ponemos en contacto con empresas de venta en bloque que se ajusten a sus objetivos, desde d\u00e9panneurs a restaurantes u otras empresas.<\/li><li><strong>Apoyo a la diligencia debida<\/strong><br \/>Revise las finanzas, el inventario y los contratos de la empresa con nuestra ayuda para realizar una inversi\u00f3n inteligente.<\/li><li><strong>Perspectivas del mercado<\/strong><br \/>Comprender el potencial del negocio con informaci\u00f3n sobre la demanda del mercado local, la competencia y las oportunidades de crecimiento.<\/li><li><strong>Orientaci\u00f3n sobre la transferencia de activos<\/strong><br \/>Ayudamos a transferir inventario, equipos y licencias, agilizando el proceso de transici\u00f3n.<\/li><li><strong>Experiencia en negociaci\u00f3n<\/strong><br \/>Nuestros experimentados negociadores trabajan para garantizar unas condiciones favorables y asegurarse de que obtiene el m\u00e1ximo valor por su inversi\u00f3n.<\/li><\/ol>\t\t\t\t\t\t\t\t<\/div>\n\t\t\t\t<div class=\"elementor-element elementor-element-fc9f3c8 elementor-widget__width-inherit elementor-widget elementor-widget-image\" data-id=\"fc9f3c8\" data-element_type=\"widget\" data-e-type=\"widget\" data-widget_type=\"image.default\">\n\t\t\t\t\t\t\t\t\t\t\t\t\t\t\t<img decoding=\"async\" width=\"678\" height=\"1024\" src=\"https:\/\/capital-b.ca\/wp-content\/uploads\/2024\/12\/Sports-store-678x1024.webp\" class=\"attachment-large size-large wp-image-2972\" alt=\"Tienda de deportes, venta en bloque\" srcset=\"https:\/\/capital-b.ca\/wp-content\/uploads\/2024\/12\/Sports-store-678x1024.webp 678w, https:\/\/capital-b.ca\/wp-content\/uploads\/2024\/12\/Sports-store-199x300.webp 199w, https:\/\/capital-b.ca\/wp-content\/uploads\/2024\/12\/Sports-store-768x1159.webp 768w, https:\/\/capital-b.ca\/wp-content\/uploads\/2024\/12\/Sports-store-8x12.webp 8w, https:\/\/capital-b.ca\/wp-content\/uploads\/2024\/12\/Sports-store.webp 795w\" sizes=\"(max-width: 678px) 100vw, 678px\" \/>\t\t\t\t\t\t\t\t\t\t\t\t\t\t\t<\/div>\n\t\t\t\t<\/div>\n\t\t\t\t<div data-dce-title-color=\"#54595F\" class=\"elementor-element elementor-element-002be1c elementor-widget elementor-widget-heading\" data-id=\"002be1c\" data-element_type=\"widget\" data-e-type=\"widget\" data-widget_type=\"heading.default\">\n\t\t\t\t\t<h3 class=\"elementor-heading-title elementor-size-default\">Consejos para las transacciones de venta en bloque<\/h3>\t\t\t\t<\/div>\n\t\t\t\t<div class=\"elementor-element elementor-element-21ceadb elementor-widget elementor-widget-text-editor\" data-id=\"21ceadb\" data-element_type=\"widget\" data-e-type=\"widget\" data-widget_type=\"text-editor.default\">\n\t\t\t\t\t\t\t\t\t<ol>\n<li><strong>Organizar los activos<\/strong><br>En el caso de los vendedores, aseg\u00farese de que todas las existencias, equipos y contratos est\u00e9n bien documentados y en buen estado.<\/li>\n<li><strong>Evaluar la salud financiera<\/strong><br>Los compradores deben revisar detenidamente los ingresos, gastos y m\u00e1rgenes de beneficio de la empresa antes de comprarla.<\/li>\n<li><strong>Considerar la marca y el fondo de comercio<\/strong><br>El valor del nombre y la reputaci\u00f3n de la empresa pueden influir significativamente en el precio de venta y en su \u00e9xito futuro.<\/li>\n<li><strong>Comprender las obligaciones jur\u00eddicas<\/strong><br>Garantizar la correcta transferencia de contratos, arrendamientos y permisos para evitar complicaciones legales.<\/li>\n<li><strong>Trabaje con corredores de confianza<\/strong><br>Trabajar con un equipo inmobiliario y empresarial experto como <strong>Capital-B<\/strong> le ayuda a realizar una transacci\u00f3n fluida y satisfactoria.<\/li>\n<\/ol>\t\t\t\t\t\t\t\t<\/div>\n\t\t\t\t<div data-dce-title-color=\"#54595F\" class=\"elementor-element elementor-element-ecc0399 elementor-widget elementor-widget-heading\" data-id=\"ecc0399\" data-element_type=\"widget\" data-e-type=\"widget\" data-widget_type=\"heading.default\">\n\t\t\t\t\t<h3 class=\"elementor-heading-title elementor-size-default\">Preguntas frecuentes sobre la venta en bloque<\/h3>\t\t\t\t<\/div>\n\t\t\t\t<div class=\"elementor-element elementor-element-5e43392 elementor-widget elementor-widget-text-editor\" data-id=\"5e43392\" data-element_type=\"widget\" data-e-type=\"widget\" data-widget_type=\"text-editor.default\">\n\t\t\t\t\t\t\t\t\t<p><strong>P: \u00bfQu\u00e9 tipos de negocios se suelen vender en bloque?<\/strong><br \/>R: Las ventas en bloque son muy populares entre d\u00e9panneurs, restaurantes, tiendas minoristas, salones de belleza y otras peque\u00f1as empresas con activos operativos.<\/p><p><strong>P: \u00bfEn qu\u00e9 se diferencia la venta en bloque de la venta de una propiedad?<\/strong><br \/>R: En una venta en bloque, s\u00f3lo se venden los activos de la empresa, no la propiedad f\u00edsica. Los vendedores pueden alquilar el local a los compradores o estos pueden trasladar el negocio.<\/p><p><strong>P: \u00bfC\u00f3mo se valora una empresa para venderla en bloque?<\/strong><br \/>R: La valoraci\u00f3n incluye el inventario, el equipamiento, la marca, los contratos y el fondo de comercio, as\u00ed como los resultados financieros de la empresa.<\/p><p><strong>P: \u00bfPuedo financiar una venta en bloque?<\/strong><br \/>R: S\u00ed, los compradores pueden explorar opciones de financiaci\u00f3n a trav\u00e9s de pr\u00e9stamos empresariales o pr\u00e9stamos basados en activos. Podemos ponerle en contacto con una red financiera de confianza.<\/p><p><strong>P: \u00bfQu\u00e9 ocurre con los empleados durante una venta en bloque?<\/strong><br \/>R: La retenci\u00f3n de empleados depende de los planes del comprador y de las condiciones de la venta. Vendedores y compradores suelen negociar las condiciones de transici\u00f3n de los empleados.<\/p>\t\t\t\t\t\t\t\t<\/div>\n\t\t\t\t<div data-dce-title-color=\"#54595F\" class=\"elementor-element elementor-element-de83aad elementor-widget elementor-widget-heading\" data-id=\"de83aad\" data-element_type=\"widget\" data-e-type=\"widget\" data-widget_type=\"heading.default\">\n\t\t\t\t\t<h3 class=\"elementor-heading-title elementor-size-default\">P\u00f3ngase en contacto con Capital-B<\/h3>\t\t\t\t<\/div>\n\t\t\t\t<div class=\"elementor-element elementor-element-97c0f42 elementor-widget elementor-widget-text-editor\" data-id=\"97c0f42\" data-element_type=\"widget\" data-e-type=\"widget\" data-widget_type=\"text-editor.default\">\n\t\t\t\t\t\t\t\t\t<p>\u00bfEst\u00e1 listo para vender o comprar un negocio a trav\u00e9s de una venta en bloque en el Gran Montreal? <strong>Capital-B<\/strong> est\u00e1 aqu\u00ed para guiarle en cada paso, desde la valoraci\u00f3n hasta el cierre. Perm\u00edtanos simplificar el proceso y ayudarle a alcanzar sus objetivos.<\/p><p><strong>Ll\u00e1manos al <a href=\"tel:4388025000\">438.802.5000<\/a><\/strong> o <a href=\"https:\/\/capital-b.ca\/es\/contactenos\/\"><strong>Contactanos <\/strong><\/a>para iniciar hoy mismo su transacci\u00f3n de venta en bloque.<\/p>\t\t\t\t\t\t\t\t<\/div>\n\t\t\t\t<\/div>\n\t\t\t\t<\/div>\n\t\t<div class=\"has_ae_slider elementor-element elementor-element-f76e168 e-ecs-flex e-flex e-con-boxed ae-bg-gallery-type-default e-con e-parent\" data-id=\"f76e168\" data-element_type=\"container\" data-e-type=\"container\" data-settings=\"{&quot;ecs_container_type&quot;:&quot;flex&quot;}\">\n\t\t\t\t\t<div class=\"e-con-inner\">\n\t\t\t\t\t<\/div>\n\t\t\t\t<\/div>\n\t\t\t\t<\/div>","protected":false},"excerpt":{"rendered":"<p>Block Sale Simplify Your Block Sale Transactions with Capital-B Selling or buying a business as a block sale\u2014where the business assets like inventory, equipment, contracts, and brand name are transferred\u2014can be a complex process. Whether you\u2019re looking to sell your d\u00e9panneur, restaurant, or any other business, or you\u2019re an entrepreneur ready to invest, Capital-B is [&hellip;]<\/p>\n","protected":false},"author":1,"featured_media":0,"parent":0,"menu_order":24,"comment_status":"closed","ping_status":"closed","template":"","meta":{"_acf_changed":false,"footnotes":""},"class_list":["post-2968","page","type-page","status-publish","hentry"],"acf":[],"_links":{"self":[{"href":"https:\/\/capital-b.ca\/es\/wp-json\/wp\/v2\/pages\/2968","targetHints":{"allow":["GET"]}}],"collection":[{"href":"https:\/\/capital-b.ca\/es\/wp-json\/wp\/v2\/pages"}],"about":[{"href":"https:\/\/capital-b.ca\/es\/wp-json\/wp\/v2\/types\/page"}],"author":[{"embeddable":true,"href":"https:\/\/capital-b.ca\/es\/wp-json\/wp\/v2\/users\/1"}],"replies":[{"embeddable":true,"href":"https:\/\/capital-b.ca\/es\/wp-json\/wp\/v2\/comments?post=2968"}],"version-history":[{"count":23,"href":"https:\/\/capital-b.ca\/es\/wp-json\/wp\/v2\/pages\/2968\/revisions"}],"predecessor-version":[{"id":3520,"href":"https:\/\/capital-b.ca\/es\/wp-json\/wp\/v2\/pages\/2968\/revisions\/3520"}],"wp:attachment":[{"href":"https:\/\/capital-b.ca\/es\/wp-json\/wp\/v2\/media?parent=2968"}],"curies":[{"name":"wp","href":"https:\/\/api.w.org\/{rel}","templated":true}]}}