{"id":2988,"date":"2024-12-12T20:23:50","date_gmt":"2024-12-12T20:23:50","guid":{"rendered":"https:\/\/capital-b.ca\/?page_id=2988"},"modified":"2024-12-17T20:04:23","modified_gmt":"2024-12-17T20:04:23","slug":"departamento","status":"publish","type":"page","link":"https:\/\/capital-b.ca\/es\/apartment\/","title":{"rendered":"Compra y venta de apartamentos en Montreal: Navegue con confianza"},"content":{"rendered":"<div data-elementor-type=\"wp-page\" data-elementor-id=\"2988\" class=\"elementor elementor-2988\" data-elementor-post-type=\"page\">\n\t\t\t\t<div data-dce-background-overlay-image-url=\"https:\/\/capital-b.ca\/wp-content\/uploads\/2024\/12\/Apartment-in-Montreal.webp\" class=\"has_ae_slider elementor-element elementor-element-f7107ff e-con-full e-ecs-flex e-flex ae-bg-gallery-type-default e-con e-parent\" data-id=\"f7107ff\" data-element_type=\"container\" data-e-type=\"container\" data-settings=\"{&quot;ecs_container_type&quot;:&quot;flex&quot;}\">\n\t\t\t\t<div class=\"elementor-element elementor-element-b8ae4c1 elementor-widget__width-initial elementor-widget elementor-widget-heading\" data-id=\"b8ae4c1\" data-element_type=\"widget\" data-e-type=\"widget\" data-widget_type=\"heading.default\">\n\t\t\t\t\t<h1 class=\"elementor-heading-title elementor-size-default\">Departamento<\/h1>\t\t\t\t<\/div>\n\t\t\t\t<\/div>\n\t\t<div class=\"has_ae_slider elementor-element elementor-element-d2e459a e-con-full e-ecs-flex e-flex ae-bg-gallery-type-default e-con e-parent\" data-id=\"d2e459a\" data-element_type=\"container\" data-e-type=\"container\" data-settings=\"{&quot;background_background&quot;:&quot;classic&quot;,&quot;ecs_container_type&quot;:&quot;flex&quot;}\">\n\t\t<div class=\"has_ae_slider elementor-element elementor-element-5b7ad50 e-con-full e-ecs-flex e-flex ae-bg-gallery-type-default e-con e-child\" data-id=\"5b7ad50\" data-element_type=\"container\" data-e-type=\"container\" data-settings=\"{&quot;background_background&quot;:&quot;classic&quot;,&quot;ecs_container_type&quot;:&quot;flex&quot;}\">\n\t\t\t\t<div data-dce-title-color=\"#54595F\" class=\"elementor-element elementor-element-6cb26fc elementor-widget elementor-widget-heading\" data-id=\"6cb26fc\" data-element_type=\"widget\" data-e-type=\"widget\" data-widget_type=\"heading.default\">\n\t\t\t\t\t<h2 class=\"elementor-heading-title elementor-size-default\">Por qu\u00e9 los apartamentos son una opci\u00f3n inteligente en Montreal<\/h2>\t\t\t\t<\/div>\n\t\t\t\t<div class=\"elementor-element elementor-element-058d426 elementor-widget__width-initial elementor-widget elementor-widget-text-editor\" data-id=\"058d426\" data-element_type=\"widget\" data-e-type=\"widget\" data-widget_type=\"text-editor.default\">\n\t\t\t\t\t\t\t\t\t<p>El din\u00e1mico mercado de alquiler de Montreal hace que los apartamentos sean uno de los tipos de propiedad m\u00e1s populares entre inquilinos y propietarios. Tanto si desea alquilar un piso moderno en el centro de la ciudad como un apartamento familiar en las afueras, estas propiedades ofrecen flexibilidad, accesibilidad y una excelente relaci\u00f3n calidad-precio. Con los diversos barrios de Montreal, hay un apartamento para cada estilo de vida.<\/p><p>En <strong>Capital-B<\/strong>Entendemos los matices del alquiler y la gesti\u00f3n de apartamentos en Montreal. Nuestro equipo de expertos simplifica el proceso, asegur\u00e1ndose de maximizar su potencial de arrendamiento o encontrar su casa de alquiler ideal con facilidad.<\/p>\t\t\t\t\t\t\t\t<\/div>\n\t\t\t\t<div data-dce-title-color=\"#54595F\" class=\"elementor-element elementor-element-a0c6f99 elementor-widget elementor-widget-heading\" data-id=\"a0c6f99\" data-element_type=\"widget\" data-e-type=\"widget\" data-widget_type=\"heading.default\">\n\t\t\t\t\t<h3 class=\"elementor-heading-title elementor-size-default\">\u00bfQu\u00e9 hace que los apartamentos sean \u00fanicos en Montreal?<\/h3>\t\t\t\t<\/div>\n\t\t\t\t<div class=\"elementor-element elementor-element-29122b1 elementor-widget elementor-widget-text-editor\" data-id=\"29122b1\" data-element_type=\"widget\" data-e-type=\"widget\" data-widget_type=\"text-editor.default\">\n\t\t\t\t\t\t\t\t\t<p>Los apartamentos en Montreal suelen ser propiedad de empresas de arrendamiento o de gesti\u00f3n inmobiliaria, no de particulares, lo que los diferencia de los condominios. Los inquilinos alquilan unidades residenciales en edificios de varias unidades, que van desde modernos rascacielos en Griffintown a encantadores pisos en Outremont. Los apartamentos combinan la asequibilidad con el acceso a las comodidades de la ciudad, lo que los hace muy deseables para particulares y familias.<\/p><p><strong>\u00bfCu\u00e1les son las principales caracter\u00edsticas de los apartamentos?<\/strong><\/p><ul><li><strong>Eficiencia de costes<\/strong>: Los apartamentos ofrecen opciones de alquiler m\u00e1s asequibles que las viviendas independientes, lo que los hace accesibles a un p\u00fablico m\u00e1s amplio.<\/li><li><strong>Conveniencia<\/strong>: Proximidad al transporte p\u00fablico, centros comerciales, escuelas y atracciones culturales.<\/li><li><strong>Vida en comunidad<\/strong>: Muchos complejos de apartamentos ofrecen servicios compartidos, como gimnasios, piscinas y espacios recreativos.<\/li><\/ul>\t\t\t\t\t\t\t\t<\/div>\n\t\t\t\t<div data-dce-title-color=\"#54595F\" class=\"elementor-element elementor-element-04e72b1 elementor-widget elementor-widget-heading\" data-id=\"04e72b1\" data-element_type=\"widget\" data-e-type=\"widget\" data-widget_type=\"heading.default\">\n\t\t\t\t\t<h3 class=\"elementor-heading-title elementor-size-default\">Ventajas de alquilar o arrendar un piso<\/h3>\t\t\t\t<\/div>\n\t\t\t\t<div class=\"elementor-element elementor-element-45ba72d elementor-widget elementor-widget-text-editor\" data-id=\"45ba72d\" data-element_type=\"widget\" data-e-type=\"widget\" data-widget_type=\"text-editor.default\">\n\t\t\t\t\t\t\t\t\t<p>He aqu\u00ed las principales ventajas del mercado de apartamentos en Montreal:<\/p><ol><li><strong>Asequibilidad y accesibilidad<\/strong><br \/>Los apartamentos ofrecen una soluci\u00f3n de alquiler rentable en ubicaciones privilegiadas de la ciudad.<\/li><li><strong>Gran demanda y potencial de inversi\u00f3n<\/strong><br \/>La creciente poblaci\u00f3n de Montreal impulsa la demanda, lo que convierte a los apartamentos en una opci\u00f3n fiable para los propietarios que buscan ingresos constantes por alquiler.<\/li><li><strong>Comodidad y estilo de vida<\/strong><br \/>Los inquilinos disfrutan de comodidades modernas como servicios de mantenimiento, instalaciones compartidas y proximidad a la vibrante cultura de Montreal.<\/li><li><strong>Opciones diversas<\/strong><br \/>Desde lofts urbanos a espaciosos apartamentos familiares, Montreal ofrece una gama de propiedades en alquiler que se adapta a todas las necesidades.<\/li><li><strong>Menores costes de mantenimiento<\/strong><br \/>El mantenimiento suele correr a cargo del propietario o de la empresa gestora, lo que reduce las molestias para los inquilinos.<\/li><\/ol>\t\t\t\t\t\t\t\t<\/div>\n\t\t\t\t<div data-dce-title-color=\"#54595F\" class=\"elementor-element elementor-element-dfdbf33 elementor-widget elementor-widget-heading\" data-id=\"dfdbf33\" data-element_type=\"widget\" data-e-type=\"widget\" data-widget_type=\"heading.default\">\n\t\t\t\t\t<h3 class=\"elementor-heading-title elementor-size-default\">Retos en las transacciones de pisos (y c\u00f3mo ayudamos)<\/h3>\t\t\t\t<\/div>\n\t\t\t\t<div class=\"elementor-element elementor-element-bc75264 elementor-widget elementor-widget-text-editor\" data-id=\"bc75264\" data-element_type=\"widget\" data-e-type=\"widget\" data-widget_type=\"text-editor.default\">\n\t\t\t\t\t\t\t\t\t<p>A pesar de sus ventajas, alquilar o arrendar un piso puede plantear dificultades:<\/p><ol><li><strong>Entender las tendencias del mercado<\/strong><br \/>El mercado de alquiler de Montreal es din\u00e1mico. <strong>Capital-B<\/strong> ofrece informaci\u00f3n especializada para ayudar a los propietarios a fijar tarifas competitivas y a los inquilinos a conseguir contratos favorables.<\/li><li><strong>Condiciones de arrendamiento<\/strong><br \/>Navegar por los contratos de arrendamiento y comprender los derechos de los inquilinos puede ser complejo. Nuestro equipo trabaja para lograr claridad y el cumplimiento de la normativa local.<\/li><li><strong>Competencia en zonas de gran demanda<\/strong><br \/>En los barrios populares suele haber mucha competencia. <strong>Capital-B<\/strong> ayuda a los inquilinos a destacar y a los propietarios a atraer a inquilinos de calidad.<\/li><li><strong>Selecci\u00f3n de inquilinos<\/strong><br \/>Para los propietarios, encontrar inquilinos fiables puede resultar desalentador. Agilizamos el <a href=\"https:\/\/capital-b.ca\/es\/gestion\/\">proceso de selecci\u00f3n<\/a> para su tranquilidad.<\/li><li><strong>Planificaci\u00f3n financiera<\/strong><br \/>Desde evaluaciones de la asequibilidad de los alquileres para inquilinos hasta planificaci\u00f3n de la tesorer\u00eda para propietarios, ofrecemos asesoramiento financiero a medida.<\/li><\/ol>\t\t\t\t\t\t\t\t<\/div>\n\t\t\t\t<div data-dce-title-color=\"#54595F\" class=\"elementor-element elementor-element-1df602f elementor-widget elementor-widget-heading\" data-id=\"1df602f\" data-element_type=\"widget\" data-e-type=\"widget\" data-widget_type=\"heading.default\">\n\t\t\t\t\t<h3 class=\"elementor-heading-title elementor-size-default\">C\u00f3mo le ayuda Capital-B<\/h3>\t\t\t\t<\/div>\n\t\t\t\t<div class=\"elementor-element elementor-element-173ba56 elementor-widget elementor-widget-text-editor\" data-id=\"173ba56\" data-element_type=\"widget\" data-e-type=\"widget\" data-widget_type=\"text-editor.default\">\n\t\t\t\t\t\t\t\t\t<p>En <strong>Capital-B<\/strong>hacemos que alquilar o gestionar apartamentos en Montreal sea sencillo y sin estr\u00e9s. He aqu\u00ed c\u00f3mo:<\/p><ul><li><strong>Experiencia en el mercado<\/strong>: Obtenga informaci\u00f3n valiosa sobre el mercado de alquiler de Montreal para tomar decisiones informadas.<\/li><li><strong>Asistencia personalizada<\/strong>: Tanto si es un inquilino que busca una nueva vivienda como si es un propietario que gestiona varias unidades, nuestra orientaci\u00f3n se adapta a sus necesidades.<\/li><li><strong>Servicios integrales<\/strong>: Nos ocupamos de todos los detalles, desde la comercializaci\u00f3n de las unidades disponibles para los propietarios hasta la ayuda a los inquilinos en los contratos de arrendamiento.<\/li><li><strong>Apoyo jur\u00eddico<\/strong>: Nos centramos en los contratos de arrendamiento y las interacciones inquilino alinearse con las leyes de alquiler de Quebec.<\/li><li><strong>Orientaci\u00f3n financiera<\/strong>: Planifique unos ingresos de alquiler estables o un presupuesto eficaz para su apartamento ideal.<\/li><\/ul>\t\t\t\t\t\t\t\t<\/div>\n\t\t\t\t<div data-dce-title-color=\"#54595F\" class=\"elementor-element elementor-element-8fc778c elementor-widget elementor-widget-heading\" data-id=\"8fc778c\" data-element_type=\"widget\" data-e-type=\"widget\" data-widget_type=\"heading.default\">\n\t\t\t\t\t<h3 class=\"elementor-heading-title elementor-size-default\">Consejos para alquilar o administrar apartamentos en Montreal<\/h3>\t\t\t\t<\/div>\n\t\t\t\t<div class=\"elementor-element elementor-element-96ead43 elementor-widget elementor-widget-text-editor\" data-id=\"96ead43\" data-element_type=\"widget\" data-e-type=\"widget\" data-widget_type=\"text-editor.default\">\n\t\t\t\t\t\t\t\t\t<ol><li><strong>Investigue el barrio<\/strong>: Aseg\u00farese de que la zona se ajusta a su estilo de vida o a las preferencias de los inquilinos, teniendo en cuenta factores como los servicios y el potencial de crecimiento futuro.<\/li><li><strong>Entender los contratos de arrendamiento<\/strong>: Lea la letra peque\u00f1a para evitar sorpresas. Los arrendadores deben asegurarse de que los contratos cumplen la normativa de Quebec.<\/li><li><strong>Establezca un presupuesto realista<\/strong>: Los inquilinos deben tener en cuenta el alquiler, los servicios p\u00fablicos y los posibles gastos de aparcamiento, mientras que los propietarios deben tener en cuenta el mantenimiento y los riesgos de desocupaci\u00f3n.<\/li><li><strong>Trabajar con corredores de confianza<\/strong>: Colaborar con <strong>Capital-B<\/strong> para simplificar el proceso y evitar los errores m\u00e1s comunes.<\/li><li><strong>Centrarse en el valor a largo plazo<\/strong>: Los inquilinos deben valorar la asequibilidad del alquiler, mientras que los propietarios deben dar prioridad a la satisfacci\u00f3n del inquilino para el \u00e9xito del arrendamiento a largo plazo.<\/li><\/ol>\t\t\t\t\t\t\t\t<\/div>\n\t\t\t\t<div data-dce-title-color=\"#54595F\" class=\"elementor-element elementor-element-cc9c1da elementor-widget elementor-widget-heading\" data-id=\"cc9c1da\" data-element_type=\"widget\" data-e-type=\"widget\" data-widget_type=\"heading.default\">\n\t\t\t\t\t<h3 class=\"elementor-heading-title elementor-size-default\">Preguntas frecuentes sobre el alquiler y la gesti\u00f3n de apartamentos en Montreal<\/h3>\t\t\t\t<\/div>\n\t\t\t\t<div class=\"elementor-element elementor-element-eea34b6 elementor-widget elementor-widget-text-editor\" data-id=\"eea34b6\" data-element_type=\"widget\" data-e-type=\"widget\" data-widget_type=\"text-editor.default\">\n\t\t\t\t\t\t\t\t\t<p><b>P1: \u00bfCu\u00e1l es el precio medio del alquiler de apartamentos en Montreal?<\/b><br \/>R: Los precios de los alquileres var\u00edan mucho en funci\u00f3n de la ubicaci\u00f3n, el tama\u00f1o y las caracter\u00edsticas. En 2024, el alquiler medio de un apartamento en Montreal suele partir de los 1.000 euros. <a href=\"https:\/\/www.centris.ca\/en\/blog\/real-estate\/average-rent-for-montreal-apartments-in-2024\" target=\"_blank\" rel=\"noopener noreferrer nofollow\">$1.831\/mes<\/a> para unidades de dos dormitorios, mientras que las opciones suburbanas pueden ser m\u00e1s asequibles.<\/p><p><b>P2: \u00bfC\u00f3mo gestionan los inquilinos las solicitudes de mantenimiento?<\/b><br \/>R: La mayor\u00eda de los edificios de apartamentos cuentan con equipos de mantenimiento o administradores de la propiedad. Los inquilinos deben consultar la pol\u00edtica de mantenimiento del edificio al firmar el contrato.<\/p><p><b>P3: \u00bfCu\u00e1nto tiempo se tarda en encontrar un apartamento adecuado en Montreal?<\/b><br \/>R: Dependiendo de sus necesidades y del mercado, puede tardar de unos d\u00edas a varias semanas. Nuestros expertos agilizan la b\u00fasqueda para ayudarte a encontrar r\u00e1pidamente la opci\u00f3n adecuada.<\/p><p><b>P4: \u00bfEs el alquiler de pisos una buena inversi\u00f3n para los propietarios?<\/b><br \/>R: \u00a1S\u00ed! Con una fuerte demanda y un potencial de ingresos por alquiler constante, el alquiler de apartamentos en Montreal puede ser una empresa rentable.<\/p><p><b>P5: \u00bfPuede Capital-B ayudar con la selecci\u00f3n de inquilinos o los contratos de alquiler?<\/b><br \/>R: \u00a1Por supuesto! Ofrecemos servicios completos de arrendamiento, como marketing, selecci\u00f3n de inquilinos y preparaci\u00f3n de contratos, para ayudar a los propietarios.<\/p>\t\t\t\t\t\t\t\t<\/div>\n\t\t\t\t<div data-dce-title-color=\"#54595F\" class=\"elementor-element elementor-element-b51ec52 elementor-widget elementor-widget-heading\" data-id=\"b51ec52\" data-element_type=\"widget\" data-e-type=\"widget\" data-widget_type=\"heading.default\">\n\t\t\t\t\t<h3 class=\"elementor-heading-title elementor-size-default\">\u00bfEst\u00e1 listo para mudarse? P\u00f3ngase en contacto con Capital-B hoy mismo.<\/h3>\t\t\t\t<\/div>\n\t\t\t\t<div class=\"elementor-element elementor-element-c1dcbb3 elementor-widget elementor-widget-text-editor\" data-id=\"c1dcbb3\" data-element_type=\"widget\" data-e-type=\"widget\" data-widget_type=\"text-editor.default\">\n\t\t\t\t\t\t\t\t\t<p>Tanto si busca su pr\u00f3xima casa de alquiler como si gestiona varios apartamentos, <strong>Capital-B<\/strong> es su agente de confianza en el mercado de alquiler de Montreal.<\/p>\n<p><strong>Ll\u00e1manos al <a href=\"tel:4388025000\">438.802.5000<\/a> <\/strong>o <a href=\"https:\/\/capital-b.ca\/es\/contactenos\/\"><strong>Contactanos<\/strong><\/a>&nbsp;\u00a1para encontrar su apartamento perfecto hoy mismo!<\/p>\t\t\t\t\t\t\t\t<\/div>\n\t\t\t\t<\/div>\n\t\t\t\t<\/div>\n\t\t<div class=\"has_ae_slider elementor-element elementor-element-0f244c3 e-ecs-flex e-flex e-con-boxed ae-bg-gallery-type-default e-con e-parent\" data-id=\"0f244c3\" data-element_type=\"container\" data-e-type=\"container\" data-settings=\"{&quot;ecs_container_type&quot;:&quot;flex&quot;}\">\n\t\t\t\t\t<div class=\"e-con-inner\">\n\t\t\t\t\t<\/div>\n\t\t\t\t<\/div>\n\t\t\t\t<\/div>","protected":false},"excerpt":{"rendered":"<p>Apartment Why Apartments Are a Smart Choice in Montreal Montreal\u2019s vibrant rental market makes apartments one of the most popular property types for tenants and landlords. Whether you&#8217;re looking to rent a trendy downtown unit or lease a family-friendly apartment in the suburbs, these properties offer flexibility, accessibility, and excellent value. With Montreal\u2019s diverse neighbourhoods, [&hellip;]<\/p>\n","protected":false},"author":1,"featured_media":0,"parent":0,"menu_order":3,"comment_status":"closed","ping_status":"closed","template":"","meta":{"_acf_changed":false,"footnotes":""},"class_list":["post-2988","page","type-page","status-publish","hentry"],"acf":[],"_links":{"self":[{"href":"https:\/\/capital-b.ca\/es\/wp-json\/wp\/v2\/pages\/2988","targetHints":{"allow":["GET"]}}],"collection":[{"href":"https:\/\/capital-b.ca\/es\/wp-json\/wp\/v2\/pages"}],"about":[{"href":"https:\/\/capital-b.ca\/es\/wp-json\/wp\/v2\/types\/page"}],"author":[{"embeddable":true,"href":"https:\/\/capital-b.ca\/es\/wp-json\/wp\/v2\/users\/1"}],"replies":[{"embeddable":true,"href":"https:\/\/capital-b.ca\/es\/wp-json\/wp\/v2\/comments?post=2988"}],"version-history":[{"count":38,"href":"https:\/\/capital-b.ca\/es\/wp-json\/wp\/v2\/pages\/2988\/revisions"}],"predecessor-version":[{"id":3468,"href":"https:\/\/capital-b.ca\/es\/wp-json\/wp\/v2\/pages\/2988\/revisions\/3468"}],"wp:attachment":[{"href":"https:\/\/capital-b.ca\/es\/wp-json\/wp\/v2\/media?parent=2988"}],"curies":[{"name":"wp","href":"https:\/\/api.w.org\/{rel}","templated":true}]}}