{"id":3003,"date":"2024-12-12T21:03:16","date_gmt":"2024-12-12T21:03:16","guid":{"rendered":"https:\/\/capital-b.ca\/?page_id=3003"},"modified":"2024-12-17T20:45:53","modified_gmt":"2024-12-17T20:45:53","slug":"transacciones-comerciales-fluidas-gracias-a-un-capital-de-experiencia-de-confianza-b","status":"publish","type":"page","link":"https:\/\/capital-b.ca\/es\/seamless-business-transactions-through-trusted-expertise-capital-b\/","title":{"rendered":"Transacciones comerciales fluidas gracias a una experiencia de confianza | Capital-B"},"content":{"rendered":"<div data-elementor-type=\"wp-page\" data-elementor-id=\"3003\" class=\"elementor elementor-3003\" data-elementor-post-type=\"page\">\n\t\t\t\t<div data-dce-background-overlay-image-url=\"https:\/\/capital-b.ca\/wp-content\/uploads\/2024\/12\/Manufacturing-business-Montreal.webp\" class=\"has_ae_slider elementor-element elementor-element-81f59ce e-con-full e-flex ae-bg-gallery-type-default e-con e-parent\" data-id=\"81f59ce\" data-element_type=\"container\" data-e-type=\"container\">\n\t\t\t\t<div class=\"elementor-element elementor-element-4ba300d elementor-widget__width-initial elementor-widget elementor-widget-heading\" data-id=\"4ba300d\" data-element_type=\"widget\" data-e-type=\"widget\" data-widget_type=\"heading.default\">\n\t\t\t\t\t<h1 class=\"elementor-heading-title elementor-size-default\">Comprar o vender una empresa<\/h1>\t\t\t\t<\/div>\n\t\t\t\t<\/div>\n\t\t<div class=\"has_ae_slider elementor-element elementor-element-40b1255 e-con-full e-flex ae-bg-gallery-type-default e-con e-parent\" data-id=\"40b1255\" data-element_type=\"container\" data-e-type=\"container\" data-settings=\"{&quot;background_background&quot;:&quot;classic&quot;}\">\n\t\t<div class=\"has_ae_slider elementor-element elementor-element-331bbec e-con-full e-flex ae-bg-gallery-type-default e-con e-child\" data-id=\"331bbec\" data-element_type=\"container\" data-e-type=\"container\" data-settings=\"{&quot;background_background&quot;:&quot;classic&quot;}\">\n\t\t\t\t<div data-dce-title-color=\"#54595F\" class=\"elementor-element elementor-element-41473c6 elementor-widget elementor-widget-heading\" data-id=\"41473c6\" data-element_type=\"widget\" data-e-type=\"widget\" data-widget_type=\"heading.default\">\n\t\t\t\t\t<h2 class=\"elementor-heading-title elementor-size-default\">Transacciones comerciales fluidas gracias a una experiencia de confianza | Capital-B<\/h2>\t\t\t\t<\/div>\n\t\t\t\t<div class=\"elementor-element elementor-element-35c5ec8 elementor-widget elementor-widget-text-editor\" data-id=\"35c5ec8\" data-element_type=\"widget\" data-e-type=\"widget\" data-widget_type=\"text-editor.default\">\n\t\t\t\t\t\t\t\t\t<p>Comprar o vender una empresa es un hito financiero y profesional importante. En <strong>Capital-B<\/strong>Comprendemos la complejidad del proceso y nos comprometemos a que su experiencia sea lo m\u00e1s fluida y satisfactoria posible. A trav\u00e9s de nuestra red de confianza de empresas de contabilidad especializadas en transacciones empresariales, ponemos en contacto a compradores y vendedores para facilitar que cada aspecto del proceso se gestione con precisi\u00f3n.<\/p>\t\t\t\t\t\t\t\t<\/div>\n\t\t\t\t<div data-dce-title-color=\"#54595F\" class=\"elementor-element elementor-element-a8d8f7b elementor-widget elementor-widget-heading\" data-id=\"a8d8f7b\" data-element_type=\"widget\" data-e-type=\"widget\" data-widget_type=\"heading.default\">\n\t\t\t\t\t<h3 class=\"elementor-heading-title elementor-size-default\">\u00bfQu\u00e9 es una transacci\u00f3n comercial?<\/h3>\t\t\t\t<\/div>\n\t\t\t\t<div class=\"elementor-element elementor-element-4db4e5a elementor-widget elementor-widget-text-editor\" data-id=\"4db4e5a\" data-element_type=\"widget\" data-e-type=\"widget\" data-widget_type=\"text-editor.default\">\n\t\t\t\t\t\t\t\t\t<p>Una transacci\u00f3n comercial implica la transferencia de la propiedad de una empresa existente, incluidos sus activos, operaciones y fondo de comercio. Tanto si desea vender su empresa como invertir en una nueva oportunidad, es esencial contar con los profesionales adecuados para guiar el proceso. En <strong>Capital-B<\/strong>Actuamos como su intermediario, poni\u00e9ndole en contacto con empresas de contabilidad especializadas en finanzas y transacciones.<\/p>\t\t\t\t\t\t\t\t<\/div>\n\t\t\t\t<div data-dce-title-color=\"#54595F\" class=\"elementor-element elementor-element-e06bbe0 elementor-widget elementor-widget-heading\" data-id=\"e06bbe0\" data-element_type=\"widget\" data-e-type=\"widget\" data-widget_type=\"heading.default\">\n\t\t\t\t\t<h3 class=\"elementor-heading-title elementor-size-default\">Ventajas de comprar o vender una empresa<\/h3>\t\t\t\t<\/div>\n\t\t\t\t<div class=\"elementor-element elementor-element-29704b0 elementor-widget elementor-widget-text-editor\" data-id=\"29704b0\" data-element_type=\"widget\" data-e-type=\"widget\" data-widget_type=\"text-editor.default\">\n\t\t\t\t\t\t\t\t\t<ol><li><strong>Oportunidad llave en mano<\/strong><br \/>Los compradores pueden adquirir una empresa operativa con clientes, marca y flujos de ingresos consolidados, lo que reduce los riesgos de la puesta en marcha.<\/li><li><strong>Liquidez para los vendedores<\/strong><br \/>Vender su empresa le permite rentabilizar a\u00f1os de esfuerzo y reinvertirlos en otras empresas o planes de jubilaci\u00f3n.<\/li><li><strong>Experiencia profesional<\/strong><br \/>Las transacciones gestionadas por profesionales favorecen el cumplimiento de la normativa financiera, jur\u00eddica y fiscal.<\/li><li><strong>Soluciones a medida<\/strong><br \/>Con el asesoramiento experto de los CPA, compradores y vendedores reciben estrategias personalizadas adaptadas a sus objetivos \u00fanicos.<\/li><li><strong>Eficacia<\/strong><br \/>Utilizar intermediarios de confianza como <strong>Capital-B<\/strong> acelera el proceso de transacci\u00f3n y minimiza las complicaciones.<\/li><\/ol>\t\t\t\t\t\t\t\t<\/div>\n\t\t\t\t<div data-dce-title-color=\"#54595F\" class=\"elementor-element elementor-element-42c5611 elementor-widget elementor-widget-heading\" data-id=\"42c5611\" data-element_type=\"widget\" data-e-type=\"widget\" data-widget_type=\"heading.default\">\n\t\t\t\t\t<h3 class=\"elementor-heading-title elementor-size-default\">Los retos de las transacciones comerciales<\/h3>\t\t\t\t<\/div>\n\t\t\t\t<div class=\"elementor-element elementor-element-7868f02 elementor-widget elementor-widget-text-editor\" data-id=\"7868f02\" data-element_type=\"widget\" data-e-type=\"widget\" data-widget_type=\"text-editor.default\">\n\t\t\t\t\t\t\t\t\t<ol><li><strong>Valoraci\u00f3n compleja<\/strong><br \/>Determinar el valor razonable de la empresa, incluidos los activos materiales e inmateriales, requiere conocimientos financieros especializados.<\/li><li><strong>Implicaciones jur\u00eddicas y fiscales<\/strong><br \/>Navegar por los contratos, el cumplimiento y las obligaciones fiscales puede resultar abrumador si no se cuenta con orientaci\u00f3n profesional.<\/li><li><strong>Confidencialidad<\/strong><br \/>Garantizar la privacidad de la informaci\u00f3n empresarial sensible durante las negociaciones es crucial.<\/li><li><strong>Conocimiento del mercado<\/strong><br \/>Comprender las condiciones actuales del mercado y la demanda de los compradores es esencial para fijar el precio adecuado o encontrar la oportunidad adecuada.<\/li><li><strong>Diligencia debida<\/strong><br \/>Los compradores deben evaluar a fondo la salud financiera, las operaciones y la situaci\u00f3n jur\u00eddica de una empresa antes de comprarla.<\/li><\/ol>\t\t\t\t\t\t\t\t<\/div>\n\t\t\t\t<div data-dce-title-color=\"#54595F\" class=\"elementor-element elementor-element-aff3d32 elementor-widget elementor-widget-heading\" data-id=\"aff3d32\" data-element_type=\"widget\" data-e-type=\"widget\" data-widget_type=\"heading.default\">\n\t\t\t\t\t<h3 class=\"elementor-heading-title elementor-size-default\">C\u00f3mo Capital-B y las empresas de contabilidad colaboran para usted<\/h3>\t\t\t\t<\/div>\n\t\t\t\t<div class=\"elementor-element elementor-element-abe338f elementor-widget elementor-widget-text-editor\" data-id=\"abe338f\" data-element_type=\"widget\" data-e-type=\"widget\" data-widget_type=\"text-editor.default\">\n\t\t\t\t\t\t\t\t\t<p>En <strong>Capital-B<\/strong>, actuamos como intermediarios, poni\u00e9ndole en contacto con nuestra red de confianza de empresas de contabilidad CPA especializadas en transacciones comerciales. Juntos, nos centramos en lograr que su experiencia de compra o venta sea \u00e1gil y exitosa.<\/p>\t\t\t\t\t\t\t\t<\/div>\n\t\t<div class=\"has_ae_slider elementor-element elementor-element-cb161d9 e-con-full e-flex ae-bg-gallery-type-default e-con e-child\" data-id=\"cb161d9\" data-element_type=\"container\" data-e-type=\"container\">\n\t\t\t\t<div class=\"elementor-element elementor-element-c6be994 elementor-widget__width-initial elementor-widget elementor-widget-text-editor\" data-id=\"c6be994\" data-element_type=\"widget\" data-e-type=\"widget\" data-widget_type=\"text-editor.default\">\n\t\t\t\t\t\t\t\t\t<p><strong>Para vendedores:<\/strong><\/p><ol><li><strong>Valoraci\u00f3n precisa de empresas<\/strong><br \/>Los contadores p\u00fablicos realizan un an\u00e1lisis exhaustivo de las finanzas, el fondo de comercio y la posici\u00f3n en el mercado de su empresa para determinar su valor real.<\/li><li><strong>Preparaci\u00f3n exhaustiva<\/strong><br \/>Con nuestra orientaci\u00f3n, los CPA ayudan a organizar los registros financieros, los contratos y los detalles operativos para asegurarse de que su empresa est\u00e1 lista para la venta.<\/li><li><strong>Conexiones con compradores espec\u00edficos<\/strong><br \/><strong>Capital-B<\/strong> le pone en contacto con compradores preseleccionados, garantizando la confidencialidad y reduciendo el tiempo en el mercado.<\/li><li><strong>Negociaciones de expertos<\/strong><br \/>Los CPA se ocupan de los aspectos financieros y jur\u00eddicos de las negociaciones, asegurando unas condiciones favorables para usted.<\/li><li><strong>Gesti\u00f3n de transacciones sin fisuras<\/strong><br \/>Desde las evaluaciones iniciales hasta el cierre, nos centramos en que cada paso se gestione con eficacia y transparencia.<\/li><\/ol>\t\t\t\t\t\t\t\t<\/div>\n\t\t\t\t<div class=\"elementor-element elementor-element-ab3b2fc elementor-widget__width-initial elementor-widget elementor-widget-text-editor\" data-id=\"ab3b2fc\" data-element_type=\"widget\" data-e-type=\"widget\" data-widget_type=\"text-editor.default\">\n\t\t\t\t\t\t\t\t\t<p><strong>Para compradores:<\/strong><\/p><ol><li><strong>Coincidencia de propiedades a medida<\/strong><br \/>Le ayudamos a encontrar negocios con inmuebles que se ajusten a sus objetivos, ya sea un d\u00e9panneur, un restaurante o una nave industrial.<\/li><li><strong>An\u00e1lisis detallado del mercado<\/strong><br \/>Comprenda el potencial financiero y de mercado de su inversi\u00f3n con informaci\u00f3n sobre el valor de la propiedad y el rendimiento empresarial.<\/li><li><strong>Orientaciones financieras<\/strong><br \/>Navegue por las complejas opciones de financiaci\u00f3n para la compra combinada de empresas e inmuebles con nuestro apoyo experto.<\/li><li><strong>Apoyo a la diligencia debida<\/strong><br \/>Eval\u00fae el cumplimiento de la zonificaci\u00f3n, los acuerdos con los inquilinos y la salud financiera con nuestros exhaustivos servicios de diligencia debida.<\/li><li><strong>Experiencia en negociaci\u00f3n<\/strong><br \/>Garantizamos condiciones favorables para su compra, asegur\u00e1ndonos de que obtiene el mejor valor tanto para el negocio como para el inmueble.<\/li><\/ol>\t\t\t\t\t\t\t\t<\/div>\n\t\t\t\t<\/div>\n\t\t\t\t<div data-dce-title-color=\"#54595F\" class=\"elementor-element elementor-element-5c06318 elementor-widget elementor-widget-heading\" data-id=\"5c06318\" data-element_type=\"widget\" data-e-type=\"widget\" data-widget_type=\"heading.default\">\n\t\t\t\t\t<h3 class=\"elementor-heading-title elementor-size-default\">Consejos para una transacci\u00f3n comercial exitosa<\/h3>\t\t\t\t<\/div>\n\t\t\t\t<div class=\"elementor-element elementor-element-61719f1 elementor-widget elementor-widget-text-editor\" data-id=\"61719f1\" data-element_type=\"widget\" data-e-type=\"widget\" data-widget_type=\"text-editor.default\">\n\t\t\t\t\t\t\t\t\t<ol>\n<li><strong>Prep\u00e1rese a fondo<\/strong><br>Los vendedores deben organizar por adelantado los registros financieros, los contratos de los empleados y los documentos operativos.<\/li>\n<li><strong>Comprender el proceso de valoraci\u00f3n<\/strong><br>Trabaje con profesionales para asegurarse de que la valoraci\u00f3n de la empresa es exacta y justa.<\/li>\n<li><strong>Realizar la diligencia debida<\/strong><br>Los compradores deben evaluar los resultados financieros, la posici\u00f3n en el mercado y la estabilidad operativa antes de comprar.<\/li>\n<li><strong>Mantener la confidencialidad<\/strong><br>Proteja la informaci\u00f3n confidencial durante el proceso de transacci\u00f3n para evitar interrupciones en el negocio.<\/li>\n<li><strong>Colaborar con profesionales<\/strong><br>Trabajar con <strong>Capital-B<\/strong> le ayuda a realizar una transacci\u00f3n fluida y bien respaldada.<\/li>\n<\/ol>\t\t\t\t\t\t\t\t<\/div>\n\t\t\t\t<div data-dce-title-color=\"#54595F\" class=\"elementor-element elementor-element-c4eea1f elementor-widget elementor-widget-heading\" data-id=\"c4eea1f\" data-element_type=\"widget\" data-e-type=\"widget\" data-widget_type=\"heading.default\">\n\t\t\t\t\t<h3 class=\"elementor-heading-title elementor-size-default\">Preguntas frecuentes sobre transacciones comerciales<\/h3>\t\t\t\t<\/div>\n\t\t\t\t<div class=\"elementor-element elementor-element-8b3e585 elementor-widget elementor-widget-text-editor\" data-id=\"8b3e585\" data-element_type=\"widget\" data-e-type=\"widget\" data-widget_type=\"text-editor.default\">\n\t\t\t\t\t\t\t\t\t<p><strong>P: \u00bfCon qu\u00e9 tipo de empresas trabajan?<\/strong><br \/>R: Trabajamos con una amplia gama de empresas, como d\u00e9panneurs, restaurantes, comercios minoristas y empresas de servicios profesionales.<\/p><p><strong>P: \u00bfC\u00f3mo se determina el valor de una empresa?<\/strong><br \/>R: La valoraci\u00f3n tiene en cuenta los resultados financieros, los activos tangibles e intangibles, la demanda del mercado y el potencial de crecimiento.<\/p><p><strong>P: \u00bfQu\u00e9 papel desempe\u00f1a una empresa de contabilidad en el proceso?<\/strong><br \/>R: Experiencia a nivel de CPA en valoraciones, evaluaciones financieras, estrategias fiscales y cumplimiento de transacciones.<\/p><p><strong>P: \u00bfPueden ayudarme a financiar la compra de una empresa?<\/strong><br \/>R: S\u00ed, ofrecemos asesoramiento sobre opciones de financiaci\u00f3n y ayudamos a estructurar acuerdos que se adapten a sus necesidades financieras.<\/p><p><strong>P: \u00bfCu\u00e1nto dura una transacci\u00f3n comercial?<\/strong><br \/>R: Los plazos var\u00edan en funci\u00f3n de la complejidad de la transacci\u00f3n, pero trabajar con <strong>Capital-B<\/strong> ayudar a conseguir un proceso eficiente.<\/p>\t\t\t\t\t\t\t\t<\/div>\n\t\t\t\t<div data-dce-title-color=\"#54595F\" class=\"elementor-element elementor-element-a31569d elementor-widget elementor-widget-heading\" data-id=\"a31569d\" data-element_type=\"widget\" data-e-type=\"widget\" data-widget_type=\"heading.default\">\n\t\t\t\t\t<h3 class=\"elementor-heading-title elementor-size-default\">P\u00f3ngase en contacto con Capital-B<\/h3>\t\t\t\t<\/div>\n\t\t\t\t<div class=\"elementor-element elementor-element-a70be51 elementor-widget elementor-widget-text-editor\" data-id=\"a70be51\" data-element_type=\"widget\" data-e-type=\"widget\" data-widget_type=\"text-editor.default\">\n\t\t\t\t\t\t\t\t\t<p>\u00bfEst\u00e1 listo para comprar o vender un negocio en Quebec? En <strong>Capital-B<\/strong>Si lo desea, le ponemos en contacto con firmas de CPA de confianza, facilit\u00e1ndole orientaci\u00f3n experta y apoyo personalizado a lo largo de su transacci\u00f3n. Hagamos que su pr\u00f3ximo movimiento sea rentable.<\/p><p><strong>Ll\u00e1manos al <a href=\"tel:4388025000\">438.802.5000<\/a><\/strong> o <a href=\"https:\/\/capital-b.ca\/es\/contactenos\/\"><strong>Contactanos<\/strong><\/a> para iniciar hoy mismo su transacci\u00f3n comercial.<\/p>\t\t\t\t\t\t\t\t<\/div>\n\t\t\t\t<\/div>\n\t\t\t\t<\/div>\n\t\t<div class=\"has_ae_slider elementor-element elementor-element-0dd3a50 e-flex e-con-boxed ae-bg-gallery-type-default e-con e-parent\" data-id=\"0dd3a50\" data-element_type=\"container\" data-e-type=\"container\">\n\t\t\t\t\t<div class=\"e-con-inner\">\n\t\t\t\t\t<\/div>\n\t\t\t\t<\/div>\n\t\t\t\t<\/div>","protected":false},"excerpt":{"rendered":"<p>Buying or Selling a Business Seamless Business Transactions Through Trusted Expertise | Capital-B Buying or selling a business is a significant financial and professional milestone. At Capital-B, we understand the complexities involved and are committed to making your experience as smooth and successful as possible. Through our trusted network of accounting firms specializing in business [&hellip;]<\/p>\n","protected":false},"author":1,"featured_media":0,"parent":0,"menu_order":21,"comment_status":"closed","ping_status":"closed","template":"","meta":{"_acf_changed":false,"footnotes":""},"class_list":["post-3003","page","type-page","status-publish","hentry"],"acf":[],"aioseo_notices":[],"_links":{"self":[{"href":"https:\/\/capital-b.ca\/es\/wp-json\/wp\/v2\/pages\/3003","targetHints":{"allow":["GET"]}}],"collection":[{"href":"https:\/\/capital-b.ca\/es\/wp-json\/wp\/v2\/pages"}],"about":[{"href":"https:\/\/capital-b.ca\/es\/wp-json\/wp\/v2\/types\/page"}],"author":[{"embeddable":true,"href":"https:\/\/capital-b.ca\/es\/wp-json\/wp\/v2\/users\/1"}],"replies":[{"embeddable":true,"href":"https:\/\/capital-b.ca\/es\/wp-json\/wp\/v2\/comments?post=3003"}],"version-history":[{"count":20,"href":"https:\/\/capital-b.ca\/es\/wp-json\/wp\/v2\/pages\/3003\/revisions"}],"predecessor-version":[{"id":3529,"href":"https:\/\/capital-b.ca\/es\/wp-json\/wp\/v2\/pages\/3003\/revisions\/3529"}],"wp:attachment":[{"href":"https:\/\/capital-b.ca\/es\/wp-json\/wp\/v2\/media?parent=3003"}],"curies":[{"name":"wp","href":"https:\/\/api.w.org\/{rel}","templated":true}]}}