{"id":3070,"date":"2024-12-13T00:39:27","date_gmt":"2024-12-13T00:39:27","guid":{"rendered":"https:\/\/capital-b.ca\/?page_id=3070"},"modified":"2024-12-17T20:22:29","modified_gmt":"2024-12-17T20:22:29","slug":"compre-o-venda-inmuebles-comerciales-en-montreal-con-confianza-capital-b","status":"publish","type":"page","link":"https:\/\/capital-b.ca\/es\/buy-or-sell-retail-properties-in-montreal-with-confidence-capital-b\/","title":{"rendered":"Compre o venda inmuebles comerciales en Montreal con confianza | Capital-B"},"content":{"rendered":"<div data-elementor-type=\"wp-page\" data-elementor-id=\"3070\" class=\"elementor elementor-3070\" data-elementor-post-type=\"page\">\n\t\t\t\t<div data-dce-background-overlay-image-url=\"https:\/\/capital-b.ca\/wp-content\/uploads\/2024\/12\/Clothes-retail-store.webp\" class=\"has_ae_slider elementor-element elementor-element-0a12d4c e-con-full e-flex ae-bg-gallery-type-default e-con e-parent\" data-id=\"0a12d4c\" data-element_type=\"container\" data-e-type=\"container\">\n\t\t\t\t<div class=\"elementor-element elementor-element-b3afc3d elementor-widget__width-initial elementor-widget elementor-widget-heading\" data-id=\"b3afc3d\" data-element_type=\"widget\" data-e-type=\"widget\" data-widget_type=\"heading.default\">\n\t\t\t\t\t<h1 class=\"elementor-heading-title elementor-size-default\">Espacio comercial<\/h1>\t\t\t\t<\/div>\n\t\t\t\t<\/div>\n\t\t<div class=\"has_ae_slider elementor-element elementor-element-53fa6b8 e-con-full e-flex ae-bg-gallery-type-default e-con e-parent\" data-id=\"53fa6b8\" data-element_type=\"container\" data-e-type=\"container\" data-settings=\"{&quot;background_background&quot;:&quot;classic&quot;}\">\n\t\t<div class=\"has_ae_slider elementor-element elementor-element-8141cc1 e-con-full e-flex ae-bg-gallery-type-default e-con e-child\" data-id=\"8141cc1\" data-element_type=\"container\" data-e-type=\"container\" data-settings=\"{&quot;background_background&quot;:&quot;classic&quot;}\">\n\t\t\t\t<div data-dce-title-color=\"#54595F\" class=\"elementor-element elementor-element-59c7d71 elementor-widget elementor-widget-heading\" data-id=\"59c7d71\" data-element_type=\"widget\" data-e-type=\"widget\" data-widget_type=\"heading.default\">\n\t\t\t\t\t<h2 class=\"elementor-heading-title elementor-size-default\">Descubra el \u00e9xito de los locales comerciales en Montreal<\/h2>\t\t\t\t<\/div>\n\t\t\t\t<div class=\"elementor-element elementor-element-4dcd272 elementor-widget elementor-widget-text-editor\" data-id=\"4dcd272\" data-element_type=\"widget\" data-e-type=\"widget\" data-widget_type=\"text-editor.default\">\n\t\t\t\t\t\t\t\t\t<p>\u00bfDesea comprar o vender locales comerciales en Montreal? Ya sea que est\u00e9 expandiendo su negocio o listo para vender su espacio comercial, las propiedades comerciales ofrecen oportunidades excepcionales para los due\u00f1os de negocios. Con su vibrante econom\u00eda y sus diversos barrios, Montreal es la ciudad perfecta para invertir o desinvertir en inmuebles comerciales.<\/p><p>En <strong>Capital-B<\/strong>Hacemos que las transacciones de propiedades comerciales sean fluidas y rentables. Con nuestra experiencia en el mercado inmobiliario de Montreal, ayudamos a los propietarios de negocios como usted a navegar por las complejidades de la compra o venta de espacios comerciales con facilidad.<\/p>\t\t\t\t\t\t\t\t<\/div>\n\t\t\t\t<div data-dce-title-color=\"#54595F\" class=\"elementor-element elementor-element-fbb99dd elementor-widget elementor-widget-heading\" data-id=\"fbb99dd\" data-element_type=\"widget\" data-e-type=\"widget\" data-widget_type=\"heading.default\">\n\t\t\t\t\t<h3 class=\"elementor-heading-title elementor-size-default\">\u00bfQu\u00e9 son los inmuebles comerciales?<\/h3>\t\t\t\t<\/div>\n\t\t\t\t<div class=\"elementor-element elementor-element-7c84199 elementor-widget elementor-widget-text-editor\" data-id=\"7c84199\" data-element_type=\"widget\" data-e-type=\"widget\" data-widget_type=\"text-editor.default\">\n\t\t\t\t\t\t\t\t\t<p>Los locales comerciales son espacios destinados a negocios que venden productos o servicios directamente a los consumidores. Algunos ejemplos son escaparates, centros comerciales, boutiques y complejos multiusos. Suelen estar estrat\u00e9gicamente situados en zonas de mucho tr\u00e1fico, lo que los convierte en activos valiosos para las empresas que buscan visibilidad y accesibilidad para sus clientes.<\/p><p>Lo que hace \u00fanicos a los inmuebles comerciales es su capacidad para generar ingresos constantes y adaptarse a la evoluci\u00f3n de las tendencias del mercado, especialmente en una ciudad din\u00e1mica como Montreal.<\/p>\t\t\t\t\t\t\t\t<\/div>\n\t\t\t\t<div data-dce-title-color=\"#54595F\" class=\"elementor-element elementor-element-5bbe29b elementor-widget elementor-widget-heading\" data-id=\"5bbe29b\" data-element_type=\"widget\" data-e-type=\"widget\" data-widget_type=\"heading.default\">\n\t\t\t\t\t<h3 class=\"elementor-heading-title elementor-size-default\">Ventajas de comprar o vender inmuebles comerciales<\/h3>\t\t\t\t<\/div>\n\t\t<div class=\"has_ae_slider elementor-element elementor-element-017e12d e-con-full e-flex ae-bg-gallery-type-default e-con e-child\" data-id=\"017e12d\" data-element_type=\"container\" data-e-type=\"container\">\n\t\t\t\t<div class=\"elementor-element elementor-element-fce776b elementor-widget__width-initial elementor-widget elementor-widget-text-editor\" data-id=\"fce776b\" data-element_type=\"widget\" data-e-type=\"widget\" data-widget_type=\"text-editor.default\">\n\t\t\t\t\t\t\t\t\t<p><strong>Para compradores:<\/strong><\/p><ol><li><strong>Ubicaciones privilegiadas<\/strong><br \/>Los locales comerciales de Montreal suelen tener ubicaciones estrat\u00e9gicas con gran visibilidad y tr\u00e1fico peatonal, lo que aumenta las probabilidades de \u00e9xito del negocio.<\/li><li><strong>Potencial de ingresos estable<\/strong><br \/>Tanto si gestionas tu propio negocio como si alquilas el espacio, los locales comerciales pueden generar ingresos fiables a largo plazo.<\/li><li><strong>Opciones diversas<\/strong><br \/>Montreal ofrece una gran variedad de locales comerciales, desde bulliciosos escaparates en el centro hasta espacios boutique en barrios de moda.<\/li><li><strong>Propiedad de activos materiales<\/strong><br \/>Invertir en propiedades comerciales le proporciona un activo f\u00edsico que se revaloriza con el tiempo, proporcion\u00e1ndole seguridad financiera a largo plazo.<\/li><li><strong>Oportunidades de personalizaci\u00f3n<\/strong><br \/>Los espacios comerciales pueden adaptarse a las necesidades de su marca, garantizando una experiencia personalizada al cliente.<\/li><\/ol>\t\t\t\t\t\t\t\t<\/div>\n\t\t\t\t<div class=\"elementor-element elementor-element-5c2b454 elementor-widget__width-inherit elementor-widget elementor-widget-image\" data-id=\"5c2b454\" data-element_type=\"widget\" data-e-type=\"widget\" data-widget_type=\"image.default\">\n\t\t\t\t\t\t\t\t\t\t\t\t\t\t\t<img fetchpriority=\"high\" decoding=\"async\" width=\"678\" height=\"1024\" src=\"https:\/\/capital-b.ca\/wp-content\/uploads\/2024\/12\/Retail-sotre-in-Montreal-678x1024.webp\" class=\"attachment-large size-large wp-image-3071\" alt=\"Tienda en Montreal\" srcset=\"https:\/\/capital-b.ca\/wp-content\/uploads\/2024\/12\/Retail-sotre-in-Montreal-678x1024.webp 678w, https:\/\/capital-b.ca\/wp-content\/uploads\/2024\/12\/Retail-sotre-in-Montreal-199x300.webp 199w, https:\/\/capital-b.ca\/wp-content\/uploads\/2024\/12\/Retail-sotre-in-Montreal-768x1159.webp 768w, https:\/\/capital-b.ca\/wp-content\/uploads\/2024\/12\/Retail-sotre-in-Montreal-8x12.webp 8w, https:\/\/capital-b.ca\/wp-content\/uploads\/2024\/12\/Retail-sotre-in-Montreal.webp 795w\" sizes=\"(max-width: 678px) 100vw, 678px\" \/>\t\t\t\t\t\t\t\t\t\t\t\t\t\t\t<\/div>\n\t\t\t\t<\/div>\n\t\t<div class=\"has_ae_slider elementor-element elementor-element-b140422 e-con-full e-flex ae-bg-gallery-type-default e-con e-child\" data-id=\"b140422\" data-element_type=\"container\" data-e-type=\"container\">\n\t\t\t\t<div class=\"elementor-element elementor-element-39c6f9a elementor-widget__width-initial elementor-widget elementor-widget-text-editor\" data-id=\"39c6f9a\" data-element_type=\"widget\" data-e-type=\"widget\" data-widget_type=\"text-editor.default\">\n\t\t\t\t\t\t\t\t\t<p><strong>Para vendedores:<\/strong><\/p><ol><li><strong>Equidad maximizada<\/strong><br \/>Vender un local comercial le permite desbloquear el valor de su inversi\u00f3n y reinvertirlo en otras empresas o proyectos.<\/li><li><strong>Aumento de la demanda<\/strong><br \/>La econom\u00eda de Montreal impulsa la demanda de buenos espacios comerciales, lo que facilita atraer a compradores serios.<\/li><li><strong>Oportunidades de marketing estrat\u00e9gico<\/strong><br \/>Los locales comerciales se benefician de estrategias de marketing espec\u00edficas que atraen a los compradores que buscan inversiones comerciales.<\/li><li><strong>Rentabilidad<\/strong><br \/>Los inmuebles comerciales situados en zonas atractivas suelen alcanzar precios competitivos, lo que garantiza una venta rentable.<\/li><li><strong>Orientaci\u00f3n profesional<\/strong><br \/>Con el agente inmobiliario adecuado, podr\u00e1 navegar por las negociaciones y los tr\u00e1mites legales con facilidad, maximizando el valor de su propiedad.<\/li><\/ol>\t\t\t\t\t\t\t\t<\/div>\n\t\t\t\t<div class=\"elementor-element elementor-element-e15bb8d elementor-widget__width-inherit elementor-widget elementor-widget-image\" data-id=\"e15bb8d\" data-element_type=\"widget\" data-e-type=\"widget\" data-widget_type=\"image.default\">\n\t\t\t\t\t\t\t\t\t\t\t\t\t\t\t<img decoding=\"async\" width=\"678\" height=\"1024\" src=\"https:\/\/capital-b.ca\/wp-content\/uploads\/2024\/12\/Retail-store-furniture-and-deco-678x1024.webp\" class=\"attachment-large size-large wp-image-3072\" alt=\"\" srcset=\"https:\/\/capital-b.ca\/wp-content\/uploads\/2024\/12\/Retail-store-furniture-and-deco-678x1024.webp 678w, https:\/\/capital-b.ca\/wp-content\/uploads\/2024\/12\/Retail-store-furniture-and-deco-199x300.webp 199w, https:\/\/capital-b.ca\/wp-content\/uploads\/2024\/12\/Retail-store-furniture-and-deco-768x1159.webp 768w, https:\/\/capital-b.ca\/wp-content\/uploads\/2024\/12\/Retail-store-furniture-and-deco-8x12.webp 8w, https:\/\/capital-b.ca\/wp-content\/uploads\/2024\/12\/Retail-store-furniture-and-deco.webp 795w\" sizes=\"(max-width: 678px) 100vw, 678px\" \/>\t\t\t\t\t\t\t\t\t\t\t\t\t\t\t<\/div>\n\t\t\t\t<\/div>\n\t\t\t\t<div data-dce-title-color=\"#54595F\" class=\"elementor-element elementor-element-5443e91 elementor-widget elementor-widget-heading\" data-id=\"5443e91\" data-element_type=\"widget\" data-e-type=\"widget\" data-widget_type=\"heading.default\">\n\t\t\t\t\t<h3 class=\"elementor-heading-title elementor-size-default\">Retos de la compra o venta de inmuebles comerciales (y c\u00f3mo le ayudamos)<\/h3>\t\t\t\t<\/div>\n\t\t\t\t<div class=\"elementor-element elementor-element-874e594 elementor-widget elementor-widget-text-editor\" data-id=\"874e594\" data-element_type=\"widget\" data-e-type=\"widget\" data-widget_type=\"text-editor.default\">\n\t\t\t\t\t\t\t\t\t<ol><li><strong>Valoraciones complejas<\/strong><br \/>Determinar el verdadero valor de mercado de los inmuebles comerciales puede resultar complicado.<br \/><em>C\u00f3mo ayudamos<\/em>: Nuestro equipo realiza an\u00e1lisis de mercado y evaluaciones financieras para proporcionar una opini\u00f3n fiable del valor.<\/li><li><strong>Cumplimiento de la normativa<\/strong><br \/>Las leyes de zonificaci\u00f3n, los permisos y otras normativas pueden complicar las transacciones.<br \/><em>C\u00f3mo ayudamos<\/em>: <strong>Capital-B<\/strong> ofrece orientaci\u00f3n para ayudarle a cumplir la legislaci\u00f3n local.<\/li><li><strong>Competencia en el mercado<\/strong><br \/>Los locales comerciales de gran demanda pueden atraer a varios compradores, lo que dificulta las negociaciones.<br \/><em>C\u00f3mo ayudamos<\/em>: Nuestros h\u00e1biles negociadores garantizan condiciones favorables tanto para compradores como para vendedores.<\/li><li><strong>Costes de personalizaci\u00f3n<\/strong><br \/>Los compradores pueden tener que hacer frente a costes adicionales para adaptar los espacios a sus necesidades.<br \/><em>C\u00f3mo ayudamos<\/em>: Le ayudamos a evaluar las propiedades que se ajustan a sus objetivos, minimizando los gastos de renovaci\u00f3n.<\/li><li><strong>Transacciones que consumen tiempo<\/strong><br \/>Desde el papeleo hasta las inspecciones, el proceso puede resultar abrumador.<br \/><em>C\u00f3mo ayudamos<\/em>: Gestionamos todos los detalles para garantizar una transacci\u00f3n fluida y eficaz.<\/li><\/ol>\t\t\t\t\t\t\t\t<\/div>\n\t\t\t\t<div data-dce-title-color=\"#54595F\" class=\"elementor-element elementor-element-cd7305b elementor-widget elementor-widget-heading\" data-id=\"cd7305b\" data-element_type=\"widget\" data-e-type=\"widget\" data-widget_type=\"heading.default\">\n\t\t\t\t\t<h3 class=\"elementor-heading-title elementor-size-default\">\u00bfPor qu\u00e9 elegir Capital-B para inmuebles comerciales en Montreal?<\/h3>\t\t\t\t<\/div>\n\t\t\t\t<div class=\"elementor-element elementor-element-a412c05 elementor-widget elementor-widget-text-editor\" data-id=\"a412c05\" data-element_type=\"widget\" data-e-type=\"widget\" data-widget_type=\"text-editor.default\">\n\t\t\t\t\t\t\t\t\t<p>En <strong>Capital-B<\/strong>Estamos especializados en ayudar a los propietarios de negocios a triunfar en el competitivo mercado inmobiliario minorista. As\u00ed es como marcamos la diferencia:<\/p><ul><li><strong>Conocimientos expertos del mercado<\/strong>: Aproveche nuestro profundo conocimiento del mercado minorista de Montreal, incluidas las tendencias de precios y las ubicaciones privilegiadas.<\/li><li><strong>Orientaci\u00f3n personalizada<\/strong>: Personalizamos nuestro enfoque para adaptarlo a sus objetivos empresariales, tanto si compra como si vende.<\/li><li><strong>Conocimientos financieros<\/strong>: Nuestro equipo eval\u00faa el potencial financiero de los inmuebles comerciales, garantizando que su inversi\u00f3n se ajusta a sus objetivos.<\/li><li><strong>Marketing integral<\/strong>: Para los vendedores, empleamos campa\u00f1as espec\u00edficas utilizando fotograf\u00eda profesional, visitas virtuales y plataformas en l\u00ednea para maximizar la visibilidad.<\/li><li><strong>Experiencia en negociaci\u00f3n<\/strong>: Defendemos sus intereses, asegurando las mejores condiciones posibles en cada transacci\u00f3n.<\/li><li><strong>Asistencia integral<\/strong>: Desde las consultas iniciales hasta los cierres finales, nos encargamos de cada paso del proceso, para que usted pueda centrarse en su negocio.<\/li><\/ul>\t\t\t\t\t\t\t\t<\/div>\n\t\t\t\t<div data-dce-title-color=\"#54595F\" class=\"elementor-element elementor-element-f594d65 elementor-widget elementor-widget-heading\" data-id=\"f594d65\" data-element_type=\"widget\" data-e-type=\"widget\" data-widget_type=\"heading.default\">\n\t\t\t\t\t<h3 class=\"elementor-heading-title elementor-size-default\">Consejos para vender con \u00e9xito<\/h3>\t\t\t\t<\/div>\n\t\t\t\t<div class=\"elementor-element elementor-element-5677368 elementor-widget elementor-widget-text-editor\" data-id=\"5677368\" data-element_type=\"widget\" data-e-type=\"widget\" data-widget_type=\"text-editor.default\">\n\t\t\t\t\t\t\t\t\t<ol><li><strong>Investigar el mercado<\/strong><br \/>Comprender las tendencias del mercado inmobiliario minorista de Montreal, incluida la demanda en barrios espec\u00edficos.<\/li><li><strong>Evaluar cuidadosamente la ubicaci\u00f3n<\/strong><br \/>Busque zonas con gran visibilidad, accesibilidad y afluencia de clientes.<\/li><li><strong>Evaluar el potencial financiero<\/strong><br \/>Los compradores deben analizar el potencial de ingresos, mientras que los vendedores deben optimizar el valor de la propiedad mediante mejoras o reparaciones.<\/li><li><strong>Comprender las normas de zonificaci\u00f3n<\/strong><br \/>Aseg\u00farese de que el inmueble se ajusta a sus necesidades empresariales o a las tendencias del mercado.<\/li><li><strong>Trabajar con profesionales<\/strong><br \/>Trabaje con agentes experimentados como <strong>Capital-B<\/strong> para sortear las complejidades y maximizar el \u00e9xito.<\/li><\/ol>\t\t\t\t\t\t\t\t<\/div>\n\t\t\t\t<div data-dce-title-color=\"#54595F\" class=\"elementor-element elementor-element-b2f9b02 elementor-widget elementor-widget-heading\" data-id=\"b2f9b02\" data-element_type=\"widget\" data-e-type=\"widget\" data-widget_type=\"heading.default\">\n\t\t\t\t\t<h3 class=\"elementor-heading-title elementor-size-default\">Preguntas frecuentes sobre inmuebles comerciales en Montreal<\/h3>\t\t\t\t<\/div>\n\t\t\t\t<div class=\"elementor-element elementor-element-b77622a elementor-widget elementor-widget-text-editor\" data-id=\"b77622a\" data-element_type=\"widget\" data-e-type=\"widget\" data-widget_type=\"text-editor.default\">\n\t\t\t\t\t\t\t\t\t<p><strong>P1: \u00bfC\u00f3mo se determina el valor de un local comercial?<\/strong><br \/>R: El valor de los inmuebles comerciales depende de factores como la ubicaci\u00f3n, el tama\u00f1o, el estado y la demanda del mercado. Nuestro equipo ofrece opiniones detalladas sobre el valor para orientar sus decisiones.<\/p><p><strong>P2: \u00bfExisten opciones de financiaci\u00f3n para los compradores de inmuebles comerciales?<\/strong><br \/>R: S\u00ed, existen varias opciones, incluidos los pr\u00e9stamos comerciales y la financiaci\u00f3n de inversiones. Te ayudaremos a explorar las mejores soluciones para tus necesidades.<\/p><p><strong>P3: \u00bfPuedo alquilar un local comercial mientras lo vendo?<\/strong><br \/>R: \u00a1Por supuesto! Arrendar mientras se vende puede generar ingresos a la vez que atrae a posibles compradores. Podemos ayudarle con la gesti\u00f3n de inquilinos durante este tiempo.<\/p>\t\t\t\t\t\t\t\t<\/div>\n\t\t\t\t<div data-dce-title-color=\"#54595F\" class=\"elementor-element elementor-element-5b2b18b elementor-widget elementor-widget-heading\" data-id=\"5b2b18b\" data-element_type=\"widget\" data-e-type=\"widget\" data-widget_type=\"heading.default\">\n\t\t\t\t\t<h3 class=\"elementor-heading-title elementor-size-default\">Empecemos<\/h3>\t\t\t\t<\/div>\n\t\t\t\t<div class=\"elementor-element elementor-element-709ab93 elementor-widget elementor-widget-text-editor\" data-id=\"709ab93\" data-element_type=\"widget\" data-e-type=\"widget\" data-widget_type=\"text-editor.default\">\n\t\t\t\t\t\t\t\t\t<p>Tanto si compra su primer local comercial como si vende el que ya tiene, <strong>Capital-B<\/strong> est\u00e1 aqu\u00ed para ayudarle. Deje que nuestro equipo de agentes experimentados le gu\u00ede a lo largo del proceso, garantizando una transacci\u00f3n fluida y satisfactoria.<\/p><p><strong><a href=\"https:\/\/capital-b.ca\/es\/contactenos\/\">Contactanos<\/a> hoy en <a href=\"tel:4388025000\">438.802.5000<\/a><\/strong> para concertar una cita y dar el primer paso hacia sus objetivos inmobiliarios.<\/p>\t\t\t\t\t\t\t\t<\/div>\n\t\t\t\t<\/div>\n\t\t\t\t<\/div>\n\t\t<div class=\"has_ae_slider elementor-element elementor-element-6d7f217 e-flex e-con-boxed ae-bg-gallery-type-default e-con e-parent\" data-id=\"6d7f217\" data-element_type=\"container\" data-e-type=\"container\">\n\t\t\t\t\t<div class=\"e-con-inner\">\n\t\t\t\t\t<\/div>\n\t\t\t\t<\/div>\n\t\t\t\t<\/div>","protected":false},"excerpt":{"rendered":"<p>Retail Space Discover Retail Property Success in Montreal Looking to buy or sell retail properties in Montreal? Whether you\u2019re expanding your business or ready to sell your commercial space, retail properties offer exceptional opportunities for business owners. With its vibrant economy and diverse neighborhoods, Montreal is the perfect city to invest in or divest from [&hellip;]<\/p>\n","protected":false},"author":1,"featured_media":0,"parent":0,"menu_order":2,"comment_status":"closed","ping_status":"closed","template":"","meta":{"_acf_changed":false,"footnotes":""},"class_list":["post-3070","page","type-page","status-publish","hentry"],"acf":[],"aioseo_notices":[],"_links":{"self":[{"href":"https:\/\/capital-b.ca\/es\/wp-json\/wp\/v2\/pages\/3070","targetHints":{"allow":["GET"]}}],"collection":[{"href":"https:\/\/capital-b.ca\/es\/wp-json\/wp\/v2\/pages"}],"about":[{"href":"https:\/\/capital-b.ca\/es\/wp-json\/wp\/v2\/types\/page"}],"author":[{"embeddable":true,"href":"https:\/\/capital-b.ca\/es\/wp-json\/wp\/v2\/users\/1"}],"replies":[{"embeddable":true,"href":"https:\/\/capital-b.ca\/es\/wp-json\/wp\/v2\/comments?post=3070"}],"version-history":[{"count":22,"href":"https:\/\/capital-b.ca\/es\/wp-json\/wp\/v2\/pages\/3070\/revisions"}],"predecessor-version":[{"id":3495,"href":"https:\/\/capital-b.ca\/es\/wp-json\/wp\/v2\/pages\/3070\/revisions\/3495"}],"wp:attachment":[{"href":"https:\/\/capital-b.ca\/es\/wp-json\/wp\/v2\/media?parent=3070"}],"curies":[{"name":"wp","href":"https:\/\/api.w.org\/{rel}","templated":true}]}}