{"id":2360,"date":"2024-11-27T18:20:24","date_gmt":"2024-11-27T18:20:24","guid":{"rendered":"https:\/\/capital-b.ca\/?page_id=2360"},"modified":"2024-12-17T01:22:40","modified_gmt":"2024-12-17T01:22:40","slug":"copropriete","status":"publish","type":"page","link":"https:\/\/capital-b.ca\/fr\/condo\/","title":{"rendered":"Trouvez le condo de vos r\u00eaves \u00e0 Montr\u00e9al | Capital-B"},"content":{"rendered":"<div data-elementor-type=\"wp-page\" data-elementor-id=\"2360\" class=\"elementor elementor-2360\" data-elementor-post-type=\"page\">\n\t\t\t\t<div data-dce-background-overlay-image-url=\"https:\/\/capital-b.ca\/wp-content\/uploads\/2024\/11\/Condo-living-room.webp\" class=\"has_ae_slider elementor-element elementor-element-f66f268 e-con-full e-flex ae-bg-gallery-type-default e-con e-parent\" data-id=\"f66f268\" data-element_type=\"container\" data-e-type=\"container\">\n\t\t\t\t<div class=\"elementor-element elementor-element-31142d0 elementor-widget__width-initial elementor-widget elementor-widget-heading\" data-id=\"31142d0\" data-element_type=\"widget\" data-e-type=\"widget\" data-widget_type=\"heading.default\">\n\t\t\t\t\t<h1 class=\"elementor-heading-title elementor-size-default\">Copropri\u00e9t\u00e9<\/h1>\t\t\t\t<\/div>\n\t\t\t\t<\/div>\n\t\t<div class=\"has_ae_slider elementor-element elementor-element-c85423a e-con-full e-flex ae-bg-gallery-type-default e-con e-parent\" data-id=\"c85423a\" data-element_type=\"container\" data-e-type=\"container\" data-settings=\"{&quot;background_background&quot;:&quot;classic&quot;}\">\n\t\t<div class=\"has_ae_slider elementor-element elementor-element-e971bd4 e-con-full e-flex ae-bg-gallery-type-default e-con e-child\" data-id=\"e971bd4\" data-element_type=\"container\" data-e-type=\"container\" data-settings=\"{&quot;background_background&quot;:&quot;classic&quot;}\">\n\t\t\t\t<div data-dce-title-color=\"#54595F\" class=\"elementor-element elementor-element-fc53a18 elementor-widget elementor-widget-heading\" data-id=\"fc53a18\" data-element_type=\"widget\" data-e-type=\"widget\" data-widget_type=\"heading.default\">\n\t\t\t\t\t<h2 class=\"elementor-heading-title elementor-size-default\">D\u00e9couvrez l'appartement de vos r\u00eaves avec Capital-B<\/h2>\t\t\t\t<\/div>\n\t\t\t\t<div class=\"elementor-element elementor-element-b447aa6 elementor-widget elementor-widget-text-editor\" data-id=\"b447aa6\" data-element_type=\"widget\" data-e-type=\"widget\" data-widget_type=\"text-editor.default\">\n\t\t\t\t\t\t\t\t\t<p>Si vous envisagez d'acheter un appartement en copropri\u00e9t\u00e9, vous n'\u00eates pas seul. Les appartements en copropri\u00e9t\u00e9 sont devenus un choix populaire pour les professionnels et les familles \u00e0 revenu moyen ou \u00e9lev\u00e9 qui recherchent une combinaison de commodit\u00e9s, d'\u00e9quipements et d'un sentiment d'appartenance \u00e0 la communaut\u00e9. Cependant, l'achat d'un appartement en copropri\u00e9t\u00e9 repr\u00e9sente un investissement important, et il est essentiel de peser le pour et le contre pour prendre une d\u00e9cision \u00e9clair\u00e9e.<\/p><p>\u00c0 <strong>Capital-B<\/strong>Nous comprenons la complexit\u00e9 des investissements immobiliers. Notre \u00e9quipe de professionnels chevronn\u00e9s est l\u00e0 pour vous guider \u00e0 chaque \u00e9tape, afin que vous trouviez un appartement qui corresponde parfaitement \u00e0 votre style de vie et \u00e0 vos objectifs financiers.<\/p>\t\t\t\t\t\t\t\t<\/div>\n\t\t\t\t<div data-dce-title-color=\"#54595F\" class=\"elementor-element elementor-element-6ff5817 elementor-widget elementor-widget-heading\" data-id=\"6ff5817\" data-element_type=\"widget\" data-e-type=\"widget\" data-widget_type=\"heading.default\">\n\t\t\t\t\t<h3 class=\"elementor-heading-title elementor-size-default\">Qu'est-ce qu'un condominium ?<\/h3>\t\t\t\t<\/div>\n\t\t\t\t<div class=\"elementor-element elementor-element-6547f4b elementor-widget elementor-widget-text-editor\" data-id=\"6547f4b\" data-element_type=\"widget\" data-e-type=\"widget\" data-widget_type=\"text-editor.default\">\n\t\t\t\t\t\t\t\t\t<p>Un condominium, ou condo en abr\u00e9g\u00e9, est un type de propri\u00e9t\u00e9 immobili\u00e8re dans lequel les individus sont propri\u00e9taires de leur espace de vie (l'unit\u00e9) et partagent la propri\u00e9t\u00e9 des parties communes telles que les couloirs, les salles de sport, les piscines et les halls d'entr\u00e9e. Les condominiums sont souvent situ\u00e9s dans des zones urbaines ou suburbaines, ce qui en fait un excellent choix pour ceux qui recherchent un mode de vie moderne \u00e0 proximit\u00e9 des commodit\u00e9s.<\/p>\t\t\t\t\t\t\t\t<\/div>\n\t\t\t\t<div data-dce-title-color=\"#54595F\" class=\"elementor-element elementor-element-fe87893 elementor-widget elementor-widget-heading\" data-id=\"fe87893\" data-element_type=\"widget\" data-e-type=\"widget\" data-widget_type=\"heading.default\">\n\t\t\t\t\t<h3 class=\"elementor-heading-title elementor-size-default\">Les avantages de l'achat d'un appartement<\/h3>\t\t\t\t<\/div>\n\t\t\t\t<div class=\"elementor-element elementor-element-09eeb4b elementor-widget elementor-widget-text-editor\" data-id=\"09eeb4b\" data-element_type=\"widget\" data-e-type=\"widget\" data-widget_type=\"text-editor.default\">\n\t\t\t\t\t\t\t\t\t<ol><li><strong>Abordabilit\u00e9<br \/><\/strong>Par rapport aux maisons individuelles, les appartements en copropri\u00e9t\u00e9 sont souvent plus abordables. Ils constituent donc une option int\u00e9ressante pour les primo-acc\u00e9dants ou les personnes souhaitant r\u00e9duire leur budget sans faire de compromis sur la qualit\u00e9.<\/li><li><strong>Faible entretien<br \/><\/strong>L'un des principaux avantages de la vie en copropri\u00e9t\u00e9 est qu'elle ne n\u00e9cessite que peu d'entretien. L'entretien ext\u00e9rieur, l'am\u00e9nagement paysager et les \u00e9quipements sont g\u00e9r\u00e9s par l'association des copropri\u00e9taires, ce qui vous permet de gagner du temps et de l'\u00e9nergie.<\/li><li><strong>Am\u00e9nagements<br \/><\/strong>Les appartements en copropri\u00e9t\u00e9 donnent souvent acc\u00e8s \u00e0 des \u00e9quipements de luxe tels que des centres de remise en forme, des piscines et des espaces communs, dont l'entretien pourrait s'av\u00e9rer co\u00fbteux dans une propri\u00e9t\u00e9 ind\u00e9pendante.<\/li><li><strong>S\u00e9curit\u00e9<br \/><\/strong>De nombreux condominiums offrent des caract\u00e9ristiques de s\u00e9curit\u00e9 suppl\u00e9mentaires, telles que des entr\u00e9es ferm\u00e9es, des cam\u00e9ras de s\u00e9curit\u00e9 et du personnel sur place, ce qui permet aux r\u00e9sidents d'avoir l'esprit tranquille.<\/li><li><strong>L'int\u00e9gration communautaire<br \/><\/strong>Les appartements en copropri\u00e9t\u00e9 favorisent souvent l'esprit de communaut\u00e9, avec des possibilit\u00e9s d'interaction avec les voisins gr\u00e2ce \u00e0 des espaces partag\u00e9s et \u00e0 des \u00e9v\u00e9nements organis\u00e9s.<\/li><\/ol>\t\t\t\t\t\t\t\t<\/div>\n\t\t\t\t<div data-dce-title-color=\"#54595F\" class=\"elementor-element elementor-element-550eda2 elementor-widget elementor-widget-heading\" data-id=\"550eda2\" data-element_type=\"widget\" data-e-type=\"widget\" data-widget_type=\"heading.default\">\n\t\t\t\t\t<h3 class=\"elementor-heading-title elementor-size-default\">Les inconv\u00e9nients de l'achat d'un appartement<\/h3>\t\t\t\t<\/div>\n\t\t\t\t<div class=\"elementor-element elementor-element-d442555 elementor-widget elementor-widget-text-editor\" data-id=\"d442555\" data-element_type=\"widget\" data-e-type=\"widget\" data-widget_type=\"text-editor.default\">\n\t\t\t\t\t\t\t\t\t<ol><li><strong>Frais de copropri\u00e9t\u00e9<br \/><\/strong><span style=\"font-weight: var( --e-global-typography-text-font-weight );\">Les charges de copropri\u00e9t\u00e9 sont des paiements mensuels qui couvrent l'entretien et les \u00e9quipements. Ils peuvent varier consid\u00e9rablement et s'accumuler au fil du temps, ce qui a une incidence sur votre budget global.<\/span><\/li><li><strong>\u00c9valuations sp\u00e9ciales<br \/><\/strong><span style=\"font-weight: var( --e-global-typography-text-font-weight );\">Les \u00e9valuations sp\u00e9ciales sont des frais suppl\u00e9mentaires que les copropri\u00e9taires doivent payer pour des d\u00e9penses impr\u00e9vues, comme des r\u00e9parations ou des am\u00e9liorations majeures, lorsque le fonds de r\u00e9serve est insuffisant. Elle est r\u00e9partie entre les propri\u00e9taires en fonction de la taille de l'unit\u00e9 ou de la part de propri\u00e9t\u00e9 et peut avoir un impact sur les finances et la valeur de revente.<\/span><\/li><li><strong>R\u00e8gles et restrictions<br \/><\/strong><span style=\"font-weight: var( --e-global-typography-text-font-weight );\">Les associations de copropri\u00e9taires ont des r\u00e8glements que les r\u00e9sidents doivent respecter. Il peut s'agir de restrictions concernant les animaux domestiques ou de limitations concernant la r\u00e9novation de votre logement.<\/span><\/li><li><strong>Protection limit\u00e9e de la vie priv\u00e9e<br \/><\/strong><span style=\"font-weight: var( --e-global-typography-text-font-weight );\">Vivre \u00e0 proximit\u00e9 des voisins signifie moins d'intimit\u00e9 que dans une maison individuelle.<\/span><\/li><li><strong>Les d\u00e9fis de la revente<br \/><\/strong><span style=\"font-weight: var( --e-global-typography-text-font-weight );\">La valeur d'un appartement peut \u00eatre influenc\u00e9e par la gestion de l'association des copropri\u00e9taires et par la demande du march\u00e9, ce qui peut rendre la revente moins ais\u00e9e.<\/span><\/li><li><strong>Responsabilit\u00e9s partag\u00e9es<br \/><\/strong><span style=\"font-weight: var( --e-global-typography-text-font-weight );\">Des associations de copropri\u00e9taires mal g\u00e9r\u00e9es peuvent donner lieu \u00e0 des litiges ou \u00e0 un entretien inad\u00e9quat, ce qui nuit \u00e0 votre qualit\u00e9 de vie.<\/span><\/li><\/ol>\t\t\t\t\t\t\t\t<\/div>\n\t\t\t\t<div data-dce-title-color=\"#54595F\" class=\"elementor-element elementor-element-534b144 elementor-widget elementor-widget-heading\" data-id=\"534b144\" data-element_type=\"widget\" data-e-type=\"widget\" data-widget_type=\"heading.default\">\n\t\t\t\t\t<h3 class=\"elementor-heading-title elementor-size-default\">Comment Capital-B peut aider<\/h3>\t\t\t\t<\/div>\n\t\t<div class=\"has_ae_slider elementor-element elementor-element-96f2b6b e-con-full e-flex ae-bg-gallery-type-default e-con e-child\" data-id=\"96f2b6b\" data-element_type=\"container\" data-e-type=\"container\">\n\t\t\t\t<div class=\"elementor-element elementor-element-382a142 elementor-widget__width-initial elementor-widget elementor-widget-text-editor\" data-id=\"382a142\" data-element_type=\"widget\" data-e-type=\"widget\" data-widget_type=\"text-editor.default\">\n\t\t\t\t\t\t\t\t\t<p>Naviguer sur le march\u00e9 de l'immobilier peut sembler insurmontable. <strong>Capital-B<\/strong>vous \u00eates entre des mains expertes. Voici comment nous faisons en sorte que votre parcours d'achat d'un condo se d\u00e9roule sans heurts :<\/p><ol><li><strong>Conseils personnalis\u00e9s<br \/><\/strong><span style=\"font-weight: var( --e-global-typography-text-font-weight );\">Notre \u00e9quipe prend le temps de comprendre vos besoins et votre mode de vie. Que vous recherchiez un appartement moderne en centre-ville ou une solution familiale en banlieue, nous vous aiderons \u00e0 faire votre choix.<\/span><\/li><li><strong>Aper\u00e7u du march\u00e9<br \/><\/strong><span style=\"font-weight: var( --e-global-typography-text-font-weight );\">Nous fournissons des donn\u00e9es actualis\u00e9es sur le march\u00e9 afin que vous puissiez faire un investissement judicieux. Des tendances de prix \u00e0 l'analyse des quartiers, vous disposerez de toutes les informations n\u00e9cessaires pour prendre une d\u00e9cision en toute confiance.<\/span><\/li><li><strong>\u00c9valuations financi\u00e8res<br \/><\/strong><span style=\"font-weight: var( --e-global-typography-text-font-weight );\">Il est essentiel de comprendre les implications financi\u00e8res de la propri\u00e9t\u00e9 d'un appartement. Nous vous aiderons \u00e0 \u00e9valuer les charges de copropri\u00e9t\u00e9, les taxes et le retour sur investissement potentiel afin de vous assurer que la propri\u00e9t\u00e9 correspond \u00e0 vos objectifs.<\/span><\/li><li><strong>N\u00e9gociation d'experts<br \/><\/strong><span style=\"font-weight: var( --e-global-typography-text-font-weight );\">Nos n\u00e9gociateurs exp\u00e9riment\u00e9s travaillent sans rel\u00e2che pour obtenir le meilleur accord pour vous. Qu'il s'agisse du prix d'achat ou des conditions, nous d\u00e9fendons vos int\u00e9r\u00eats \u00e0 chaque \u00e9tape.<\/span><\/li><li><strong>Soutien apr\u00e8s-vente<br \/><\/strong><span style=\"font-weight: var( --e-global-typography-text-font-weight );\">Notre relation ne s'arr\u00eate pas \u00e0 la cl\u00f4ture de la transaction. Nous sommes l\u00e0 pour vous apporter un soutien continu, qu'il s'agisse de comprendre les r\u00e8gles de votre association de copropri\u00e9taires ou de vous mettre en relation avec des services locaux.<\/span><\/li><\/ol>\t\t\t\t\t\t\t\t<\/div>\n\t\t\t\t<div class=\"elementor-element elementor-element-748142e elementor-widget__width-inherit elementor-widget elementor-widget-image\" data-id=\"748142e\" data-element_type=\"widget\" data-e-type=\"widget\" data-widget_type=\"image.default\">\n\t\t\t\t\t\t\t\t\t\t\t\t\t\t\t<img fetchpriority=\"high\" decoding=\"async\" width=\"678\" height=\"1024\" src=\"Fa\u00e7ade d&#039;un condominium Montr\u00e9al | Capital-B\" class=\"attachment-large size-large wp-image-2741\" alt=\"\" srcset=\"\" sizes=\"(max-width: 678px) 100vw, 678px\" data-srcset=\"\" \/>\t\t\t\t\t\t\t\t\t\t\t\t\t\t\t<\/div>\n\t\t\t\t<\/div>\n\t\t\t\t<div data-dce-title-color=\"#54595F\" class=\"elementor-element elementor-element-0464e39 elementor-widget elementor-widget-heading\" data-id=\"0464e39\" data-element_type=\"widget\" data-e-type=\"widget\" data-widget_type=\"heading.default\">\n\t\t\t\t\t<h3 class=\"elementor-heading-title elementor-size-default\">Conseils pour l'achat d'un appartement<\/h3>\t\t\t\t<\/div>\n\t\t\t\t<div class=\"elementor-element elementor-element-b1ad1d8 elementor-widget elementor-widget-text-editor\" data-id=\"b1ad1d8\" data-element_type=\"widget\" data-e-type=\"widget\" data-widget_type=\"text-editor.default\">\n\t\t\t\t\t\t\t\t\t<ol><li><strong>\u00c9valuer l'association de copropri\u00e9taires<br \/><\/strong><span style=\"font-weight: var( --e-global-typography-text-font-weight );\">Examinez la sant\u00e9 financi\u00e8re de l'association de copropri\u00e9taires, ses r\u00e8gles et ses ant\u00e9c\u00e9dents en mati\u00e8re d'entretien. Une association bien g\u00e9r\u00e9e est la cl\u00e9 d'une exp\u00e9rience de vie sans stress.<\/span><\/li><li><strong>V\u00e9rifier l'emplacement<br \/><\/strong><span style=\"font-weight: var( --e-global-typography-text-font-weight );\">L'emplacement de votre appartement a une incidence sur sa valeur et sur votre mode de vie. Pensez \u00e0 la proximit\u00e9 du travail, des \u00e9coles, des transports publics et des installations de loisirs.<\/span><\/li><li><strong>Comprendre les frais<br \/><\/strong><span style=\"font-weight: var( --e-global-typography-text-font-weight );\">Demandez une ventilation des charges de copropri\u00e9t\u00e9 et de ce qu'elles couvrent. Des charges \u00e9lev\u00e9es peuvent valoir la peine si elles comprennent des \u00e9quipements de qualit\u00e9, mais des augmentations inattendues peuvent grever votre budget.<\/span><\/li><li><strong>Inspecter l'unit\u00e9<br \/><\/strong><span style=\"font-weight: var( --e-global-typography-text-font-weight );\">M\u00eame si les appartements en copropri\u00e9t\u00e9 n\u00e9cessitent peu d'entretien, il est essentiel d'inspecter le logement pour d\u00e9celer d'\u00e9ventuels probl\u00e8mes avant de finaliser votre achat.<\/span><\/li><li><strong>Travailler avec un agent immobilier<br \/><\/strong><span style=\"font-weight: var( --e-global-typography-text-font-weight );\">Un professionnel de l'immobilier exp\u00e9riment\u00e9, comme ceux de <strong>Capital-B<\/strong>Les services de la Commission europ\u00e9enne peuvent vous faire gagner du temps et de l'argent en vous guidant tout au long de la proc\u00e9dure.<\/span><\/li><\/ol>\t\t\t\t\t\t\t\t<\/div>\n\t\t\t\t<div data-dce-title-color=\"#54595F\" class=\"elementor-element elementor-element-3a6cb78 elementor-widget elementor-widget-heading\" data-id=\"3a6cb78\" data-element_type=\"widget\" data-e-type=\"widget\" data-widget_type=\"heading.default\">\n\t\t\t\t\t<h3 class=\"elementor-heading-title elementor-size-default\">FAQ sur l'achat d'un appartement<\/h3>\t\t\t\t<\/div>\n\t\t\t\t<div class=\"elementor-element elementor-element-38a5ab5 elementor-widget elementor-widget-text-editor\" data-id=\"38a5ab5\" data-element_type=\"widget\" data-e-type=\"widget\" data-widget_type=\"text-editor.default\">\n\t\t\t\t\t\t\t\t\t<p><strong>Q : Un appartement est-il un bon investissement ?<\/strong><br \/>R : Les appartements en copropri\u00e9t\u00e9 peuvent constituer un excellent investissement, en particulier dans les zones \u00e0 forte demande. Toutefois, des facteurs tels que l'emplacement, les frais et les tendances du march\u00e9 doivent \u00eatre soigneusement \u00e9valu\u00e9s.<\/p><p><strong>Q : Quel est le montant des charges de copropri\u00e9t\u00e9 ?<\/strong><br \/>R : Les frais varient consid\u00e9rablement en fonction de l'emplacement, des \u00e9quipements et de la taille de l'immeuble. Attendez-vous \u00e0 payer entre $0,40 et $1+ par m\u00e8tre carr\u00e9 et par mois.<\/p><p><strong>Q : Puis-je louer mon appartement ?<\/strong><br \/>R : De nombreuses copropri\u00e9t\u00e9s autorisent la location, mais il peut y avoir des restrictions. V\u00e9rifiez toujours aupr\u00e8s de l'association des copropri\u00e9taires avant d'envisager une location.<\/p><p><strong>Q : Quelles sont les taxes sur les appartements en copropri\u00e9t\u00e9 ?<\/strong><br \/>R : Les taxes fonci\u00e8res pour les appartements en copropri\u00e9t\u00e9 sont g\u00e9n\u00e9ralement moins \u00e9lev\u00e9es que pour les maisons individuelles, mais elles d\u00e9pendent des taux d'imposition locaux et de la valeur estim\u00e9e de l'appartement.<\/p>\t\t\t\t\t\t\t\t<\/div>\n\t\t\t\t<div data-dce-title-color=\"#54595F\" class=\"elementor-element elementor-element-5ca4179 elementor-widget elementor-widget-heading\" data-id=\"5ca4179\" data-element_type=\"widget\" data-e-type=\"widget\" data-widget_type=\"heading.default\">\n\t\t\t\t\t<h3 class=\"elementor-heading-title elementor-size-default\">Pourquoi choisir Capital-B<\/h3>\t\t\t\t<\/div>\n\t\t\t\t<div class=\"elementor-element elementor-element-9461097 elementor-widget elementor-widget-text-editor\" data-id=\"9461097\" data-element_type=\"widget\" data-e-type=\"widget\" data-widget_type=\"text-editor.default\">\n\t\t\t\t\t\t\t\t\t<p>\u00c0 <strong>Capital-B<\/strong>Nous sommes fiers de fournir <strong>service personnalis\u00e9<\/strong>, <strong>avis d'experts<\/strong>et un <strong>une exp\u00e9rience immobili\u00e8re sans stress<\/strong>. Notre volont\u00e9 d'excellence vise \u00e0 ce que chaque client se sente en mesure de prendre la bonne d\u00e9cision.<\/p><p>Pr\u00eat \u00e0 trouver l'appartement de vos r\u00eaves ? <strong><a href=\"https:\/\/capital-b.ca\/fr\/contactez-nous\/\">Contactez-nous<\/a><\/strong> ou appelez-nous aujourd'hui au <strong><a href=\"tel:4388025000\">438.802.5000<\/a><\/strong> pour prendre rendez-vous avec l'un de nos professionnels de l'immobilier exp\u00e9riment\u00e9s. Faisons en sorte que votre parcours d'investissement soit simple, rentable et gratifiant.<\/p>\t\t\t\t\t\t\t\t<\/div>\n\t\t\t\t<div data-dce-title-color=\"#54595F\" class=\"elementor-element elementor-element-a919f90 elementor-widget elementor-widget-heading\" data-id=\"a919f90\" data-element_type=\"widget\" data-e-type=\"widget\" data-widget_type=\"heading.default\">\n\t\t\t\t\t<h3 class=\"elementor-heading-title elementor-size-default\">Ressources externes<\/h3>\t\t\t\t<\/div>\n\t\t\t\t<div class=\"elementor-element elementor-element-ff607e6 elementor-widget elementor-widget-text-editor\" data-id=\"ff607e6\" data-element_type=\"widget\" data-e-type=\"widget\" data-widget_type=\"text-editor.default\">\n\t\t\t\t\t\t\t\t\t<ul><li><a href=\"https:\/\/www.cmhc-schl.gc.ca\/\" target=\"_blank\" rel=\"noopener noreferrer nofollow\">Soci\u00e9t\u00e9 canadienne d'hypoth\u00e8ques et de logement (SCHL)<\/a><\/li><li><a href=\"https:\/\/www.apciq.ca\" target=\"_blank\" rel=\"noopener noreferrer nofollow\">Association qu\u00e9b\u00e9coise de l'immobilier (AQI)<\/a><\/li><li><a href=\"https:\/\/www.cmhc-schl.gc.ca\/consumers\/home-buying\/buying-guides\/condominium\/chapter-1-condominium-basics\" target=\"_blank\" rel=\"noopener noreferrer nofollow\">Comprendre la vie en copropri\u00e9t\u00e9 au Canada<\/a><\/li><\/ul>\t\t\t\t\t\t\t\t<\/div>\n\t\t\t\t<\/div>\n\t\t\t\t<\/div>\n\t\t<div class=\"has_ae_slider elementor-element elementor-element-a446788 e-flex e-con-boxed ae-bg-gallery-type-default e-con e-parent\" data-id=\"a446788\" data-element_type=\"container\" data-e-type=\"container\">\n\t\t\t\t\t<div class=\"e-con-inner\">\n\t\t\t\t\t<\/div>\n\t\t\t\t<\/div>\n\t\t\t\t<\/div>","protected":false},"excerpt":{"rendered":"<p>Condo Discover Your Dream Condo with Capital-B If you&#8217;re considering buying a condo, you&#8217;re not alone. Condos have become a popular choice for mid-to-high-income professionals and families looking for a combination of convenience, amenities, and a sense of community. However, buying a condo is a significant investment, and it&#8217;s crucial to weigh the pros and [&hellip;]<\/p>\n","protected":false},"author":1,"featured_media":0,"parent":0,"menu_order":12,"comment_status":"closed","ping_status":"closed","template":"elementor_header_footer","meta":{"_acf_changed":false,"footnotes":""},"class_list":["post-2360","page","type-page","status-publish","hentry"],"acf":[],"aioseo_notices":[],"_links":{"self":[{"href":"https:\/\/capital-b.ca\/fr\/wp-json\/wp\/v2\/pages\/2360","targetHints":{"allow":["GET"]}}],"collection":[{"href":"https:\/\/capital-b.ca\/fr\/wp-json\/wp\/v2\/pages"}],"about":[{"href":"https:\/\/capital-b.ca\/fr\/wp-json\/wp\/v2\/types\/page"}],"author":[{"embeddable":true,"href":"https:\/\/capital-b.ca\/fr\/wp-json\/wp\/v2\/users\/1"}],"replies":[{"embeddable":true,"href":"https:\/\/capital-b.ca\/fr\/wp-json\/wp\/v2\/comments?post=2360"}],"version-history":[{"count":45,"href":"https:\/\/capital-b.ca\/fr\/wp-json\/wp\/v2\/pages\/2360\/revisions"}],"predecessor-version":[{"id":3391,"href":"https:\/\/capital-b.ca\/fr\/wp-json\/wp\/v2\/pages\/2360\/revisions\/3391"}],"wp:attachment":[{"href":"https:\/\/capital-b.ca\/fr\/wp-json\/wp\/v2\/media?parent=2360"}],"curies":[{"name":"wp","href":"https:\/\/api.w.org\/{rel}","templated":true}]}}