{"id":2811,"date":"2024-12-06T23:47:58","date_gmt":"2024-12-06T23:47:58","guid":{"rendered":"https:\/\/capital-b.ca\/?page_id=2811"},"modified":"2024-12-17T20:14:52","modified_gmt":"2024-12-17T20:14:52","slug":"residentielle","status":"publish","type":"page","link":"https:\/\/capital-b.ca\/fr\/residential\/","title":{"rendered":"Services immobiliers r\u00e9sidentiels dans le Grand Montr\u00e9al"},"content":{"rendered":"<div data-elementor-type=\"wp-page\" data-elementor-id=\"2811\" class=\"elementor elementor-2811\" data-elementor-post-type=\"page\">\n\t\t\t\t<div data-dce-background-overlay-image-url=\"https:\/\/capital-b.ca\/wp-content\/uploads\/2024\/12\/Leonardo_Kino_XL_create_the_image_of_a_luxurious_residence_hou_2.webp\" class=\"has_ae_slider elementor-element elementor-element-6b5b875 e-con-full e-ecs-flex e-flex ae-bg-gallery-type-default e-con e-parent\" data-id=\"6b5b875\" data-element_type=\"container\" data-e-type=\"container\" data-settings=\"{&quot;ecs_container_type&quot;:&quot;flex&quot;}\">\n\t\t\t\t<div class=\"elementor-element elementor-element-fa4c762 elementor-widget__width-initial elementor-widget elementor-widget-heading\" data-id=\"fa4c762\" data-element_type=\"widget\" data-e-type=\"widget\" data-widget_type=\"heading.default\">\n\t\t\t\t\t<h1 class=\"elementor-heading-title elementor-size-default\">R\u00e9sidentiel<\/h1>\t\t\t\t<\/div>\n\t\t\t\t<\/div>\n\t\t<div class=\"has_ae_slider elementor-element elementor-element-6776a46 e-con-full e-ecs-flex e-flex ae-bg-gallery-type-default e-con e-parent\" data-id=\"6776a46\" data-element_type=\"container\" data-e-type=\"container\" data-settings=\"{&quot;background_background&quot;:&quot;classic&quot;,&quot;ecs_container_type&quot;:&quot;flex&quot;}\">\n\t\t<div class=\"has_ae_slider elementor-element elementor-element-f65f26b e-con-full e-ecs-flex e-flex ae-bg-gallery-type-default e-con e-child\" data-id=\"f65f26b\" data-element_type=\"container\" data-e-type=\"container\" data-settings=\"{&quot;background_background&quot;:&quot;classic&quot;,&quot;ecs_container_type&quot;:&quot;flex&quot;}\">\n\t\t\t\t<div data-dce-title-color=\"#54595F\" class=\"elementor-element elementor-element-0b4b3b3 elementor-widget elementor-widget-heading\" data-id=\"0b4b3b3\" data-element_type=\"widget\" data-e-type=\"widget\" data-widget_type=\"heading.default\">\n\t\t\t\t\t<h2 class=\"elementor-heading-title elementor-size-default\">Services immobiliers r\u00e9sidentiels dans le Grand Montr\u00e9al<\/h2>\t\t\t\t<\/div>\n\t\t\t\t<div class=\"elementor-element elementor-element-96e234d elementor-widget elementor-widget-text-editor\" data-id=\"96e234d\" data-element_type=\"widget\" data-e-type=\"widget\" data-widget_type=\"text-editor.default\">\n\t\t\t\t\t\t\t\t\t<p>Bienvenue \u00e0 <strong>Capital-B<\/strong>Nous sommes votre courtier de confiance pour l'immobilier r\u00e9sidentiel dans le Grand Montr\u00e9al. Que vous achetiez, vendiez ou investissiez, nous sommes l\u00e0 pour vous aider \u00e0 prendre des d\u00e9cisions intelligentes et rentables en toute confiance. Notre \u00e9quipe d'experts se sp\u00e9cialise dans les condos, les maisons unifamiliales et les immeubles r\u00e9sidentiels \u00e0 revenus, ce qui vous assure un service personnalis\u00e9 \u00e0 chaque \u00e9tape.<\/p>\t\t\t\t\t\t\t\t<\/div>\n\t\t\t\t<div data-dce-title-color=\"#54595F\" class=\"elementor-element elementor-element-3dc2693 elementor-widget elementor-widget-heading\" data-id=\"3dc2693\" data-element_type=\"widget\" data-e-type=\"widget\" data-widget_type=\"heading.default\">\n\t\t\t\t\t<h2 class=\"elementor-heading-title elementor-size-default\">Acheter une maison<\/h2>\t\t\t\t<\/div>\n\t\t\t\t<div class=\"elementor-element elementor-element-97dab2c elementor-widget elementor-widget-text-editor\" data-id=\"97dab2c\" data-element_type=\"widget\" data-e-type=\"widget\" data-widget_type=\"text-editor.default\">\n\t\t\t\t\t\t\t\t\t<p>La maison de vos r\u00eaves est \u00e0 votre port\u00e9e! Notre \u00e9quipe vous accompagne tout au long du processus d\u2019achat d\u2019une maison, de la recherche de la propri\u00e9t\u00e9 id\u00e9ale \u00e0 la n\u00e9gociation de la meilleure offre. Que vous recherchiez un condo en ville, une maison familiale en banlieue ou une propri\u00e9t\u00e9 g\u00e9n\u00e9ratrice de revenus, nous vous proposerons des options adapt\u00e9es \u00e0 votre style de vie et \u00e0 votre budget.<\/p>\t\t\t\t\t\t\t\t<\/div>\n\t\t\t\t<div data-dce-title-color=\"#54595F\" class=\"elementor-element elementor-element-52b3259 elementor-widget__width-initial elementor-widget-tablet__width-initial elementor-widget-mobile__width-initial elementor-widget elementor-widget-heading\" data-id=\"52b3259\" data-element_type=\"widget\" data-e-type=\"widget\" data-widget_type=\"heading.default\">\n\t\t\t\t\t<h3 class=\"elementor-heading-title elementor-size-default\">Ce que nous offrons aux acheteurs :<\/h3>\t\t\t\t<\/div>\n\t\t\t\t<div class=\"elementor-element elementor-element-320239e elementor-widget elementor-widget-text-editor\" data-id=\"320239e\" data-element_type=\"widget\" data-e-type=\"widget\" data-widget_type=\"text-editor.default\">\n\t\t\t\t\t\t\t\t\t<ul><li>Acc\u00e8s \u00e0 des annonces exclusives.Acc\u00e8s \u00e0 des annonces exclusives.<\/li><li>Connaissances du march\u00e9 et expertise du quartier.<\/li><li>Conseils d'experts sur les offres et les n\u00e9gociations.<\/li><li>\u00c9valuations financi\u00e8res et conseils hypoth\u00e9caires.<\/li><\/ul><p>Commencez votre recherche de maison avec nous d\u00e8s aujourd'hui et faites un investissement judicieux pour votre avenir.<\/p>\t\t\t\t\t\t\t\t<\/div>\n\t\t\t\t<div data-dce-title-color=\"#54595F\" class=\"elementor-element elementor-element-37160ca elementor-widget elementor-widget-heading\" data-id=\"37160ca\" data-element_type=\"widget\" data-e-type=\"widget\" data-widget_type=\"heading.default\">\n\t\t\t\t\t<h3 class=\"elementor-heading-title elementor-size-default\">Vendre votre maison<\/h3>\t\t\t\t<\/div>\n\t\t\t\t<div class=\"elementor-element elementor-element-20eb50e elementor-widget elementor-widget-text-editor\" data-id=\"20eb50e\" data-element_type=\"widget\" data-e-type=\"widget\" data-widget_type=\"text-editor.default\">\n\t\t\t\t\t\t\t\t\t<p class=\"MsoNormal\" style=\"margin: 0cm 0cm 8pt; line-height: 18.4px; font-size: 12pt; font-family: Aptos, sans-serif; color: #000000;\">Vous \u00eates pr\u00eat \u00e0 vendre ? Nous vous aidons \u00e0 maximiser la valeur de votre propri\u00e9t\u00e9 et \u00e0 rendre le processus sans stress. De la fixation du prix de votre propri\u00e9t\u00e9 \u00e0 sa commercialisation efficace, notre \u00e9quipe utilise des outils innovants et des strat\u00e9gies \u00e9prouv\u00e9es pour attirer les bons acheteurs.<\/p>\t\t\t\t\t\t\t\t<\/div>\n\t\t\t\t<div data-dce-title-color=\"#54595F\" class=\"elementor-element elementor-element-809ca04 elementor-widget elementor-widget-heading\" data-id=\"809ca04\" data-element_type=\"widget\" data-e-type=\"widget\" data-widget_type=\"heading.default\">\n\t\t\t\t\t<h3 class=\"elementor-heading-title elementor-size-default\">Nos services de vente comprennent\u00a0:<\/h3>\t\t\t\t<\/div>\n\t\t\t\t<div class=\"elementor-element elementor-element-a37dad4 elementor-widget elementor-widget-text-editor\" data-id=\"a37dad4\" data-element_type=\"widget\" data-e-type=\"widget\" data-widget_type=\"text-editor.default\">\n\t\t\t\t\t\t\t\t\t<ul><li>Analyse du march\u00e9 concurrentiel pour une tarification pr\u00e9cise.<\/li><li>Mise en sc\u00e8ne et photographie professionnelles.<\/li><li>Campagnes de marketing en ligne et hors ligne.<\/li><li>N\u00e9gociation experte et accompagnement transactionnel.<\/li><\/ul><p>Vendez votre propri\u00e9t\u00e9 rapidement et au meilleur prix avec notre \u00e9quipe d'experts \u00e0 vos c\u00f4t\u00e9s.<\/p>\t\t\t\t\t\t\t\t<\/div>\n\t\t\t\t<div data-dce-title-color=\"#54595F\" class=\"elementor-element elementor-element-69969bf elementor-widget elementor-widget-heading\" data-id=\"69969bf\" data-element_type=\"widget\" data-e-type=\"widget\" data-widget_type=\"heading.default\">\n\t\t\t\t\t<h3 class=\"elementor-heading-title elementor-size-default\">Investir dans des immeubles r\u00e9sidentiels \u00e0 revenus<\/h3>\t\t\t\t<\/div>\n\t\t\t\t<div class=\"elementor-element elementor-element-11f1c4f elementor-widget elementor-widget-text-editor\" data-id=\"11f1c4f\" data-element_type=\"widget\" data-e-type=\"widget\" data-widget_type=\"text-editor.default\">\n\t\t\t\t\t\t\t\t\t<p>Vous cherchez \u00e0 accro\u00eetre votre patrimoine gr\u00e2ce \u00e0 l'immobilier ? Les biens immobiliers \u00e0 revenus r\u00e9sidentiels sont un choix judicieux pour obtenir des rentr\u00e9es d'argent r\u00e9guli\u00e8res et une croissance financi\u00e8re \u00e0 long terme. <strong>Capital-B<\/strong>vous aident \u00e0 identifier les opportunit\u00e9s d'investissement lucratives et \u00e0 g\u00e9rer les complexit\u00e9s li\u00e9es \u00e0 l'achat de plusieurs unit\u00e9s.<\/p>\t\t\t\t\t\t\t\t<\/div>\n\t\t\t\t<div data-dce-title-color=\"#54595F\" class=\"elementor-element elementor-element-834e9ac elementor-widget elementor-widget-heading\" data-id=\"834e9ac\" data-element_type=\"widget\" data-e-type=\"widget\" data-widget_type=\"heading.default\">\n\t\t\t\t\t<h3 class=\"elementor-heading-title elementor-size-default\">Pourquoi travailler avec nous ?<\/h3>\t\t\t\t<\/div>\n\t\t\t\t<div class=\"elementor-element elementor-element-c3419c1 elementor-widget elementor-widget-text-editor\" data-id=\"c3419c1\" data-element_type=\"widget\" data-e-type=\"widget\" data-widget_type=\"text-editor.default\">\n\t\t\t\t\t\t\t\t\t<ul><li>Analyse compl\u00e8te de la propri\u00e9t\u00e9.<\/li><li>Regards sur les quartiers \u00e9mergents.<\/li><li>Conseils d'experts en gestion d'immeubles \u00e0 revenus.<\/li><li>Accompagnement au financement et \u00e0 la documentation juridique.<\/li><\/ul><p>Laissez-nous vous aider \u00e0 b\u00e2tir un portefeuille immobilier rentable en toute confiance.<\/p>\t\t\t\t\t\t\t\t<\/div>\n\t\t\t\t<div data-dce-title-color=\"#54595F\" class=\"elementor-element elementor-element-afbfb20 elementor-widget elementor-widget-heading\" data-id=\"afbfb20\" data-element_type=\"widget\" data-e-type=\"widget\" data-widget_type=\"heading.default\">\n\t\t\t\t\t<h3 class=\"elementor-heading-title elementor-size-default\">Pourquoi choisir Capital-B?<\/h3>\t\t\t\t<\/div>\n\t\t\t\t<div class=\"elementor-element elementor-element-62e2b16 elementor-widget elementor-widget-text-editor\" data-id=\"62e2b16\" data-element_type=\"widget\" data-e-type=\"widget\" data-widget_type=\"text-editor.default\">\n\t\t\t\t\t\t\t\t\t<p>\u00c0 <strong>Capital-B<\/strong>Nous sommes fiers d'offrir un service et des r\u00e9sultats exceptionnels. Notre connaissance approfondie du march\u00e9 du Grand Montr\u00e9al, combin\u00e9e \u00e0 notre engagement envers votre succ\u00e8s, fait de nous le choix id\u00e9al pour tous vos besoins en mati\u00e8re d'immobilier r\u00e9sidentiel. Nous croyons en l'int\u00e9grit\u00e9, le d\u00e9vouement et l'excellence, et nous nous assurons que votre exp\u00e9rience est aussi transparente que possible.<\/p>\t\t\t\t\t\t\t\t<\/div>\n\t\t\t\t<div data-dce-title-color=\"#54595F\" class=\"elementor-element elementor-element-bb1588f elementor-widget elementor-widget-heading\" data-id=\"bb1588f\" data-element_type=\"widget\" data-e-type=\"widget\" data-widget_type=\"heading.default\">\n\t\t\t\t\t<h3 class=\"elementor-heading-title elementor-size-default\">Contactez-nous aujourd'hui<\/h3>\t\t\t\t<\/div>\n\t\t\t\t<div class=\"elementor-element elementor-element-fac7284 elementor-widget elementor-widget-text-editor\" data-id=\"fac7284\" data-element_type=\"widget\" data-e-type=\"widget\" data-widget_type=\"text-editor.default\">\n\t\t\t\t\t\t\t\t\t<p>Que vous achetiez, vendiez ou investissiez, <strong>Capital-B<\/strong> est l\u00e0 pour vous guider \u00e0 chaque \u00e9tape. Transformons vos objectifs immobiliers en r\u00e9alit\u00e9.<\/p><p><strong>Appelez-nous au <a href=\"tel:4388025000\">438.802.5000<\/a><\/strong> ou <a href=\"https:\/\/capital-b.ca\/fr\/contactez-nous\/\"><strong>Nous contacter en ligne<\/strong><\/a> pour commencer.<\/p>\t\t\t\t\t\t\t\t<\/div>\n\t\t\t\t<\/div>\n\t\t\t\t<\/div>\n\t\t<div class=\"has_ae_slider elementor-element elementor-element-41e9233 e-ecs-flex e-flex e-con-boxed ae-bg-gallery-type-default e-con e-parent\" data-id=\"41e9233\" data-element_type=\"container\" data-e-type=\"container\" data-settings=\"{&quot;ecs_container_type&quot;:&quot;flex&quot;}\">\n\t\t\t\t\t<div class=\"e-con-inner\">\n\t\t\t\t\t<\/div>\n\t\t\t\t<\/div>\n\t\t\t\t<\/div>","protected":false},"excerpt":{"rendered":"<p>Residential Residential Real Estate Services in Greater Montreal Welcome to Capital-B, your trusted broker in residential real estate in Greater Montreal. Whether you\u2019re buying, selling, or investing, we\u2019re here to help you make smart, profitable decisions with confidence. Our team of experts specializes in condos, single-family homes, and residential income properties, ensuring you get personalized [&hellip;]<\/p>\n","protected":false},"author":1,"featured_media":0,"parent":0,"menu_order":20,"comment_status":"closed","ping_status":"closed","template":"","meta":{"_acf_changed":false,"footnotes":""},"class_list":["post-2811","page","type-page","status-publish","hentry"],"acf":[],"_links":{"self":[{"href":"https:\/\/capital-b.ca\/fr\/wp-json\/wp\/v2\/pages\/2811","targetHints":{"allow":["GET"]}}],"collection":[{"href":"https:\/\/capital-b.ca\/fr\/wp-json\/wp\/v2\/pages"}],"about":[{"href":"https:\/\/capital-b.ca\/fr\/wp-json\/wp\/v2\/types\/page"}],"author":[{"embeddable":true,"href":"https:\/\/capital-b.ca\/fr\/wp-json\/wp\/v2\/users\/1"}],"replies":[{"embeddable":true,"href":"https:\/\/capital-b.ca\/fr\/wp-json\/wp\/v2\/comments?post=2811"}],"version-history":[{"count":32,"href":"https:\/\/capital-b.ca\/fr\/wp-json\/wp\/v2\/pages\/2811\/revisions"}],"predecessor-version":[{"id":3480,"href":"https:\/\/capital-b.ca\/fr\/wp-json\/wp\/v2\/pages\/2811\/revisions\/3480"}],"wp:attachment":[{"href":"https:\/\/capital-b.ca\/fr\/wp-json\/wp\/v2\/media?parent=2811"}],"curies":[{"name":"wp","href":"https:\/\/api.w.org\/{rel}","templated":true}]}}