{"id":2817,"date":"2024-12-06T23:47:50","date_gmt":"2024-12-06T23:47:50","guid":{"rendered":"https:\/\/capital-b.ca\/?page_id=2817"},"modified":"2024-12-17T20:17:11","modified_gmt":"2024-12-17T20:17:11","slug":"commercial","status":"publish","type":"page","link":"https:\/\/capital-b.ca\/fr\/commercial\/","title":{"rendered":"Services immobiliers commerciaux dans le Grand Montr\u00e9al"},"content":{"rendered":"<div data-elementor-type=\"wp-page\" data-elementor-id=\"2817\" class=\"elementor elementor-2817\" data-elementor-post-type=\"page\">\n\t\t\t\t<div data-dce-background-overlay-image-url=\"https:\/\/capital-b.ca\/wp-content\/uploads\/2024\/12\/Leonardo_Kino_XL_create_the_image_of_a_mixed_use_commercial_an_3.webp\" class=\"has_ae_slider elementor-element elementor-element-59ba026 e-con-full e-flex ae-bg-gallery-type-default e-con e-parent\" data-id=\"59ba026\" data-element_type=\"container\" data-e-type=\"container\">\n\t\t\t\t<div class=\"elementor-element elementor-element-77d63ca elementor-widget__width-initial elementor-widget elementor-widget-heading\" data-id=\"77d63ca\" data-element_type=\"widget\" data-e-type=\"widget\" data-widget_type=\"heading.default\">\n\t\t\t\t\t<h1 class=\"elementor-heading-title elementor-size-default\">Commercial<\/h1>\t\t\t\t<\/div>\n\t\t\t\t<\/div>\n\t\t<div class=\"has_ae_slider elementor-element elementor-element-8437d99 e-con-full e-flex ae-bg-gallery-type-default e-con e-parent\" data-id=\"8437d99\" data-element_type=\"container\" data-e-type=\"container\" data-settings=\"{&quot;background_background&quot;:&quot;classic&quot;}\">\n\t\t<div class=\"has_ae_slider elementor-element elementor-element-ba611cc e-con-full e-flex ae-bg-gallery-type-default e-con e-child\" data-id=\"ba611cc\" data-element_type=\"container\" data-e-type=\"container\" data-settings=\"{&quot;background_background&quot;:&quot;classic&quot;}\">\n\t\t\t\t<div data-dce-title-color=\"#54595F\" class=\"elementor-element elementor-element-b06a951 elementor-widget elementor-widget-heading\" data-id=\"b06a951\" data-element_type=\"widget\" data-e-type=\"widget\" data-widget_type=\"heading.default\">\n\t\t\t\t\t<h2 class=\"elementor-heading-title elementor-size-default\">Services immobiliers commerciaux dans le Grand Montr\u00e9al<\/h2>\t\t\t\t<\/div>\n\t\t\t\t<div class=\"elementor-element elementor-element-2c51084 elementor-widget elementor-widget-text-editor\" data-id=\"2c51084\" data-element_type=\"widget\" data-e-type=\"widget\" data-widget_type=\"text-editor.default\">\n\t\t\t\t\t\t\t\t\t<p>\u00c0 <strong>Capital-B<\/strong>Nous nous sp\u00e9cialisons dans l'aide aux entreprises et aux investisseurs pour qu'ils r\u00e9ussissent dans le march\u00e9 de l'immobilier commercial du Grand Montr\u00e9al. Que vous cherchiez \u00e0 acheter, \u00e0 vendre, \u00e0 louer ou \u00e0 investir, notre \u00e9quipe de courtiers experts offre des services complets pour <a href=\"https:\/\/capital-b.ca\/fr\/espace-de-bureaux-commerciaux\/\">bureaux<\/a>, <a href=\"https:\/\/capital-b.ca\/fr\/acheter-ou-vendre-des-proprietes-commerciales-a-montreal-en-toute-confiance-capital-b\/\">commerce de d\u00e9tail<\/a> espaces, <a href=\"https:\/\/capital-b.ca\/fr\/immobilier-industriel\/\">industriel<\/a> les b\u00e2timents, et <a href=\"https:\/\/capital-b.ca\/fr\/immeubles-commerciaux-a-revenus\/\">immeubles commerciaux \u00e0 revenus<\/a>. Avec nous, vous obtiendrez les informations et le soutien dont vous avez besoin pour prendre des d\u00e9cisions \u00e9clair\u00e9es et rentables.<\/p>\t\t\t\t\t\t\t\t<\/div>\n\t\t\t\t<div data-dce-title-color=\"#54595F\" class=\"elementor-element elementor-element-8712e83 elementor-widget elementor-widget-heading\" data-id=\"8712e83\" data-element_type=\"widget\" data-e-type=\"widget\" data-widget_type=\"heading.default\">\n\t\t\t\t\t<h2 class=\"elementor-heading-title elementor-size-default\">Achat ou location de propri\u00e9t\u00e9s commerciales<\/h2>\t\t\t\t<\/div>\n\t\t\t\t<div class=\"elementor-element elementor-element-6a5f298 elementor-widget elementor-widget-text-editor\" data-id=\"6a5f298\" data-element_type=\"widget\" data-e-type=\"widget\" data-widget_type=\"text-editor.default\">\n\t\t\t\t\t\t\t\t\t<p>Il est essentiel de trouver le bon espace pour votre entreprise ou votre investissement. Notre \u00e9quipe vous aide \u00e0 identifier les biens qui correspondent \u00e0 vos objectifs, qu'il s'agisse d'un espace de bureaux, d'un magasin de d\u00e9tail, d'un b\u00e2timent industriel ou d'un bien \u00e0 usage mixte. Gr\u00e2ce \u00e0 une connaissance approfondie du march\u00e9 et \u00e0 un service personnalis\u00e9, nous nous assurons que vous fassiez le meilleur choix en fonction de vos besoins.<\/p>\t\t\t\t\t\t\t\t<\/div>\n\t\t\t\t<div data-dce-title-color=\"#54595F\" class=\"elementor-element elementor-element-71ccb73 elementor-widget__width-initial elementor-widget-tablet__width-initial elementor-widget-mobile__width-initial elementor-widget elementor-widget-heading\" data-id=\"71ccb73\" data-element_type=\"widget\" data-e-type=\"widget\" data-widget_type=\"heading.default\">\n\t\t\t\t\t<h3 class=\"elementor-heading-title elementor-size-default\">Ce que nous offrons :<\/h3>\t\t\t\t<\/div>\n\t\t\t\t<div class=\"elementor-element elementor-element-a975c52 elementor-widget elementor-widget-text-editor\" data-id=\"a975c52\" data-element_type=\"widget\" data-e-type=\"widget\" data-widget_type=\"text-editor.default\">\n\t\t\t\t\t\t\t\t\t<ul><li>Acc\u00e8s \u00e0 des annonces exclusives.Acc\u00e8s \u00e0 des annonces exclusives.<\/li><li>Analyse du march\u00e9 et \u00e9valuation des biens.<\/li><li>Accompagnement dans les n\u00e9gociations et les proc\u00e9dures juridiques.<\/li><li>Expertise en mati\u00e8re de financement et de zonage.<\/li><\/ul><p>Laissez-nous trouver la propri\u00e9t\u00e9 id\u00e9ale pour soutenir la croissance de votre entreprise ou vos objectifs d'investissement.<\/p>\t\t\t\t\t\t\t\t<\/div>\n\t\t\t\t<div data-dce-title-color=\"#54595F\" class=\"elementor-element elementor-element-57f5d2f elementor-widget elementor-widget-heading\" data-id=\"57f5d2f\" data-element_type=\"widget\" data-e-type=\"widget\" data-widget_type=\"heading.default\">\n\t\t\t\t\t<h3 class=\"elementor-heading-title elementor-size-default\">Vente de propri\u00e9t\u00e9s commerciales<\/h3>\t\t\t\t<\/div>\n\t\t\t\t<div class=\"elementor-element elementor-element-f461461 elementor-widget elementor-widget-text-editor\" data-id=\"f461461\" data-element_type=\"widget\" data-e-type=\"widget\" data-widget_type=\"text-editor.default\">\n\t\t\t\t\t\t\t\t\t<p>Lorsque le moment est venu de vendre, vous avez besoin d'une \u00e9quipe qui comprend les complexit\u00e9s du march\u00e9 de l'immobilier commercial. \u00c0 l'adresse <strong>Capital-B<\/strong>Nous vous aidons \u00e0 maximiser la valeur de votre bien gr\u00e2ce \u00e0 des strat\u00e9gies cibl\u00e9es visant \u00e0 attirer les bons acheteurs ou locataires.<\/p>\t\t\t\t\t\t\t\t<\/div>\n\t\t\t\t<div data-dce-title-color=\"#54595F\" class=\"elementor-element elementor-element-39da793 elementor-widget elementor-widget-heading\" data-id=\"39da793\" data-element_type=\"widget\" data-e-type=\"widget\" data-widget_type=\"heading.default\">\n\t\t\t\t\t<h3 class=\"elementor-heading-title elementor-size-default\">Nos services de vente comprennent\u00a0:<\/h3>\t\t\t\t<\/div>\n\t\t\t\t<div class=\"elementor-element elementor-element-ad9e38c elementor-widget elementor-widget-text-editor\" data-id=\"ad9e38c\" data-element_type=\"widget\" data-e-type=\"widget\" data-widget_type=\"text-editor.default\">\n\t\t\t\t\t\t\t\t\t<ul><li>\u00c9valuation pr\u00e9cise des biens immobiliers et strat\u00e9gies de fixation des prix.<\/li><li>Des campagnes de marketing compl\u00e8tes.<\/li><li>Pr\u00e9sentations professionnelles de biens immobiliers.<\/li><li>Expert en n\u00e9gociation et en gestion de transactions.<\/li><\/ul><p>Vendez votre bien commercial rapidement et en toute confiance avec notre \u00e9quipe \u00e0 vos c\u00f4t\u00e9s.<\/p>\t\t\t\t\t\t\t\t<\/div>\n\t\t\t\t<div data-dce-title-color=\"#54595F\" class=\"elementor-element elementor-element-dd29ee9 elementor-widget elementor-widget-heading\" data-id=\"dd29ee9\" data-element_type=\"widget\" data-e-type=\"widget\" data-widget_type=\"heading.default\">\n\t\t\t\t\t<h3 class=\"elementor-heading-title elementor-size-default\">Investir dans des immeubles commerciaux \u00e0 revenus<\/h3>\t\t\t\t<\/div>\n\t\t\t\t<div class=\"elementor-element elementor-element-6dd1183 elementor-widget elementor-widget-text-editor\" data-id=\"6dd1183\" data-element_type=\"widget\" data-e-type=\"widget\" data-widget_type=\"text-editor.default\">\n\t\t\t\t\t\t\t\t\t<p>Les immeubles commerciaux \u00e0 revenus, tels que les immeubles de plus de 5 logements ou les espaces \u00e0 usage mixte, constituent un excellent choix pour une croissance financi\u00e8re \u00e0 long terme. <strong>Capital-B<\/strong>Les sp\u00e9cialistes de la Banque de France vous apportent l'expertise et les outils dont vous avez besoin pour prendre des d\u00e9cisions d'investissement judicieuses et obtenir des rendements r\u00e9guliers.<\/p>\t\t\t\t\t\t\t\t<\/div>\n\t\t\t\t<div data-dce-title-color=\"#54595F\" class=\"elementor-element elementor-element-07a9ed6 elementor-widget elementor-widget-heading\" data-id=\"07a9ed6\" data-element_type=\"widget\" data-e-type=\"widget\" data-widget_type=\"heading.default\">\n\t\t\t\t\t<h3 class=\"elementor-heading-title elementor-size-default\">Pourquoi travailler avec nous ?<\/h3>\t\t\t\t<\/div>\n\t\t\t\t<div class=\"elementor-element elementor-element-667fd21 elementor-widget elementor-widget-text-editor\" data-id=\"667fd21\" data-element_type=\"widget\" data-e-type=\"widget\" data-widget_type=\"text-editor.default\">\n\t\t\t\t\t\t\t\t\t<ul><li>Analyse approfondie des performances des biens immobiliers.<\/li><li>Aper\u00e7u des centres commerciaux \u00e9mergents.<\/li><li>Expertise en mati\u00e8re d'immeubles \u00e0 logements multiples et \u00e0 usage mixte.<\/li><li>Assistance en mati\u00e8re de financement et de conformit\u00e9 juridique.<\/li><\/ul><p>Constituez un portefeuille d'investissement solide gr\u00e2ce \u00e0 nos conseils et \u00e0 nos ressources.<\/p>\t\t\t\t\t\t\t\t<\/div>\n\t\t\t\t<div data-dce-title-color=\"#54595F\" class=\"elementor-element elementor-element-ece0451 elementor-widget elementor-widget-heading\" data-id=\"ece0451\" data-element_type=\"widget\" data-e-type=\"widget\" data-widget_type=\"heading.default\">\n\t\t\t\t\t<h3 class=\"elementor-heading-title elementor-size-default\">Pourquoi choisir Capital-B pour l'immobilier commercial ?<\/h3>\t\t\t\t<\/div>\n\t\t\t\t<div class=\"elementor-element elementor-element-41ca1f9 elementor-widget elementor-widget-text-editor\" data-id=\"41ca1f9\" data-element_type=\"widget\" data-e-type=\"widget\" data-widget_type=\"text-editor.default\">\n\t\t\t\t\t\t\t\t\t<p><strong>Capital-B<\/strong> se consacre \u00e0 aider ses clients \u00e0 atteindre leurs objectifs en mati\u00e8re d'immobilier commercial en toute confiance. Notre connaissance approfondie du march\u00e9 du Grand Montr\u00e9al, jumel\u00e9e \u00e0 notre engagement envers l'excellence, vous assure de recevoir les meilleurs conseils, strat\u00e9gies et soutien. Que vous soyez propri\u00e9taire d'entreprise, investisseur immobilier ou promoteur, nous vous proposons des solutions sur mesure pour r\u00e9pondre \u00e0 vos besoins particuliers.<\/p>\t\t\t\t\t\t\t\t<\/div>\n\t\t\t\t<div data-dce-title-color=\"#54595F\" class=\"elementor-element elementor-element-d9c8cae elementor-widget elementor-widget-heading\" data-id=\"d9c8cae\" data-element_type=\"widget\" data-e-type=\"widget\" data-widget_type=\"heading.default\">\n\t\t\t\t\t<h3 class=\"elementor-heading-title elementor-size-default\">Contactez-nous aujourd'hui<\/h3>\t\t\t\t<\/div>\n\t\t\t\t<div class=\"elementor-element elementor-element-ef2d565 elementor-widget elementor-widget-text-editor\" data-id=\"ef2d565\" data-element_type=\"widget\" data-e-type=\"widget\" data-widget_type=\"text-editor.default\">\n\t\t\t\t\t\t\t\t\t<p>Pr\u00eat \u00e0 passer \u00e0 l'\u00e9tape suivante de l'immobilier commercial ? Que vous achetiez, vendiez, louiez ou investissiez, <strong>Capital-B<\/strong> est l\u00e0 pour vous aider \u00e0 r\u00e9ussir.<\/p><p><strong>Appelez-nous au <a href=\"tel:4388025000\">438.802.5000<\/a><\/strong>\u00a0ou <strong><a href=\"https:\/\/capital-b.ca\/fr\/contactez-nous\/\">contactez-nous en ligne<\/a>e<\/strong> pour commencer.<\/p>\t\t\t\t\t\t\t\t<\/div>\n\t\t\t\t<\/div>\n\t\t\t\t<\/div>\n\t\t<div class=\"has_ae_slider elementor-element elementor-element-d738da2 e-flex e-con-boxed ae-bg-gallery-type-default e-con e-parent\" data-id=\"d738da2\" data-element_type=\"container\" data-e-type=\"container\">\n\t\t\t\t\t<div class=\"e-con-inner\">\n\t\t\t\t\t<\/div>\n\t\t\t\t<\/div>\n\t\t\t\t<\/div>","protected":false},"excerpt":{"rendered":"<p>Commercial Commercial Real Estate Services in Greater Montreal At Capital-B, we specialize in helping businesses and investors succeed in Greater Montreal\u2019s commercial real estate market. Whether you\u2019re looking to buy, sell, lease, or invest, our team of expert brokers offers comprehensive services for offices, retail spaces, industrial buildings, and commercial income properties. With us, you\u2019ll [&hellip;]<\/p>\n","protected":false},"author":1,"featured_media":0,"parent":0,"menu_order":4,"comment_status":"closed","ping_status":"closed","template":"","meta":{"_acf_changed":false,"footnotes":""},"class_list":["post-2817","page","type-page","status-publish","hentry"],"acf":[],"aioseo_notices":[],"_links":{"self":[{"href":"https:\/\/capital-b.ca\/fr\/wp-json\/wp\/v2\/pages\/2817","targetHints":{"allow":["GET"]}}],"collection":[{"href":"https:\/\/capital-b.ca\/fr\/wp-json\/wp\/v2\/pages"}],"about":[{"href":"https:\/\/capital-b.ca\/fr\/wp-json\/wp\/v2\/types\/page"}],"author":[{"embeddable":true,"href":"https:\/\/capital-b.ca\/fr\/wp-json\/wp\/v2\/users\/1"}],"replies":[{"embeddable":true,"href":"https:\/\/capital-b.ca\/fr\/wp-json\/wp\/v2\/comments?post=2817"}],"version-history":[{"count":52,"href":"https:\/\/capital-b.ca\/fr\/wp-json\/wp\/v2\/pages\/2817\/revisions"}],"predecessor-version":[{"id":3486,"href":"https:\/\/capital-b.ca\/fr\/wp-json\/wp\/v2\/pages\/2817\/revisions\/3486"}],"wp:attachment":[{"href":"https:\/\/capital-b.ca\/fr\/wp-json\/wp\/v2\/media?parent=2817"}],"curies":[{"name":"wp","href":"https:\/\/api.w.org\/{rel}","templated":true}]}}