{"id":2825,"date":"2024-12-06T23:51:33","date_gmt":"2024-12-06T23:51:33","guid":{"rendered":"https:\/\/capital-b.ca\/?page_id=2825"},"modified":"2024-12-17T20:37:07","modified_gmt":"2024-12-17T20:37:07","slug":"entreprise","status":"publish","type":"page","link":"https:\/\/capital-b.ca\/fr\/business\/","title":{"rendered":"Services d'achat et de vente d'entreprises dans le Grand Montr\u00e9al"},"content":{"rendered":"<div data-elementor-type=\"wp-page\" data-elementor-id=\"2825\" class=\"elementor elementor-2825\" data-elementor-post-type=\"page\">\n\t\t\t\t<div data-dce-background-overlay-image-url=\"https:\/\/capital-b.ca\/wp-content\/uploads\/2024\/06\/0001-001_1_DSC00003.jpg\" class=\"has_ae_slider elementor-element elementor-element-e23c5c1 e-con-full e-flex ae-bg-gallery-type-default e-con e-parent\" data-id=\"e23c5c1\" data-element_type=\"container\" data-e-type=\"container\">\n\t\t\t\t<div class=\"elementor-element elementor-element-2ca7bab elementor-widget__width-initial elementor-widget elementor-widget-heading\" data-id=\"2ca7bab\" data-element_type=\"widget\" data-e-type=\"widget\" data-widget_type=\"heading.default\">\n\t\t\t\t\t<h1 class=\"elementor-heading-title elementor-size-default\">Entreprise<\/h1>\t\t\t\t<\/div>\n\t\t\t\t<\/div>\n\t\t<div class=\"has_ae_slider elementor-element elementor-element-80c8db9 e-con-full e-flex ae-bg-gallery-type-default e-con e-parent\" data-id=\"80c8db9\" data-element_type=\"container\" data-e-type=\"container\" data-settings=\"{&quot;background_background&quot;:&quot;classic&quot;}\">\n\t\t<div class=\"has_ae_slider elementor-element elementor-element-870260a e-con-full e-flex ae-bg-gallery-type-default e-con e-child\" data-id=\"870260a\" data-element_type=\"container\" data-e-type=\"container\" data-settings=\"{&quot;background_background&quot;:&quot;classic&quot;}\">\n\t\t\t\t<div data-dce-title-color=\"#54595F\" class=\"elementor-element elementor-element-8c11f31 elementor-widget elementor-widget-heading\" data-id=\"8c11f31\" data-element_type=\"widget\" data-e-type=\"widget\" data-widget_type=\"heading.default\">\n\t\t\t\t\t<h2 class=\"elementor-heading-title elementor-size-default\">Services d'achat et de vente d'entreprises dans le Grand Montr\u00e9al<\/h2>\t\t\t\t<\/div>\n\t\t\t\t<div class=\"elementor-element elementor-element-416de69 elementor-widget elementor-widget-text-editor\" data-id=\"416de69\" data-element_type=\"widget\" data-e-type=\"widget\" data-widget_type=\"text-editor.default\">\n\t\t\t\t\t\t\t\t\t<p>Vous cherchez \u00e0 acheter ou \u00e0 vendre une entreprise dans le Grand Montr\u00e9al ? <strong>Capital-B<\/strong> offre des conseils d'experts aux entrepreneurs, aux investisseurs et aux propri\u00e9taires d'entreprises qui naviguent dans les complexit\u00e9s des transactions commerciales. Qu'il s'agisse d'un d\u00e9panneur, d'un restaurant, d'une entreprise avec des biens immobiliers ou de toute autre entreprise, notre \u00e9quipe travaille en collaboration avec nos cabinets comptables CPA de confiance, afin de vous fournir un soutien complet pour une transaction sans faille.<\/p>\t\t\t\t\t\t\t\t<\/div>\n\t\t\t\t<div data-dce-title-color=\"#54595F\" class=\"elementor-element elementor-element-24c3ffd elementor-widget elementor-widget-heading\" data-id=\"24c3ffd\" data-element_type=\"widget\" data-e-type=\"widget\" data-widget_type=\"heading.default\">\n\t\t\t\t\t<h2 class=\"elementor-heading-title elementor-size-default\">Achat d'une entreprise<\/h2>\t\t\t\t<\/div>\n\t\t\t\t<div class=\"elementor-element elementor-element-5aa40e7 elementor-widget elementor-widget-text-editor\" data-id=\"5aa40e7\" data-element_type=\"widget\" data-e-type=\"widget\" data-widget_type=\"text-editor.default\">\n\t\t\t\t\t\t\t\t\t<p>L'acquisition d'une entreprise est une opportunit\u00e9 passionnante, mais elle n\u00e9cessite une \u00e9valuation et une planification minutieuses. \u00c0 l'heure actuelle, il n'est pas possible d'acqu\u00e9rir une entreprise. <strong>Capital-B<\/strong>Nous simplifions le processus en vous aidant \u00e0 identifier les opportunit\u00e9s rentables, \u00e0 effectuer les v\u00e9rifications n\u00e9cessaires et \u00e0 mener \u00e0 bien les n\u00e9gociations. Des d\u00e9panneurs aux restaurants et autres, nous sommes l\u00e0 pour vous aider \u00e0 faire de votre achat un investissement judicieux.<\/p>\t\t\t\t\t\t\t\t<\/div>\n\t\t\t\t<div data-dce-title-color=\"#54595F\" class=\"elementor-element elementor-element-55c4045 elementor-widget__width-initial elementor-widget-tablet__width-initial elementor-widget-mobile__width-initial elementor-widget elementor-widget-heading\" data-id=\"55c4045\" data-element_type=\"widget\" data-e-type=\"widget\" data-widget_type=\"heading.default\">\n\t\t\t\t\t<h3 class=\"elementor-heading-title elementor-size-default\">Nos services d'achat comprennent<\/h3>\t\t\t\t<\/div>\n\t\t\t\t<div class=\"elementor-element elementor-element-94ed413 elementor-widget elementor-widget-text-editor\" data-id=\"94ed413\" data-element_type=\"widget\" data-e-type=\"widget\" data-widget_type=\"text-editor.default\">\n\t\t\t\t\t\t\t\t\t<ul><li>Avis sur la valeur de l'entreprise et analyse financi\u00e8re.<\/li><li>Analyse du march\u00e9 et identification des opportunit\u00e9s.<\/li><li>Diligence raisonnable et \u00e9valuation des risques.<\/li><li>Aide \u00e0 la n\u00e9gociation et conseils en mati\u00e8re de financement.<\/li><\/ul><p>Laissez-nous vous aider \u00e0 investir en toute confiance dans votre avenir.<\/p>\t\t\t\t\t\t\t\t<\/div>\n\t\t\t\t<div data-dce-title-color=\"#54595F\" class=\"elementor-element elementor-element-361a7fe elementor-widget elementor-widget-heading\" data-id=\"361a7fe\" data-element_type=\"widget\" data-e-type=\"widget\" data-widget_type=\"heading.default\">\n\t\t\t\t\t<h3 class=\"elementor-heading-title elementor-size-default\">Vendre une entreprise<\/h3>\t\t\t\t<\/div>\n\t\t\t\t<div class=\"elementor-element elementor-element-204d5d0 elementor-widget elementor-widget-text-editor\" data-id=\"204d5d0\" data-element_type=\"widget\" data-e-type=\"widget\" data-widget_type=\"text-editor.default\">\n\t\t\t\t\t\t\t\t\t<p>La vente de votre entreprise est une d\u00e9cision importante, et nous sommes l\u00e0 pour vous aider \u00e0 en maximiser la valeur. Notre \u00e9quipe, ainsi que les comptables professionnels, positionnent votre entreprise de mani\u00e8re \u00e0 attirer des acheteurs s\u00e9rieux, tout en rationalisant le processus afin d'obtenir le meilleur retour sur investissement.<\/p>\t\t\t\t\t\t\t\t<\/div>\n\t\t\t\t<div data-dce-title-color=\"#54595F\" class=\"elementor-element elementor-element-7a3318d elementor-widget elementor-widget-heading\" data-id=\"7a3318d\" data-element_type=\"widget\" data-e-type=\"widget\" data-widget_type=\"heading.default\">\n\t\t\t\t\t<h3 class=\"elementor-heading-title elementor-size-default\">Nos services de vente comprennent\u00a0:<\/h3>\t\t\t\t<\/div>\n\t\t\t\t<div class=\"elementor-element elementor-element-f455775 elementor-widget elementor-widget-text-editor\" data-id=\"f455775\" data-element_type=\"widget\" data-e-type=\"widget\" data-widget_type=\"text-editor.default\">\n\t\t\t\t\t\t\t\t\t<ul><li>Avis professionnel sur la valeur du produit.<\/li><li>Marketing cibl\u00e9 vers des acheteurs qualifi\u00e9s.<\/li><li>Conseils sur la pr\u00e9paration \u00e0 la diligence raisonnable.<\/li><li>Un soutien expert en mati\u00e8re de n\u00e9gociation et de cl\u00f4ture.<\/li><\/ul><p>Vendez votre entreprise en toute confiance et en toute simplicit\u00e9 avec notre \u00e9quipe exp\u00e9riment\u00e9e \u00e0 vos c\u00f4t\u00e9s.<\/p>\t\t\t\t\t\t\t\t<\/div>\n\t\t\t\t<div data-dce-title-color=\"#54595F\" class=\"elementor-element elementor-element-b5038a7 elementor-widget elementor-widget-heading\" data-id=\"b5038a7\" data-element_type=\"widget\" data-e-type=\"widget\" data-widget_type=\"heading.default\">\n\t\t\t\t\t<h3 class=\"elementor-heading-title elementor-size-default\">Services sp\u00e9cialis\u00e9s pour les entreprises ayant des biens immobiliers<\/h3>\t\t\t\t<\/div>\n\t\t\t\t<div class=\"elementor-element elementor-element-08097a9 elementor-widget elementor-widget-text-editor\" data-id=\"08097a9\" data-element_type=\"widget\" data-e-type=\"widget\" data-widget_type=\"text-editor.default\">\n\t\t\t\t\t\t\t\t\t<p>Pour les entreprises qui comprennent des actifs immobiliers, notre expertise combin\u00e9e en mati\u00e8re d'immobilier et de transactions commerciales s'associe pour que vous obteniez le meilleur des deux mondes. Que vous achetiez ou vendiez, nous vous proposons une analyse approfondie et des strat\u00e9gies pour vous aider \u00e0 maximiser votre investissement.<\/p>\t\t\t\t\t\t\t\t<\/div>\n\t\t\t\t<div data-dce-title-color=\"#54595F\" class=\"elementor-element elementor-element-a0b15c3 elementor-widget elementor-widget-heading\" data-id=\"a0b15c3\" data-element_type=\"widget\" data-e-type=\"widget\" data-widget_type=\"heading.default\">\n\t\t\t\t\t<h3 class=\"elementor-heading-title elementor-size-default\">Pourquoi nous choisir ?<\/h3>\t\t\t\t<\/div>\n\t\t\t\t<div class=\"elementor-element elementor-element-0d7efb4 elementor-widget elementor-widget-text-editor\" data-id=\"0d7efb4\" data-element_type=\"widget\" data-e-type=\"widget\" data-widget_type=\"text-editor.default\">\n\t\t\t\t\t\t\t\t\t<ul><li>Exp\u00e9rience dans l'\u00e9valuation des synergies commerciales et immobili\u00e8res.<\/li><li>Des strat\u00e9gies sur mesure pour accro\u00eetre l'attrait du march\u00e9.<\/li><li>Aide au financement, aux aspects juridiques et aux r\u00e9glementations en mati\u00e8re de zonage.<\/li><\/ul>\t\t\t\t\t\t\t\t<\/div>\n\t\t\t\t<div data-dce-title-color=\"#54595F\" class=\"elementor-element elementor-element-bfeab02 elementor-widget elementor-widget-heading\" data-id=\"bfeab02\" data-element_type=\"widget\" data-e-type=\"widget\" data-widget_type=\"heading.default\">\n\t\t\t\t\t<h3 class=\"elementor-heading-title elementor-size-default\">Travailler avec l'expertise d'un CPA de confiance<\/h3>\t\t\t\t<\/div>\n\t\t\t\t<div class=\"elementor-element elementor-element-e06e4ea elementor-widget elementor-widget-text-editor\" data-id=\"e06e4ea\" data-element_type=\"widget\" data-e-type=\"widget\" data-widget_type=\"text-editor.default\">\n\t\t\t\t\t\t\t\t\t<p>Gr\u00e2ce \u00e0 notre r\u00e9seau de cabinets comptables CPA, nous offrons \u00e0 nos clients une expertise financi\u00e8re in\u00e9gal\u00e9e. De la planification fiscale \u00e0 l'analyse des flux de tr\u00e9sorerie, notre collaboration porte sur tous les aspects de l'achat ou de la vente de votre entreprise, qui sont trait\u00e9s avec pr\u00e9cision.<\/p>\t\t\t\t\t\t\t\t<\/div>\n\t\t\t\t<div data-dce-title-color=\"#54595F\" class=\"elementor-element elementor-element-98868f7 elementor-widget elementor-widget-heading\" data-id=\"98868f7\" data-element_type=\"widget\" data-e-type=\"widget\" data-widget_type=\"heading.default\">\n\t\t\t\t\t<h3 class=\"elementor-heading-title elementor-size-default\">Avantages de travailler avec nos experts-comptables de confiance :<\/h3>\t\t\t\t<\/div>\n\t\t\t\t<div class=\"elementor-element elementor-element-9534ce8 elementor-widget elementor-widget-text-editor\" data-id=\"9534ce8\" data-element_type=\"widget\" data-e-type=\"widget\" data-widget_type=\"text-editor.default\">\n\t\t\t\t\t\t\t\t\t<ul><li>Acc\u00e8s \u00e0 des \u00e9tats financiers et \u00e0 des projections professionnels.<\/li><li>Strat\u00e9gies fiscales pour optimiser votre transaction.<\/li><li>Conseils d'experts sur la structuration des transactions et des accords.<\/li><\/ul><p>Avec <strong>Capital-B<\/strong> et son r\u00e9seau de confiance, vous disposerez d'une \u00e9quipe performante pour vous guider \u00e0 chaque \u00e9tape du processus.<\/p>\t\t\t\t\t\t\t\t<\/div>\n\t\t\t\t<div data-dce-title-color=\"#54595F\" class=\"elementor-element elementor-element-8f14c62 elementor-widget elementor-widget-heading\" data-id=\"8f14c62\" data-element_type=\"widget\" data-e-type=\"widget\" data-widget_type=\"heading.default\">\n\t\t\t\t\t<h3 class=\"elementor-heading-title elementor-size-default\">Pourquoi choisir Capital-B?<\/h3>\t\t\t\t<\/div>\n\t\t\t\t<div class=\"elementor-element elementor-element-28427ff elementor-widget elementor-widget-text-editor\" data-id=\"28427ff\" data-element_type=\"widget\" data-e-type=\"widget\" data-widget_type=\"text-editor.default\">\n\t\t\t\t\t\t\t\t\t<p>\u00c0 <strong>Capital-B<\/strong>Nous combinons une connaissance approfondie de l'industrie avec un service personnalis\u00e9 afin d'obtenir des r\u00e9sultats exceptionnels. Notre engagement envers l'excellence et notre r\u00e9seau de confiance font de nous le choix id\u00e9al pour l'achat ou la vente d'une entreprise dans le Grand Montr\u00e9al. En mettant l'accent sur l'int\u00e9grit\u00e9, la collaboration et l'innovation, nous sommes d\u00e9termin\u00e9s \u00e0 vous aider \u00e0 atteindre vos objectifs.<\/p>\t\t\t\t\t\t\t\t<\/div>\n\t\t\t\t<div data-dce-title-color=\"#54595F\" class=\"elementor-element elementor-element-fe745b4 elementor-widget elementor-widget-heading\" data-id=\"fe745b4\" data-element_type=\"widget\" data-e-type=\"widget\" data-widget_type=\"heading.default\">\n\t\t\t\t\t<h3 class=\"elementor-heading-title elementor-size-default\">Contactez-nous aujourd'hui<\/h3>\t\t\t\t<\/div>\n\t\t\t\t<div class=\"elementor-element elementor-element-1b2ab20 elementor-widget elementor-widget-text-editor\" data-id=\"1b2ab20\" data-element_type=\"widget\" data-e-type=\"widget\" data-widget_type=\"text-editor.default\">\n\t\t\t\t\t\t\t\t\t<p>Pr\u00eat \u00e0 acheter ou \u00e0 vendre une entreprise ? <strong>Capital-B<\/strong> est l\u00e0 pour vous fournir les conseils d'experts dont vous avez besoin pour r\u00e9ussir. Faisons en sorte que votre prochaine op\u00e9ration commerciale soit rentable.<\/p><p><strong>Appelez-nous au <a href=\"tel:4388025000\">438.802.5000<\/a><\/strong>\u00a0ou <a href=\"https:\/\/capital-b.ca\/fr\/contactez-nous\/\"><strong>contactez-nous en ligne<\/strong><\/a> pour commencer.<\/p>\t\t\t\t\t\t\t\t<\/div>\n\t\t\t\t<\/div>\n\t\t\t\t<\/div>\n\t\t<div class=\"has_ae_slider elementor-element elementor-element-f4a20e3 e-flex e-con-boxed ae-bg-gallery-type-default e-con e-parent\" data-id=\"f4a20e3\" data-element_type=\"container\" data-e-type=\"container\">\n\t\t\t\t\t<div class=\"e-con-inner\">\n\t\t\t\t\t<\/div>\n\t\t\t\t<\/div>\n\t\t\t\t<\/div>","protected":false},"excerpt":{"rendered":"<p>Business Business Purchase and Sale Services in Greater Montreal Looking to buy or sell a business in Greater Montreal? Capital-B offers expert guidance for entrepreneurs, investors, and business owners navigating the complexities of business transactions. Whether it\u2019s a d\u00e9panneur, restaurant, business with real estate, or any other venture, our team works alongside our trusted CPA [&hellip;]<\/p>\n","protected":false},"author":1,"featured_media":0,"parent":0,"menu_order":1,"comment_status":"closed","ping_status":"closed","template":"","meta":{"_acf_changed":false,"footnotes":""},"class_list":["post-2825","page","type-page","status-publish","hentry"],"acf":[],"aioseo_notices":[],"_links":{"self":[{"href":"https:\/\/capital-b.ca\/fr\/wp-json\/wp\/v2\/pages\/2825","targetHints":{"allow":["GET"]}}],"collection":[{"href":"https:\/\/capital-b.ca\/fr\/wp-json\/wp\/v2\/pages"}],"about":[{"href":"https:\/\/capital-b.ca\/fr\/wp-json\/wp\/v2\/types\/page"}],"author":[{"embeddable":true,"href":"https:\/\/capital-b.ca\/fr\/wp-json\/wp\/v2\/users\/1"}],"replies":[{"embeddable":true,"href":"https:\/\/capital-b.ca\/fr\/wp-json\/wp\/v2\/comments?post=2825"}],"version-history":[{"count":50,"href":"https:\/\/capital-b.ca\/fr\/wp-json\/wp\/v2\/pages\/2825\/revisions"}],"predecessor-version":[{"id":3514,"href":"https:\/\/capital-b.ca\/fr\/wp-json\/wp\/v2\/pages\/2825\/revisions\/3514"}],"wp:attachment":[{"href":"https:\/\/capital-b.ca\/fr\/wp-json\/wp\/v2\/media?parent=2825"}],"curies":[{"name":"wp","href":"https:\/\/api.w.org\/{rel}","templated":true}]}}