{"id":2891,"date":"2024-12-12T15:27:39","date_gmt":"2024-12-12T15:27:39","guid":{"rendered":"https:\/\/capital-b.ca\/?page_id=2891"},"modified":"2024-12-17T20:07:37","modified_gmt":"2024-12-17T20:07:37","slug":"decouvrez-la-maison-ideale-pour-votre-famille-grandissante-avec-capital-b","status":"publish","type":"page","link":"https:\/\/capital-b.ca\/fr\/discover-the-perfect-home-for-your-growing-family-with-capital-b\/","title":{"rendered":"D\u00e9couvrez la maison id\u00e9ale pour votre famille grandissante avec Capital-B"},"content":{"rendered":"<div data-elementor-type=\"wp-page\" data-elementor-id=\"2891\" class=\"elementor elementor-2891\" data-elementor-post-type=\"page\">\n\t\t\t\t<div data-dce-background-overlay-image-url=\"https:\/\/capital-b.ca\/wp-content\/uploads\/2024\/12\/Leonardo_Kino_XL_create_the_image_of_a_luxurious_residence_hou_2.webp\" class=\"has_ae_slider elementor-element elementor-element-60e8b56 e-con-full e-ecs-flex e-flex ae-bg-gallery-type-default e-con e-parent\" data-id=\"60e8b56\" data-element_type=\"container\" data-e-type=\"container\" data-settings=\"{&quot;ecs_container_type&quot;:&quot;flex&quot;}\">\n\t\t\t\t<div class=\"elementor-element elementor-element-3d39503 elementor-widget__width-initial elementor-widget elementor-widget-heading\" data-id=\"3d39503\" data-element_type=\"widget\" data-e-type=\"widget\" data-widget_type=\"heading.default\">\n\t\t\t\t\t<h1 class=\"elementor-heading-title elementor-size-default\">Maison familiale<\/h1>\t\t\t\t<\/div>\n\t\t\t\t<\/div>\n\t\t<div class=\"has_ae_slider elementor-element elementor-element-c6effb6 e-con-full e-ecs-flex e-flex ae-bg-gallery-type-default e-con e-parent\" data-id=\"c6effb6\" data-element_type=\"container\" data-e-type=\"container\" data-settings=\"{&quot;background_background&quot;:&quot;classic&quot;,&quot;ecs_container_type&quot;:&quot;flex&quot;}\">\n\t\t<div class=\"has_ae_slider elementor-element elementor-element-b967223 e-con-full e-ecs-flex e-flex ae-bg-gallery-type-default e-con e-child\" data-id=\"b967223\" data-element_type=\"container\" data-e-type=\"container\" data-settings=\"{&quot;background_background&quot;:&quot;classic&quot;,&quot;ecs_container_type&quot;:&quot;flex&quot;}\">\n\t\t\t\t<div data-dce-title-color=\"#54595F\" class=\"elementor-element elementor-element-e779773 elementor-widget elementor-widget-heading\" data-id=\"e779773\" data-element_type=\"widget\" data-e-type=\"widget\" data-widget_type=\"heading.default\">\n\t\t\t\t\t<h2 class=\"elementor-heading-title elementor-size-default\">D\u00e9couvrez la maison id\u00e9ale pour votre famille grandissante avec Capital-B<\/h2>\t\t\t\t<\/div>\n\t\t\t\t<div class=\"elementor-element elementor-element-b4c70fd elementor-widget elementor-widget-text-editor\" data-id=\"b4c70fd\" data-element_type=\"widget\" data-e-type=\"widget\" data-widget_type=\"text-editor.default\">\n\t\t\t\t\t\t\t\t\t<p>La transition vers une nouvelle phase de la vie s'accompagne souvent de changements passionnants, et la recherche de la maison individuelle appropri\u00e9e est un \u00e9l\u00e9ment crucial de ce voyage. Que votre famille s'agrandisse et que vous ayez besoin de plus d'espace, ou que vos enfants quittent le nid familial et que vous soyez pr\u00eat \u00e0 r\u00e9duire la taille de votre maison, <strong>Capital-B<\/strong> est l\u00e0 pour vous aider. Nous nous sp\u00e9cialisons dans l'accompagnement des familles du Grand Montr\u00e9al tout au long du processus d'achat ou de vente de maisons unifamiliales, en veillant \u00e0 ce que chaque d\u00e9cision soit \u00e9clair\u00e9e, transparente et adapt\u00e9e \u00e0 vos besoins.<\/p>\t\t\t\t\t\t\t\t<\/div>\n\t\t\t\t<div data-dce-title-color=\"#54595F\" class=\"elementor-element elementor-element-dc1a911 elementor-widget elementor-widget-heading\" data-id=\"dc1a911\" data-element_type=\"widget\" data-e-type=\"widget\" data-widget_type=\"heading.default\">\n\t\t\t\t\t<h3 class=\"elementor-heading-title elementor-size-default\">Qu'est-ce qu'une maison individuelle ?<\/h3>\t\t\t\t<\/div>\n\t\t\t\t<div class=\"elementor-element elementor-element-a16ea99 elementor-widget elementor-widget-text-editor\" data-id=\"a16ea99\" data-element_type=\"widget\" data-e-type=\"widget\" data-widget_type=\"text-editor.default\">\n\t\t\t\t\t\t\t\t\t<p>Une maison individuelle est une propri\u00e9t\u00e9 r\u00e9sidentielle con\u00e7ue pour accueillir une seule famille. Ces maisons disposent souvent d'une cour priv\u00e9e, d'un vaste espace de vie et d'un am\u00e9nagement personnalisable, ce qui les rend id\u00e9ales pour les familles \u00e0 la recherche de confort et de flexibilit\u00e9. Que vous soyez attir\u00e9 par un quartier de banlieue tranquille ou par un environnement urbain dynamique, les maisons unifamiliales offrent d'innombrables possibilit\u00e9s de cr\u00e9er un espace qui vous ressemble.<\/p>\t\t\t\t\t\t\t\t<\/div>\n\t\t\t\t<div data-dce-title-color=\"#54595F\" class=\"elementor-element elementor-element-a13a57b elementor-widget elementor-widget-heading\" data-id=\"a13a57b\" data-element_type=\"widget\" data-e-type=\"widget\" data-widget_type=\"heading.default\">\n\t\t\t\t\t<h3 class=\"elementor-heading-title elementor-size-default\">Les avantages de l'achat d'une maison individuelle<\/h3>\t\t\t\t<\/div>\n\t\t\t\t<div class=\"elementor-element elementor-element-8b9255f elementor-widget elementor-widget-text-editor\" data-id=\"8b9255f\" data-element_type=\"widget\" data-e-type=\"widget\" data-widget_type=\"text-editor.default\">\n\t\t\t\t\t\t\t\t\t<ol><li><strong>Vie priv\u00e9e<\/strong><br \/>Les maisons individuelles offrent une intimit\u00e9 in\u00e9gal\u00e9e par rapport aux condominiums ou aux maisons de ville, sans murs ni espaces communs.<\/li><li><strong>Espace de croissance<\/strong><br \/>Avec plusieurs chambres \u00e0 coucher, des espaces de vie plus grands et des cours, les maisons unifamiliales offrent l'espace dont votre famille grandissante a besoin.<\/li><li><strong>Personnalisation<\/strong><br \/>Ces maisons permettent une plus grande personnalisation, de sorte que vous pouvez concevoir votre espace de vie en fonction du style de vie et des pr\u00e9f\u00e9rences de votre famille.<\/li><li><strong>Vie en plein air<\/strong><br \/>Les cours priv\u00e9es constituent un espace s\u00fbr o\u00f9 les enfants peuvent jouer, les animaux de compagnie se promener et les familles se r\u00e9unir pour des activit\u00e9s de plein air.<\/li><li><strong>Valeur \u00e0 long terme<\/strong><br \/>Les maisons individuelles ont tendance \u00e0 prendre de la valeur, ce qui en fait un investissement judicieux pour les familles qui planifient leur avenir.<\/li><\/ol>\t\t\t\t\t\t\t\t<\/div>\n\t\t\t\t<div data-dce-title-color=\"#54595F\" class=\"elementor-element elementor-element-16af2d1 elementor-widget elementor-widget-heading\" data-id=\"16af2d1\" data-element_type=\"widget\" data-e-type=\"widget\" data-widget_type=\"heading.default\">\n\t\t\t\t\t<h3 class=\"elementor-heading-title elementor-size-default\">Les d\u00e9fis de l'achat d'une maison individuelle<\/h3>\t\t\t\t<\/div>\n\t\t\t\t<div class=\"elementor-element elementor-element-c9c82aa elementor-widget elementor-widget-text-editor\" data-id=\"c9c82aa\" data-element_type=\"widget\" data-e-type=\"widget\" data-widget_type=\"text-editor.default\">\n\t\t\t\t\t\t\t\t\t<ol><li><strong>Co\u00fbt<\/strong><br \/>Les maisons individuelles ont souvent un prix d'achat et des co\u00fbts d'entretien plus \u00e9lev\u00e9s que les appartements en copropri\u00e9t\u00e9 ou les maisons en rang\u00e9e.<\/li><li><strong>Responsabilit\u00e9 de l'entretien<\/strong><br \/>Les propri\u00e9taires sont responsables de l'ensemble de l'entretien, de l'am\u00e9nagement paysager aux r\u00e9parations de la toiture, ce qui demande du temps et des efforts.<\/li><li><strong>Compromis de localisation<\/strong><br \/>Pour trouver la maison id\u00e9ale dans le quartier d\u00e9sir\u00e9, il faut parfois trouver un \u00e9quilibre entre des priorit\u00e9s telles que les temps de trajet, les districts scolaires et les commodit\u00e9s.<\/li><li><strong>March\u00e9 concurrentiel<\/strong><br \/>Les maisons individuelles sont tr\u00e8s demand\u00e9es, ce qui peut donner lieu \u00e0 des guerres d'ench\u00e8res et \u00e0 une \u00e9volution rapide du march\u00e9.<\/li><li><strong>Zonage et r\u00e9glementation<\/strong><br \/>Il est essentiel de comprendre les lois et les restrictions locales en mati\u00e8re de zonage, en particulier si vous envisagez de r\u00e9nover ou de vous agrandir.<\/li><\/ol>\t\t\t\t\t\t\t\t<\/div>\n\t\t\t\t<div data-dce-title-color=\"#54595F\" class=\"elementor-element elementor-element-82a374b elementor-widget elementor-widget-heading\" data-id=\"82a374b\" data-element_type=\"widget\" data-e-type=\"widget\" data-widget_type=\"heading.default\">\n\t\t\t\t\t<h3 class=\"elementor-heading-title elementor-size-default\">Comment Capital-B peut aider votre famille \u00e0 faire la transition<\/h3>\t\t\t\t<\/div>\n\t\t\t\t<div class=\"elementor-element elementor-element-921a37b elementor-widget elementor-widget-text-editor\" data-id=\"921a37b\" data-element_type=\"widget\" data-e-type=\"widget\" data-widget_type=\"text-editor.default\">\n\t\t\t\t\t\t\t\t\t<p>Que vous achetiez ou vendiez une maison individuelle, <strong>Capital-B<\/strong> offre des conseils d'experts et un service personnalis\u00e9 pour que votre exp\u00e9rience soit harmonieuse et r\u00e9ussie.<\/p>\t\t\t\t\t\t\t\t<\/div>\n\t\t<div class=\"has_ae_slider elementor-element elementor-element-02faf49 e-con-full e-ecs-flex e-flex ae-bg-gallery-type-default e-con e-child\" data-id=\"02faf49\" data-element_type=\"container\" data-e-type=\"container\" data-settings=\"{&quot;ecs_container_type&quot;:&quot;flex&quot;}\">\n\t\t\t\t<div class=\"elementor-element elementor-element-9d458c3 elementor-widget__width-initial elementor-widget elementor-widget-text-editor\" data-id=\"9d458c3\" data-element_type=\"widget\" data-e-type=\"widget\" data-widget_type=\"text-editor.default\">\n\t\t\t\t\t\t\t\t\t<p><strong>Pour les acheteurs :<\/strong><\/p><ol><li><strong>Conseils personnalis\u00e9s<\/strong><br \/>Nous prenons le temps de comprendre les besoins uniques de votre famille, qu'il s'agisse des pr\u00e9f\u00e9rences en mati\u00e8re d'emplacement ou des caract\u00e9ristiques souhait\u00e9es, telles que des chambres suppl\u00e9mentaires ou des espaces ext\u00e9rieurs.<\/li><li><strong>Listes exclusives<\/strong><br \/>Acc\u00e9dez \u00e0 des listes exclusives de maisons unifamiliales dans le Grand Montr\u00e9al qui correspondent \u00e0 votre style de vie et \u00e0 votre budget.<\/li><li><strong>Aper\u00e7u du march\u00e9<\/strong><br \/>Notre \u00e9quipe fournit une analyse d\u00e9taill\u00e9e du quartier, des informations sur les districts scolaires et des tendances en mati\u00e8re de prix pour vous aider \u00e0 prendre une d\u00e9cision \u00e9clair\u00e9e.<\/li><li><strong>Orientations financi\u00e8res<\/strong><br \/>Des pr\u00e9-approbations hypoth\u00e9caires aux \u00e9valuations financi\u00e8res, nous vous aidons \u00e0 vous pr\u00e9parer aux aspects financiers de l'achat d'une maison.<\/li><li><strong>N\u00e9gociation d'experts<\/strong><br \/>Nous vous d\u00e9fendons \u00e0 chaque \u00e9tape, en obtenant le meilleur prix et les meilleures conditions pour votre nouvelle maison.<\/li><\/ol>\t\t\t\t\t\t\t\t<\/div>\n\t\t\t\t<div class=\"elementor-element elementor-element-5b91118 elementor-widget__width-inherit elementor-widget elementor-widget-image\" data-id=\"5b91118\" data-element_type=\"widget\" data-e-type=\"widget\" data-widget_type=\"image.default\">\n\t\t\t\t\t\t\t\t\t\t\t\t\t\t\t<img fetchpriority=\"high\" decoding=\"async\" width=\"530\" height=\"800\" src=\"https:\/\/capital-b.ca\/wp-content\/uploads\/2024\/12\/Single-family-home-in-Montreal.webp\" class=\"attachment-large size-large wp-image-2893\" alt=\"\" srcset=\"https:\/\/capital-b.ca\/wp-content\/uploads\/2024\/12\/Single-family-home-in-Montreal.webp 530w, https:\/\/capital-b.ca\/wp-content\/uploads\/2024\/12\/Single-family-home-in-Montreal-199x300.webp 199w, https:\/\/capital-b.ca\/wp-content\/uploads\/2024\/12\/Single-family-home-in-Montreal-8x12.webp 8w\" sizes=\"(max-width: 530px) 100vw, 530px\" \/>\t\t\t\t\t\t\t\t\t\t\t\t\t\t\t<\/div>\n\t\t\t\t<\/div>\n\t\t<div class=\"has_ae_slider elementor-element elementor-element-b9154d7 e-con-full e-ecs-flex e-flex ae-bg-gallery-type-default e-con e-child\" data-id=\"b9154d7\" data-element_type=\"container\" data-e-type=\"container\" data-settings=\"{&quot;ecs_container_type&quot;:&quot;flex&quot;}\">\n\t\t\t\t<div class=\"elementor-element elementor-element-885ac72 elementor-widget__width-initial elementor-widget elementor-widget-text-editor\" data-id=\"885ac72\" data-element_type=\"widget\" data-e-type=\"widget\" data-widget_type=\"text-editor.default\">\n\t\t\t\t\t\t\t\t\t<p><strong>Pour les vendeurs :<\/strong><\/p><ol><li><strong>Une tarification pr\u00e9cise<\/strong><br \/>Notre analyse concurrentielle du march\u00e9 se concentre sur le prix de votre maison afin d'attirer des acheteurs s\u00e9rieux tout en maximisant votre retour sur investissement.<\/li><li><strong>Staging et marketing professionnels<\/strong><br \/>Mettez en valeur les meilleurs atouts de votre maison gr\u00e2ce \u00e0 des photographies professionnelles, \u00e0 la mise en sc\u00e8ne et \u00e0 des campagnes de marketing cibl\u00e9es.<\/li><li><strong>Acheteurs qualifi\u00e9s<\/strong><br \/>Nous vous mettons en relation avec des acheteurs pr\u00e9s\u00e9lectionn\u00e9s qui sont pr\u00eats \u00e0 aller de l'avant, r\u00e9duisant ainsi le risque de retards.<\/li><li><strong>Expertise en mati\u00e8re de n\u00e9gociation<\/strong><br \/>Nos n\u00e9gociateurs exp\u00e9riment\u00e9s g\u00e8rent les offres et les contre-offres afin de s'assurer que vous obtenez le meilleur r\u00e9sultat.<\/li><li><strong>Processus simplifi\u00e9<\/strong><br \/>De la pr\u00e9paration de votre maison \u00e0 la vente \u00e0 la navigation dans les d\u00e9tails juridiques et financiers, nous nous occupons des complexit\u00e9s pour que vous n'ayez pas \u00e0 le faire.<\/li><\/ol>\t\t\t\t\t\t\t\t<\/div>\n\t\t\t\t<div class=\"elementor-element elementor-element-4c8350f elementor-widget__width-inherit elementor-widget elementor-widget-image\" data-id=\"4c8350f\" data-element_type=\"widget\" data-e-type=\"widget\" data-widget_type=\"image.default\">\n\t\t\t\t\t\t\t\t\t\t\t\t\t\t\t<img decoding=\"async\" width=\"530\" height=\"800\" src=\"https:\/\/capital-b.ca\/wp-content\/uploads\/2024\/12\/Attached-single-family-home-in-Montreal.webp\" class=\"attachment-large size-large wp-image-2894\" alt=\"\" srcset=\"https:\/\/capital-b.ca\/wp-content\/uploads\/2024\/12\/Attached-single-family-home-in-Montreal.webp 530w, https:\/\/capital-b.ca\/wp-content\/uploads\/2024\/12\/Attached-single-family-home-in-Montreal-199x300.webp 199w, https:\/\/capital-b.ca\/wp-content\/uploads\/2024\/12\/Attached-single-family-home-in-Montreal-8x12.webp 8w\" sizes=\"(max-width: 530px) 100vw, 530px\" \/>\t\t\t\t\t\t\t\t\t\t\t\t\t\t\t<\/div>\n\t\t\t\t<\/div>\n\t\t\t\t<div data-dce-title-color=\"#54595F\" class=\"elementor-element elementor-element-157005a elementor-widget elementor-widget-heading\" data-id=\"157005a\" data-element_type=\"widget\" data-e-type=\"widget\" data-widget_type=\"heading.default\">\n\t\t\t\t\t<h3 class=\"elementor-heading-title elementor-size-default\">Conseils aux familles qui s'installent dans un nouveau logement<\/h3>\t\t\t\t<\/div>\n\t\t\t\t<div class=\"elementor-element elementor-element-3be2f8e elementor-widget elementor-widget-text-editor\" data-id=\"3be2f8e\" data-element_type=\"widget\" data-e-type=\"widget\" data-widget_type=\"text-editor.default\">\n\t\t\t\t\t\t\t\t\t<ol>\n<li><strong>D\u00e9finissez vos priorit\u00e9s<\/strong><br>Tenez compte des besoins de votre famille en termes d'espace, d'emplacement et d'\u00e9quipements. Dressez une liste de ce qui est indispensable et de ce qui est souhaitable pour guider votre recherche.<\/li>\n<li><strong>\u00c9valuer les quartiers<\/strong><br>Renseignez-vous sur les districts scolaires, les temps de trajet et la proximit\u00e9 des parcs, des magasins et des \u00e9tablissements de sant\u00e9 pour trouver une communaut\u00e9 qui corresponde \u00e0 votre style de vie.<\/li>\n<li><strong>Planifier l'avenir<\/strong><br>Pensez aux besoins \u00e0 long terme de votre famille. Votre nouvelle maison pourra-t-elle s'adapter \u00e0 une croissance future ou \u00e0 des changements de mode de vie ?<\/li>\n<li><strong>Se pr\u00e9parer financi\u00e8rement<\/strong><br>Comprenez votre budget, y compris les co\u00fbts potentiels de r\u00e9novation, les frais de d\u00e9m\u00e9nagement et les taxes fonci\u00e8res.<\/li>\n<li><strong>Choisir des courtiers exp\u00e9riment\u00e9s<\/strong><br>Travailler avec une \u00e9quipe immobili\u00e8re de confiance comme <strong>Capital-B<\/strong> pour vous aider \u00e0 faire en sorte que chaque \u00e9tape du processus soit transparente et sans stress.<\/li>\n<\/ol>\t\t\t\t\t\t\t\t<\/div>\n\t\t\t\t<div data-dce-title-color=\"#54595F\" class=\"elementor-element elementor-element-9198c77 elementor-widget elementor-widget-heading\" data-id=\"9198c77\" data-element_type=\"widget\" data-e-type=\"widget\" data-widget_type=\"heading.default\">\n\t\t\t\t\t<h3 class=\"elementor-heading-title elementor-size-default\">FAQ sur l'achat et la vente de maisons individuelles<\/h3>\t\t\t\t<\/div>\n\t\t\t\t<div class=\"elementor-element elementor-element-512c37f elementor-widget elementor-widget-text-editor\" data-id=\"512c37f\" data-element_type=\"widget\" data-e-type=\"widget\" data-widget_type=\"text-editor.default\">\n\t\t\t\t\t\t\t\t\t<p><strong>Q : Comment savoir si c'est le bon moment pour acheter ou vendre ?<\/strong><br \/>R : Le bon moment d\u00e9pend des conditions du march\u00e9 et de vos besoins personnels. Notre \u00e9quipe peut vous fournir des informations sur le march\u00e9 pour vous aider \u00e0 prendre la meilleure d\u00e9cision.<\/p><p><strong>Q : Quelles sont les priorit\u00e9s lors de l'achat d'une maison familiale ?<\/strong><br \/>R : Concentrez-vous sur l'espace, l'emplacement et les caract\u00e9ristiques qui correspondent aux besoins actuels et futurs de votre famille.<\/p><p><strong>Q : Comment puis-je augmenter la valeur de ma maison avant de la vendre ?<\/strong><br \/>R : Des am\u00e9liorations simples comme une peinture fra\u00eeche, un am\u00e9nagement paysager et une mise en sc\u00e8ne peuvent consid\u00e9rablement am\u00e9liorer l'attrait de votre maison.<\/p><p><strong>Q : \u00c0 quels co\u00fbts dois-je m'attendre lors de l'achat d'une maison individuelle ?<\/strong><br \/>R : Les co\u00fbts comprennent le prix d'achat, les taxes fonci\u00e8res, l'assurance, l'entretien et les r\u00e9novations \u00e9ventuelles.<\/p><p><strong>Q : Puis-je acheter un logement avant de vendre mon logement actuel ?<\/strong><br \/>R : Oui, mais cela n\u00e9cessite une planification financi\u00e8re minutieuse. Notre \u00e9quipe peut vous aider \u00e0 naviguer dans ce processus.<\/p>\t\t\t\t\t\t\t\t<\/div>\n\t\t\t\t<div data-dce-title-color=\"#54595F\" class=\"elementor-element elementor-element-0c6f979 elementor-widget elementor-widget-heading\" data-id=\"0c6f979\" data-element_type=\"widget\" data-e-type=\"widget\" data-widget_type=\"heading.default\">\n\t\t\t\t\t<h3 class=\"elementor-heading-title elementor-size-default\">Contactez Capital-B d\u00e8s aujourd'hui<\/h3>\t\t\t\t<\/div>\n\t\t\t\t<div class=\"elementor-element elementor-element-e88dd56 elementor-widget elementor-widget-text-editor\" data-id=\"e88dd56\" data-element_type=\"widget\" data-e-type=\"widget\" data-widget_type=\"text-editor.default\">\n\t\t\t\t\t\t\t\t\t<p>Vous \u00eates pr\u00eat \u00e0 acheter ou \u00e0 vendre une maison unifamiliale dans le Grand Montr\u00e9al ? \u00c0 l'adresse <strong>Capital-B<\/strong>Nous sommes d\u00e9termin\u00e9s \u00e0 aider les familles comme la v\u00f4tre \u00e0 passer facilement \u00e0 un nouveau chapitre de leur vie. Laissez-nous vous guider tout au long du processus et faire en sorte que votre parcours immobilier soit aussi gratifiant que possible.<\/p><p><strong>Appelez-nous au <a href=\"tel:4388025000\">438.802.5000<\/a><\/strong>\u00a0ou <a href=\"https:\/\/capital-b.ca\/fr\/contactez-nous\/\"><strong>Contactez-nous<\/strong><\/a> pour commencer d\u00e8s aujourd'hui !<\/p>\t\t\t\t\t\t\t\t<\/div>\n\t\t\t\t<\/div>\n\t\t\t\t<\/div>\n\t\t<div class=\"has_ae_slider elementor-element elementor-element-fc4a0af e-ecs-flex e-flex e-con-boxed ae-bg-gallery-type-default e-con e-parent\" data-id=\"fc4a0af\" data-element_type=\"container\" data-e-type=\"container\" data-settings=\"{&quot;ecs_container_type&quot;:&quot;flex&quot;}\">\n\t\t\t\t\t<div class=\"e-con-inner\">\n\t\t\t\t\t<\/div>\n\t\t\t\t<\/div>\n\t\t\t\t<\/div>","protected":false},"excerpt":{"rendered":"<p>Family Home Discover the Perfect Home for Your Growing Family with Capital-B Transitioning to a new phase of life often comes with exciting changes, and finding the right single-family home is a crucial part of the journey. Whether your family is expanding, and you need more space, or your children are leaving the nest and [&hellip;]<\/p>\n","protected":false},"author":1,"featured_media":0,"parent":0,"menu_order":8,"comment_status":"closed","ping_status":"closed","template":"","meta":{"_acf_changed":false,"footnotes":""},"class_list":["post-2891","page","type-page","status-publish","hentry"],"acf":[],"_links":{"self":[{"href":"https:\/\/capital-b.ca\/fr\/wp-json\/wp\/v2\/pages\/2891","targetHints":{"allow":["GET"]}}],"collection":[{"href":"https:\/\/capital-b.ca\/fr\/wp-json\/wp\/v2\/pages"}],"about":[{"href":"https:\/\/capital-b.ca\/fr\/wp-json\/wp\/v2\/types\/page"}],"author":[{"embeddable":true,"href":"https:\/\/capital-b.ca\/fr\/wp-json\/wp\/v2\/users\/1"}],"replies":[{"embeddable":true,"href":"https:\/\/capital-b.ca\/fr\/wp-json\/wp\/v2\/comments?post=2891"}],"version-history":[{"count":22,"href":"https:\/\/capital-b.ca\/fr\/wp-json\/wp\/v2\/pages\/2891\/revisions"}],"predecessor-version":[{"id":3471,"href":"https:\/\/capital-b.ca\/fr\/wp-json\/wp\/v2\/pages\/2891\/revisions\/3471"}],"wp:attachment":[{"href":"https:\/\/capital-b.ca\/fr\/wp-json\/wp\/v2\/media?parent=2891"}],"curies":[{"name":"wp","href":"https:\/\/api.w.org\/{rel}","templated":true}]}}