{"id":2910,"date":"2024-12-12T15:39:51","date_gmt":"2024-12-12T15:39:51","guid":{"rendered":"https:\/\/capital-b.ca\/?page_id=2910"},"modified":"2024-12-17T20:10:48","modified_gmt":"2024-12-17T20:10:48","slug":"biens-immobiliers-a-revenus","status":"publish","type":"page","link":"https:\/\/capital-b.ca\/fr\/income-properties\/","title":{"rendered":"Investir dans des immeubles r\u00e9sidentiels \u00e0 revenus en toute confiance | Capital-B"},"content":{"rendered":"<div data-elementor-type=\"wp-page\" data-elementor-id=\"2910\" class=\"elementor elementor-2910\" data-elementor-post-type=\"page\">\n\t\t\t\t<div data-dce-background-overlay-image-url=\"https:\/\/capital-b.ca\/wp-content\/uploads\/2024\/12\/Income-property-in-Montreal.webp\" class=\"has_ae_slider elementor-element elementor-element-b1ababc e-con-full e-ecs-flex e-flex ae-bg-gallery-type-default e-con e-parent\" data-id=\"b1ababc\" data-element_type=\"container\" data-e-type=\"container\" data-settings=\"{&quot;ecs_container_type&quot;:&quot;flex&quot;}\">\n\t\t\t\t<div class=\"elementor-element elementor-element-29a5e5f elementor-widget__width-initial elementor-widget elementor-widget-heading\" data-id=\"29a5e5f\" data-element_type=\"widget\" data-e-type=\"widget\" data-widget_type=\"heading.default\">\n\t\t\t\t\t<h1 class=\"elementor-heading-title elementor-size-default\">Immeubles de rapport<\/h1>\t\t\t\t<\/div>\n\t\t\t\t<\/div>\n\t\t<div class=\"has_ae_slider elementor-element elementor-element-22c1df2 e-con-full e-ecs-flex e-flex ae-bg-gallery-type-default e-con e-parent\" data-id=\"22c1df2\" data-element_type=\"container\" data-e-type=\"container\" data-settings=\"{&quot;background_background&quot;:&quot;classic&quot;,&quot;ecs_container_type&quot;:&quot;flex&quot;}\">\n\t\t<div class=\"has_ae_slider elementor-element elementor-element-8ff8fec e-con-full e-ecs-flex e-flex ae-bg-gallery-type-default e-con e-child\" data-id=\"8ff8fec\" data-element_type=\"container\" data-e-type=\"container\" data-settings=\"{&quot;background_background&quot;:&quot;classic&quot;,&quot;ecs_container_type&quot;:&quot;flex&quot;}\">\n\t\t\t\t<div data-dce-title-color=\"#54595F\" class=\"elementor-element elementor-element-f267acb elementor-widget elementor-widget-heading\" data-id=\"f267acb\" data-element_type=\"widget\" data-e-type=\"widget\" data-widget_type=\"heading.default\">\n\t\t\t\t\t<h2 class=\"elementor-heading-title elementor-size-default\">Investir dans des immeubles r\u00e9sidentiels \u00e0 revenus en toute confiance | Capital-B<\/h2>\t\t\t\t<\/div>\n\t\t\t\t<div class=\"elementor-element elementor-element-a4bce1b elementor-widget elementor-widget-text-editor\" data-id=\"a4bce1b\" data-element_type=\"widget\" data-e-type=\"widget\" data-widget_type=\"text-editor.default\">\n\t\t\t\t\t\t\t\t\t<p>Investir dans des immeubles r\u00e9sidentiels \u00e0 revenus peut changer la donne pour votre avenir financier, en vous offrant des rentr\u00e9es d'argent r\u00e9guli\u00e8res et des possibilit\u00e9s de constitution d'un patrimoine \u00e0 long terme. Que vous cherchiez \u00e0 acheter votre premier immeuble \u00e0 logements multiples ou \u00e0 vendre un bien existant g\u00e9n\u00e9rant des revenus, <strong>Capital-B<\/strong> est l\u00e0 pour vous guider. Gr\u00e2ce \u00e0 notre expertise du march\u00e9 immobilier du Grand Montr\u00e9al, nous nous assurons que vous prenez des d\u00e9cisions \u00e9clair\u00e9es et que vous maximisez votre potentiel d'investissement.<\/p>\t\t\t\t\t\t\t\t<\/div>\n\t\t\t\t<div data-dce-title-color=\"#54595F\" class=\"elementor-element elementor-element-0c68beb elementor-widget elementor-widget-heading\" data-id=\"0c68beb\" data-element_type=\"widget\" data-e-type=\"widget\" data-widget_type=\"heading.default\">\n\t\t\t\t\t<h3 class=\"elementor-heading-title elementor-size-default\">Qu'est-ce qu'un bien immobilier r\u00e9sidentiel ?<\/h3>\t\t\t\t<\/div>\n\t\t\t\t<div class=\"elementor-element elementor-element-d3cf92f elementor-widget elementor-widget-text-editor\" data-id=\"d3cf92f\" data-element_type=\"widget\" data-e-type=\"widget\" data-widget_type=\"text-editor.default\">\n\t\t\t\t\t\t\t\t\t<p>Un immeuble de rapport r\u00e9sidentiel est un bien immobilier qui g\u00e9n\u00e8re des revenus locatifs et qui se compose souvent de deux ou plusieurs unit\u00e9s r\u00e9sidentielles. Il peut s'agir d'un duplex ou d'un triplex, ou encore d'un immeuble collectif plus important comprenant plusieurs logements. Elles sont id\u00e9ales pour les investisseurs qui cherchent \u00e0 diversifier leur portefeuille et \u00e0 b\u00e9n\u00e9ficier d'un revenu locatif mensuel stable tout en se constituant un capital au fil du temps.<\/p>\t\t\t\t\t\t\t\t<\/div>\n\t\t\t\t<div data-dce-title-color=\"#54595F\" class=\"elementor-element elementor-element-1017599 elementor-widget elementor-widget-heading\" data-id=\"1017599\" data-element_type=\"widget\" data-e-type=\"widget\" data-widget_type=\"heading.default\">\n\t\t\t\t\t<h3 class=\"elementor-heading-title elementor-size-default\">Les avantages de l'investissement dans les immeubles r\u00e9sidentiels \u00e0 revenus<\/h3>\t\t\t\t<\/div>\n\t\t\t\t<div class=\"elementor-element elementor-element-ebea225 elementor-widget elementor-widget-text-editor\" data-id=\"ebea225\" data-element_type=\"widget\" data-e-type=\"widget\" data-widget_type=\"text-editor.default\">\n\t\t\t\t\t\t\t\t\t<ol><li><strong>Flux de tr\u00e9sorerie r\u00e9gulier<\/strong><br \/>Les revenus locatifs mensuels permettent de d\u00e9gager des liquidit\u00e9s r\u00e9guli\u00e8res, ce qui contribue \u00e0 compenser les paiements hypoth\u00e9caires et les autres d\u00e9penses.<\/li><li><strong>Renforcement de la richesse<\/strong><br \/>Les biens immobiliers \u00e0 revenus vous permettent d'accumuler des fonds propres au fil du temps, cr\u00e9ant ainsi une base solide pour une croissance financi\u00e8re \u00e0 long terme.<\/li><li><strong>Avantages fiscaux<\/strong><br \/>Les propri\u00e9taires peuvent b\u00e9n\u00e9ficier de diverses d\u00e9ductions fiscales, notamment pour les int\u00e9r\u00eats hypoth\u00e9caires, les frais d'entretien et l'amortissement du bien.<\/li><li><strong>Diversification du portefeuille<\/strong><br \/>Les investissements immobiliers constituent une alternative stable aux actions et aux obligations, r\u00e9duisant ainsi le risque global de l'investissement.<\/li><li><strong>Potentiel d'appr\u00e9ciation<\/strong><br \/>En plus de g\u00e9n\u00e9rer des revenus, les immeubles r\u00e9sidentiels \u00e0 revenus prennent souvent de la valeur, offrant des rendements significatifs lors de la revente.<\/li><\/ol>\t\t\t\t\t\t\t\t<\/div>\n\t\t\t\t<div data-dce-title-color=\"#54595F\" class=\"elementor-element elementor-element-c1d0127 elementor-widget elementor-widget-heading\" data-id=\"c1d0127\" data-element_type=\"widget\" data-e-type=\"widget\" data-widget_type=\"heading.default\">\n\t\t\t\t\t<h3 class=\"elementor-heading-title elementor-size-default\">Les d\u00e9fis de l'investissement dans les immeubles r\u00e9sidentiels \u00e0 revenus<\/h3>\t\t\t\t<\/div>\n\t\t\t\t<div class=\"elementor-element elementor-element-f5c679b elementor-widget elementor-widget-text-editor\" data-id=\"f5c679b\" data-element_type=\"widget\" data-e-type=\"widget\" data-widget_type=\"text-editor.default\">\n\t\t\t\t\t\t\t\t\t<ol><li><strong>Gestion de la propri\u00e9t\u00e9<\/strong><br \/>La gestion de plusieurs locataires et l'entretien du bien immobilier peuvent prendre du temps et requi\u00e8rent des comp\u00e9tences organisationnelles.<\/li><li><strong>Postes vacants<\/strong><br \/>Les p\u00e9riodes d'inoccupation peuvent avoir un impact sur le flux de tr\u00e9sorerie, ce qui rend la fid\u00e9lisation des locataires et le marketing essentiels.<\/li><li><strong>Co\u00fbts initiaux<\/strong><br \/>Les immeubles de rapport n\u00e9cessitent souvent des mises de fonds et des investissements initiaux plus \u00e9lev\u00e9s que les maisons individuelles.<\/li><li><strong>Risques de march\u00e9<\/strong><br \/>Les revenus locatifs et la valeur des biens immobiliers peuvent fluctuer en fonction des conditions du march\u00e9 local.<\/li><li><strong>R\u00e8glements<\/strong><br \/>Il peut \u00eatre complexe de s'y retrouver dans les lois sur les locataires, les exigences en mati\u00e8re de zonage et les codes du b\u00e2timent sans l'aide d'un professionnel.<\/li><\/ol>\t\t\t\t\t\t\t\t<\/div>\n\t\t\t\t<div data-dce-title-color=\"#54595F\" class=\"elementor-element elementor-element-88a1c97 elementor-widget elementor-widget-heading\" data-id=\"88a1c97\" data-element_type=\"widget\" data-e-type=\"widget\" data-widget_type=\"heading.default\">\n\t\t\t\t\t<h3 class=\"elementor-heading-title elementor-size-default\">Comment Capital-B peut vous aider \u00e0 acheter ou \u00e0 vendre des immeubles r\u00e9sidentiels \u00e0 revenus<\/h3>\t\t\t\t<\/div>\n\t\t\t\t<div class=\"elementor-element elementor-element-032d42e elementor-widget elementor-widget-text-editor\" data-id=\"032d42e\" data-element_type=\"widget\" data-e-type=\"widget\" data-widget_type=\"text-editor.default\">\n\t\t\t\t\t\t\t\t\t<p>\u00c0 <strong>Capital-B<\/strong>Nous sommes sp\u00e9cialis\u00e9s dans l'aide aux investisseurs et aux propri\u00e9taires de biens immobiliers afin de les aider \u00e0 surmonter les difficult\u00e9s li\u00e9es \u00e0 l'achat et \u00e0 la vente d'immeubles r\u00e9sidentiels \u00e0 revenus. Que vous soyez \u00e0 la recherche de votre prochain investissement ou pr\u00eat \u00e0 rentabiliser une propri\u00e9t\u00e9 existante, nous sommes l\u00e0 pour vous fournir un soutien expert \u00e0 chaque \u00e9tape du processus.<\/p>\t\t\t\t\t\t\t\t<\/div>\n\t\t<div class=\"has_ae_slider elementor-element elementor-element-374dc69 e-con-full e-ecs-flex e-flex ae-bg-gallery-type-default e-con e-child\" data-id=\"374dc69\" data-element_type=\"container\" data-e-type=\"container\" data-settings=\"{&quot;ecs_container_type&quot;:&quot;flex&quot;}\">\n\t\t\t\t<div class=\"elementor-element elementor-element-260e5d3 elementor-widget__width-initial elementor-widget elementor-widget-text-editor\" data-id=\"260e5d3\" data-element_type=\"widget\" data-e-type=\"widget\" data-widget_type=\"text-editor.default\">\n\t\t\t\t\t\t\t\t\t<p><strong>Pour les acheteurs :<\/strong><\/p><ol><li><strong>Acc\u00e8s \u00e0 des listes exclusives<\/strong><br \/>Explorez une s\u00e9lection de propri\u00e9t\u00e9s \u00e0 revenus dans le Grand Montr\u00e9al, des duplex aux unit\u00e9s multifamiliales.<\/li><li><strong>Analyse du march\u00e9<\/strong><br \/>Obtenir des informations sur les tendances du march\u00e9, la demande locative et les quartiers \u00e9mergents afin d'identifier les opportunit\u00e9s lucratives.<\/li><li><strong>\u00c9valuations financi\u00e8res<\/strong><br \/>\u00c9valuer la rentabilit\u00e9 des investissements potentiels, y compris les revenus locatifs projet\u00e9s, les d\u00e9penses et le retour sur investissement.<\/li><li><strong>Diligence raisonnable<\/strong><br \/>Vous aider \u00e0 r\u00e9aliser un investissement judicieux en analysant l'\u00e9tat du bien, les baux des locataires et l'historique financier.<\/li><li><strong>Expertise en mati\u00e8re de n\u00e9gociation<\/strong><br \/>Faites confiance \u00e0 nos n\u00e9gociateurs exp\u00e9riment\u00e9s pour obtenir le meilleur prix d'achat et les meilleures conditions pour votre nouvel investissement.<\/li><\/ol>\t\t\t\t\t\t\t\t<\/div>\n\t\t\t\t<div class=\"elementor-element elementor-element-4dd59eb elementor-widget__width-inherit elementor-widget elementor-widget-image\" data-id=\"4dd59eb\" data-element_type=\"widget\" data-e-type=\"widget\" data-widget_type=\"image.default\">\n\t\t\t\t\t\t\t\t\t\t\t\t\t\t\t<img fetchpriority=\"high\" decoding=\"async\" width=\"678\" height=\"1024\" src=\"https:\/\/capital-b.ca\/wp-content\/uploads\/2024\/12\/Triplex-in-Montreal-678x1024.webp\" class=\"attachment-large size-large wp-image-2923\" alt=\"Triplex \u00e0 Montr\u00e9al\" srcset=\"https:\/\/capital-b.ca\/wp-content\/uploads\/2024\/12\/Triplex-in-Montreal-678x1024.webp 678w, https:\/\/capital-b.ca\/wp-content\/uploads\/2024\/12\/Triplex-in-Montreal-199x300.webp 199w, https:\/\/capital-b.ca\/wp-content\/uploads\/2024\/12\/Triplex-in-Montreal-768x1159.webp 768w, https:\/\/capital-b.ca\/wp-content\/uploads\/2024\/12\/Triplex-in-Montreal-8x12.webp 8w, https:\/\/capital-b.ca\/wp-content\/uploads\/2024\/12\/Triplex-in-Montreal.webp 795w\" sizes=\"(max-width: 678px) 100vw, 678px\" \/>\t\t\t\t\t\t\t\t\t\t\t\t\t\t\t<\/div>\n\t\t\t\t<\/div>\n\t\t<div class=\"has_ae_slider elementor-element elementor-element-60b00ce e-con-full e-ecs-flex e-flex ae-bg-gallery-type-default e-con e-child\" data-id=\"60b00ce\" data-element_type=\"container\" data-e-type=\"container\" data-settings=\"{&quot;ecs_container_type&quot;:&quot;flex&quot;}\">\n\t\t\t\t<div class=\"elementor-element elementor-element-9c62563 elementor-widget__width-initial elementor-widget elementor-widget-text-editor\" data-id=\"9c62563\" data-element_type=\"widget\" data-e-type=\"widget\" data-widget_type=\"text-editor.default\">\n\t\t\t\t\t\t\t\t\t<p><strong>Pour les vendeurs :<\/strong><\/p><ol><li><strong>Opinion pr\u00e9cise de la valeur<\/strong><br \/>Obtenez une \u00e9valuation pr\u00e9cise de votre bien immobilier sur la base des tendances du march\u00e9, du potentiel locatif et des ventes comparables.<\/li><li><strong>Marketing cibl\u00e9<\/strong><br \/>Attirez les acheteurs s\u00e9rieux gr\u00e2ce \u00e0 des photographies professionnelles, des descriptions d\u00e9taill\u00e9es des biens et des campagnes de marketing strat\u00e9giques.<\/li><li><strong>Pr\u00e9paration de la vente<\/strong><br \/>Nous vous aidons \u00e0 am\u00e9liorer l'attrait de votre propri\u00e9t\u00e9, de la documentation destin\u00e9e aux locataires aux am\u00e9liorations esth\u00e9tiques, afin d'en maximiser la valeur.<\/li><li><strong>Acheteurs qualifi\u00e9s<\/strong><br \/>Nous vous mettons en relation avec des investisseurs pr\u00e9s\u00e9lectionn\u00e9s, ce qui garantit un processus de transaction rapide et sans heurts.<\/li><li><strong>Support de fermeture sans faille<\/strong><br \/>Nous nous chargeons des n\u00e9gociations, de la documentation et des arrangements financiers.<\/li><\/ol>\t\t\t\t\t\t\t\t<\/div>\n\t\t\t\t<div class=\"elementor-element elementor-element-490cf76 elementor-widget__width-inherit elementor-widget elementor-widget-image\" data-id=\"490cf76\" data-element_type=\"widget\" data-e-type=\"widget\" data-widget_type=\"image.default\">\n\t\t\t\t\t\t\t\t\t\t\t\t\t\t\t<img decoding=\"async\" width=\"678\" height=\"1024\" src=\"https:\/\/capital-b.ca\/wp-content\/uploads\/2024\/12\/Triplex-in-Greater-Montreal-678x1024.webp\" class=\"attachment-large size-large wp-image-2925\" alt=\"Triplex dans le Grand Montr\u00e9al\" srcset=\"https:\/\/capital-b.ca\/wp-content\/uploads\/2024\/12\/Triplex-in-Greater-Montreal-678x1024.webp 678w, https:\/\/capital-b.ca\/wp-content\/uploads\/2024\/12\/Triplex-in-Greater-Montreal-199x300.webp 199w, https:\/\/capital-b.ca\/wp-content\/uploads\/2024\/12\/Triplex-in-Greater-Montreal-768x1159.webp 768w, https:\/\/capital-b.ca\/wp-content\/uploads\/2024\/12\/Triplex-in-Greater-Montreal-8x12.webp 8w, https:\/\/capital-b.ca\/wp-content\/uploads\/2024\/12\/Triplex-in-Greater-Montreal.webp 795w\" sizes=\"(max-width: 678px) 100vw, 678px\" \/>\t\t\t\t\t\t\t\t\t\t\t\t\t\t\t<\/div>\n\t\t\t\t<\/div>\n\t\t\t\t<div data-dce-title-color=\"#54595F\" class=\"elementor-element elementor-element-7f48982 elementor-widget elementor-widget-heading\" data-id=\"7f48982\" data-element_type=\"widget\" data-e-type=\"widget\" data-widget_type=\"heading.default\">\n\t\t\t\t\t<h3 class=\"elementor-heading-title elementor-size-default\">Conseils pour l'achat et la vente d'immeubles r\u00e9sidentiels \u00e0 revenus<\/h3>\t\t\t\t<\/div>\n\t\t\t\t<div class=\"elementor-element elementor-element-8f9fdf7 elementor-widget elementor-widget-text-editor\" data-id=\"8f9fdf7\" data-element_type=\"widget\" data-e-type=\"widget\" data-widget_type=\"text-editor.default\">\n\t\t\t\t\t\t\t\t\t<ol>\n<li><strong>Comprendre les chiffres<\/strong><br>Analysez les revenus locatifs, les d\u00e9penses et le retour sur investissement potentiel pour vous assurer que le bien r\u00e9pond \u00e0 vos objectifs financiers.<\/li>\n<li><strong>\u00c9valuer l'emplacement<\/strong><br>Choisissez des zones o\u00f9 la demande locative est forte, o\u00f9 les commodit\u00e9s sont proches et o\u00f9 il existe un potentiel de croissance.<\/li>\n<li><strong>Une inspection minutieuse<\/strong><br>\u00c9valuez l'\u00e9tat du bien, l'historique de l'entretien et la stabilit\u00e9 du locataire afin d'\u00e9viter les surprises inattendues.<\/li>\n<li><strong>Pr\u00e9voir les postes vacants<\/strong><br>Pr\u00e9voyez un budget pour les postes vacants potentiels et assurez-vous de disposer d'un fonds d'urgence pour les mois de vaches maigres.<\/li>\n<li><strong>Travailler avec des courtiers de confiance<\/strong><br>Choisissez une \u00e9quipe immobili\u00e8re comp\u00e9tente comme <strong>Capital-B<\/strong> vous donne les outils et les connaissances n\u00e9cessaires pour r\u00e9ussir.<\/li>\n<\/ol>\t\t\t\t\t\t\t\t<\/div>\n\t\t\t\t<div data-dce-title-color=\"#54595F\" class=\"elementor-element elementor-element-92b72cc elementor-widget elementor-widget-heading\" data-id=\"92b72cc\" data-element_type=\"widget\" data-e-type=\"widget\" data-widget_type=\"heading.default\">\n\t\t\t\t\t<h3 class=\"elementor-heading-title elementor-size-default\">FAQ sur les immeubles r\u00e9sidentiels \u00e0 revenus<\/h3>\t\t\t\t<\/div>\n\t\t\t\t<div class=\"elementor-element elementor-element-26d6087 elementor-widget elementor-widget-text-editor\" data-id=\"26d6087\" data-element_type=\"widget\" data-e-type=\"widget\" data-widget_type=\"text-editor.default\">\n\t\t\t\t\t\t\t\t\t<p><strong>Q : Qu'est-ce qui fait d'un bien immobilier r\u00e9sidentiel un bon investissement ?<\/strong><br \/>R : Les rentr\u00e9es d'argent r\u00e9guli\u00e8res, les avantages fiscaux et l'appr\u00e9ciation \u00e0 long terme font des immeubles de rapport un choix populaire pour la constitution d'un patrimoine.<\/p><p><strong>Q : Comment \u00e9valuer la rentabilit\u00e9 d'un bien immobilier ?<\/strong><br \/>R : Examinez les revenus locatifs, les frais d'exploitation, les taux de vacance et le retour sur investissement pour d\u00e9terminer si le bien est financi\u00e8rement viable.<\/p><p><strong>Q : Quelles sont les options de financement disponibles pour les immeubles de rapport ?<\/strong><br \/>R : Les options de financement comprennent les pr\u00eats hypoth\u00e9caires traditionnels, les pr\u00eats pour immeubles \u00e0 logements multiples et l'utilisation des fonds propres existants.<\/p><p><strong>Q : Comment puis-je attirer des locataires fiables ?<\/strong><br \/>R : Bien entretenir le bien, fixer des loyers comp\u00e9titifs et s\u00e9lectionner soigneusement les locataires afin de r\u00e9duire le taux de rotation et de vacance.<\/p><p><strong>Q : Dois-je faire appel \u00e0 un administrateur de biens ?<\/strong><br \/>R : Les gestionnaires immobiliers peuvent s'occuper des relations avec les locataires, de l'entretien et de la perception des loyers, ce qui vous permet d'\u00e9conomiser du temps et des efforts.<\/p>\t\t\t\t\t\t\t\t<\/div>\n\t\t\t\t<div data-dce-title-color=\"#54595F\" class=\"elementor-element elementor-element-63dc7ba elementor-widget elementor-widget-heading\" data-id=\"63dc7ba\" data-element_type=\"widget\" data-e-type=\"widget\" data-widget_type=\"heading.default\">\n\t\t\t\t\t<h3 class=\"elementor-heading-title elementor-size-default\">Contactez Capital-B d\u00e8s aujourd'hui<\/h3>\t\t\t\t<\/div>\n\t\t\t\t<div class=\"elementor-element elementor-element-d8097f3 elementor-widget elementor-widget-text-editor\" data-id=\"d8097f3\" data-element_type=\"widget\" data-e-type=\"widget\" data-widget_type=\"text-editor.default\">\n\t\t\t\t\t\t\t\t\t<p>Que vous achetiez votre premier bien immobilier r\u00e9sidentiel ou que vous soyez pr\u00eat \u00e0 vendre un bien existant, <strong>Capital-B<\/strong> est l\u00e0 pour rendre le processus fluide et gratifiant. Notre \u00e9quipe de courtiers experts combine la connaissance du march\u00e9 avec un service personnalis\u00e9 pour vous aider \u00e0 atteindre vos objectifs d'investissement.<\/p><p><strong>Appelez-nous au <a href=\"tel:4388025000\">438.802.500<\/a><\/strong> ou <a href=\"https:\/\/capital-b.ca\/fr\/contactez-nous\/\"><strong>Contactez-nous<\/strong><\/a>\u00a0pour commencer votre voyage vers le succ\u00e8s financier avec des propri\u00e9t\u00e9s r\u00e9sidentielles \u00e0 revenu dans le Grand Montr\u00e9al !<\/p>\t\t\t\t\t\t\t\t<\/div>\n\t\t\t\t<\/div>\n\t\t\t\t<\/div>\n\t\t<div class=\"has_ae_slider elementor-element elementor-element-6d4dfa4 e-ecs-flex e-flex e-con-boxed ae-bg-gallery-type-default e-con e-parent\" data-id=\"6d4dfa4\" data-element_type=\"container\" data-e-type=\"container\" data-settings=\"{&quot;ecs_container_type&quot;:&quot;flex&quot;}\">\n\t\t\t\t\t<div class=\"e-con-inner\">\n\t\t\t\t\t<\/div>\n\t\t\t\t<\/div>\n\t\t\t\t<\/div>","protected":false},"excerpt":{"rendered":"<p>Income Properties Invest in Residential Income Properties with Confidence | Capital-B Investing in residential income properties can be a game-changer for your financial future, offering steady cash flow and long-term wealth-building opportunities. Whether you\u2019re looking to buy your first multi-unit property or sell an existing income-generating asset, Capital-B is here to guide you. With our [&hellip;]<\/p>\n","protected":false},"author":1,"featured_media":0,"parent":0,"menu_order":14,"comment_status":"closed","ping_status":"closed","template":"","meta":{"_acf_changed":false,"footnotes":""},"class_list":["post-2910","page","type-page","status-publish","hentry"],"acf":[],"_links":{"self":[{"href":"https:\/\/capital-b.ca\/fr\/wp-json\/wp\/v2\/pages\/2910","targetHints":{"allow":["GET"]}}],"collection":[{"href":"https:\/\/capital-b.ca\/fr\/wp-json\/wp\/v2\/pages"}],"about":[{"href":"https:\/\/capital-b.ca\/fr\/wp-json\/wp\/v2\/types\/page"}],"author":[{"embeddable":true,"href":"https:\/\/capital-b.ca\/fr\/wp-json\/wp\/v2\/users\/1"}],"replies":[{"embeddable":true,"href":"https:\/\/capital-b.ca\/fr\/wp-json\/wp\/v2\/comments?post=2910"}],"version-history":[{"count":35,"href":"https:\/\/capital-b.ca\/fr\/wp-json\/wp\/v2\/pages\/2910\/revisions"}],"predecessor-version":[{"id":3477,"href":"https:\/\/capital-b.ca\/fr\/wp-json\/wp\/v2\/pages\/2910\/revisions\/3477"}],"wp:attachment":[{"href":"https:\/\/capital-b.ca\/fr\/wp-json\/wp\/v2\/media?parent=2910"}],"curies":[{"name":"wp","href":"https:\/\/api.w.org\/{rel}","templated":true}]}}