{"id":2915,"date":"2024-12-12T16:14:44","date_gmt":"2024-12-12T16:14:44","guid":{"rendered":"https:\/\/capital-b.ca\/?page_id=2915"},"modified":"2024-12-17T20:20:10","modified_gmt":"2024-12-17T20:20:10","slug":"espace-de-bureaux-commerciaux","status":"publish","type":"page","link":"https:\/\/capital-b.ca\/fr\/commercial-office-space\/","title":{"rendered":"Trouver l'espace de bureau commercial id\u00e9al pour votre entreprise | Capital-B"},"content":{"rendered":"<div data-elementor-type=\"wp-page\" data-elementor-id=\"2915\" class=\"elementor elementor-2915\" data-elementor-post-type=\"page\">\n\t\t\t\t<div data-dce-background-overlay-image-url=\"https:\/\/capital-b.ca\/wp-content\/uploads\/2024\/12\/Interior-office-space-in-Montreal.webp\" class=\"has_ae_slider elementor-element elementor-element-ebc93a9 e-con-full e-flex ae-bg-gallery-type-default e-con e-parent\" data-id=\"ebc93a9\" data-element_type=\"container\" data-e-type=\"container\">\n\t\t\t\t<div class=\"elementor-element elementor-element-6d04bee elementor-widget__width-initial elementor-widget elementor-widget-heading\" data-id=\"6d04bee\" data-element_type=\"widget\" data-e-type=\"widget\" data-widget_type=\"heading.default\">\n\t\t\t\t\t<h1 class=\"elementor-heading-title elementor-size-default\">Espace de bureau<\/h1>\t\t\t\t<\/div>\n\t\t\t\t<\/div>\n\t\t<div class=\"has_ae_slider elementor-element elementor-element-55ff3ea e-con-full e-flex ae-bg-gallery-type-default e-con e-parent\" data-id=\"55ff3ea\" data-element_type=\"container\" data-e-type=\"container\" data-settings=\"{&quot;background_background&quot;:&quot;classic&quot;}\">\n\t\t<div class=\"has_ae_slider elementor-element elementor-element-982249f e-con-full e-flex ae-bg-gallery-type-default e-con e-child\" data-id=\"982249f\" data-element_type=\"container\" data-e-type=\"container\" data-settings=\"{&quot;background_background&quot;:&quot;classic&quot;}\">\n\t\t\t\t<div data-dce-title-color=\"#54595F\" class=\"elementor-element elementor-element-bac834e elementor-widget elementor-widget-heading\" data-id=\"bac834e\" data-element_type=\"widget\" data-e-type=\"widget\" data-widget_type=\"heading.default\">\n\t\t\t\t\t<h2 class=\"elementor-heading-title elementor-size-default\">Trouver l'espace de bureau commercial id\u00e9al pour votre entreprise | Capital-B<\/h2>\t\t\t\t<\/div>\n\t\t\t\t<div class=\"elementor-element elementor-element-829b754 elementor-widget elementor-widget-text-editor\" data-id=\"829b754\" data-element_type=\"widget\" data-e-type=\"widget\" data-widget_type=\"text-editor.default\">\n\t\t\t\t\t\t\t\t\t<p>Le choix d'un espace de bureau adapt\u00e9 peut faire toute la diff\u00e9rence pour votre entreprise. Qu'il s'agisse d'une expansion, d'une d\u00e9localisation ou d'un nouveau d\u00e9part, <strong>Capital-B<\/strong> est votre courtier de confiance pour la recherche ou la vente d'immeubles de bureaux commerciaux dans le Grand Montr\u00e9al. Nous travaillons en \u00e9troite collaboration avec les propri\u00e9taires d'entreprise afin d'offrir des solutions sur mesure qui correspondent \u00e0 vos objectifs, en vous aidant \u00e0 prendre des d\u00e9cisions \u00e9clair\u00e9es \u00e0 chaque \u00e9tape du processus.<\/p>\t\t\t\t\t\t\t\t<\/div>\n\t\t\t\t<div data-dce-title-color=\"#54595F\" class=\"elementor-element elementor-element-7fa3668 elementor-widget elementor-widget-heading\" data-id=\"7fa3668\" data-element_type=\"widget\" data-e-type=\"widget\" data-widget_type=\"heading.default\">\n\t\t\t\t\t<h3 class=\"elementor-heading-title elementor-size-default\">Qu'est-ce qu'un immeuble de bureaux ?<\/h3>\t\t\t\t<\/div>\n\t\t\t\t<div class=\"elementor-element elementor-element-bf71f08 elementor-widget elementor-widget-text-editor\" data-id=\"bf71f08\" data-element_type=\"widget\" data-e-type=\"widget\" data-widget_type=\"text-editor.default\">\n\t\t\t\t\t\t\t\t\t<p>Un immeuble de bureaux commerciaux est un espace r\u00e9serv\u00e9 aux activit\u00e9s professionnelles. Ces espaces vont des petits bureaux pour les start-ups aux immeubles d'entreprise \u00e0 plusieurs \u00e9tages. Que vous ayez besoin d'un bureau \u00e9l\u00e9gant en centre-ville pour impressionner vos clients ou d'un emplacement spacieux en banlieue pour votre \u00e9quipe en pleine croissance, les bureaux commerciaux offrent l'infrastructure et les commodit\u00e9s dont vous avez besoin pour prosp\u00e9rer.<\/p>\t\t\t\t\t\t\t\t<\/div>\n\t\t\t\t<div data-dce-title-color=\"#54595F\" class=\"elementor-element elementor-element-24c4bdc elementor-widget elementor-widget-heading\" data-id=\"24c4bdc\" data-element_type=\"widget\" data-e-type=\"widget\" data-widget_type=\"heading.default\">\n\t\t\t\t\t<h3 class=\"elementor-heading-title elementor-size-default\">Les avantages de la propri\u00e9t\u00e9 ou de la location d'un espace de bureau commercial<\/h3>\t\t\t\t<\/div>\n\t\t\t\t<div class=\"elementor-element elementor-element-cfb2e6a elementor-widget elementor-widget-text-editor\" data-id=\"cfb2e6a\" data-element_type=\"widget\" data-e-type=\"widget\" data-widget_type=\"text-editor.default\">\n\t\t\t\t\t\t\t\t\t<ol><li><strong>Environnement professionnel<\/strong><br \/>Un bureau d\u00e9di\u00e9 cr\u00e9e un espace professionnel pour les employ\u00e9s, les clients et les partenaires, ce qui renforce votre image de marque.<\/li><li><strong>Espaces personnalisables<\/strong><br \/>Les bureaux commerciaux permettent des am\u00e9nagements sur mesure, de sorte que vous pouvez concevoir un espace de travail qui am\u00e9liore la productivit\u00e9 et refl\u00e8te votre marque.<\/li><li><strong>Collaboration renforc\u00e9e<\/strong><br \/>Les bureaux favorisent le travail d'\u00e9quipe et la collaboration, avec des espaces partag\u00e9s tels que des salles de conf\u00e9rence et des espaces de d\u00e9tente.<\/li><li><strong>Potentiel de croissance<\/strong><br \/>Un emplacement de bureau bien choisi peut aider votre entreprise \u00e0 attirer des talents, des clients et des investisseurs, favorisant ainsi une croissance \u00e0 long terme.<\/li><li><strong>Avantages fiscaux<\/strong><br \/>La possession d'un bien immobilier commercial peut offrir des d\u00e9ductions fiscales pour des d\u00e9penses telles que les int\u00e9r\u00eats hypoth\u00e9caires, l'amortissement et l'entretien.<\/li><\/ol>\t\t\t\t\t\t\t\t<\/div>\n\t\t\t\t<div data-dce-title-color=\"#54595F\" class=\"elementor-element elementor-element-37f4a5b elementor-widget elementor-widget-heading\" data-id=\"37f4a5b\" data-element_type=\"widget\" data-e-type=\"widget\" data-widget_type=\"heading.default\">\n\t\t\t\t\t<h3 class=\"elementor-heading-title elementor-size-default\">Les d\u00e9fis de la propri\u00e9t\u00e9 ou de la location d'immeubles de bureaux commerciaux<\/h3>\t\t\t\t<\/div>\n\t\t\t\t<div class=\"elementor-element elementor-element-7241891 elementor-widget elementor-widget-text-editor\" data-id=\"7241891\" data-element_type=\"widget\" data-e-type=\"widget\" data-widget_type=\"text-editor.default\">\n\t\t\t\t\t\t\t\t\t<ol><li><strong>Co\u00fbt<\/strong><br \/>Les espaces de bureaux peuvent n\u00e9cessiter un investissement initial important, qu'il s'agisse d'une location ou d'un achat.<\/li><li><strong>Maintenance<\/strong><br \/>La possession d'un bureau commercial implique des responsabilit\u00e9s d'entretien permanent, depuis les syst\u00e8mes de chauffage, de ventilation et de climatisation jusqu'\u00e0 l'am\u00e9nagement paysager.<\/li><li><strong>Fluctuations du march\u00e9<\/strong><br \/>La valeur et la demande de location des espaces de bureaux peuvent \u00eatre affect\u00e9es par les tendances \u00e9conomiques et les conditions du march\u00e9.<\/li><li><strong>Zonage et r\u00e9glementation<\/strong><br \/>Les propri\u00e9t\u00e9s commerciales doivent se conformer aux lois sur le zonage, aux codes du b\u00e2timent et aux exigences en mati\u00e8re de licences.<\/li><li><strong>Dynamique de localisation<\/strong><br \/>Le choix d'un mauvais emplacement peut avoir un impact sur les activit\u00e9s de votre entreprise, sur les temps de trajet des employ\u00e9s et sur l'accessibilit\u00e9 pour les clients.<\/li><\/ol>\t\t\t\t\t\t\t\t<\/div>\n\t\t\t\t<div data-dce-title-color=\"#54595F\" class=\"elementor-element elementor-element-3fc398f elementor-widget elementor-widget-heading\" data-id=\"3fc398f\" data-element_type=\"widget\" data-e-type=\"widget\" data-widget_type=\"heading.default\">\n\t\t\t\t\t<h3 class=\"elementor-heading-title elementor-size-default\">Comment Capital-B aide les propri\u00e9taires d'entreprises \u00e0 acheter ou \u00e0 vendre des espaces de bureaux commerciaux<\/h3>\t\t\t\t<\/div>\n\t\t\t\t<div class=\"elementor-element elementor-element-a27a5b1 elementor-widget elementor-widget-text-editor\" data-id=\"a27a5b1\" data-element_type=\"widget\" data-e-type=\"widget\" data-widget_type=\"text-editor.default\">\n\t\t\t\t\t\t\t\t\t<p>\u00c0 <strong>Capital-B<\/strong>Nous comprenons la complexit\u00e9 des transactions de bureaux commerciaux et nous nous engageons \u00e0 fournir un soutien personnalis\u00e9 aux propri\u00e9taires d'entreprises. Que vous soyez \u00e0 la recherche d'un nouvel espace ou pr\u00eat \u00e0 vendre, notre \u00e9quipe vous aide \u00e0 atteindre vos objectifs en toute confiance.<\/p>\t\t\t\t\t\t\t\t<\/div>\n\t\t<div class=\"has_ae_slider elementor-element elementor-element-cee5ef0 e-con-full e-flex ae-bg-gallery-type-default e-con e-child\" data-id=\"cee5ef0\" data-element_type=\"container\" data-e-type=\"container\">\n\t\t\t\t<div class=\"elementor-element elementor-element-a01668a elementor-widget__width-initial elementor-widget elementor-widget-text-editor\" data-id=\"a01668a\" data-element_type=\"widget\" data-e-type=\"widget\" data-widget_type=\"text-editor.default\">\n\t\t\t\t\t\t\t\t\t<p><strong>Pour les acheteurs :<\/strong><\/p><ol><li><strong>Solutions sur mesure<\/strong><br \/>Nous prenons le temps de comprendre les besoins de votre entreprise, qu'il s'agisse de la superficie ou des \u00e9quipements, et nous vous proposons l'espace de bureau id\u00e9al.<\/li><li><strong>Listes exclusives<\/strong><br \/>Acc\u00e9dez \u00e0 une s\u00e9lection de bureaux commerciaux dans le Grand Montr\u00e9al, y compris des propri\u00e9t\u00e9s qui ne sont pas disponibles sur les listes publiques.<\/li><li><strong>Aper\u00e7u du march\u00e9<\/strong><br \/>Tirez parti de notre expertise des tendances du march\u00e9 local, de la dynamique des quartiers et des prix pour prendre une d\u00e9cision \u00e9clair\u00e9e.<\/li><li><strong>Orientations financi\u00e8res<\/strong><br \/>Obtenez de l'aide pour \u00e9tablir un budget, trouver des options de financement et \u00e9valuer le retour sur investissement \u00e0 long terme de votre investissement dans les bureaux.<\/li><li><strong>N\u00e9gociation d'experts<\/strong><br \/>Notre \u00e9quipe n\u00e9gocie en votre nom pour obtenir des conditions favorables, ce qui vous permet d'obtenir la meilleure valeur pour votre investissement.<\/li><\/ol>\t\t\t\t\t\t\t\t<\/div>\n\t\t\t\t<div class=\"elementor-element elementor-element-dc223f6 elementor-widget__width-inherit elementor-widget elementor-widget-image\" data-id=\"dc223f6\" data-element_type=\"widget\" data-e-type=\"widget\" data-widget_type=\"image.default\">\n\t\t\t\t\t\t\t\t\t\t\t\t\t\t\t<img fetchpriority=\"high\" decoding=\"async\" width=\"678\" height=\"1024\" src=\"https:\/\/capital-b.ca\/wp-content\/uploads\/2024\/12\/Commercial-office-space-Greater-Montreal-678x1024.webp\" class=\"attachment-large size-large wp-image-2918\" alt=\"Bureaux commerciaux dans le Grand Montr\u00e9al\" srcset=\"https:\/\/capital-b.ca\/wp-content\/uploads\/2024\/12\/Commercial-office-space-Greater-Montreal-678x1024.webp 678w, https:\/\/capital-b.ca\/wp-content\/uploads\/2024\/12\/Commercial-office-space-Greater-Montreal-199x300.webp 199w, https:\/\/capital-b.ca\/wp-content\/uploads\/2024\/12\/Commercial-office-space-Greater-Montreal-768x1159.webp 768w, https:\/\/capital-b.ca\/wp-content\/uploads\/2024\/12\/Commercial-office-space-Greater-Montreal-8x12.webp 8w, https:\/\/capital-b.ca\/wp-content\/uploads\/2024\/12\/Commercial-office-space-Greater-Montreal.webp 795w\" sizes=\"(max-width: 678px) 100vw, 678px\" \/>\t\t\t\t\t\t\t\t\t\t\t\t\t\t\t<\/div>\n\t\t\t\t<\/div>\n\t\t<div class=\"has_ae_slider elementor-element elementor-element-4162fed e-con-full e-flex ae-bg-gallery-type-default e-con e-child\" data-id=\"4162fed\" data-element_type=\"container\" data-e-type=\"container\">\n\t\t\t\t<div class=\"elementor-element elementor-element-1a671e8 elementor-widget__width-initial elementor-widget elementor-widget-text-editor\" data-id=\"1a671e8\" data-element_type=\"widget\" data-e-type=\"widget\" data-widget_type=\"text-editor.default\">\n\t\t\t\t\t\t\t\t\t<p><strong>Pour les vendeurs :<\/strong><\/p><ol><li><strong>Opinion pr\u00e9cise de la valeur<\/strong><br \/>Nous effectuons une analyse compl\u00e8te de votre immeuble de bureaux afin de d\u00e9terminer sa valeur marchande r\u00e9elle.<\/li><li><strong>Marketing strat\u00e9gique<\/strong><br \/>Pr\u00e9sentez votre immeuble de bureaux aux bons acheteurs gr\u00e2ce \u00e0 des photographies professionnelles, des descriptions d\u00e9taill\u00e9es et des campagnes de marketing cibl\u00e9es.<\/li><li><strong>Leads qualifi\u00e9s<\/strong><br \/>Nous vous mettons en relation avec des acheteurs s\u00e9rieux, ce qui r\u00e9duit le temps pass\u00e9 sur le march\u00e9 et garantit un processus de transaction sans heurts.<\/li><li><strong>Pr\u00e9paration \u00e0 la vente<\/strong><br \/>De la mise en sc\u00e8ne de l'espace \u00e0 la prise en compte du zonage et des exigences l\u00e9gales, nous vous aidons \u00e0 positionner votre bien pour le succ\u00e8s.<\/li><li><strong>Gestion des transactions<\/strong><br \/>Nous nous occupons des n\u00e9gociations, des contrats et de la documentation, ce qui vous permet d'appr\u00e9hender facilement les complexit\u00e9s de la conclusion d'un contrat.<\/li><\/ol>\t\t\t\t\t\t\t\t<\/div>\n\t\t\t\t<div class=\"elementor-element elementor-element-7ec5bc4 elementor-widget__width-inherit elementor-widget elementor-widget-image\" data-id=\"7ec5bc4\" data-element_type=\"widget\" data-e-type=\"widget\" data-widget_type=\"image.default\">\n\t\t\t\t\t\t\t\t\t\t\t\t\t\t\t<img decoding=\"async\" width=\"678\" height=\"1024\" src=\"https:\/\/capital-b.ca\/wp-content\/uploads\/2024\/12\/Office-space-Montreal-678x1024.webp\" class=\"attachment-large size-large wp-image-2919\" alt=\"\" srcset=\"https:\/\/capital-b.ca\/wp-content\/uploads\/2024\/12\/Office-space-Montreal-678x1024.webp 678w, https:\/\/capital-b.ca\/wp-content\/uploads\/2024\/12\/Office-space-Montreal-199x300.webp 199w, https:\/\/capital-b.ca\/wp-content\/uploads\/2024\/12\/Office-space-Montreal-768x1159.webp 768w, https:\/\/capital-b.ca\/wp-content\/uploads\/2024\/12\/Office-space-Montreal-8x12.webp 8w, https:\/\/capital-b.ca\/wp-content\/uploads\/2024\/12\/Office-space-Montreal.webp 795w\" sizes=\"(max-width: 678px) 100vw, 678px\" \/>\t\t\t\t\t\t\t\t\t\t\t\t\t\t\t<\/div>\n\t\t\t\t<\/div>\n\t\t\t\t<div data-dce-title-color=\"#54595F\" class=\"elementor-element elementor-element-10f27cd elementor-widget elementor-widget-heading\" data-id=\"10f27cd\" data-element_type=\"widget\" data-e-type=\"widget\" data-widget_type=\"heading.default\">\n\t\t\t\t\t<h3 class=\"elementor-heading-title elementor-size-default\">Conseils aux propri\u00e9taires d'entreprises pour l'achat ou la vente de bureaux commerciaux<\/h3>\t\t\t\t<\/div>\n\t\t\t\t<div class=\"elementor-element elementor-element-b8b104e elementor-widget elementor-widget-text-editor\" data-id=\"b8b104e\" data-element_type=\"widget\" data-e-type=\"widget\" data-widget_type=\"text-editor.default\">\n\t\t\t\t\t\t\t\t\t<ol><li><strong>\u00c9valuer l'emplacement<\/strong><br \/>Pensez \u00e0 la proximit\u00e9 des clients, des employ\u00e9s et des services essentiels. L'accessibilit\u00e9 et la visibilit\u00e9 sont essentielles pour un espace de bureau.<\/li><li><strong>Comprendre les co\u00fbts<\/strong><br \/>Tenez compte du prix d'achat ou de la dur\u00e9e du bail, ainsi que des frais courants tels que l'entretien, les services publics et les taxes.<\/li><li><strong>Plan de croissance<\/strong><br \/>Choisissez un espace qui peut s'adapter \u00e0 l'expansion future de votre entreprise ou \u00e0 l'\u00e9volution de ses besoins.<\/li><li><strong>Inspecter le bien<\/strong><br \/>Veiller \u00e0 ce que le b\u00e2timent soit en bon \u00e9tat et conforme aux r\u00e8gles de s\u00e9curit\u00e9 et de zonage.<\/li><li><strong>Travailler avec des professionnels<\/strong><br \/>Travailler avec une \u00e9quipe immobili\u00e8re de confiance comme <strong>Capital-B<\/strong> pour gagner du temps, r\u00e9duire les risques et maximiser la valeur.<\/li><\/ol>\t\t\t\t\t\t\t\t<\/div>\n\t\t\t\t<div data-dce-title-color=\"#54595F\" class=\"elementor-element elementor-element-22ebb71 elementor-widget elementor-widget-heading\" data-id=\"22ebb71\" data-element_type=\"widget\" data-e-type=\"widget\" data-widget_type=\"heading.default\">\n\t\t\t\t\t<h3 class=\"elementor-heading-title elementor-size-default\">FAQ sur les immeubles de bureaux commerciaux<\/h3>\t\t\t\t<\/div>\n\t\t\t\t<div class=\"elementor-element elementor-element-8449043 elementor-widget elementor-widget-text-editor\" data-id=\"8449043\" data-element_type=\"widget\" data-e-type=\"widget\" data-widget_type=\"text-editor.default\">\n\t\t\t\t\t\t\t\t\t<p><strong>Q : Dois-je louer ou acheter un espace de bureau ?<\/strong><br \/>R : La location offre une certaine flexibilit\u00e9 et des co\u00fbts initiaux moins \u00e9lev\u00e9s, tandis que l'achat offre une stabilit\u00e9 et un potentiel d'investissement \u00e0 long terme. Nous pouvons vous aider \u00e0 prendre une d\u00e9cision en fonction de vos objectifs.<\/p><p><strong>Q : Comment d\u00e9terminer la taille ad\u00e9quate pour mon bureau ?<\/strong><br \/>R : Tenez compte de la taille actuelle de votre \u00e9quipe, de vos projets de croissance et du type d'espace de travail dont vous avez besoin (par exemple, espace ouvert, bureaux priv\u00e9s, salles de r\u00e9union).<\/p><p><strong>Q : Quelle est la dur\u00e9e moyenne des baux pour les espaces de bureaux ?<\/strong><br \/>R : La dur\u00e9e des baux varie g\u00e9n\u00e9ralement de 3 \u00e0 10 ans. Les dur\u00e9es plus courtes offrent une certaine souplesse, tandis que les dur\u00e9es plus longues sont souvent assorties de meilleurs taux.<\/p><p><strong>Q : Que dois-je rechercher dans un immeuble de bureaux ?<\/strong><br \/>R : V\u00e9rifiez les caract\u00e9ristiques essentielles telles que le stationnement, la s\u00e9curit\u00e9, les \u00e9quipements et la proximit\u00e9 des transports publics, ainsi que l'\u00e9tat du b\u00e2timent et la conformit\u00e9 au zonage.<\/p><p><strong>Q : Comment puis-je augmenter la valeur de mon immeuble de bureaux avant de le vendre ?<\/strong><br \/>R : Des am\u00e9liorations simples telles que des finitions modernes, des syst\u00e8mes \u00e0 haut rendement \u00e9nerg\u00e9tique et un am\u00e9nagement paysager attrayant peuvent renforcer l'attrait et la valeur de l'habitation.<\/p>\t\t\t\t\t\t\t\t<\/div>\n\t\t\t\t<div data-dce-title-color=\"#54595F\" class=\"elementor-element elementor-element-0c95375 elementor-widget elementor-widget-heading\" data-id=\"0c95375\" data-element_type=\"widget\" data-e-type=\"widget\" data-widget_type=\"heading.default\">\n\t\t\t\t\t<h3 class=\"elementor-heading-title elementor-size-default\">Contactez Capital-B d\u00e8s aujourd'hui<\/h3>\t\t\t\t<\/div>\n\t\t\t\t<div class=\"elementor-element elementor-element-21667d5 elementor-widget elementor-widget-text-editor\" data-id=\"21667d5\" data-element_type=\"widget\" data-e-type=\"widget\" data-widget_type=\"text-editor.default\">\n\t\t\t\t\t\t\t\t\t<p>Vous \u00eates pr\u00eat \u00e0 acheter ou \u00e0 vendre un immeuble de bureaux dans le Grand Montr\u00e9al ? \u00c0 l'adresse <strong>Capital-B<\/strong>Nous nous engageons \u00e0 aider les propri\u00e9taires d'entreprises \u00e0 trouver l'espace id\u00e9al ou \u00e0 maximiser la valeur de leur propri\u00e9t\u00e9. Laissez-nous vous guider \u00e0 chaque \u00e9tape avec expertise et attention.<\/p><p><strong>Appelez-nous au <a href=\"tel:4388025000\">438.802.5000<\/a><\/strong>\u00a0ou <a href=\"https:\/\/capital-b.ca\/fr\/contactez-nous\/\"><strong>Contactez-nous<\/strong><\/a>\u00a0pour pr\u00e9parer votre prochain d\u00e9m\u00e9nagement d\u00e8s aujourd'hui !<\/p>\t\t\t\t\t\t\t\t<\/div>\n\t\t\t\t<\/div>\n\t\t\t\t<\/div>\n\t\t<div class=\"has_ae_slider elementor-element elementor-element-6c232d9 e-flex e-con-boxed ae-bg-gallery-type-default e-con e-parent\" data-id=\"6c232d9\" data-element_type=\"container\" data-e-type=\"container\">\n\t\t\t\t\t<div class=\"e-con-inner\">\n\t\t\t\t\t<\/div>\n\t\t\t\t<\/div>\n\t\t\t\t<\/div>","protected":false},"excerpt":{"rendered":"<p>Office Space Find the Perfect Commercial Office Space for Your Business | Capital-B The right office space can make all the difference for your business. Whether you&#8217;re expanding, relocating, or starting fresh, Capital-B is your trusted broker in finding or selling commercial office properties in Greater Montreal. We work closely with business owners to deliver [&hellip;]<\/p>\n","protected":false},"author":1,"featured_media":0,"parent":0,"menu_order":11,"comment_status":"closed","ping_status":"closed","template":"","meta":{"_acf_changed":false,"footnotes":""},"class_list":["post-2915","page","type-page","status-publish","hentry"],"acf":[],"aioseo_notices":[],"_links":{"self":[{"href":"https:\/\/capital-b.ca\/fr\/wp-json\/wp\/v2\/pages\/2915","targetHints":{"allow":["GET"]}}],"collection":[{"href":"https:\/\/capital-b.ca\/fr\/wp-json\/wp\/v2\/pages"}],"about":[{"href":"https:\/\/capital-b.ca\/fr\/wp-json\/wp\/v2\/types\/page"}],"author":[{"embeddable":true,"href":"https:\/\/capital-b.ca\/fr\/wp-json\/wp\/v2\/users\/1"}],"replies":[{"embeddable":true,"href":"https:\/\/capital-b.ca\/fr\/wp-json\/wp\/v2\/comments?post=2915"}],"version-history":[{"count":29,"href":"https:\/\/capital-b.ca\/fr\/wp-json\/wp\/v2\/pages\/2915\/revisions"}],"predecessor-version":[{"id":3489,"href":"https:\/\/capital-b.ca\/fr\/wp-json\/wp\/v2\/pages\/2915\/revisions\/3489"}],"wp:attachment":[{"href":"https:\/\/capital-b.ca\/fr\/wp-json\/wp\/v2\/media?parent=2915"}],"curies":[{"name":"wp","href":"https:\/\/api.w.org\/{rel}","templated":true}]}}