{"id":2930,"date":"2024-12-12T16:43:33","date_gmt":"2024-12-12T16:43:33","guid":{"rendered":"https:\/\/capital-b.ca\/?page_id=2930"},"modified":"2024-12-17T20:28:44","modified_gmt":"2024-12-17T20:28:44","slug":"immobilier-industriel","status":"publish","type":"page","link":"https:\/\/capital-b.ca\/fr\/industrial-real-estate\/","title":{"rendered":"Optimisez vos op\u00e9rations commerciales gr\u00e2ce \u00e0 la propri\u00e9t\u00e9 industrielle ad\u00e9quate | Capital-B"},"content":{"rendered":"<div data-elementor-type=\"wp-page\" data-elementor-id=\"2930\" class=\"elementor elementor-2930\" data-elementor-post-type=\"page\">\n\t\t\t\t<div data-dce-background-overlay-image-url=\"https:\/\/capital-b.ca\/wp-content\/uploads\/2024\/12\/Industrial-real-estate-Montreal.webp\" class=\"has_ae_slider elementor-element elementor-element-7fcd970 e-con-full e-flex ae-bg-gallery-type-default e-con e-parent\" data-id=\"7fcd970\" data-element_type=\"container\" data-e-type=\"container\">\n\t\t\t\t<div class=\"elementor-element elementor-element-ac2faa8 elementor-widget__width-initial elementor-widget elementor-widget-heading\" data-id=\"ac2faa8\" data-element_type=\"widget\" data-e-type=\"widget\" data-widget_type=\"heading.default\">\n\t\t\t\t\t<h1 class=\"elementor-heading-title elementor-size-default\">Immobilier industriel<\/h1>\t\t\t\t<\/div>\n\t\t\t\t<\/div>\n\t\t<div class=\"has_ae_slider elementor-element elementor-element-1fb24c9 e-con-full e-flex ae-bg-gallery-type-default e-con e-parent\" data-id=\"1fb24c9\" data-element_type=\"container\" data-e-type=\"container\" data-settings=\"{&quot;background_background&quot;:&quot;classic&quot;}\">\n\t\t<div class=\"has_ae_slider elementor-element elementor-element-ff1c927 e-con-full e-flex ae-bg-gallery-type-default e-con e-child\" data-id=\"ff1c927\" data-element_type=\"container\" data-e-type=\"container\" data-settings=\"{&quot;background_background&quot;:&quot;classic&quot;}\">\n\t\t\t\t<div data-dce-title-color=\"#54595F\" class=\"elementor-element elementor-element-c7b7884 elementor-widget elementor-widget-heading\" data-id=\"c7b7884\" data-element_type=\"widget\" data-e-type=\"widget\" data-widget_type=\"heading.default\">\n\t\t\t\t\t<h2 class=\"elementor-heading-title elementor-size-default\">Optimisez vos op\u00e9rations commerciales gr\u00e2ce \u00e0 la propri\u00e9t\u00e9 industrielle ad\u00e9quate | Capital-B<\/h2>\t\t\t\t<\/div>\n\t\t\t\t<div class=\"elementor-element elementor-element-f194d79 elementor-widget elementor-widget-text-editor\" data-id=\"f194d79\" data-element_type=\"widget\" data-e-type=\"widget\" data-widget_type=\"text-editor.default\">\n\t\t\t\t\t\t\t\t\t<p>La recherche ou la vente d'un bien immobilier industriel peut avoir un impact significatif sur l'efficacit\u00e9, la productivit\u00e9 et la rentabilit\u00e9 de votre entreprise. Que vous cherchiez \u00e0 \u00e9tendre vos activit\u00e9s, \u00e0 \u00e9tablir une nouvelle installation ou \u00e0 vendre un bien industriel existant, <strong>Capital-B<\/strong> est l\u00e0 pour vous guider. Gr\u00e2ce \u00e0 notre connaissance approfondie du march\u00e9 immobilier industriel du Grand Montr\u00e9al, nous favorisons l'atteinte de vos objectifs avec expertise et pr\u00e9cision.<\/p>\t\t\t\t\t\t\t\t<\/div>\n\t\t\t\t<div data-dce-title-color=\"#54595F\" class=\"elementor-element elementor-element-875e956 elementor-widget elementor-widget-heading\" data-id=\"875e956\" data-element_type=\"widget\" data-e-type=\"widget\" data-widget_type=\"heading.default\">\n\t\t\t\t\t<h3 class=\"elementor-heading-title elementor-size-default\">Qu'est-ce qu'une propri\u00e9t\u00e9 industrielle ?<\/h3>\t\t\t\t<\/div>\n\t\t\t\t<div class=\"elementor-element elementor-element-5b63c65 elementor-widget elementor-widget-text-editor\" data-id=\"5b63c65\" data-element_type=\"widget\" data-e-type=\"widget\" data-widget_type=\"text-editor.default\">\n\t\t\t\t\t\t\t\t\t<p>Les propri\u00e9t\u00e9s industrielles sont des espaces commerciaux con\u00e7us pour la fabrication, le stockage, la distribution ou d'autres op\u00e9rations industrielles. Il peut s'agir d'entrep\u00f4ts, d'usines, de centres de distribution ou d'espaces flexibles. Avec des caract\u00e9ristiques telles que des quais de chargement, des plafonds hauts et un zonage sp\u00e9cialis\u00e9, les propri\u00e9t\u00e9s industrielles r\u00e9pondent aux besoins des entreprises qui ont besoin d'espaces fonctionnels et strat\u00e9giques pour la production et la logistique.<\/p>\t\t\t\t\t\t\t\t<\/div>\n\t\t\t\t<div data-dce-title-color=\"#54595F\" class=\"elementor-element elementor-element-228f67f elementor-widget elementor-widget-heading\" data-id=\"228f67f\" data-element_type=\"widget\" data-e-type=\"widget\" data-widget_type=\"heading.default\">\n\t\t\t\t\t<h3 class=\"elementor-heading-title elementor-size-default\">Les avantages de la propri\u00e9t\u00e9 ou de la location d'un bien immobilier industriel<\/h3>\t\t\t\t<\/div>\n\t\t\t\t<div class=\"elementor-element elementor-element-20db42b elementor-widget elementor-widget-text-editor\" data-id=\"20db42b\" data-element_type=\"widget\" data-e-type=\"widget\" data-widget_type=\"text-editor.default\">\n\t\t\t\t\t\t\t\t\t<ol><li><strong>Efficacit\u00e9 op\u00e9rationnelle<\/strong><br \/>Les propri\u00e9t\u00e9s industrielles sont con\u00e7ues pour soutenir des flux de travail efficaces, de la fabrication \u00e0 la logistique.<\/li><li><strong>Espaces personnalisables<\/strong><br \/>De nombreux espaces industriels peuvent \u00eatre adapt\u00e9s aux besoins de votre entreprise, qu'il s'agisse de stockage suppl\u00e9mentaire, de lignes de production ou d'espaces de bureaux.<\/li><li><strong>Sites strat\u00e9giques<\/strong><br \/>Les propri\u00e9t\u00e9s industrielles sont souvent situ\u00e9es \u00e0 proximit\u00e9 des centres de transport, des autoroutes ou des ports, ce qui permet d'optimiser la logistique et les op\u00e9rations de la cha\u00eene d'approvisionnement.<\/li><li><strong>\u00c9volutivit\u00e9<\/strong><br \/>Des espaces industriels plus vastes ou des installations \u00e0 plusieurs unit\u00e9s permettent de faire face \u00e0 la croissance de l'entreprise et \u00e0 l'extension de ses activit\u00e9s.<\/li><li><strong>Potentiel de revenus<\/strong><br \/>Poss\u00e9der une propri\u00e9t\u00e9 industrielle offre la possibilit\u00e9 de percevoir des revenus locatifs si une partie de l'espace est lou\u00e9e \u00e0 d'autres entreprises.<\/li><\/ol>\t\t\t\t\t\t\t\t<\/div>\n\t\t\t\t<div data-dce-title-color=\"#54595F\" class=\"elementor-element elementor-element-2907125 elementor-widget elementor-widget-heading\" data-id=\"2907125\" data-element_type=\"widget\" data-e-type=\"widget\" data-widget_type=\"heading.default\">\n\t\t\t\t\t<h3 class=\"elementor-heading-title elementor-size-default\">Les d\u00e9fis de la propri\u00e9t\u00e9 ou de la location d'un bien immobilier industriel<\/h3>\t\t\t\t<\/div>\n\t\t\t\t<div class=\"elementor-element elementor-element-d03b9fb elementor-widget elementor-widget-text-editor\" data-id=\"d03b9fb\" data-element_type=\"widget\" data-e-type=\"widget\" data-widget_type=\"text-editor.default\">\n\t\t\t\t\t\t\t\t\t<ol><li><strong>Zonage sp\u00e9cialis\u00e9<\/strong><br \/>Les propri\u00e9t\u00e9s industrielles n\u00e9cessitent des autorisations de zonage sp\u00e9cifiques, ce qui peut limiter les options de propri\u00e9t\u00e9 ou la flexibilit\u00e9 d'utilisation.<\/li><li><strong>Des co\u00fbts plus \u00e9lev\u00e9s<\/strong><br \/>Les espaces industriels ont souvent des prix d'achat ou des taux de location plus \u00e9lev\u00e9s en raison de leur taille et de leur infrastructure sp\u00e9cialis\u00e9e.<\/li><li><strong>Maintenance<\/strong><br \/>L'entretien des propri\u00e9t\u00e9s industrielles implique des co\u00fbts pour les syst\u00e8mes \u00e0 grande \u00e9chelle tels que les syst\u00e8mes de chauffage, de ventilation et de climatisation, la plomberie et l'\u00e9quipement des quais.<\/li><li><strong>Flexibilit\u00e9 limit\u00e9e<\/strong><br \/>Les espaces industriels peuvent \u00eatre moins adaptables \u00e0 l'\u00e9volution des besoins de l'entreprise que les espaces de bureaux ou de vente traditionnels.<\/li><li><strong>Tendances du march\u00e9<\/strong><br \/>La demande de biens immobiliers industriels peut fluctuer en fonction de la conjoncture \u00e9conomique et de l'\u00e9volution de secteurs tels que le commerce \u00e9lectronique.<\/li><\/ol>\t\t\t\t\t\t\t\t<\/div>\n\t\t\t\t<div data-dce-title-color=\"#54595F\" class=\"elementor-element elementor-element-cd67d4a elementor-widget elementor-widget-heading\" data-id=\"cd67d4a\" data-element_type=\"widget\" data-e-type=\"widget\" data-widget_type=\"heading.default\">\n\t\t\t\t\t<h3 class=\"elementor-heading-title elementor-size-default\">Comment Capital-B vous aide \u00e0 acheter ou \u00e0 vendre des propri\u00e9t\u00e9s industrielles<\/h3>\t\t\t\t<\/div>\n\t\t\t\t<div class=\"elementor-element elementor-element-96a9738 elementor-widget elementor-widget-text-editor\" data-id=\"96a9738\" data-element_type=\"widget\" data-e-type=\"widget\" data-widget_type=\"text-editor.default\">\n\t\t\t\t\t\t\t\t\t<p>\u00c0 <strong>Capital-B<\/strong>Nous offrons des conseils d'experts pour aider les propri\u00e9taires d'entreprises et les investisseurs \u00e0 naviguer dans les complexit\u00e9s de l'achat ou de la vente de biens immobiliers industriels dans la r\u00e9gion m\u00e9tropolitaine de Montr\u00e9al. Notre approche personnalis\u00e9e vous aide \u00e0 atteindre vos objectifs de mani\u00e8re efficace et rentable.<\/p>\t\t\t\t\t\t\t\t<\/div>\n\t\t<div class=\"has_ae_slider elementor-element elementor-element-b664a66 e-con-full e-flex ae-bg-gallery-type-default e-con e-child\" data-id=\"b664a66\" data-element_type=\"container\" data-e-type=\"container\">\n\t\t\t\t<div class=\"elementor-element elementor-element-5764cc5 elementor-widget__width-initial elementor-widget elementor-widget-text-editor\" data-id=\"5764cc5\" data-element_type=\"widget\" data-e-type=\"widget\" data-widget_type=\"text-editor.default\">\n\t\t\t\t\t\t\t\t\t<p><strong>Pour les acheteurs :<\/strong><\/p><ol><li><strong>Recherche de biens immobiliers sur mesure<\/strong><br \/>Nous vous aidons \u00e0 identifier les espaces industriels qui r\u00e9pondent \u00e0 vos besoins op\u00e9rationnels uniques, qu'il s'agisse d'entrep\u00f4ts ou d'installations polyvalentes.<\/li><li><strong>Acc\u00e8s \u00e0 des listes exclusives<\/strong><br \/>Acc\u00e9der \u00e0 des biens industriels non r\u00e9pertori\u00e9s sur les plateformes publiques, y compris \u00e0 des opportunit\u00e9s hors march\u00e9.<\/li><li><strong>Aper\u00e7u du march\u00e9<\/strong><br \/>Tirez parti de notre exp\u00e9rience des tendances industrielles locales, des r\u00e9glementations de zonage et des caract\u00e9ristiques des biens immobiliers pour prendre des d\u00e9cisions \u00e9clair\u00e9es.<\/li><li><strong>Orientations financi\u00e8res<\/strong><br \/>De la compr\u00e9hension des options de financement \u00e0 l'\u00e9valuation du retour sur investissement \u00e0 long terme, nous nous effor\u00e7ons d'aligner votre investissement sur vos objectifs commerciaux.<\/li><li><span style=\"color: var( --e-global-color-secondary ); font-family: var( --e-global-typography-text-font-family ), Sans-serif; text-align: var(--text-align); background-color: var( --e-global-color-fa259cc ); font-size: 1rem;\"><b>N\u00e9gociation d'experts<br \/><\/b><\/span>Notre \u00e9quipe obtient des conditions favorables pour votre achat ou votre location, maximisant ainsi la valeur de votre entreprise.<\/li><\/ol>\t\t\t\t\t\t\t\t<\/div>\n\t\t\t\t<div class=\"elementor-element elementor-element-e913ac1 elementor-widget__width-inherit elementor-widget elementor-widget-image\" data-id=\"e913ac1\" data-element_type=\"widget\" data-e-type=\"widget\" data-widget_type=\"image.default\">\n\t\t\t\t\t\t\t\t\t\t\t\t\t\t\t<img fetchpriority=\"high\" decoding=\"async\" width=\"678\" height=\"1024\" src=\"https:\/\/capital-b.ca\/wp-content\/uploads\/2024\/12\/Industrial-building-678x1024.webp\" class=\"attachment-large size-large wp-image-2933\" alt=\"\" srcset=\"https:\/\/capital-b.ca\/wp-content\/uploads\/2024\/12\/Industrial-building-678x1024.webp 678w, https:\/\/capital-b.ca\/wp-content\/uploads\/2024\/12\/Industrial-building-199x300.webp 199w, https:\/\/capital-b.ca\/wp-content\/uploads\/2024\/12\/Industrial-building-768x1159.webp 768w, https:\/\/capital-b.ca\/wp-content\/uploads\/2024\/12\/Industrial-building-8x12.webp 8w, https:\/\/capital-b.ca\/wp-content\/uploads\/2024\/12\/Industrial-building.webp 795w\" sizes=\"(max-width: 678px) 100vw, 678px\" \/>\t\t\t\t\t\t\t\t\t\t\t\t\t\t\t<\/div>\n\t\t\t\t<\/div>\n\t\t<div class=\"has_ae_slider elementor-element elementor-element-6a0ca60 e-con-full e-flex ae-bg-gallery-type-default e-con e-child\" data-id=\"6a0ca60\" data-element_type=\"container\" data-e-type=\"container\">\n\t\t\t\t<div class=\"elementor-element elementor-element-b462661 elementor-widget__width-initial elementor-widget elementor-widget-text-editor\" data-id=\"b462661\" data-element_type=\"widget\" data-e-type=\"widget\" data-widget_type=\"text-editor.default\">\n\t\t\t\t\t\t\t\t\t<p><strong>Pour les vendeurs :<\/strong><\/p><ol><li><strong>\u00c9valuation globale<\/strong><br \/>Nous effectuons une analyse d\u00e9taill\u00e9e du march\u00e9 afin de d\u00e9terminer la valeur r\u00e9elle de votre propri\u00e9t\u00e9 industrielle.<\/li><li><strong>Marketing cibl\u00e9<\/strong><br \/>Mettez en valeur votre propri\u00e9t\u00e9 avec des visuels de haute qualit\u00e9, des listes d\u00e9taill\u00e9es et des campagnes de marketing strat\u00e9giques pour attirer des acheteurs s\u00e9rieux.<\/li><li><strong>Pr\u00e9paration de la vente<\/strong><br \/>Nous vous aidons \u00e0 pr\u00e9parer votre propri\u00e9t\u00e9, notamment en r\u00e9solvant les probl\u00e8mes de zonage et en recommandant des am\u00e9liorations pour la rendre plus attrayante.<\/li><li><strong>Acheteurs qualifi\u00e9s<\/strong><br \/>Notre r\u00e9seau vous met en relation avec des acheteurs pr\u00e9s\u00e9lectionn\u00e9s, ce qui garantit un processus de transaction plus fluide et plus rapide.<\/li><li><strong>Support de fermeture sans faille<\/strong><br \/>De la gestion des documents juridiques aux n\u00e9gociations finales, nous rationalisons le processus de cl\u00f4ture pour vous.<\/li><\/ol>\t\t\t\t\t\t\t\t<\/div>\n\t\t\t\t<div class=\"elementor-element elementor-element-9fe1c88 elementor-widget__width-inherit elementor-widget elementor-widget-image\" data-id=\"9fe1c88\" data-element_type=\"widget\" data-e-type=\"widget\" data-widget_type=\"image.default\">\n\t\t\t\t\t\t\t\t\t\t\t\t\t\t\t<img decoding=\"async\" width=\"678\" height=\"1024\" src=\"https:\/\/capital-b.ca\/wp-content\/uploads\/2024\/12\/Interior-of-an-industrial-building-678x1024.webp\" class=\"attachment-large size-large wp-image-2934\" alt=\"B\u00e2timent industriel Int\u00e9rieur\" srcset=\"https:\/\/capital-b.ca\/wp-content\/uploads\/2024\/12\/Interior-of-an-industrial-building-678x1024.webp 678w, https:\/\/capital-b.ca\/wp-content\/uploads\/2024\/12\/Interior-of-an-industrial-building-199x300.webp 199w, https:\/\/capital-b.ca\/wp-content\/uploads\/2024\/12\/Interior-of-an-industrial-building-768x1159.webp 768w, https:\/\/capital-b.ca\/wp-content\/uploads\/2024\/12\/Interior-of-an-industrial-building-8x12.webp 8w, https:\/\/capital-b.ca\/wp-content\/uploads\/2024\/12\/Interior-of-an-industrial-building.webp 795w\" sizes=\"(max-width: 678px) 100vw, 678px\" \/>\t\t\t\t\t\t\t\t\t\t\t\t\t\t\t<\/div>\n\t\t\t\t<\/div>\n\t\t\t\t<div data-dce-title-color=\"#54595F\" class=\"elementor-element elementor-element-38986d0 elementor-widget elementor-widget-heading\" data-id=\"38986d0\" data-element_type=\"widget\" data-e-type=\"widget\" data-widget_type=\"heading.default\">\n\t\t\t\t\t<h3 class=\"elementor-heading-title elementor-size-default\">Conseils aux propri\u00e9taires d'entreprises lors de l'achat ou de la vente de biens immobiliers industriels<\/h3>\t\t\t\t<\/div>\n\t\t\t\t<div class=\"elementor-element elementor-element-5461f50 elementor-widget elementor-widget-text-editor\" data-id=\"5461f50\" data-element_type=\"widget\" data-e-type=\"widget\" data-widget_type=\"text-editor.default\">\n\t\t\t\t\t\t\t\t\t<ol><li><strong>\u00c9valuer l'emplacement<\/strong><br \/>La proximit\u00e9 des centres de transport, des fournisseurs et des clients est essentielle pour les propri\u00e9t\u00e9s industrielles.<\/li><li><strong>Comprendre les lois sur le zonage<\/strong><br \/>Assurez-vous que le zonage du bien correspond \u00e0 l'usage que vous souhaitez en faire, qu'il s'agisse d'entreposage, de fabrication ou de distribution.<\/li><li><strong>Inspecter l'infrastructure<\/strong><br \/>V\u00e9rifiez les syst\u00e8mes du bien, y compris les quais de chargement, le syst\u00e8me de chauffage, de ventilation et de climatisation et la capacit\u00e9 \u00e9lectrique, afin de vous assurer qu'ils r\u00e9pondent \u00e0 vos besoins.<\/li><li><strong>Plan de croissance<\/strong><br \/>Choisissez une propri\u00e9t\u00e9 qui peut s'adapter \u00e0 une expansion future ou \u00e0 des changements dans vos activit\u00e9s.<\/li><li><strong>Travailler avec des courtiers de confiance<\/strong><br \/>Choisissez une \u00e9quipe immobili\u00e8re comp\u00e9tente comme <strong>Capital-B<\/strong> pour naviguer sur le march\u00e9 avec confiance et efficacit\u00e9.<\/li><\/ol>\t\t\t\t\t\t\t\t<\/div>\n\t\t\t\t<div data-dce-title-color=\"#54595F\" class=\"elementor-element elementor-element-bf9585a elementor-widget elementor-widget-heading\" data-id=\"bf9585a\" data-element_type=\"widget\" data-e-type=\"widget\" data-widget_type=\"heading.default\">\n\t\t\t\t\t<h3 class=\"elementor-heading-title elementor-size-default\">FAQ sur les propri\u00e9t\u00e9s industrielles<\/h3>\t\t\t\t<\/div>\n\t\t\t\t<div class=\"elementor-element elementor-element-9aeb1ce elementor-widget elementor-widget-text-editor\" data-id=\"9aeb1ce\" data-element_type=\"widget\" data-e-type=\"widget\" data-widget_type=\"text-editor.default\">\n\t\t\t\t\t\t\t\t\t<p><strong>Q : Quels sont les types d'entreprises qui conviennent aux propri\u00e9t\u00e9s industrielles ?<\/strong><br \/>R : Les propri\u00e9t\u00e9s industrielles sont id\u00e9ales pour les entreprises de fabrication, de stockage, de logistique et de distribution, ainsi que pour les entreprises qui ont besoin d'espaces polyvalents flexibles.<\/p><p><strong>Q : Dois-je louer ou acheter un bien immobilier industriel ?<\/strong><br \/>R : La location offre une certaine flexibilit\u00e9, tandis que l'achat offre une stabilit\u00e9 \u00e0 long terme et des revenus locatifs potentiels. Nous pouvons vous aider \u00e0 prendre une d\u00e9cision en fonction de vos objectifs commerciaux.<\/p><p><strong>Q : Quels sont les \u00e9l\u00e9ments \u00e0 prendre en compte lors du choix d'un bien immobilier industriel ?<\/strong><br \/>R : Concentrez-vous sur la taille, l'emplacement, le zonage et les infrastructures telles que les quais de chargement, la hauteur des plafonds et les services publics.<\/p><p><strong>Q : Comment d\u00e9terminer la valeur de mon bien immobilier industriel ?<\/strong><br \/>R : La valeur est influenc\u00e9e par des facteurs tels que l'emplacement, la superficie, l'\u00e9tat et la demande actuelle du march\u00e9. Nos services d'\u00e9valuation fournissent une estimation pr\u00e9cise.<\/p><p><strong>Q : La possession d'un terrain industriel pr\u00e9sente-t-elle des avantages fiscaux ?<\/strong><br \/>R : Oui, les propri\u00e9taires de biens industriels peuvent b\u00e9n\u00e9ficier de d\u00e9ductions pour les int\u00e9r\u00eats hypoth\u00e9caires, l'amortissement et les frais d'entretien.<\/p>\t\t\t\t\t\t\t\t<\/div>\n\t\t\t\t<div data-dce-title-color=\"#54595F\" class=\"elementor-element elementor-element-8f1c6d5 elementor-widget elementor-widget-heading\" data-id=\"8f1c6d5\" data-element_type=\"widget\" data-e-type=\"widget\" data-widget_type=\"heading.default\">\n\t\t\t\t\t<h3 class=\"elementor-heading-title elementor-size-default\">Contactez Capital-B d\u00e8s aujourd'hui<\/h3>\t\t\t\t<\/div>\n\t\t\t\t<div class=\"elementor-element elementor-element-2e55127 elementor-widget elementor-widget-text-editor\" data-id=\"2e55127\" data-element_type=\"widget\" data-e-type=\"widget\" data-widget_type=\"text-editor.default\">\n\t\t\t\t\t\t\t\t\t<p>Vous \u00eates pr\u00eat \u00e0 acheter ou \u00e0 vendre une propri\u00e9t\u00e9 industrielle dans le Grand Montr\u00e9al ? \u00c0 l'adresse <strong>Capital-B<\/strong>Nous avons pour mission d'aider les propri\u00e9taires d'entreprises et les investisseurs \u00e0 atteindre leurs objectifs immobiliers gr\u00e2ce \u00e0 un soutien professionnel et \u00e0 une bonne connaissance du march\u00e9 local. Laissez-nous vous guider \u00e0 chaque \u00e9tape.<\/p><p><strong>Appelez-nous au <a href=\"tel:4388025000\">438.802.5000<\/a><\/strong> ou <a href=\"https:\/\/capital-b.ca\/fr\/contactez-nous\/\"><strong>Contactez-nous <\/strong><\/a>pour passer \u00e0 l'\u00e9tape suivante de l'optimisation des op\u00e9rations de votre entreprise d\u00e8s aujourd'hui !<\/p>\t\t\t\t\t\t\t\t<\/div>\n\t\t\t\t<\/div>\n\t\t\t\t<\/div>\n\t\t<div class=\"has_ae_slider elementor-element elementor-element-a2bb355 e-flex e-con-boxed ae-bg-gallery-type-default e-con e-parent\" data-id=\"a2bb355\" data-element_type=\"container\" data-e-type=\"container\">\n\t\t\t\t\t<div class=\"e-con-inner\">\n\t\t\t\t\t<\/div>\n\t\t\t\t<\/div>\n\t\t\t\t<\/div>","protected":false},"excerpt":{"rendered":"<p>Industrial Real Estate Optimize Your Business Operations with the Right Industrial Property | Capital-B Finding or selling the perfect industrial property can significantly impact your business&#8217;s efficiency, productivity, and profitability. Whether you\u2019re looking to expand your operations, establish a new facility, or sell an existing industrial property, Capital-B is here to guide you. With a [&hellip;]<\/p>\n","protected":false},"author":1,"featured_media":0,"parent":0,"menu_order":18,"comment_status":"closed","ping_status":"closed","template":"","meta":{"_acf_changed":false,"footnotes":""},"class_list":["post-2930","page","type-page","status-publish","hentry"],"acf":[],"aioseo_notices":[],"_links":{"self":[{"href":"https:\/\/capital-b.ca\/fr\/wp-json\/wp\/v2\/pages\/2930","targetHints":{"allow":["GET"]}}],"collection":[{"href":"https:\/\/capital-b.ca\/fr\/wp-json\/wp\/v2\/pages"}],"about":[{"href":"https:\/\/capital-b.ca\/fr\/wp-json\/wp\/v2\/types\/page"}],"author":[{"embeddable":true,"href":"https:\/\/capital-b.ca\/fr\/wp-json\/wp\/v2\/users\/1"}],"replies":[{"embeddable":true,"href":"https:\/\/capital-b.ca\/fr\/wp-json\/wp\/v2\/comments?post=2930"}],"version-history":[{"count":26,"href":"https:\/\/capital-b.ca\/fr\/wp-json\/wp\/v2\/pages\/2930\/revisions"}],"predecessor-version":[{"id":3501,"href":"https:\/\/capital-b.ca\/fr\/wp-json\/wp\/v2\/pages\/2930\/revisions\/3501"}],"wp:attachment":[{"href":"https:\/\/capital-b.ca\/fr\/wp-json\/wp\/v2\/media?parent=2930"}],"curies":[{"name":"wp","href":"https:\/\/api.w.org\/{rel}","templated":true}]}}