{"id":2938,"date":"2024-12-12T16:54:19","date_gmt":"2024-12-12T16:54:19","guid":{"rendered":"https:\/\/capital-b.ca\/?page_id=2938"},"modified":"2024-12-17T20:30:41","modified_gmt":"2024-12-17T20:30:41","slug":"immeubles-commerciaux-a-revenus","status":"publish","type":"page","link":"https:\/\/capital-b.ca\/fr\/commercial-income-properties\/","title":{"rendered":"Maximisez votre investissement avec les propri\u00e9t\u00e9s commerciales \u00e0 revenu | Capital-B"},"content":{"rendered":"<div data-elementor-type=\"wp-page\" data-elementor-id=\"2938\" class=\"elementor elementor-2938\" data-elementor-post-type=\"page\">\n\t\t\t\t<div data-dce-background-overlay-image-url=\"https:\/\/capital-b.ca\/wp-content\/uploads\/2024\/12\/Commercial-income-property-Montreal.webp\" class=\"has_ae_slider elementor-element elementor-element-47d9015 e-con-full e-flex ae-bg-gallery-type-default e-con e-parent\" data-id=\"47d9015\" data-element_type=\"container\" data-e-type=\"container\">\n\t\t\t\t<div class=\"elementor-element elementor-element-1e7b23e elementor-widget__width-initial elementor-widget elementor-widget-heading\" data-id=\"1e7b23e\" data-element_type=\"widget\" data-e-type=\"widget\" data-widget_type=\"heading.default\">\n\t\t\t\t\t<h1 class=\"elementor-heading-title elementor-size-default\">Immeubles \u00e0 revenus commerciaux<\/h1>\t\t\t\t<\/div>\n\t\t\t\t<\/div>\n\t\t<div class=\"has_ae_slider elementor-element elementor-element-6d84767 e-con-full e-flex ae-bg-gallery-type-default e-con e-parent\" data-id=\"6d84767\" data-element_type=\"container\" data-e-type=\"container\" data-settings=\"{&quot;background_background&quot;:&quot;classic&quot;}\">\n\t\t<div class=\"has_ae_slider elementor-element elementor-element-cd4888a e-con-full e-flex ae-bg-gallery-type-default e-con e-child\" data-id=\"cd4888a\" data-element_type=\"container\" data-e-type=\"container\" data-settings=\"{&quot;background_background&quot;:&quot;classic&quot;}\">\n\t\t\t\t<div data-dce-title-color=\"#54595F\" class=\"elementor-element elementor-element-401849c elementor-widget elementor-widget-heading\" data-id=\"401849c\" data-element_type=\"widget\" data-e-type=\"widget\" data-widget_type=\"heading.default\">\n\t\t\t\t\t<h2 class=\"elementor-heading-title elementor-size-default\">Maximisez votre investissement avec les propri\u00e9t\u00e9s commerciales \u00e0 revenu | Capital-B<\/h2>\t\t\t\t<\/div>\n\t\t\t\t<div class=\"elementor-element elementor-element-1945352 elementor-widget elementor-widget-text-editor\" data-id=\"1945352\" data-element_type=\"widget\" data-e-type=\"widget\" data-widget_type=\"text-editor.default\">\n\t\t\t\t\t\t\t\t\t<p>L'investissement ou la vente d'un bien immobilier commercial peut avoir un impact significatif sur votre r\u00e9ussite financi\u00e8re. Que vous cherchiez \u00e0 acqu\u00e9rir un nouvel actif, \u00e0 diversifier votre portefeuille ou \u00e0 vendre un bien existant, <strong>Capital-B<\/strong> est votre courtier de confiance dans le Grand Montr\u00e9al. Gr\u00e2ce \u00e0 notre expertise en immobilier commercial, nous aidons les propri\u00e9taires d'entreprise et les investisseurs \u00e0 prendre des d\u00e9cisions \u00e9clair\u00e9es pour atteindre leurs objectifs.<\/p>\t\t\t\t\t\t\t\t<\/div>\n\t\t\t\t<div data-dce-title-color=\"#54595F\" class=\"elementor-element elementor-element-dd6db30 elementor-widget elementor-widget-heading\" data-id=\"dd6db30\" data-element_type=\"widget\" data-e-type=\"widget\" data-widget_type=\"heading.default\">\n\t\t\t\t\t<h3 class=\"elementor-heading-title elementor-size-default\">Qu'est-ce qu'un immeuble commercial ?<\/h3>\t\t\t\t<\/div>\n\t\t\t\t<div class=\"elementor-element elementor-element-418e830 elementor-widget elementor-widget-text-editor\" data-id=\"418e830\" data-element_type=\"widget\" data-e-type=\"widget\" data-widget_type=\"text-editor.default\">\n\t\t\t\t\t\t\t\t\t<p>Un immeuble commercial est un bien immobilier qui g\u00e9n\u00e8re des revenus locatifs provenant d'entreprises locataires. Il peut s'agir de centres commerciaux, d'immeubles de bureaux, d'ensembles immobiliers \u00e0 usage mixte ou de complexes industriels. Les immeubles commerciaux constituent un excellent choix pour les investisseurs qui recherchent un flux de tr\u00e9sorerie r\u00e9gulier, une plus-value \u00e0 long terme et une diversification de leur portefeuille.<\/p>\t\t\t\t\t\t\t\t<\/div>\n\t\t\t\t<div data-dce-title-color=\"#54595F\" class=\"elementor-element elementor-element-e386f2f elementor-widget elementor-widget-heading\" data-id=\"e386f2f\" data-element_type=\"widget\" data-e-type=\"widget\" data-widget_type=\"heading.default\">\n\t\t\t\t\t<h3 class=\"elementor-heading-title elementor-size-default\">Les avantages d'investir dans des immeubles commerciaux \u00e0 revenus<\/h3>\t\t\t\t<\/div>\n\t\t\t\t<div class=\"elementor-element elementor-element-0d94a75 elementor-widget elementor-widget-text-editor\" data-id=\"0d94a75\" data-element_type=\"widget\" data-e-type=\"widget\" data-widget_type=\"text-editor.default\">\n\t\t\t\t\t\t\t\t\t<ol><li><strong>Revenu stable<\/strong><br \/>Les immeubles commerciaux g\u00e9n\u00e8rent souvent des revenus locatifs r\u00e9guliers gr\u00e2ce \u00e0 des baux \u00e0 long terme conclus avec des entreprises.<\/li><li><strong>Des rendements plus \u00e9lev\u00e9s<\/strong><br \/>Par rapport aux propri\u00e9t\u00e9s r\u00e9sidentielles, l'immobilier commercial offre g\u00e9n\u00e9ralement des rendements potentiels plus \u00e9lev\u00e9s.<\/li><li><strong>Locataires professionnels<\/strong><br \/>Les locataires professionnels sont souvent plus stables et plus professionnels, ce qui r\u00e9duit les probl\u00e8mes li\u00e9s \u00e0 la location.<\/li><li><strong>La diversification<\/strong><br \/>Investir dans des biens immobiliers commerciaux permet de diversifier votre portefeuille et de r\u00e9duire le risque global de l'investissement.<\/li><li><strong>Bail triple net (NNN)<\/strong><br \/>De nombreux baux commerciaux sont structur\u00e9s de mani\u00e8re \u00e0 ce que les locataires paient les taxes fonci\u00e8res, l'assurance et l'entretien, ce qui r\u00e9duit les d\u00e9penses du propri\u00e9taire.<\/li><li><strong>Potentiel d'appr\u00e9ciation<\/strong><br \/>Les biens immobiliers commerciaux situ\u00e9s dans des zones tr\u00e8s demand\u00e9es prennent souvent de la valeur, ce qui permet d'obtenir des rendements importants \u00e0 long terme.<\/li><\/ol>\t\t\t\t\t\t\t\t<\/div>\n\t\t\t\t<div data-dce-title-color=\"#54595F\" class=\"elementor-element elementor-element-3bd517a elementor-widget elementor-widget-heading\" data-id=\"3bd517a\" data-element_type=\"widget\" data-e-type=\"widget\" data-widget_type=\"heading.default\">\n\t\t\t\t\t<h3 class=\"elementor-heading-title elementor-size-default\">Les d\u00e9fis de l'investissement dans les immeubles commerciaux \u00e0 revenus<\/h3>\t\t\t\t<\/div>\n\t\t\t\t<div class=\"elementor-element elementor-element-b8688d1 elementor-widget elementor-widget-text-editor\" data-id=\"b8688d1\" data-element_type=\"widget\" data-e-type=\"widget\" data-widget_type=\"text-editor.default\">\n\t\t\t\t\t\t\t\t\t<ol><li><strong>Investissement initial \u00e9lev\u00e9<\/strong><br \/>Les biens immobiliers commerciaux n\u00e9cessitent souvent des acomptes plus importants et un capital initial significatif.<\/li><li><strong>Gestion complexe<\/strong><br \/>La gestion de plusieurs locataires et l'entretien de grandes propri\u00e9t\u00e9s peuvent prendre beaucoup de temps et n\u00e9cessiter une supervision professionnelle.<\/li><li><strong>Risques de march\u00e9<\/strong><br \/>La valeur de l'immobilier commercial et la demande de location sont influenc\u00e9es par les conditions \u00e9conomiques et les tendances du march\u00e9.<\/li><li><strong>R\u00e8glement de zonage<\/strong><br \/>Les propri\u00e9t\u00e9s commerciales doivent respecter des lois de zonage et des r\u00e9glementations locales strictes.<\/li><li><strong>Chiffre d'affaires des locataires<\/strong><br \/>Trouver et conserver des entreprises locataires peut prendre du temps, surtout sur des march\u00e9s concurrentiels.<\/li><\/ol>\t\t\t\t\t\t\t\t<\/div>\n\t\t\t\t<div data-dce-title-color=\"#54595F\" class=\"elementor-element elementor-element-f7ff08e elementor-widget elementor-widget-heading\" data-id=\"f7ff08e\" data-element_type=\"widget\" data-e-type=\"widget\" data-widget_type=\"heading.default\">\n\t\t\t\t\t<h3 class=\"elementor-heading-title elementor-size-default\">Comment Capital-B vous aide \u00e0 acheter ou \u00e0 vendre des immeubles commerciaux \u00e0 revenus<\/h3>\t\t\t\t<\/div>\n\t\t\t\t<div class=\"elementor-element elementor-element-2bf3b6c elementor-widget elementor-widget-text-editor\" data-id=\"2bf3b6c\" data-element_type=\"widget\" data-e-type=\"widget\" data-widget_type=\"text-editor.default\">\n\t\t\t\t\t\t\t\t\t<p>\u00c0 <strong>Capital-B<\/strong>Nous sommes sp\u00e9cialis\u00e9s dans l'aide aux investisseurs et aux propri\u00e9taires d'entreprises dans les complexit\u00e9s de l'achat et de la vente d'immeubles commerciaux \u00e0 revenus. Notre expertise vous aide \u00e0 atteindre vos objectifs financiers avec confiance et efficacit\u00e9.<\/p>\t\t\t\t\t\t\t\t<\/div>\n\t\t<div class=\"has_ae_slider elementor-element elementor-element-8f0deaa e-con-full e-flex ae-bg-gallery-type-default e-con e-child\" data-id=\"8f0deaa\" data-element_type=\"container\" data-e-type=\"container\">\n\t\t\t\t<div class=\"elementor-element elementor-element-762bd1a elementor-widget__width-initial elementor-widget elementor-widget-text-editor\" data-id=\"762bd1a\" data-element_type=\"widget\" data-e-type=\"widget\" data-widget_type=\"text-editor.default\">\n\t\t\t\t\t\t\t\t\t<p><strong>Pour les acheteurs :<\/strong><\/p><ol><li><strong>Acc\u00e8s \u00e0 des listes exclusives<\/strong><br \/>D\u00e9couvrez des propri\u00e9t\u00e9s commerciales \u00e0 revenus uniques dans le Grand Montr\u00e9al, des centres commerciaux aux immeubles de bureaux.<\/li><li><strong>Analyse d\u00e9taill\u00e9e du march\u00e9<\/strong><br \/>Tirez parti de notre connaissance de la demande locative, des secteurs d'activit\u00e9 des locataires et des tendances du march\u00e9 pour identifier les opportunit\u00e9s lucratives.<\/li><li><strong>\u00c9valuations financi\u00e8res<\/strong><br \/>\u00c9valuez les revenus, les d\u00e9penses et le retour sur investissement potentiels afin d'aligner votre investissement sur vos objectifs financiers.<\/li><li><strong>Soutien \u00e0 la diligence raisonnable<\/strong><br \/>De l'inspection des biens \u00e0 l'examen des contrats de location, nous vous aidons \u00e0 r\u00e9duire les risques avant l'achat.<\/li><li><strong>N\u00e9gociation d'experts<\/strong><br \/>Notre \u00e9quipe exp\u00e9riment\u00e9e obtient des conditions d'achat favorables, ce qui vous permet de gagner du temps et de maximiser votre investissement.<\/li><\/ol>\t\t\t\t\t\t\t\t<\/div>\n\t\t\t\t<div class=\"elementor-element elementor-element-0b5cfbe elementor-widget__width-inherit elementor-widget elementor-widget-image\" data-id=\"0b5cfbe\" data-element_type=\"widget\" data-e-type=\"widget\" data-widget_type=\"image.default\">\n\t\t\t\t\t\t\t\t\t\t\t\t\t\t\t<img fetchpriority=\"high\" decoding=\"async\" width=\"678\" height=\"1024\" src=\"https:\/\/capital-b.ca\/wp-content\/uploads\/2024\/12\/Mixed-used-commercial-income-property-678x1024.webp\" class=\"attachment-large size-large wp-image-2945\" alt=\"Immeuble commercial \u00e0 usage mixte\" srcset=\"https:\/\/capital-b.ca\/wp-content\/uploads\/2024\/12\/Mixed-used-commercial-income-property-678x1024.webp 678w, https:\/\/capital-b.ca\/wp-content\/uploads\/2024\/12\/Mixed-used-commercial-income-property-199x300.webp 199w, https:\/\/capital-b.ca\/wp-content\/uploads\/2024\/12\/Mixed-used-commercial-income-property-768x1159.webp 768w, https:\/\/capital-b.ca\/wp-content\/uploads\/2024\/12\/Mixed-used-commercial-income-property-8x12.webp 8w, https:\/\/capital-b.ca\/wp-content\/uploads\/2024\/12\/Mixed-used-commercial-income-property.webp 795w\" sizes=\"(max-width: 678px) 100vw, 678px\" \/>\t\t\t\t\t\t\t\t\t\t\t\t\t\t\t<\/div>\n\t\t\t\t<\/div>\n\t\t<div class=\"has_ae_slider elementor-element elementor-element-4061167 e-con-full e-flex ae-bg-gallery-type-default e-con e-child\" data-id=\"4061167\" data-element_type=\"container\" data-e-type=\"container\">\n\t\t\t\t<div class=\"elementor-element elementor-element-55c6903 elementor-widget__width-initial elementor-widget elementor-widget-text-editor\" data-id=\"55c6903\" data-element_type=\"widget\" data-e-type=\"widget\" data-widget_type=\"text-editor.default\">\n\t\t\t\t\t\t\t\t\t<p><strong>Pour les vendeurs :<\/strong><\/p><ol><li><strong>Opinion pr\u00e9cise de la valeur<\/strong><br \/>Nous \u00e9valuons la valeur r\u00e9elle de votre bien en fonction de son emplacement, des revenus locatifs, de la stabilit\u00e9 des locataires et de la demande du march\u00e9.<\/li><li><strong>Strat\u00e9gies de marketing cibl\u00e9es<\/strong><br \/>Pr\u00e9sentez votre propri\u00e9t\u00e9 \u00e0 des acheteurs qualifi\u00e9s gr\u00e2ce \u00e0 des photographies professionnelles, des listes d\u00e9taill\u00e9es et des campagnes strat\u00e9giques.<\/li><li><strong>Acheteurs qualifi\u00e9s<\/strong><br \/>Notre r\u00e9seau vous met en relation avec des investisseurs s\u00e9rieux, r\u00e9duisant ainsi le temps pass\u00e9 sur le march\u00e9 et garantissant des transactions fluides.<\/li><li><strong>Pr\u00e9paration de la vente<\/strong><br \/>Nous vous guidons dans l'optimisation de votre bien, y compris la r\u00e9solution des probl\u00e8mes des locataires et les am\u00e9liorations n\u00e9cessaires.<\/li><li><strong>Support de fermeture sans faille<\/strong><br \/>Des n\u00e9gociations \u00e0 la paperasserie finale, nous nous occupons de tous les d\u00e9tails du processus de cl\u00f4ture.<\/li><\/ol>\t\t\t\t\t\t\t\t<\/div>\n\t\t\t\t<div class=\"elementor-element elementor-element-2c9a647 elementor-widget__width-inherit elementor-widget elementor-widget-image\" data-id=\"2c9a647\" data-element_type=\"widget\" data-e-type=\"widget\" data-widget_type=\"image.default\">\n\t\t\t\t\t\t\t\t\t\t\t\t\t\t\t<img decoding=\"async\" width=\"678\" height=\"1024\" src=\"https:\/\/capital-b.ca\/wp-content\/uploads\/2024\/12\/Multifamily-commercial-income-property-678x1024.webp\" class=\"attachment-large size-large wp-image-2946\" alt=\"\" srcset=\"https:\/\/capital-b.ca\/wp-content\/uploads\/2024\/12\/Multifamily-commercial-income-property-678x1024.webp 678w, https:\/\/capital-b.ca\/wp-content\/uploads\/2024\/12\/Multifamily-commercial-income-property-199x300.webp 199w, https:\/\/capital-b.ca\/wp-content\/uploads\/2024\/12\/Multifamily-commercial-income-property-768x1159.webp 768w, https:\/\/capital-b.ca\/wp-content\/uploads\/2024\/12\/Multifamily-commercial-income-property-8x12.webp 8w, https:\/\/capital-b.ca\/wp-content\/uploads\/2024\/12\/Multifamily-commercial-income-property.webp 795w\" sizes=\"(max-width: 678px) 100vw, 678px\" \/>\t\t\t\t\t\t\t\t\t\t\t\t\t\t\t<\/div>\n\t\t\t\t<\/div>\n\t\t\t\t<div data-dce-title-color=\"#54595F\" class=\"elementor-element elementor-element-7d8f8e0 elementor-widget elementor-widget-heading\" data-id=\"7d8f8e0\" data-element_type=\"widget\" data-e-type=\"widget\" data-widget_type=\"heading.default\">\n\t\t\t\t\t<h3 class=\"elementor-heading-title elementor-size-default\">Conseils pour investir ou vendre des immeubles commerciaux \u00e0 revenus<\/h3>\t\t\t\t<\/div>\n\t\t\t\t<div class=\"elementor-element elementor-element-0566a6a elementor-widget elementor-widget-text-editor\" data-id=\"0566a6a\" data-element_type=\"widget\" data-e-type=\"widget\" data-widget_type=\"text-editor.default\">\n\t\t\t\t\t\t\t\t\t<ol><li><strong>Comprendre les chiffres<\/strong><br \/>Analysez les revenus locatifs, les d\u00e9penses et le retour sur investissement potentiel avant de r\u00e9aliser un investissement ou de fixer un prix de vente.<\/li><li><strong>\u00c9valuer la stabilit\u00e9 du locataire<\/strong><br \/>Examiner les baux des locataires, l'historique des paiements et les secteurs d'activit\u00e9 pour \u00e9valuer la fiabilit\u00e9 des flux de revenus.<\/li><li><strong>Choisir le bon emplacement<\/strong><br \/>Privil\u00e9giez les biens situ\u00e9s dans des zones tr\u00e8s demand\u00e9es, \u00e0 forte croissance commerciale et accessibles.<\/li><li><strong>Pr\u00e9voir les postes vacants<\/strong><br \/>Tenez compte des vacances potentielles dans votre planification financi\u00e8re afin d'\u00e9viter toute perturbation des flux de tr\u00e9sorerie.<\/li><li><strong>Travailler avec des professionnels<\/strong><br \/>Travaillez avec une \u00e9quipe immobili\u00e8re exp\u00e9riment\u00e9e comme <strong>Capital-B<\/strong> pour que votre transaction se d\u00e9roule sans heurts et soit rentable.<\/li><\/ol>\t\t\t\t\t\t\t\t<\/div>\n\t\t\t\t<div data-dce-title-color=\"#54595F\" class=\"elementor-element elementor-element-b8b6578 elementor-widget elementor-widget-heading\" data-id=\"b8b6578\" data-element_type=\"widget\" data-e-type=\"widget\" data-widget_type=\"heading.default\">\n\t\t\t\t\t<h3 class=\"elementor-heading-title elementor-size-default\">FAQ sur les immeubles commerciaux \u00e0 revenus<\/h3>\t\t\t\t<\/div>\n\t\t\t\t<div class=\"elementor-element elementor-element-7fc5f98 elementor-widget elementor-widget-text-editor\" data-id=\"7fc5f98\" data-element_type=\"widget\" data-e-type=\"widget\" data-widget_type=\"text-editor.default\">\n\t\t\t\t\t\t\t\t\t<p><strong>Q : Quels sont les types d'entreprises qui louent g\u00e9n\u00e9ralement des immeubles commerciaux ?<\/strong><br \/>R : Les locataires comprennent des magasins de d\u00e9tail, des bureaux, des restaurants et d'autres entreprises \u00e0 la recherche de baux \u00e0 long terme.<\/p><p><strong>Q : Comment puis-je \u00e9valuer la rentabilit\u00e9 d'un bien immobilier commercial ?<\/strong><br \/>R : Examinez les revenus locatifs, les d\u00e9penses d'exploitation, les taux d'occupation et le retour sur investissement pour \u00e9valuer la rentabilit\u00e9.<\/p><p><strong>Q : Dois-je faire appel \u00e0 un administrateur de biens pour mon immeuble commercial ?<\/strong><br \/>R : Un gestionnaire immobilier peut vous aider dans les relations avec les locataires, l'entretien et la gestion des baux, ce qui vous permet de gagner du temps et d'\u00e9conomiser des efforts.<\/p><p><strong>Q : Quelles sont les options de financement disponibles pour les propri\u00e9t\u00e9s commerciales ?<\/strong><br \/>R : Les options comprennent les pr\u00eats commerciaux, les pr\u00eats SBA et l'apport de fonds propres provenant d'autres propri\u00e9t\u00e9s.<\/p><p><strong>Q : Comment puis-je augmenter la valeur de mon bien immobilier commercial avant de le vendre ?<\/strong><br \/>R : Des am\u00e9liorations telles que la modernisation des parties communes, la recherche de locataires \u00e0 long terme et l'am\u00e9lioration de l'aspect ext\u00e9rieur peuvent augmenter la valeur de l'entreprise.<\/p>\t\t\t\t\t\t\t\t<\/div>\n\t\t\t\t<div data-dce-title-color=\"#54595F\" class=\"elementor-element elementor-element-4112cf0 elementor-widget elementor-widget-heading\" data-id=\"4112cf0\" data-element_type=\"widget\" data-e-type=\"widget\" data-widget_type=\"heading.default\">\n\t\t\t\t\t<h3 class=\"elementor-heading-title elementor-size-default\">Contactez Capital-B d\u00e8s aujourd'hui<\/h3>\t\t\t\t<\/div>\n\t\t\t\t<div data-dce-text-color=\"#54595F\" class=\"elementor-element elementor-element-32bf981 elementor-widget elementor-widget-text-editor\" data-id=\"32bf981\" data-element_type=\"widget\" data-e-type=\"widget\" data-widget_type=\"text-editor.default\">\n\t\t\t\t\t\t\t\t\t<p>Vous \u00eates pr\u00eat \u00e0 investir ou \u00e0 vendre une propri\u00e9t\u00e9 commerciale \u00e0 revenu dans le Grand Montr\u00e9al ? \u00c0 l'adresse <strong>Capital-B<\/strong>Nous avons pour mission d'aider les propri\u00e9taires d'entreprises et les investisseurs \u00e0 prendre des d\u00e9cisions intelligentes et rentables. Laissez-vous guider par notre expertise \u00e0 chaque \u00e9tape du processus.<\/p><p><strong>Appelez-nous au <a href=\"tel:4388025000\">438.802.5000<\/a><\/strong> ou <a href=\"https:\/\/capital-b.ca\/fr\/contactez-nous\/\"><strong>Contactez-nous<\/strong><\/a>\u00a0pour passer \u00e0 l'\u00e9tape suivante et maximiser vos opportunit\u00e9s en mati\u00e8re d'immobilier commercial d\u00e8s aujourd'hui !<\/p>\t\t\t\t\t\t\t\t<\/div>\n\t\t\t\t<\/div>\n\t\t\t\t<\/div>\n\t\t<div class=\"has_ae_slider elementor-element elementor-element-e4cc3f1 e-flex e-con-boxed ae-bg-gallery-type-default e-con e-parent\" data-id=\"e4cc3f1\" data-element_type=\"container\" data-e-type=\"container\">\n\t\t\t\t\t<div class=\"e-con-inner\">\n\t\t\t\t\t<\/div>\n\t\t\t\t<\/div>\n\t\t\t\t<\/div>","protected":false},"excerpt":{"rendered":"<p>Commercial Income Property Maximize Your Investment with Commercial Income Properties | Capital-B Investing in or selling a commercial income property can significantly impact your financial success. Whether you\u2019re looking to purchase a new asset, diversify your portfolio, or sell an existing property, Capital-B is your trusted broker in Greater Montreal. With our expertise in commercial [&hellip;]<\/p>\n","protected":false},"author":1,"featured_media":0,"parent":0,"menu_order":17,"comment_status":"closed","ping_status":"closed","template":"","meta":{"_acf_changed":false,"footnotes":""},"class_list":["post-2938","page","type-page","status-publish","hentry"],"acf":[],"aioseo_notices":[],"_links":{"self":[{"href":"https:\/\/capital-b.ca\/fr\/wp-json\/wp\/v2\/pages\/2938","targetHints":{"allow":["GET"]}}],"collection":[{"href":"https:\/\/capital-b.ca\/fr\/wp-json\/wp\/v2\/pages"}],"about":[{"href":"https:\/\/capital-b.ca\/fr\/wp-json\/wp\/v2\/types\/page"}],"author":[{"embeddable":true,"href":"https:\/\/capital-b.ca\/fr\/wp-json\/wp\/v2\/users\/1"}],"replies":[{"embeddable":true,"href":"https:\/\/capital-b.ca\/fr\/wp-json\/wp\/v2\/comments?post=2938"}],"version-history":[{"count":24,"href":"https:\/\/capital-b.ca\/fr\/wp-json\/wp\/v2\/pages\/2938\/revisions"}],"predecessor-version":[{"id":3504,"href":"https:\/\/capital-b.ca\/fr\/wp-json\/wp\/v2\/pages\/2938\/revisions\/3504"}],"wp:attachment":[{"href":"https:\/\/capital-b.ca\/fr\/wp-json\/wp\/v2\/media?parent=2938"}],"curies":[{"name":"wp","href":"https:\/\/api.w.org\/{rel}","templated":true}]}}