{"id":3003,"date":"2024-12-12T21:03:16","date_gmt":"2024-12-12T21:03:16","guid":{"rendered":"https:\/\/capital-b.ca\/?page_id=3003"},"modified":"2024-12-17T20:45:53","modified_gmt":"2024-12-17T20:45:53","slug":"des-transactions-commerciales-transparentes-grace-a-une-expertise-de-confiance-capital-b","status":"publish","type":"page","link":"https:\/\/capital-b.ca\/fr\/seamless-business-transactions-through-trusted-expertise-capital-b\/","title":{"rendered":"Transactions commerciales sans faille gr\u00e2ce \u00e0 une expertise de confiance | Capital-B"},"content":{"rendered":"<div data-elementor-type=\"wp-page\" data-elementor-id=\"3003\" class=\"elementor elementor-3003\" data-elementor-post-type=\"page\">\n\t\t\t\t<div data-dce-background-overlay-image-url=\"https:\/\/capital-b.ca\/wp-content\/uploads\/2024\/12\/Manufacturing-business-Montreal.webp\" class=\"has_ae_slider elementor-element elementor-element-81f59ce e-con-full e-flex ae-bg-gallery-type-default e-con e-parent\" data-id=\"81f59ce\" data-element_type=\"container\" data-e-type=\"container\">\n\t\t\t\t<div class=\"elementor-element elementor-element-4ba300d elementor-widget__width-initial elementor-widget elementor-widget-heading\" data-id=\"4ba300d\" data-element_type=\"widget\" data-e-type=\"widget\" data-widget_type=\"heading.default\">\n\t\t\t\t\t<h1 class=\"elementor-heading-title elementor-size-default\">Acheter ou vendre une entreprise<\/h1>\t\t\t\t<\/div>\n\t\t\t\t<\/div>\n\t\t<div class=\"has_ae_slider elementor-element elementor-element-40b1255 e-con-full e-flex ae-bg-gallery-type-default e-con e-parent\" data-id=\"40b1255\" data-element_type=\"container\" data-e-type=\"container\" data-settings=\"{&quot;background_background&quot;:&quot;classic&quot;}\">\n\t\t<div class=\"has_ae_slider elementor-element elementor-element-331bbec e-con-full e-flex ae-bg-gallery-type-default e-con e-child\" data-id=\"331bbec\" data-element_type=\"container\" data-e-type=\"container\" data-settings=\"{&quot;background_background&quot;:&quot;classic&quot;}\">\n\t\t\t\t<div data-dce-title-color=\"#54595F\" class=\"elementor-element elementor-element-41473c6 elementor-widget elementor-widget-heading\" data-id=\"41473c6\" data-element_type=\"widget\" data-e-type=\"widget\" data-widget_type=\"heading.default\">\n\t\t\t\t\t<h2 class=\"elementor-heading-title elementor-size-default\">Transactions commerciales sans faille gr\u00e2ce \u00e0 une expertise de confiance | Capital-B<\/h2>\t\t\t\t<\/div>\n\t\t\t\t<div class=\"elementor-element elementor-element-35c5ec8 elementor-widget elementor-widget-text-editor\" data-id=\"35c5ec8\" data-element_type=\"widget\" data-e-type=\"widget\" data-widget_type=\"text-editor.default\">\n\t\t\t\t\t\t\t\t\t<p>L'achat ou la vente d'une entreprise est une \u00e9tape importante sur le plan financier et professionnel. \u00c0 l'heure actuelle, il n'est pas possible d'acheter ou de vendre une entreprise. <strong>Capital-B<\/strong>Nous sommes conscients de la complexit\u00e9 du processus et nous nous engageons \u00e0 faire en sorte que votre exp\u00e9rience soit la plus harmonieuse et la plus fructueuse possible. Gr\u00e2ce \u00e0 notre r\u00e9seau de confiance de cabinets comptables sp\u00e9cialis\u00e9s dans les transactions commerciales, nous mettons en relation acheteurs et vendeurs afin que chaque aspect du processus soit trait\u00e9 avec pr\u00e9cision.<\/p>\t\t\t\t\t\t\t\t<\/div>\n\t\t\t\t<div data-dce-title-color=\"#54595F\" class=\"elementor-element elementor-element-a8d8f7b elementor-widget elementor-widget-heading\" data-id=\"a8d8f7b\" data-element_type=\"widget\" data-e-type=\"widget\" data-widget_type=\"heading.default\">\n\t\t\t\t\t<h3 class=\"elementor-heading-title elementor-size-default\">Qu'est-ce qu'une transaction commerciale ?<\/h3>\t\t\t\t<\/div>\n\t\t\t\t<div class=\"elementor-element elementor-element-4db4e5a elementor-widget elementor-widget-text-editor\" data-id=\"4db4e5a\" data-element_type=\"widget\" data-e-type=\"widget\" data-widget_type=\"text-editor.default\">\n\t\t\t\t\t\t\t\t\t<p>Une transaction commerciale implique le transfert de la propri\u00e9t\u00e9 d'une entreprise existante, y compris de ses actifs, de ses activit\u00e9s et de son fonds de commerce. Que vous cherchiez \u00e0 vendre votre entreprise ou \u00e0 investir dans une nouvelle opportunit\u00e9, il est essentiel d'avoir les bons professionnels pour guider le processus. \u00c0 l'adresse <strong>Capital-B<\/strong>Nous agissons en tant qu'interm\u00e9diaire, en vous mettant en relation avec des cabinets comptables pour une expertise financi\u00e8re et transactionnelle sp\u00e9cialis\u00e9e.<\/p>\t\t\t\t\t\t\t\t<\/div>\n\t\t\t\t<div data-dce-title-color=\"#54595F\" class=\"elementor-element elementor-element-e06bbe0 elementor-widget elementor-widget-heading\" data-id=\"e06bbe0\" data-element_type=\"widget\" data-e-type=\"widget\" data-widget_type=\"heading.default\">\n\t\t\t\t\t<h3 class=\"elementor-heading-title elementor-size-default\">Les avantages de l'achat ou de la vente d'une entreprise<\/h3>\t\t\t\t<\/div>\n\t\t\t\t<div class=\"elementor-element elementor-element-29704b0 elementor-widget elementor-widget-text-editor\" data-id=\"29704b0\" data-element_type=\"widget\" data-e-type=\"widget\" data-widget_type=\"text-editor.default\">\n\t\t\t\t\t\t\t\t\t<ol><li><strong>Opportunit\u00e9 cl\u00e9 en main<\/strong><br \/>Les acheteurs peuvent acqu\u00e9rir une entreprise op\u00e9rationnelle avec des clients, une marque et des flux de revenus \u00e9tablis, ce qui r\u00e9duit les risques de d\u00e9marrage.<\/li><li><strong>Liquidit\u00e9 pour les vendeurs<\/strong><br \/>La vente de votre entreprise vous permet de rentabiliser des ann\u00e9es d'efforts et de les r\u00e9investir dans d'autres projets ou dans des plans de retraite.<\/li><li><strong>Expertise professionnelle<\/strong><br \/>Les transactions trait\u00e9es par des professionnels favorisent le respect des r\u00e9glementations financi\u00e8res, juridiques et fiscales.<\/li><li><strong>Solutions sur mesure<\/strong><br \/>Gr\u00e2ce aux conseils avis\u00e9s des experts-comptables, les acheteurs et les vendeurs b\u00e9n\u00e9ficient de strat\u00e9gies personnalis\u00e9es adapt\u00e9es \u00e0 leurs objectifs uniques.<\/li><li><strong>Efficacit\u00e9<\/strong><br \/>L'utilisation d'interm\u00e9diaires de confiance tels que <strong>Capital-B<\/strong> acc\u00e9l\u00e8re le processus de transaction et minimise les complications.<\/li><\/ol>\t\t\t\t\t\t\t\t<\/div>\n\t\t\t\t<div data-dce-title-color=\"#54595F\" class=\"elementor-element elementor-element-42c5611 elementor-widget elementor-widget-heading\" data-id=\"42c5611\" data-element_type=\"widget\" data-e-type=\"widget\" data-widget_type=\"heading.default\">\n\t\t\t\t\t<h3 class=\"elementor-heading-title elementor-size-default\">Les d\u00e9fis des transactions commerciales<\/h3>\t\t\t\t<\/div>\n\t\t\t\t<div class=\"elementor-element elementor-element-7868f02 elementor-widget elementor-widget-text-editor\" data-id=\"7868f02\" data-element_type=\"widget\" data-e-type=\"widget\" data-widget_type=\"text-editor.default\">\n\t\t\t\t\t\t\t\t\t<ol><li><strong>\u00c9valuation complexe<\/strong><br \/>La d\u00e9termination de la juste valeur de l'entreprise, y compris des actifs corporels et incorporels, n\u00e9cessite une expertise financi\u00e8re sp\u00e9cialis\u00e9e.<\/li><li><strong>Implications juridiques et fiscales<\/strong><br \/>La gestion des contrats, de la conformit\u00e9 et des obligations fiscales peut s'av\u00e9rer difficile sans l'aide d'un professionnel.<\/li><li><strong>Confidentialit\u00e9<\/strong><br \/>Il est essentiel de garantir la confidentialit\u00e9 des informations commerciales sensibles pendant les n\u00e9gociations.<\/li><li><strong>Connaissance du march\u00e9<\/strong><br \/>Il est essentiel de comprendre les conditions actuelles du march\u00e9 et la demande des acheteurs pour fixer le bon prix ou trouver la bonne opportunit\u00e9.<\/li><li><strong>Diligence raisonnable<\/strong><br \/>Les acheteurs doivent \u00e9valuer de mani\u00e8re approfondie la sant\u00e9 financi\u00e8re, les activit\u00e9s et la situation juridique de l'entreprise avant de l'acqu\u00e9rir.<\/li><\/ol>\t\t\t\t\t\t\t\t<\/div>\n\t\t\t\t<div data-dce-title-color=\"#54595F\" class=\"elementor-element elementor-element-aff3d32 elementor-widget elementor-widget-heading\" data-id=\"aff3d32\" data-element_type=\"widget\" data-e-type=\"widget\" data-widget_type=\"heading.default\">\n\t\t\t\t\t<h3 class=\"elementor-heading-title elementor-size-default\">Comment Capital-B et les cabinets comptables travaillent ensemble pour vous<\/h3>\t\t\t\t<\/div>\n\t\t\t\t<div class=\"elementor-element elementor-element-abe338f elementor-widget elementor-widget-text-editor\" data-id=\"abe338f\" data-element_type=\"widget\" data-e-type=\"widget\" data-widget_type=\"text-editor.default\">\n\t\t\t\t\t\t\t\t\t<p>\u00c0 <strong>Capital-B<\/strong>En tant qu'interm\u00e9diaire, nous vous mettons en relation avec notre r\u00e9seau de confiance de cabinets comptables CPA sp\u00e9cialis\u00e9s dans les transactions commerciales. Ensemble, nous nous effor\u00e7ons de faire en sorte que votre exp\u00e9rience d'achat ou de vente soit rationalis\u00e9e et r\u00e9ussie.<\/p>\t\t\t\t\t\t\t\t<\/div>\n\t\t<div class=\"has_ae_slider elementor-element elementor-element-cb161d9 e-con-full e-flex ae-bg-gallery-type-default e-con e-child\" data-id=\"cb161d9\" data-element_type=\"container\" data-e-type=\"container\">\n\t\t\t\t<div class=\"elementor-element elementor-element-c6be994 elementor-widget__width-initial elementor-widget elementor-widget-text-editor\" data-id=\"c6be994\" data-element_type=\"widget\" data-e-type=\"widget\" data-widget_type=\"text-editor.default\">\n\t\t\t\t\t\t\t\t\t<p><strong>Pour les vendeurs :<\/strong><\/p><ol><li><strong>\u00c9valuation pr\u00e9cise de l'entreprise<\/strong><br \/>Les experts-comptables proc\u00e8dent \u00e0 une analyse approfondie de la situation financi\u00e8re, du fonds de commerce et de la position sur le march\u00e9 de votre entreprise afin d'en d\u00e9terminer la valeur r\u00e9elle.<\/li><li><strong>Pr\u00e9paration compl\u00e8te<\/strong><br \/>Avec nos conseils, les CPA aident \u00e0 organiser les documents financiers, les contrats et les d\u00e9tails op\u00e9rationnels pour s'assurer que votre entreprise est pr\u00eate \u00e0 \u00eatre vendue.<\/li><li><strong>Connexions cibl\u00e9es avec les acheteurs<\/strong><br \/><strong>Capital-B<\/strong> vous met en relation avec des acheteurs pr\u00e9s\u00e9lectionn\u00e9s, ce qui garantit la confidentialit\u00e9 et r\u00e9duit le temps pass\u00e9 sur le march\u00e9.<\/li><li><strong>N\u00e9gociations d'experts<\/strong><br \/>Les experts-comptables s'occupent des aspects financiers et juridiques des n\u00e9gociations, ce qui leur permet d'obtenir des conditions favorables pour vous.<\/li><li><strong>Gestion transparente des transactions<\/strong><br \/>De l'\u00e9valuation initiale \u00e0 la conclusion du contrat, nous veillons \u00e0 ce que chaque \u00e9tape soit trait\u00e9e de mani\u00e8re efficace et transparente.<\/li><\/ol>\t\t\t\t\t\t\t\t<\/div>\n\t\t\t\t<div class=\"elementor-element elementor-element-ab3b2fc elementor-widget__width-initial elementor-widget elementor-widget-text-editor\" data-id=\"ab3b2fc\" data-element_type=\"widget\" data-e-type=\"widget\" data-widget_type=\"text-editor.default\">\n\t\t\t\t\t\t\t\t\t<p><strong>Pour les acheteurs :<\/strong><\/p><ol><li><strong>Recherche de biens immobiliers sur mesure<\/strong><br \/>Nous vous aidons \u00e0 trouver des entreprises et des biens immobiliers qui correspondent \u00e0 vos objectifs, qu'il s'agisse d'un d\u00e9panneur, d'un restaurant ou d'une installation industrielle.<\/li><li><strong>Analyse d\u00e9taill\u00e9e du march\u00e9<\/strong><br \/>Comprenez le potentiel financier et commercial de votre investissement gr\u00e2ce \u00e0 des informations sur la valeur des biens immobiliers et les performances de l'entreprise.<\/li><li><strong>Orientations en mati\u00e8re de financement<\/strong><br \/>Gr\u00e2ce \u00e0 l'aide de nos experts, vous pourrez vous y retrouver dans les options de financement complexes pour l'achat combin\u00e9 d'une entreprise et d'un bien immobilier.<\/li><li><strong>Soutien \u00e0 la diligence raisonnable<\/strong><br \/>\u00c9valuez la conformit\u00e9 au zonage, les accords avec les locataires et la sant\u00e9 financi\u00e8re gr\u00e2ce \u00e0 nos services de diligence raisonnable.<\/li><li><strong>Expertise en mati\u00e8re de n\u00e9gociation<\/strong><br \/>Nous obtenons des conditions favorables pour votre achat, en veillant \u00e0 ce que vous obteniez la meilleure valeur \u00e0 la fois pour l'entreprise et pour le bien immobilier.<\/li><\/ol>\t\t\t\t\t\t\t\t<\/div>\n\t\t\t\t<\/div>\n\t\t\t\t<div data-dce-title-color=\"#54595F\" class=\"elementor-element elementor-element-5c06318 elementor-widget elementor-widget-heading\" data-id=\"5c06318\" data-element_type=\"widget\" data-e-type=\"widget\" data-widget_type=\"heading.default\">\n\t\t\t\t\t<h3 class=\"elementor-heading-title elementor-size-default\">Conseils pour une transaction commerciale r\u00e9ussie<\/h3>\t\t\t\t<\/div>\n\t\t\t\t<div class=\"elementor-element elementor-element-61719f1 elementor-widget elementor-widget-text-editor\" data-id=\"61719f1\" data-element_type=\"widget\" data-e-type=\"widget\" data-widget_type=\"text-editor.default\">\n\t\t\t\t\t\t\t\t\t<ol>\n<li><strong>Une pr\u00e9paration minutieuse<\/strong><br>Les vendeurs doivent organiser \u00e0 l'avance les documents financiers, les contrats des employ\u00e9s et les documents op\u00e9rationnels.<\/li>\n<li><strong>Comprendre le processus d'\u00e9valuation<\/strong><br>Travaillez avec des professionnels pour vous assurer que l'\u00e9valuation de l'entreprise est pr\u00e9cise et juste.<\/li>\n<li><strong>Faire preuve d'une diligence raisonnable<\/strong><br>Les acheteurs doivent \u00e9valuer les performances financi\u00e8res, la position sur le march\u00e9 et la stabilit\u00e9 op\u00e9rationnelle avant d'acheter.<\/li>\n<li><strong>Maintenir la confidentialit\u00e9<\/strong><br>Prot\u00e9ger les informations sensibles pendant le processus de transaction afin d'\u00e9viter toute perturbation de l'activit\u00e9.<\/li>\n<li><strong>Collaborer avec des professionnels<\/strong><br>Travailler avec <strong>Capital-B<\/strong> vous aide \u00e0 r\u00e9aliser une transaction sans heurt et avec un bon soutien.<\/li>\n<\/ol>\t\t\t\t\t\t\t\t<\/div>\n\t\t\t\t<div data-dce-title-color=\"#54595F\" class=\"elementor-element elementor-element-c4eea1f elementor-widget elementor-widget-heading\" data-id=\"c4eea1f\" data-element_type=\"widget\" data-e-type=\"widget\" data-widget_type=\"heading.default\">\n\t\t\t\t\t<h3 class=\"elementor-heading-title elementor-size-default\">FAQ sur les transactions commerciales<\/h3>\t\t\t\t<\/div>\n\t\t\t\t<div class=\"elementor-element elementor-element-8b3e585 elementor-widget elementor-widget-text-editor\" data-id=\"8b3e585\" data-element_type=\"widget\" data-e-type=\"widget\" data-widget_type=\"text-editor.default\">\n\t\t\t\t\t\t\t\t\t<p><strong>Q : Avec quels types d'entreprises travaillez-vous ?<\/strong><br \/>R : Nous travaillons avec un large \u00e9ventail d'entreprises, notamment des d\u00e9panneurs, des restaurants, des magasins de d\u00e9tail et des soci\u00e9t\u00e9s de services professionnels.<\/p><p><strong>Q : Comment la valeur d'une entreprise est-elle d\u00e9termin\u00e9e ?<\/strong><br \/>R : L'\u00e9valuation prend en compte les performances financi\u00e8res, les actifs corporels et incorporels, la demande du march\u00e9 et le potentiel de croissance.<\/p><p><strong>Q : Quel est le r\u00f4le d'un cabinet comptable dans ce processus ?<\/strong><br \/>R : Expertise de niveau CPA pour les \u00e9valuations, les estimations financi\u00e8res, les strat\u00e9gies fiscales et la conformit\u00e9 des transactions.<\/p><p><strong>Q : Pouvez-vous nous aider \u00e0 financer l'achat d'une entreprise ?<\/strong><br \/>R : Oui, nous vous conseillons sur les options de financement et nous vous aidons \u00e0 structurer les transactions en fonction de vos besoins financiers.<\/p><p><strong>Q : Combien de temps dure une transaction commerciale ?<\/strong><br \/>R : Le d\u00e9lai varie en fonction de la complexit\u00e9 de la transaction. <strong>Capital-B<\/strong> contribuer \u00e0 l'efficacit\u00e9 du processus.<\/p>\t\t\t\t\t\t\t\t<\/div>\n\t\t\t\t<div data-dce-title-color=\"#54595F\" class=\"elementor-element elementor-element-a31569d elementor-widget elementor-widget-heading\" data-id=\"a31569d\" data-element_type=\"widget\" data-e-type=\"widget\" data-widget_type=\"heading.default\">\n\t\t\t\t\t<h3 class=\"elementor-heading-title elementor-size-default\">Contactez Capital-B d\u00e8s aujourd'hui<\/h3>\t\t\t\t<\/div>\n\t\t\t\t<div class=\"elementor-element elementor-element-a70be51 elementor-widget elementor-widget-text-editor\" data-id=\"a70be51\" data-element_type=\"widget\" data-e-type=\"widget\" data-widget_type=\"text-editor.default\">\n\t\t\t\t\t\t\t\t\t<p>Vous \u00eates pr\u00eat \u00e0 acheter ou \u00e0 vendre une entreprise au Qu\u00e9bec ? Au <strong>Capital-B<\/strong>Nous vous mettons en relation avec des cabinets d'experts-comptables de confiance, ce qui vous permet de b\u00e9n\u00e9ficier de conseils d'experts et d'un soutien personnalis\u00e9 tout au long de votre transaction. Faisons en sorte que votre prochaine op\u00e9ration soit rentable.<\/p><p><strong>Appelez-nous au <a href=\"tel:4388025000\">438.802.5000<\/a><\/strong> ou <a href=\"https:\/\/capital-b.ca\/fr\/contactez-nous\/\"><strong>Contactez-nous<\/strong><\/a> pour commencer votre transaction commerciale d\u00e8s aujourd'hui !<\/p>\t\t\t\t\t\t\t\t<\/div>\n\t\t\t\t<\/div>\n\t\t\t\t<\/div>\n\t\t<div class=\"has_ae_slider elementor-element elementor-element-0dd3a50 e-flex e-con-boxed ae-bg-gallery-type-default e-con e-parent\" data-id=\"0dd3a50\" data-element_type=\"container\" data-e-type=\"container\">\n\t\t\t\t\t<div class=\"e-con-inner\">\n\t\t\t\t\t<\/div>\n\t\t\t\t<\/div>\n\t\t\t\t<\/div>","protected":false},"excerpt":{"rendered":"<p>Buying or Selling a Business Seamless Business Transactions Through Trusted Expertise | Capital-B Buying or selling a business is a significant financial and professional milestone. At Capital-B, we understand the complexities involved and are committed to making your experience as smooth and successful as possible. Through our trusted network of accounting firms specializing in business [&hellip;]<\/p>\n","protected":false},"author":1,"featured_media":0,"parent":0,"menu_order":21,"comment_status":"closed","ping_status":"closed","template":"","meta":{"_acf_changed":false,"footnotes":""},"class_list":["post-3003","page","type-page","status-publish","hentry"],"acf":[],"aioseo_notices":[],"_links":{"self":[{"href":"https:\/\/capital-b.ca\/fr\/wp-json\/wp\/v2\/pages\/3003","targetHints":{"allow":["GET"]}}],"collection":[{"href":"https:\/\/capital-b.ca\/fr\/wp-json\/wp\/v2\/pages"}],"about":[{"href":"https:\/\/capital-b.ca\/fr\/wp-json\/wp\/v2\/types\/page"}],"author":[{"embeddable":true,"href":"https:\/\/capital-b.ca\/fr\/wp-json\/wp\/v2\/users\/1"}],"replies":[{"embeddable":true,"href":"https:\/\/capital-b.ca\/fr\/wp-json\/wp\/v2\/comments?post=3003"}],"version-history":[{"count":20,"href":"https:\/\/capital-b.ca\/fr\/wp-json\/wp\/v2\/pages\/3003\/revisions"}],"predecessor-version":[{"id":3529,"href":"https:\/\/capital-b.ca\/fr\/wp-json\/wp\/v2\/pages\/3003\/revisions\/3529"}],"wp:attachment":[{"href":"https:\/\/capital-b.ca\/fr\/wp-json\/wp\/v2\/media?parent=3003"}],"curies":[{"name":"wp","href":"https:\/\/api.w.org\/{rel}","templated":true}]}}