{"id":3070,"date":"2024-12-13T00:39:27","date_gmt":"2024-12-13T00:39:27","guid":{"rendered":"https:\/\/capital-b.ca\/?page_id=3070"},"modified":"2024-12-17T20:22:29","modified_gmt":"2024-12-17T20:22:29","slug":"acheter-ou-vendre-des-proprietes-commerciales-a-montreal-en-toute-confiance-capital-b","status":"publish","type":"page","link":"https:\/\/capital-b.ca\/fr\/buy-or-sell-retail-properties-in-montreal-with-confidence-capital-b\/","title":{"rendered":"Acheter ou vendre des propri\u00e9t\u00e9s commerciales \u00e0 Montr\u00e9al en toute confiance | Capital-B"},"content":{"rendered":"<div data-elementor-type=\"wp-page\" data-elementor-id=\"3070\" class=\"elementor elementor-3070\" data-elementor-post-type=\"page\">\n\t\t\t\t<div data-dce-background-overlay-image-url=\"https:\/\/capital-b.ca\/wp-content\/uploads\/2024\/12\/Clothes-retail-store.webp\" class=\"has_ae_slider elementor-element elementor-element-0a12d4c e-con-full e-flex ae-bg-gallery-type-default e-con e-parent\" data-id=\"0a12d4c\" data-element_type=\"container\" data-e-type=\"container\">\n\t\t\t\t<div class=\"elementor-element elementor-element-b3afc3d elementor-widget__width-initial elementor-widget elementor-widget-heading\" data-id=\"b3afc3d\" data-element_type=\"widget\" data-e-type=\"widget\" data-widget_type=\"heading.default\">\n\t\t\t\t\t<h1 class=\"elementor-heading-title elementor-size-default\">Espace commercial<\/h1>\t\t\t\t<\/div>\n\t\t\t\t<\/div>\n\t\t<div class=\"has_ae_slider elementor-element elementor-element-53fa6b8 e-con-full e-flex ae-bg-gallery-type-default e-con e-parent\" data-id=\"53fa6b8\" data-element_type=\"container\" data-e-type=\"container\" data-settings=\"{&quot;background_background&quot;:&quot;classic&quot;}\">\n\t\t<div class=\"has_ae_slider elementor-element elementor-element-8141cc1 e-con-full e-flex ae-bg-gallery-type-default e-con e-child\" data-id=\"8141cc1\" data-element_type=\"container\" data-e-type=\"container\" data-settings=\"{&quot;background_background&quot;:&quot;classic&quot;}\">\n\t\t\t\t<div data-dce-title-color=\"#54595F\" class=\"elementor-element elementor-element-59c7d71 elementor-widget elementor-widget-heading\" data-id=\"59c7d71\" data-element_type=\"widget\" data-e-type=\"widget\" data-widget_type=\"heading.default\">\n\t\t\t\t\t<h2 class=\"elementor-heading-title elementor-size-default\">D\u00e9couvrez le succ\u00e8s de l'immobilier commercial \u00e0 Montr\u00e9al<\/h2>\t\t\t\t<\/div>\n\t\t\t\t<div class=\"elementor-element elementor-element-4dcd272 elementor-widget elementor-widget-text-editor\" data-id=\"4dcd272\" data-element_type=\"widget\" data-e-type=\"widget\" data-widget_type=\"text-editor.default\">\n\t\t\t\t\t\t\t\t\t<p>Vous cherchez \u00e0 acheter ou \u00e0 vendre des propri\u00e9t\u00e9s commerciales \u00e0 Montr\u00e9al ? Que vous soyez en train d'agrandir votre entreprise ou que vous soyez pr\u00eat \u00e0 vendre votre espace commercial, les propri\u00e9t\u00e9s commerciales offrent des opportunit\u00e9s exceptionnelles pour les propri\u00e9taires d'entreprise. Avec son \u00e9conomie dynamique et ses quartiers diversifi\u00e9s, Montr\u00e9al est la ville id\u00e9ale pour investir dans l'immobilier commercial ou s'en d\u00e9faire.<\/p><p>\u00c0 <strong>Capital-B<\/strong>Gr\u00e2ce \u00e0 notre expertise du march\u00e9 immobilier montr\u00e9alais, nous faisons en sorte que les transactions de propri\u00e9t\u00e9s commerciales se d\u00e9roulent sans heurts et soient rentables. Gr\u00e2ce \u00e0 notre expertise du march\u00e9 immobilier montr\u00e9alais, nous aidons les propri\u00e9taires d'entreprise comme vous \u00e0 naviguer dans les complexit\u00e9s de l'achat ou de la vente d'espaces commerciaux avec facilit\u00e9.<\/p>\t\t\t\t\t\t\t\t<\/div>\n\t\t\t\t<div data-dce-title-color=\"#54595F\" class=\"elementor-element elementor-element-fbb99dd elementor-widget elementor-widget-heading\" data-id=\"fbb99dd\" data-element_type=\"widget\" data-e-type=\"widget\" data-widget_type=\"heading.default\">\n\t\t\t\t\t<h3 class=\"elementor-heading-title elementor-size-default\">Qu'est-ce qu'un immeuble commercial ?<\/h3>\t\t\t\t<\/div>\n\t\t\t\t<div class=\"elementor-element elementor-element-7c84199 elementor-widget elementor-widget-text-editor\" data-id=\"7c84199\" data-element_type=\"widget\" data-e-type=\"widget\" data-widget_type=\"text-editor.default\">\n\t\t\t\t\t\t\t\t\t<p>Les propri\u00e9t\u00e9s commerciales sont des espaces commerciaux con\u00e7us pour des entreprises qui vendent des produits ou des services directement aux consommateurs. Il peut s'agir par exemple de devantures de magasins, de centres commerciaux, d'espaces de vente et d'am\u00e9nagements \u00e0 usage multiple. Ces biens sont souvent situ\u00e9s strat\u00e9giquement dans des zones tr\u00e8s fr\u00e9quent\u00e9es, ce qui en fait des atouts pr\u00e9cieux pour les entreprises qui recherchent la visibilit\u00e9 et l'accessibilit\u00e9 pour leurs clients.<\/p><p>Ce qui rend les immeubles commerciaux uniques, c'est leur capacit\u00e9 \u00e0 g\u00e9n\u00e9rer des revenus r\u00e9guliers et \u00e0 s'adapter aux tendances changeantes du march\u00e9, en particulier dans une ville dynamique comme Montr\u00e9al.<\/p>\t\t\t\t\t\t\t\t<\/div>\n\t\t\t\t<div data-dce-title-color=\"#54595F\" class=\"elementor-element elementor-element-5bbe29b elementor-widget elementor-widget-heading\" data-id=\"5bbe29b\" data-element_type=\"widget\" data-e-type=\"widget\" data-widget_type=\"heading.default\">\n\t\t\t\t\t<h3 class=\"elementor-heading-title elementor-size-default\">Les avantages de l'achat ou de la vente de biens immobiliers commerciaux<\/h3>\t\t\t\t<\/div>\n\t\t<div class=\"has_ae_slider elementor-element elementor-element-017e12d e-con-full e-flex ae-bg-gallery-type-default e-con e-child\" data-id=\"017e12d\" data-element_type=\"container\" data-e-type=\"container\">\n\t\t\t\t<div class=\"elementor-element elementor-element-fce776b elementor-widget__width-initial elementor-widget elementor-widget-text-editor\" data-id=\"fce776b\" data-element_type=\"widget\" data-e-type=\"widget\" data-widget_type=\"text-editor.default\">\n\t\t\t\t\t\t\t\t\t<p><strong>Pour les acheteurs :<\/strong><\/p><ol><li><strong>Emplacements privil\u00e9gi\u00e9s<\/strong><br \/>Les propri\u00e9t\u00e9s commerciales \u00e0 Montr\u00e9al sont souvent situ\u00e9es \u00e0 des endroits strat\u00e9giques, avec une grande visibilit\u00e9 et un trafic pi\u00e9tonnier important, ce qui augmente les chances de succ\u00e8s de l'entreprise.<\/li><li><strong>Potentiel de revenus r\u00e9guliers<\/strong><br \/>Que vous exploitiez votre propre entreprise ou que vous louiez l'espace, les propri\u00e9t\u00e9s commerciales peuvent g\u00e9n\u00e9rer des revenus fiables \u00e0 long terme.<\/li><li><strong>Diverses options<\/strong><br \/>Montr\u00e9al offre une grande vari\u00e9t\u00e9 de propri\u00e9t\u00e9s commerciales, allant des vitrines anim\u00e9es du centre-ville aux boutiques des quartiers branch\u00e9s.<\/li><li><strong>Propri\u00e9t\u00e9 des actifs corporels<\/strong><br \/>En investissant dans des biens immobiliers commerciaux, vous disposez d'un actif physique qui s'appr\u00e9cie au fil du temps, ce qui vous assure une s\u00e9curit\u00e9 financi\u00e8re \u00e0 long terme.<\/li><li><strong>Possibilit\u00e9s de personnalisation<\/strong><br \/>Les espaces commerciaux peuvent \u00eatre adapt\u00e9s aux besoins de votre marque, ce qui garantit une exp\u00e9rience client personnalis\u00e9e.<\/li><\/ol>\t\t\t\t\t\t\t\t<\/div>\n\t\t\t\t<div class=\"elementor-element elementor-element-5c2b454 elementor-widget__width-inherit elementor-widget elementor-widget-image\" data-id=\"5c2b454\" data-element_type=\"widget\" data-e-type=\"widget\" data-widget_type=\"image.default\">\n\t\t\t\t\t\t\t\t\t\t\t\t\t\t\t<img fetchpriority=\"high\" decoding=\"async\" width=\"678\" height=\"1024\" src=\"https:\/\/capital-b.ca\/wp-content\/uploads\/2024\/12\/Retail-sotre-in-Montreal-678x1024.webp\" class=\"attachment-large size-large wp-image-3071\" alt=\"Magasin de d\u00e9tail \u00e0 Montr\u00e9al\" srcset=\"https:\/\/capital-b.ca\/wp-content\/uploads\/2024\/12\/Retail-sotre-in-Montreal-678x1024.webp 678w, https:\/\/capital-b.ca\/wp-content\/uploads\/2024\/12\/Retail-sotre-in-Montreal-199x300.webp 199w, https:\/\/capital-b.ca\/wp-content\/uploads\/2024\/12\/Retail-sotre-in-Montreal-768x1159.webp 768w, https:\/\/capital-b.ca\/wp-content\/uploads\/2024\/12\/Retail-sotre-in-Montreal-8x12.webp 8w, https:\/\/capital-b.ca\/wp-content\/uploads\/2024\/12\/Retail-sotre-in-Montreal.webp 795w\" sizes=\"(max-width: 678px) 100vw, 678px\" \/>\t\t\t\t\t\t\t\t\t\t\t\t\t\t\t<\/div>\n\t\t\t\t<\/div>\n\t\t<div class=\"has_ae_slider elementor-element elementor-element-b140422 e-con-full e-flex ae-bg-gallery-type-default e-con e-child\" data-id=\"b140422\" data-element_type=\"container\" data-e-type=\"container\">\n\t\t\t\t<div class=\"elementor-element elementor-element-39c6f9a elementor-widget__width-initial elementor-widget elementor-widget-text-editor\" data-id=\"39c6f9a\" data-element_type=\"widget\" data-e-type=\"widget\" data-widget_type=\"text-editor.default\">\n\t\t\t\t\t\t\t\t\t<p><strong>Pour les vendeurs :<\/strong><\/p><ol><li><strong>Une \u00e9quit\u00e9 maximis\u00e9e<\/strong><br \/>La vente d'une propri\u00e9t\u00e9 commerciale vous permet de d\u00e9bloquer la valeur de votre investissement et de la r\u00e9investir dans d'autres entreprises ou projets.<\/li><li><strong>Augmentation de la demande<\/strong><br \/>L'\u00e9conomie de Montr\u00e9al stimule la demande pour de bons espaces commerciaux, ce qui permet d'attirer plus facilement des acheteurs s\u00e9rieux.<\/li><li><strong>Opportunit\u00e9s de marketing strat\u00e9gique<\/strong><br \/>Les immeubles commerciaux b\u00e9n\u00e9ficient de strat\u00e9gies de marketing cibl\u00e9es qui attirent les acheteurs \u00e0 la recherche d'investissements commerciaux.<\/li><li><strong>Des rendements rentables<\/strong><br \/>Les immeubles commerciaux situ\u00e9s dans des zones recherch\u00e9es atteignent souvent des prix comp\u00e9titifs, ce qui garantit une vente rentable.<\/li><li><strong>Orientation professionnelle<\/strong><br \/>Avec le bon courtier en immobilier, vous pouvez mener les n\u00e9gociations et les d\u00e9marches juridiques avec aisance, maximisant ainsi la valeur de votre propri\u00e9t\u00e9.<\/li><\/ol>\t\t\t\t\t\t\t\t<\/div>\n\t\t\t\t<div class=\"elementor-element elementor-element-e15bb8d elementor-widget__width-inherit elementor-widget elementor-widget-image\" data-id=\"e15bb8d\" data-element_type=\"widget\" data-e-type=\"widget\" data-widget_type=\"image.default\">\n\t\t\t\t\t\t\t\t\t\t\t\t\t\t\t<img decoding=\"async\" width=\"678\" height=\"1024\" src=\"https:\/\/capital-b.ca\/wp-content\/uploads\/2024\/12\/Retail-store-furniture-and-deco-678x1024.webp\" class=\"attachment-large size-large wp-image-3072\" alt=\"\" srcset=\"https:\/\/capital-b.ca\/wp-content\/uploads\/2024\/12\/Retail-store-furniture-and-deco-678x1024.webp 678w, https:\/\/capital-b.ca\/wp-content\/uploads\/2024\/12\/Retail-store-furniture-and-deco-199x300.webp 199w, https:\/\/capital-b.ca\/wp-content\/uploads\/2024\/12\/Retail-store-furniture-and-deco-768x1159.webp 768w, https:\/\/capital-b.ca\/wp-content\/uploads\/2024\/12\/Retail-store-furniture-and-deco-8x12.webp 8w, https:\/\/capital-b.ca\/wp-content\/uploads\/2024\/12\/Retail-store-furniture-and-deco.webp 795w\" sizes=\"(max-width: 678px) 100vw, 678px\" \/>\t\t\t\t\t\t\t\t\t\t\t\t\t\t\t<\/div>\n\t\t\t\t<\/div>\n\t\t\t\t<div data-dce-title-color=\"#54595F\" class=\"elementor-element elementor-element-5443e91 elementor-widget elementor-widget-heading\" data-id=\"5443e91\" data-element_type=\"widget\" data-e-type=\"widget\" data-widget_type=\"heading.default\">\n\t\t\t\t\t<h3 class=\"elementor-heading-title elementor-size-default\">D\u00e9fis li\u00e9s \u00e0 l'achat ou \u00e0 la vente d'immeubles commerciaux (et comment nous vous aidons)<\/h3>\t\t\t\t<\/div>\n\t\t\t\t<div class=\"elementor-element elementor-element-874e594 elementor-widget elementor-widget-text-editor\" data-id=\"874e594\" data-element_type=\"widget\" data-e-type=\"widget\" data-widget_type=\"text-editor.default\">\n\t\t\t\t\t\t\t\t\t<ol><li><strong>\u00c9valuations complexes<\/strong><br \/>D\u00e9terminer la valeur marchande r\u00e9elle des commerces de d\u00e9tail peut s'av\u00e9rer difficile.<br \/><em>Comment nous aidons<\/em>: Notre \u00e9quipe effectue des analyses de march\u00e9 et des \u00e9valuations financi\u00e8res afin de fournir une opinion fiable de la valeur.<\/li><li><strong>Conformit\u00e9 r\u00e9glementaire<\/strong><br \/>Les lois sur le zonage, les permis et autres r\u00e9glementations peuvent compliquer les transactions.<br \/><em>Comment nous aidons<\/em>: <strong>Capital-B<\/strong> fournit des conseils pour vous aider \u00e0 rester en conformit\u00e9 avec les lois locales.<\/li><li><strong>Concurrence sur le march\u00e9<\/strong><br \/>Les magasins tr\u00e8s demand\u00e9s peuvent attirer plusieurs acheteurs, ce qui complique les n\u00e9gociations.<br \/><em>Comment nous aidons<\/em>: Nos n\u00e9gociateurs comp\u00e9tents obtiennent des conditions favorables pour les acheteurs et les vendeurs.<\/li><li><strong>Co\u00fbts de personnalisation<\/strong><br \/>Les acheteurs peuvent \u00eatre confront\u00e9s \u00e0 des co\u00fbts suppl\u00e9mentaires pour adapter les espaces \u00e0 leurs besoins.<br \/><em>Comment nous aidons<\/em>: Nous vous aidons \u00e0 \u00e9valuer les biens qui correspondent \u00e0 vos objectifs, en minimisant les d\u00e9penses de r\u00e9novation.<\/li><li><strong>Des transactions qui prennent du temps<\/strong><br \/>De la paperasserie aux inspections, le processus peut \u00eatre accablant.<br \/><em>Comment nous aidons<\/em>: Nous g\u00e9rons chaque d\u00e9tail afin de garantir une transaction efficace et sans heurts.<\/li><\/ol>\t\t\t\t\t\t\t\t<\/div>\n\t\t\t\t<div data-dce-title-color=\"#54595F\" class=\"elementor-element elementor-element-cd7305b elementor-widget elementor-widget-heading\" data-id=\"cd7305b\" data-element_type=\"widget\" data-e-type=\"widget\" data-widget_type=\"heading.default\">\n\t\t\t\t\t<h3 class=\"elementor-heading-title elementor-size-default\">Pourquoi choisir Capital-B pour des propri\u00e9t\u00e9s commerciales \u00e0 Montr\u00e9al ?<\/h3>\t\t\t\t<\/div>\n\t\t\t\t<div class=\"elementor-element elementor-element-a412c05 elementor-widget elementor-widget-text-editor\" data-id=\"a412c05\" data-element_type=\"widget\" data-e-type=\"widget\" data-widget_type=\"text-editor.default\">\n\t\t\t\t\t\t\t\t\t<p>\u00c0 <strong>Capital-B<\/strong>Notre sp\u00e9cialit\u00e9 est d'aider les propri\u00e9taires d'entreprises \u00e0 r\u00e9ussir sur le march\u00e9 concurrentiel de l'immobilier commercial. Voici comment nous faisons la diff\u00e9rence :<\/p><ul><li><strong>Des experts pour mieux comprendre le march\u00e9<\/strong>: Tirez parti de notre connaissance approfondie du march\u00e9 de la vente au d\u00e9tail de Montr\u00e9al, y compris des tendances en mati\u00e8re de prix et des emplacements de choix.<\/li><li><strong>Orientation sur mesure<\/strong>: Nous adaptons notre approche aux objectifs de votre entreprise, qu'il s'agisse d'un achat ou d'une vente.<\/li><li><strong>Connaissances financi\u00e8res<\/strong>: Notre \u00e9quipe \u00e9value le potentiel financier des biens immobiliers commerciaux et veille \u00e0 ce que votre investissement corresponde \u00e0 vos objectifs.<\/li><li><strong>Marketing global<\/strong>: Pour les vendeurs, nous menons des campagnes cibl\u00e9es en utilisant des photographies professionnelles, des visites virtuelles et des plateformes en ligne pour maximiser la visibilit\u00e9.<\/li><li><strong>Expertise en mati\u00e8re de n\u00e9gociation<\/strong>: Nous d\u00e9fendons vos int\u00e9r\u00eats en obtenant les meilleures conditions possibles pour chaque transaction.<\/li><li><strong>Soutien de bout en bout<\/strong>: De la consultation initiale \u00e0 la cl\u00f4ture finale, nous prenons en charge toutes les \u00e9tapes du processus, afin que vous puissiez vous concentrer sur votre activit\u00e9.<\/li><\/ul>\t\t\t\t\t\t\t\t<\/div>\n\t\t\t\t<div data-dce-title-color=\"#54595F\" class=\"elementor-element elementor-element-f594d65 elementor-widget elementor-widget-heading\" data-id=\"f594d65\" data-element_type=\"widget\" data-e-type=\"widget\" data-widget_type=\"heading.default\">\n\t\t\t\t\t<h3 class=\"elementor-heading-title elementor-size-default\">Conseils pour r\u00e9ussir dans l'immobilier commercial<\/h3>\t\t\t\t<\/div>\n\t\t\t\t<div class=\"elementor-element elementor-element-5677368 elementor-widget elementor-widget-text-editor\" data-id=\"5677368\" data-element_type=\"widget\" data-e-type=\"widget\" data-widget_type=\"text-editor.default\">\n\t\t\t\t\t\t\t\t\t<ol><li><strong>\u00c9tudier le march\u00e9<\/strong><br \/>Comprendre les tendances du march\u00e9 de l'immobilier commercial \u00e0 Montr\u00e9al, y compris la demande dans des quartiers sp\u00e9cifiques.<\/li><li><strong>\u00c9valuer soigneusement l'emplacement<\/strong><br \/>Recherchez des zones \u00e0 forte visibilit\u00e9, accessibles et fr\u00e9quent\u00e9es par les clients.<\/li><li><strong>\u00c9valuer le potentiel financier<\/strong><br \/>Les acheteurs doivent analyser le potentiel de revenus, tandis que les vendeurs doivent optimiser la valeur du bien en l'am\u00e9liorant ou en le r\u00e9parant.<\/li><li><strong>Comprendre les r\u00e8gles de zonage<\/strong><br \/>Veillez \u00e0 ce que le bien corresponde aux besoins de votre entreprise ou aux tendances du march\u00e9.<\/li><li><strong>Travailler avec des professionnels<\/strong><br \/>Travailler avec des courtiers exp\u00e9riment\u00e9s comme <strong>Capital-B<\/strong> pour faire face aux complexit\u00e9s et maximiser le succ\u00e8s.<\/li><\/ol>\t\t\t\t\t\t\t\t<\/div>\n\t\t\t\t<div data-dce-title-color=\"#54595F\" class=\"elementor-element elementor-element-b2f9b02 elementor-widget elementor-widget-heading\" data-id=\"b2f9b02\" data-element_type=\"widget\" data-e-type=\"widget\" data-widget_type=\"heading.default\">\n\t\t\t\t\t<h3 class=\"elementor-heading-title elementor-size-default\">FAQ sur les propri\u00e9t\u00e9s commerciales \u00e0 Montr\u00e9al<\/h3>\t\t\t\t<\/div>\n\t\t\t\t<div class=\"elementor-element elementor-element-b77622a elementor-widget elementor-widget-text-editor\" data-id=\"b77622a\" data-element_type=\"widget\" data-e-type=\"widget\" data-widget_type=\"text-editor.default\">\n\t\t\t\t\t\t\t\t\t<p><strong>Q1 : Comment d\u00e9terminer la valeur d'un bien immobilier commercial ?<\/strong><br \/>R : La valeur des commerces d\u00e9pend de facteurs tels que l'emplacement, la taille, l'\u00e9tat et la demande du march\u00e9. Notre \u00e9quipe fournit des avis de valeur d\u00e9taill\u00e9s pour guider vos d\u00e9cisions.<\/p><p><strong>Q2 : Existe-t-il des possibilit\u00e9s de financement pour les acheteurs de biens immobiliers commerciaux ?<\/strong><br \/>R : Oui, il existe plusieurs options, notamment les pr\u00eats commerciaux et le financement des investissements. Nous vous aiderons \u00e0 trouver les solutions les mieux adapt\u00e9es \u00e0 vos besoins.<\/p><p><strong>Q3 : Puis-je louer un bien immobilier commercial tout en le vendant ?<\/strong><br \/>R : Absolument ! Louer tout en vendant peut g\u00e9n\u00e9rer des revenus tout en attirant des acheteurs potentiels. Nous pouvons vous aider \u00e0 g\u00e9rer les locataires pendant cette p\u00e9riode.<\/p>\t\t\t\t\t\t\t\t<\/div>\n\t\t\t\t<div data-dce-title-color=\"#54595F\" class=\"elementor-element elementor-element-5b2b18b elementor-widget elementor-widget-heading\" data-id=\"5b2b18b\" data-element_type=\"widget\" data-e-type=\"widget\" data-widget_type=\"heading.default\">\n\t\t\t\t\t<h3 class=\"elementor-heading-title elementor-size-default\">Commen\u00e7ons !<\/h3>\t\t\t\t<\/div>\n\t\t\t\t<div class=\"elementor-element elementor-element-709ab93 elementor-widget elementor-widget-text-editor\" data-id=\"709ab93\" data-element_type=\"widget\" data-e-type=\"widget\" data-widget_type=\"text-editor.default\">\n\t\t\t\t\t\t\t\t\t<p>Que vous achetiez votre premi\u00e8re propri\u00e9t\u00e9 commerciale ou que vous vendiez votre espace existant, <strong>Capital-B<\/strong> est l\u00e0 pour vous aider. Laissez notre \u00e9quipe de courtiers exp\u00e9riment\u00e9s vous guider tout au long du processus, pour une transaction r\u00e9ussie et sans heurts.<\/p><p><strong><a href=\"https:\/\/capital-b.ca\/fr\/contactez-nous\/\">Contactez-nous<\/a> aujourd'hui \u00e0 <a href=\"tel:4388025000\">438.802.5000<\/a><\/strong> pour prendre rendez-vous et faire le premier pas vers vos objectifs en mati\u00e8re d'immobilier commercial !<\/p>\t\t\t\t\t\t\t\t<\/div>\n\t\t\t\t<\/div>\n\t\t\t\t<\/div>\n\t\t<div class=\"has_ae_slider elementor-element elementor-element-6d7f217 e-flex e-con-boxed ae-bg-gallery-type-default e-con e-parent\" data-id=\"6d7f217\" data-element_type=\"container\" data-e-type=\"container\">\n\t\t\t\t\t<div class=\"e-con-inner\">\n\t\t\t\t\t<\/div>\n\t\t\t\t<\/div>\n\t\t\t\t<\/div>","protected":false},"excerpt":{"rendered":"<p>Retail Space Discover Retail Property Success in Montreal Looking to buy or sell retail properties in Montreal? Whether you\u2019re expanding your business or ready to sell your commercial space, retail properties offer exceptional opportunities for business owners. With its vibrant economy and diverse neighborhoods, Montreal is the perfect city to invest in or divest from [&hellip;]<\/p>\n","protected":false},"author":1,"featured_media":0,"parent":0,"menu_order":2,"comment_status":"closed","ping_status":"closed","template":"","meta":{"_acf_changed":false,"footnotes":""},"class_list":["post-3070","page","type-page","status-publish","hentry"],"acf":[],"aioseo_notices":[],"_links":{"self":[{"href":"https:\/\/capital-b.ca\/fr\/wp-json\/wp\/v2\/pages\/3070","targetHints":{"allow":["GET"]}}],"collection":[{"href":"https:\/\/capital-b.ca\/fr\/wp-json\/wp\/v2\/pages"}],"about":[{"href":"https:\/\/capital-b.ca\/fr\/wp-json\/wp\/v2\/types\/page"}],"author":[{"embeddable":true,"href":"https:\/\/capital-b.ca\/fr\/wp-json\/wp\/v2\/users\/1"}],"replies":[{"embeddable":true,"href":"https:\/\/capital-b.ca\/fr\/wp-json\/wp\/v2\/comments?post=3070"}],"version-history":[{"count":22,"href":"https:\/\/capital-b.ca\/fr\/wp-json\/wp\/v2\/pages\/3070\/revisions"}],"predecessor-version":[{"id":3495,"href":"https:\/\/capital-b.ca\/fr\/wp-json\/wp\/v2\/pages\/3070\/revisions\/3495"}],"wp:attachment":[{"href":"https:\/\/capital-b.ca\/fr\/wp-json\/wp\/v2\/media?parent=3070"}],"curies":[{"name":"wp","href":"https:\/\/api.w.org\/{rel}","templated":true}]}}